{"id":9118,"date":"2024-10-25T10:22:33","date_gmt":"2024-10-25T10:22:33","guid":{"rendered":"https:\/\/adminfo.umfst.ro\/?page_id=9118"},"modified":"2024-10-25T10:22:44","modified_gmt":"2024-10-25T10:22:44","slug":"ertesites-3","status":"publish","type":"page","link":"https:\/\/adminfo.umfst.ro\/hu\/ertesites-3\/","title":{"rendered":"\u00c9RTES\u00cdT\u00c9S"},"content":{"rendered":"\n<p>Az\u00a0Orvosi\u00a0Kar,\u00a0Fogorvosi\u00a0Kar\u00a0\u00e9s\u00a0Gy\u00f3gyszer\u00e9szeti\u00a0Kar\u00a0keret\u00e9ben\u00a0m\u0171k\u00f6d\u0151\u00a0alapk\u00e9pz\u00e9sekre\u00a0afelv\u00e9teli\u00a0vizsga\u00a0id\u0151pontja\u00a0<strong>2025\u00a0j\u00falius\u00a013<\/strong>.<\/p>\n\n\n\n<p>K\u00e9rj\u00fck,\u00a0rendszeresen\u00a0k\u00f6vess\u00e9k\u00a0a\u00a0felv\u00e9teli\u00a0oldalt: adminfo.umfst.ro<\/p>\n","protected":false},"excerpt":{"rendered":"<p>Az\u00a0Orvosi\u00a0Kar,\u00a0Fogorvosi\u00a0Kar\u00a0\u00e9s\u00a0Gy\u00f3gyszer\u00e9szeti\u00a0Kar\u00a0keret\u00e9ben\u00a0m\u0171k\u00f6d\u0151\u00a0alapk\u00e9pz\u00e9sekre\u00a0afelv\u00e9teli\u00a0vizsga\u00a0id\u0151pontja\u00a02025\u00a0j\u00falius\u00a013. K\u00e9rj\u00fck,\u00a0rendszeresen\u00a0k\u00f6vess\u00e9k\u00a0a\u00a0felv\u00e9teli\u00a0oldalt: adminfo.umfst.ro<\/p>\n","protected":false},"author":1,"featured_media":0,"parent":0,"menu_order":0,"comment_status":"closed","ping_status":"closed","template":"","meta":{"_exactmetrics_skip_tracking":false,"_exactmetrics_sitenote_active":false,"_exactmetrics_sitenote_note":"","_exactmetrics_sitenote_category":0,"_monsterinsights_skip_tracking":false,"_monsterinsights_sitenote_active":false,"_monsterinsights_sitenote_note":"","_monsterinsights_sitenote_category":0,"footnotes":""},"class_list":["post-9118","page","type-page","status-publish","hentry"],"_links":{"self":[{"href":"https:\/\/adminfo.umfst.ro\/hu\/wp-json\/wp\/v2\/pages\/9118","targetHints":{"allow":["GET"]}}],"collection":[{"href":"https:\/\/adminfo.umfst.ro\/hu\/wp-json\/wp\/v2\/pages"}],"about":[{"href":"https:\/\/adminfo.umfst.ro\/hu\/wp-json\/wp\/v2\/types\/page"}],"author":[{"embeddable":true,"href":"https:\/\/adminfo.umfst.ro\/hu\/wp-json\/wp\/v2\/users\/1"}],"replies":[{"embeddable":true,"href":"https:\/\/adminfo.umfst.ro\/hu\/wp-json\/wp\/v2\/comments?post=9118"}],"version-history":[{"count":3,"href":"https:\/\/adminfo.umfst.ro\/hu\/wp-json\/wp\/v2\/pages\/9118\/revisions"}],"predecessor-version":[{"id":9122,"href":"https:\/\/adminfo.umfst.ro\/hu\/wp-json\/wp\/v2\/pages\/9118\/revisions\/9122"}],"wp:attachment":[{"href":"https:\/\/adminfo.umfst.ro\/hu\/wp-json\/wp\/v2\/media?parent=9118"}],"curies":[{"name":"wp","href":"https:\/\/api.w.org\/{rel}","templated":true}]}}