{"id":7903,"date":"2024-05-22T08:39:01","date_gmt":"2024-05-22T08:39:01","guid":{"rendered":"https:\/\/adminfo.umfst.ro\/?page_id=7903"},"modified":"2024-05-22T08:39:02","modified_gmt":"2024-05-22T08:39:02","slug":"tantargyversenyek-nyertesei-3","status":"publish","type":"page","link":"https:\/\/adminfo.umfst.ro\/hu\/tantargyversenyek-nyertesei-3\/","title":{"rendered":"Tant\u00e1rgyversenyek nyertesei"},"content":{"rendered":"\n<p><strong>\u00c9RTES\u00cdT\u00c9S&nbsp;&nbsp;az EG\u00c9SZS\u00c9G\u00dcGYI szakokra iratkoz\u00f3&nbsp;tant\u00e1rgyversenyek nyertesei sz\u00e1m\u00e1ra<\/strong><\/p>\n\n\n\n<p>Versenyvizsga n\u00e9lk\u00fcl iratkozhatnak&nbsp;<strong>\u00e1llami k\u00f6lts\u00e9gvet\u00e9sb\u0151l finansz\u00edrozott helyekre<\/strong><\/p>\n\n\n\n<p>azon jelentkez\u0151k, akik a l\u00edceumi tanulm\u00e1nyaik sor\u00e1n I, II, III. helyez\u00e9st \u00e9rtek el a Tan\u00fcgyminiszt\u00e9rium \u00e1ltal elismert nemzetk\u00f6zi iskolai tant\u00e1rgyversenyeken vagy I. d\u00edjban r\u00e9szes\u00fcltek a Tan\u00fcgyminiszt\u00e9rium \u00e1ltal finansz\u00edrozott&nbsp;&nbsp;biol\u00f3gia, k\u00e9mia, informatika,&nbsp;&nbsp;matematika, robotika orsz\u00e1gos iskolai tant\u00e1rgyversenyeken, valamint a k\u00e9pz\u00e9si szaknak megfelel\u0151 olimpi\u00e1szon. &nbsp;<\/p>\n\n\n\n<p>A fent eml\u00edtett felt\u00e9teleket teljes\u00edt\u0151 jelentkez\u0151knek a Rektori Hivatalhoz int\u00e9zett (mail c\u00edm: rectorat@umfst.ro)&nbsp;on-line k\u00e9rv\u00e9nyben kell a sz\u00e1nd\u00e9kukat jelezni\u00fck a diploma csatolt m\u00e1solat\u00e1val legk\u00e9s\u0151bb 2024 j\u00falius 10 \u2013ig. A k\u00e9relmek elb\u00edr\u00e1l\u00e1s\u00e1t a Vezet\u0151tan\u00e1cs v\u00e9gzi. Az eredm\u00e9nyek kif\u00fcggeszt\u00e9se: 2024 j\u00falius 15.&nbsp;<\/p>\n","protected":false},"excerpt":{"rendered":"<p>\u00c9RTES\u00cdT\u00c9S&nbsp;&nbsp;az EG\u00c9SZS\u00c9G\u00dcGYI szakokra iratkoz\u00f3&nbsp;tant\u00e1rgyversenyek nyertesei sz\u00e1m\u00e1ra Versenyvizsga n\u00e9lk\u00fcl iratkozhatnak&nbsp;\u00e1llami k\u00f6lts\u00e9gvet\u00e9sb\u0151l finansz\u00edrozott helyekre azon jelentkez\u0151k, akik a l\u00edceumi tanulm\u00e1nyaik sor\u00e1n I, II, III. helyez\u00e9st \u00e9rtek el a Tan\u00fcgyminiszt\u00e9rium \u00e1ltal elismert nemzetk\u00f6zi iskolai tant\u00e1rgyversenyeken vagy I. d\u00edjban r\u00e9szes\u00fcltek a Tan\u00fcgyminiszt\u00e9rium \u00e1ltal finansz\u00edrozott&nbsp;&nbsp;biol\u00f3gia, k\u00e9mia, informatika,&nbsp;&nbsp;matematika, robotika orsz\u00e1gos iskolai tant\u00e1rgyversenyeken, valamint a k\u00e9pz\u00e9si szaknak megfelel\u0151 olimpi\u00e1szon. &nbsp; A fent&hellip; <br \/> <a class=\"read-more\" href=\"https:\/\/adminfo.umfst.ro\/hu\/tantargyversenyek-nyertesei-3\/\">Read more<\/a><\/p>\n","protected":false},"author":1,"featured_media":0,"parent":0,"menu_order":0,"comment_status":"closed","ping_status":"closed","template":"","meta":{"_exactmetrics_skip_tracking":false,"_exactmetrics_sitenote_active":false,"_exactmetrics_sitenote_note":"","_exactmetrics_sitenote_category":0,"_monsterinsights_skip_tracking":false,"_monsterinsights_sitenote_active":false,"_monsterinsights_sitenote_note":"","_monsterinsights_sitenote_category":0,"footnotes":""},"class_list":["post-7903","page","type-page","status-publish","hentry"],"_links":{"self":[{"href":"https:\/\/adminfo.umfst.ro\/hu\/wp-json\/wp\/v2\/pages\/7903","targetHints":{"allow":["GET"]}}],"collection":[{"href":"https:\/\/adminfo.umfst.ro\/hu\/wp-json\/wp\/v2\/pages"}],"about":[{"href":"https:\/\/adminfo.umfst.ro\/hu\/wp-json\/wp\/v2\/types\/page"}],"author":[{"embeddable":true,"href":"https:\/\/adminfo.umfst.ro\/hu\/wp-json\/wp\/v2\/users\/1"}],"replies":[{"embeddable":true,"href":"https:\/\/adminfo.umfst.ro\/hu\/wp-json\/wp\/v2\/comments?post=7903"}],"version-history":[{"count":1,"href":"https:\/\/adminfo.umfst.ro\/hu\/wp-json\/wp\/v2\/pages\/7903\/revisions"}],"predecessor-version":[{"id":7904,"href":"https:\/\/adminfo.umfst.ro\/hu\/wp-json\/wp\/v2\/pages\/7903\/revisions\/7904"}],"wp:attachment":[{"href":"https:\/\/adminfo.umfst.ro\/hu\/wp-json\/wp\/v2\/media?parent=7903"}],"curies":[{"name":"wp","href":"https:\/\/api.w.org\/{rel}","templated":true}]}}