{"id":7901,"date":"2024-05-22T08:38:20","date_gmt":"2024-05-22T08:38:20","guid":{"rendered":"https:\/\/adminfo.umfst.ro\/?page_id=7901"},"modified":"2024-05-22T08:38:21","modified_gmt":"2024-05-22T08:38:21","slug":"masodik-tanulmanyi-kepzes-2","status":"publish","type":"page","link":"https:\/\/adminfo.umfst.ro\/hu\/masodik-tanulmanyi-kepzes-2\/","title":{"rendered":"M\u00e1sodik tanulm\u00e1nyi k\u00e9pz\u00e9s"},"content":{"rendered":"\n<p><\/p>\n\n\n\n<ol class=\"wp-block-list\" type=\"1\"><li>Az oktat\u00e1st biztos\u00edt\u00f3 tanint\u00e9zett\u0151l f\u00fcggetlen\u00fcl egy jel\u00f6lt mint hallgat\u00f3, egyidej\u0171leg legt\u00f6bb k\u00e9t k\u00e9pz\u00e9si szakra nyerhet felv\u00e9telt \u00e9s iskol\u00e1zhat\u00f3 be&nbsp;(kiv\u00e9telt k\u00e9peznek az orvosi-gy\u00f3gyszer\u00e9szeti dom\u00e9niumba tartoz\u00f3 k\u00e9pz\u00e9sek), de a kett\u0151 k\u00f6z\u00fcl csak az egyik lehet \u00e1llamilag t\u00e1mogatott.<\/li><\/ol>\n\n\n\n<ol class=\"wp-block-list\" type=\"1\" start=\"2\"><li>Lehet\u0151s\u00e9g\u00fck van \u00e1llamilag t\u00e1mogatott helyek elfoglal\u00e1s\u00e1ra az&nbsp;el\u0151z\u0151 \u00e9vekben beiskol\u00e1zott hallgat\u00f3knak is, ha az el\u0151z\u0151 \u00e9vekben \u00e1llami fels\u0151oktat\u00e1si int\u00e9zetekbe \u00e1llamilag t\u00e1mogatott helyekre jelentkeztek \u00e9s&nbsp;ezen k\u00e9pz\u00e9s abbahagy\u00e1sa mellett d\u00f6nt\u00f6ttek, \u00e9s tanulm\u00e1nyaikat az MOGyTTE-n&nbsp;szeretn\u00e9k egy m\u00e1sodik k\u00e9pz\u00e9si program keret\u00e9ben folytatni. \u00c1llami k\u00f6lts\u00e9gvet\u00e9si t\u00e1mogat\u00e1sban csak az adott ciklusra vonatkoz\u00f3 norm\u00e1l tanulm\u00e1nyi id\u0151tartam alatt r\u00e9szes\u00fclhetnek (az \u00faj k\u00e9pz\u00e9s id\u0151tartam\u00e1b\u00f3l levonj\u00e1k az el\u0151z\u0151 tanulm\u00e1nyi program keret\u00e9ben \u00e1llami k\u00f6lts\u00e9gvet\u00e9si t\u00e1mogat\u00e1ssal elv\u00e9gzett \u00e9veket).<\/li><\/ol>\n\n\n\n<ol class=\"wp-block-list\" type=\"1\" start=\"3\"><li>Ugyanazon dom\u00e9niumba t\u00f6rt\u00e9n\u0151 felv\u00e9tel eset\u00e9n azon hallgat\u00f3k, akik \u00e1llamilag t\u00e1mogatott helyre nyertek felv\u00e9telt, \u00e9s el\u0151z\u0151leg&nbsp;egy akkredit\u00e1lt vagy ideiglenesen enged\u00e9lyezett k\u00e9pz\u00e9si programokkal rendelkez\u0151 \u00e1llami vagy mag\u00e1n fels\u0151oktat\u00e1si int\u00e9zm\u00e9nyek hallgat\u00f3i voltak, az el\u0151zetes tanulm\u00e1nyaik elismer\u00e9s\u00e9re lehet\u0151s\u00e9g ad\u00f3dik.&nbsp;&nbsp;Az erre, valamint az esetleges k\u00fcl\u00f6nb\u00f6zeti vizsg\u00e1kra vonatkoz\u00f3 javaslatot&nbsp;az egyen\u00e9rt\u00e9k\u0171s\u00e9get elb\u00edr\u00f3l\u00f3 bizotts\u00e1g teszi \u00e9s a Kari Tan\u00e1cs hagyja j\u00f3v\u00e1.<\/li><\/ol>\n\n\n\n<ol class=\"wp-block-list\" type=\"1\" start=\"4\"><li>Az \u00e1llami fels\u0151oktat\u00e1si alapk\u00e9pz\u00e9sben nyert diplom\u00e1val (vagy azzal egyen\u00e9rt\u00e9k\u0171 oklev\u00e9llel) rendelkez\u0151, \u00e1llami k\u00f6lts\u00e9gvet\u00e9si t\u00e1mogat\u00e1sban r\u00e9szes\u00fclt hallgat\u00f3k, egy m\u00e1sodik tanulm\u00e1nyi programba&nbsp;az al\u00e1bbi felt\u00e9telek mellett iratkozhatnak:&nbsp;<\/li><\/ol>\n\n\n\n<ul class=\"wp-block-list\"><li>Csak k\u00f6lts\u00e9gt\u00e9r\u00edt\u00e9ses helyekre versenyvizsg\u00e1val, a k\u00f6z\u00e9piskolai v\u00e9gzetts\u00e9ggel \u00e9s \u00e9retts\u00e9gi diplom\u00e1val rendelkez\u0151kre vonatkoz\u00f3 azonos felt\u00e9telekkel.<\/li><\/ul>\n\n\n\n<ul class=\"wp-block-list\"><li>Csak k\u00f6lts\u00e9gt\u00e9r\u00edt\u00e9ses helyekre, versenyvizsga n\u00e9lk\u00fcl, az egyetem Igazgat\u00f3 Tan\u00e1cs\u00e1nak j\u00f3v\u00e1hagy\u00e1s\u00e1val a beiskol\u00e1z\u00e1si sz\u00e1m f\u00fcggv\u00e9ny\u00e9ben. A k\u00e9relmet, az oklevelet valamint a hozz\u00e1 tart\u00f3z\u00f3 dokumentumok m\u00e1solat\u00e1t\u00a0\u00a0<strong>2024. j\u00falius 10-ig<\/strong>\u00a0kell beny\u00fajtani az Iktat\u00f3ba (Registratura universit\u0103\u021bii)\u00a0vagy elk\u00fcldeni online a\u00a0<a href=\"mailto:rectorat@umfst.ro\">rectorat@umfst.ro<\/a>\u00a0email c\u00edmre. Az eredm\u00e9nyeket\u00a0<strong>2024. j\u00falius 15-\u00e9n<\/strong>\u00a0f\u00fcggesztik ki.<\/li><\/ul>\n\n\n\n<ol class=\"wp-block-list\" type=\"1\" start=\"5\"><li>Az \u00e1llami fels\u0151oktat\u00e1si alapk\u00e9pz\u00e9sben szerzett diplom\u00e1val rendelkez\u0151, kiz\u00e1r\u00f3lag fizet\u00e9ses helyen v\u00e9gzett hallgat\u00f3k&nbsp;egy m\u00e1sodik tanulm\u00e1nyi programba&nbsp;&nbsp;az al\u00e1bbi felt\u00e9telek mellett iratkozhatnak:&nbsp;<\/li><\/ol>\n\n\n\n<ul class=\"wp-block-list\"><li><em>\u00c1llami k\u00f6lts\u00e9gvet\u00e9sb\u0151l finansz\u00edrozott helyekre, versenyvizsg\u00e1val,&nbsp;<\/em>az \u00e9retts\u00e9gi diplom\u00e1val rendelkez\u0151kre vonatkoz\u00f3 azonos felt\u00e9telekkel.&nbsp;<em>A felv\u00e9telkor a jelentkez\u0151k a<\/em>&nbsp;saj\u00e1t felel\u0151ss\u00e9g\u00fckre nyilatkoznak arr\u00f3l, hogy szereztek-e diplom\u00e1t vagy hallgat\u00f3i voltak-e \u00e1llami k\u00f6lts\u00e9gvet\u00e9sb\u0151l finansz\u00edrozott k\u00e9pz\u00e9si programoknak.<\/li><\/ul>\n\n\n\n<ul class=\"wp-block-list\"><li>Csak k\u00f6lts\u00e9gt\u00e9r\u00edt\u00e9ses helyekre, versenyvizsga n\u00e9lk\u00fcl, az egyetem Igazgat\u00f3 Tan\u00e1cs\u00e1nak j\u00f3v\u00e1hagy\u00e1s\u00e1val a j\u00f3v\u00e1hagyott beiskol\u00e1z\u00e1si sz\u00e1m f\u00fcggv\u00e9ny\u00e9ben. A k\u00e9relmet valamint az oklev\u00e9l \u00e9s a hozz\u00e1 tart\u00f3z\u00f3 dokumentumok m\u00e1solat\u00e1t\u00a0\u00a0<strong>2024. j\u00falius 10-ig<\/strong>\u00a0kell beny\u00fajtani az Iktat\u00f3ba (Registratura universit\u0103\u021bii) vagy elk\u00fcldeni online a\u00a0<a href=\"mailto:rectorat@umfst.ro\">rectorat@umfst.ro<\/a>\u00a0email c\u00edmre. Az eredm\u00e9nyeket\u00a0<strong>2024. j\u00falius 15-\u00e9n<\/strong>\u00a0f\u00fcggesztik ki.<\/li><\/ul>\n","protected":false},"excerpt":{"rendered":"<p>Az oktat\u00e1st biztos\u00edt\u00f3 tanint\u00e9zett\u0151l f\u00fcggetlen\u00fcl egy jel\u00f6lt mint hallgat\u00f3, egyidej\u0171leg legt\u00f6bb k\u00e9t k\u00e9pz\u00e9si szakra nyerhet felv\u00e9telt \u00e9s iskol\u00e1zhat\u00f3 be&nbsp;(kiv\u00e9telt k\u00e9peznek az orvosi-gy\u00f3gyszer\u00e9szeti dom\u00e9niumba tartoz\u00f3 k\u00e9pz\u00e9sek), de a kett\u0151 k\u00f6z\u00fcl csak az egyik lehet \u00e1llamilag t\u00e1mogatott. Lehet\u0151s\u00e9g\u00fck van \u00e1llamilag t\u00e1mogatott helyek elfoglal\u00e1s\u00e1ra az&nbsp;el\u0151z\u0151 \u00e9vekben beiskol\u00e1zott hallgat\u00f3knak is, ha az el\u0151z\u0151 \u00e9vekben \u00e1llami fels\u0151oktat\u00e1si int\u00e9zetekbe \u00e1llamilag t\u00e1mogatott&hellip; <br \/> <a class=\"read-more\" href=\"https:\/\/adminfo.umfst.ro\/hu\/masodik-tanulmanyi-kepzes-2\/\">Read more<\/a><\/p>\n","protected":false},"author":1,"featured_media":0,"parent":0,"menu_order":0,"comment_status":"closed","ping_status":"closed","template":"","meta":{"_exactmetrics_skip_tracking":false,"_exactmetrics_sitenote_active":false,"_exactmetrics_sitenote_note":"","_exactmetrics_sitenote_category":0,"_monsterinsights_skip_tracking":false,"_monsterinsights_sitenote_active":false,"_monsterinsights_sitenote_note":"","_monsterinsights_sitenote_category":0,"footnotes":""},"class_list":["post-7901","page","type-page","status-publish","hentry"],"_links":{"self":[{"href":"https:\/\/adminfo.umfst.ro\/hu\/wp-json\/wp\/v2\/pages\/7901","targetHints":{"allow":["GET"]}}],"collection":[{"href":"https:\/\/adminfo.umfst.ro\/hu\/wp-json\/wp\/v2\/pages"}],"about":[{"href":"https:\/\/adminfo.umfst.ro\/hu\/wp-json\/wp\/v2\/types\/page"}],"author":[{"embeddable":true,"href":"https:\/\/adminfo.umfst.ro\/hu\/wp-json\/wp\/v2\/users\/1"}],"replies":[{"embeddable":true,"href":"https:\/\/adminfo.umfst.ro\/hu\/wp-json\/wp\/v2\/comments?post=7901"}],"version-history":[{"count":1,"href":"https:\/\/adminfo.umfst.ro\/hu\/wp-json\/wp\/v2\/pages\/7901\/revisions"}],"predecessor-version":[{"id":7902,"href":"https:\/\/adminfo.umfst.ro\/hu\/wp-json\/wp\/v2\/pages\/7901\/revisions\/7902"}],"wp:attachment":[{"href":"https:\/\/adminfo.umfst.ro\/hu\/wp-json\/wp\/v2\/media?parent=7901"}],"curies":[{"name":"wp","href":"https:\/\/api.w.org\/{rel}","templated":true}]}}