{"id":7743,"date":"2024-03-08T16:04:46","date_gmt":"2024-03-08T16:04:46","guid":{"rendered":"https:\/\/adminfo.umfst.ro\/?page_id=7743"},"modified":"2024-05-27T06:46:32","modified_gmt":"2024-05-27T06:46:32","slug":"kulfoldi-allampolgarok-2","status":"publish","type":"page","link":"https:\/\/adminfo.umfst.ro\/hu\/kulfoldi-allampolgarok-2\/","title":{"rendered":"K\u00fclf\u00f6ldi \u00e1llampolg\u00e1rok"},"content":{"rendered":"\n<p><strong>INFORM\u00c1CI\u00d3K K\u00dcLF\u00d6LDI \u00c1LLAMPOLG\u00c1ROK SZ\u00c1M\u00c1RA&nbsp;<\/strong><\/p>\n\n\n\n<p><strong>FONTOS:<\/strong>&nbsp;a szem\u00e9lyes adatok kezel\u00e9s\u00e9re vonatkoz\u00f3 \u00e9s az egy\u00e9nek v\u00e9delm\u00e9r\u0151l sz\u00f3l\u00f3 \u00e9s ezen adatoknak az Eur\u00f3pai Uni\u00f3 valamennyi tag\u00e1llam\u00e1ban t\u00f6rt\u00e9n\u0151 szabad \u00e1raml\u00e1s\u00e1r\u00f3l sz\u00f3l\u00f3 (EU) 2016\/679 eur\u00f3pai parlamenti \u00e9s tan\u00e1csi rendelet alkalmaz\u00e1s\u00e1t k\u00f6vet\u0151en minden p\u00e1ly\u00e1z\u00f3nak ki kell t\u00f6ltenie \u00e9s be kell ny\u00fajtania a szem\u00e9lyes akt\u00e1j\u00e1val egy\u00fctt a&nbsp;<strong>hozz\u00e1j\u00e1rul\u00f3 nyilatkozatot<\/strong>, amely let\u00f6lthet\u0151&nbsp;<a href=\"https:\/\/adminfo.umfst.ro\/wp-content\/uploads\/2024\/02\/Declaratie-de-consimtamant.pdf\">innen<\/a>.<\/p>\n\n\n\n<p><a href=\"https:\/\/adminfo.umfst.ro\/wp-content\/uploads\/2024\/05\/K\u00dcLF\u00d6LDI-\u00c1LLAMPOLG\u00c1ROK-HU-2.pdf\">Tov\u00e1bbi inform\u00e1ci\u00f3k a 2024.&nbsp;<strong>j\u00faliusi<\/strong>&nbsp;felv\u00e9teli vizsg\u00e1ra val\u00f3 jelentkez\u00e9sr\u0151l \u00e9s a r\u00e9szv\u00e9teli felt\u00e9telekr\u0151l az EU, az EGT vagy az EK valamely tag\u00e1llam\u00e1nak \u00e1llampolg\u00e1rai, a brit \u00e1llampolg\u00e1rok \u00e9s a m\u00e1s orsz\u00e1gban szerzett \u00e9retts\u00e9givel egyen\u00e9rt\u00e9k\u0171 diplom\u00e1val rendelkez\u0151 rom\u00e1n \u00e1llampolg\u00e1rok sz\u00e1m\u00e1ra.<\/a><\/p>\n\n\n\n<p><a href=\"https:\/\/adminfo.umfst.ro\/cetateni-straini-si-romani-de-pretutindeni-3\/\">INFORM\u00c1CI\u00d3K K\u00dcLF\u00d6LD\u00d6N\u00a0\u00c9L\u0150 ROM\u00c1NOK SZ\u00c1M\u00c1RA<\/a><\/p>\n","protected":false},"excerpt":{"rendered":"<p>INFORM\u00c1CI\u00d3K K\u00dcLF\u00d6LDI \u00c1LLAMPOLG\u00c1ROK SZ\u00c1M\u00c1RA&nbsp; FONTOS:&nbsp;a szem\u00e9lyes adatok kezel\u00e9s\u00e9re vonatkoz\u00f3 \u00e9s az egy\u00e9nek v\u00e9delm\u00e9r\u0151l sz\u00f3l\u00f3 \u00e9s ezen adatoknak az Eur\u00f3pai Uni\u00f3 valamennyi tag\u00e1llam\u00e1ban t\u00f6rt\u00e9n\u0151 szabad \u00e1raml\u00e1s\u00e1r\u00f3l sz\u00f3l\u00f3 (EU) 2016\/679 eur\u00f3pai parlamenti \u00e9s tan\u00e1csi rendelet alkalmaz\u00e1s\u00e1t k\u00f6vet\u0151en minden p\u00e1ly\u00e1z\u00f3nak ki kell t\u00f6ltenie \u00e9s be kell ny\u00fajtania a szem\u00e9lyes akt\u00e1j\u00e1val egy\u00fctt a&nbsp;hozz\u00e1j\u00e1rul\u00f3 nyilatkozatot, amely let\u00f6lthet\u0151&nbsp;innen. Tov\u00e1bbi inform\u00e1ci\u00f3k a&hellip; <br \/> <a class=\"read-more\" href=\"https:\/\/adminfo.umfst.ro\/hu\/kulfoldi-allampolgarok-2\/\">Read more<\/a><\/p>\n","protected":false},"author":1,"featured_media":0,"parent":0,"menu_order":0,"comment_status":"closed","ping_status":"closed","template":"","meta":{"_exactmetrics_skip_tracking":false,"_exactmetrics_sitenote_active":false,"_exactmetrics_sitenote_note":"","_exactmetrics_sitenote_category":0,"_monsterinsights_skip_tracking":false,"_monsterinsights_sitenote_active":false,"_monsterinsights_sitenote_note":"","_monsterinsights_sitenote_category":0,"footnotes":""},"class_list":["post-7743","page","type-page","status-publish","hentry"],"_links":{"self":[{"href":"https:\/\/adminfo.umfst.ro\/hu\/wp-json\/wp\/v2\/pages\/7743","targetHints":{"allow":["GET"]}}],"collection":[{"href":"https:\/\/adminfo.umfst.ro\/hu\/wp-json\/wp\/v2\/pages"}],"about":[{"href":"https:\/\/adminfo.umfst.ro\/hu\/wp-json\/wp\/v2\/types\/page"}],"author":[{"embeddable":true,"href":"https:\/\/adminfo.umfst.ro\/hu\/wp-json\/wp\/v2\/users\/1"}],"replies":[{"embeddable":true,"href":"https:\/\/adminfo.umfst.ro\/hu\/wp-json\/wp\/v2\/comments?post=7743"}],"version-history":[{"count":7,"href":"https:\/\/adminfo.umfst.ro\/hu\/wp-json\/wp\/v2\/pages\/7743\/revisions"}],"predecessor-version":[{"id":7931,"href":"https:\/\/adminfo.umfst.ro\/hu\/wp-json\/wp\/v2\/pages\/7743\/revisions\/7931"}],"wp:attachment":[{"href":"https:\/\/adminfo.umfst.ro\/hu\/wp-json\/wp\/v2\/media?parent=7743"}],"curies":[{"name":"wp","href":"https:\/\/api.w.org\/{rel}","templated":true}]}}