{"id":7532,"date":"2023-11-29T09:43:04","date_gmt":"2023-11-29T09:43:04","guid":{"rendered":"https:\/\/adminfo.umfst.ro\/?page_id=7532"},"modified":"2023-11-29T09:43:04","modified_gmt":"2023-11-29T09:43:04","slug":"tematika-es-konyveszet","status":"publish","type":"page","link":"https:\/\/adminfo.umfst.ro\/hu\/tematika-es-konyveszet\/","title":{"rendered":"Tematika \u00e9s k\u00f6nyv\u00e9szet"},"content":{"rendered":"\n<p><a href=\"https:\/\/adminfo.umfst.ro\/wp-content\/uploads\/2023\/11\/tematica-si-bibliografie-admitere-2024-biologie-Medicina-Medicina-Dentara_hu.pdf\">Biol\u00f3gia<\/a><\/p>\n\n\n\n<p><a href=\"https:\/\/adminfo.umfst.ro\/wp-content\/uploads\/2023\/11\/Tematica-si-bibliografie-admitere-2024-proba-chimie-Medicina-Medicina-Dentara_hu.pdf\">K\u00e9mia<\/a><\/p>\n\n\n\n<p><a href=\"https:\/\/adminfo.umfst.ro\/wp-content\/uploads\/2023\/11\/Tematica-si-bibliografie-admitere-2024-chimie-organica-Farmacie_hu.pdf\">Szerves k\u00e9mia<\/a><\/p>\n","protected":false},"excerpt":{"rendered":"<p>Biol\u00f3gia K\u00e9mia Szerves k\u00e9mia<\/p>\n","protected":false},"author":1,"featured_media":0,"parent":0,"menu_order":0,"comment_status":"closed","ping_status":"closed","template":"","meta":{"_exactmetrics_skip_tracking":false,"_exactmetrics_sitenote_active":false,"_exactmetrics_sitenote_note":"","_exactmetrics_sitenote_category":0,"_monsterinsights_skip_tracking":false,"_monsterinsights_sitenote_active":false,"_monsterinsights_sitenote_note":"","_monsterinsights_sitenote_category":0,"footnotes":""},"class_list":["post-7532","page","type-page","status-publish","hentry"],"_links":{"self":[{"href":"https:\/\/adminfo.umfst.ro\/hu\/wp-json\/wp\/v2\/pages\/7532","targetHints":{"allow":["GET"]}}],"collection":[{"href":"https:\/\/adminfo.umfst.ro\/hu\/wp-json\/wp\/v2\/pages"}],"about":[{"href":"https:\/\/adminfo.umfst.ro\/hu\/wp-json\/wp\/v2\/types\/page"}],"author":[{"embeddable":true,"href":"https:\/\/adminfo.umfst.ro\/hu\/wp-json\/wp\/v2\/users\/1"}],"replies":[{"embeddable":true,"href":"https:\/\/adminfo.umfst.ro\/hu\/wp-json\/wp\/v2\/comments?post=7532"}],"version-history":[{"count":1,"href":"https:\/\/adminfo.umfst.ro\/hu\/wp-json\/wp\/v2\/pages\/7532\/revisions"}],"predecessor-version":[{"id":7535,"href":"https:\/\/adminfo.umfst.ro\/hu\/wp-json\/wp\/v2\/pages\/7532\/revisions\/7535"}],"wp:attachment":[{"href":"https:\/\/adminfo.umfst.ro\/hu\/wp-json\/wp\/v2\/media?parent=7532"}],"curies":[{"name":"wp","href":"https:\/\/api.w.org\/{rel}","templated":true}]}}