{"id":7378,"date":"2023-07-14T07:39:42","date_gmt":"2023-07-14T07:39:42","guid":{"rendered":"https:\/\/adminfo.umfst.ro\/?page_id=7378"},"modified":"2023-07-14T07:39:42","modified_gmt":"2023-07-14T07:39:42","slug":"besztercei-bovites","status":"publish","type":"page","link":"https:\/\/adminfo.umfst.ro\/hu\/besztercei-bovites\/","title":{"rendered":"Besztercei b\u0151v\u00edt\u00e9s"},"content":{"rendered":"\n<p>A 2023. j\u00fanius 16-i 6. sz\u00e1m\u00fa Igazgat\u00f3tan\u00e1csi Hat\u00e1rozat \u00e9rtelm\u00e9ben a Besztercei-b\u0151v\u00edt\u00e9sre vonatkoz\u00f3 felv\u00e9teli \u00edr\u00e1sbeli vizsg\u00e1j\u00e1t Beszterc\u00e9n tartj\u00e1k.<\/p>\n","protected":false},"excerpt":{"rendered":"<p>A 2023. j\u00fanius 16-i 6. sz\u00e1m\u00fa Igazgat\u00f3tan\u00e1csi Hat\u00e1rozat \u00e9rtelm\u00e9ben a Besztercei-b\u0151v\u00edt\u00e9sre vonatkoz\u00f3 felv\u00e9teli \u00edr\u00e1sbeli vizsg\u00e1j\u00e1t Beszterc\u00e9n tartj\u00e1k.<\/p>\n","protected":false},"author":1,"featured_media":0,"parent":0,"menu_order":0,"comment_status":"closed","ping_status":"closed","template":"","meta":{"_exactmetrics_skip_tracking":false,"_exactmetrics_sitenote_active":false,"_exactmetrics_sitenote_note":"","_exactmetrics_sitenote_category":0,"_monsterinsights_skip_tracking":false,"_monsterinsights_sitenote_active":false,"_monsterinsights_sitenote_note":"","_monsterinsights_sitenote_category":0,"footnotes":""},"class_list":["post-7378","page","type-page","status-publish","hentry"],"_links":{"self":[{"href":"https:\/\/adminfo.umfst.ro\/hu\/wp-json\/wp\/v2\/pages\/7378","targetHints":{"allow":["GET"]}}],"collection":[{"href":"https:\/\/adminfo.umfst.ro\/hu\/wp-json\/wp\/v2\/pages"}],"about":[{"href":"https:\/\/adminfo.umfst.ro\/hu\/wp-json\/wp\/v2\/types\/page"}],"author":[{"embeddable":true,"href":"https:\/\/adminfo.umfst.ro\/hu\/wp-json\/wp\/v2\/users\/1"}],"replies":[{"embeddable":true,"href":"https:\/\/adminfo.umfst.ro\/hu\/wp-json\/wp\/v2\/comments?post=7378"}],"version-history":[{"count":1,"href":"https:\/\/adminfo.umfst.ro\/hu\/wp-json\/wp\/v2\/pages\/7378\/revisions"}],"predecessor-version":[{"id":7379,"href":"https:\/\/adminfo.umfst.ro\/hu\/wp-json\/wp\/v2\/pages\/7378\/revisions\/7379"}],"wp:attachment":[{"href":"https:\/\/adminfo.umfst.ro\/hu\/wp-json\/wp\/v2\/media?parent=7378"}],"curies":[{"name":"wp","href":"https:\/\/api.w.org\/{rel}","templated":true}]}}