{"id":7096,"date":"2023-04-03T07:09:02","date_gmt":"2023-04-03T07:09:02","guid":{"rendered":"https:\/\/adminfo.umfst.ro\/?page_id=7096"},"modified":"2023-04-03T07:12:26","modified_gmt":"2023-04-03T07:12:26","slug":"kulfoldi-allampolgarok","status":"publish","type":"page","link":"https:\/\/adminfo.umfst.ro\/hu\/kulfoldi-allampolgarok\/","title":{"rendered":"K\u00fclf\u00f6ldi \u00e1llampolg\u00e1rok"},"content":{"rendered":"\n<p>INFORM\u00c1CI\u00d3K K\u00dcLF\u00d6LDI \u00c1LLAMPOLG\u00c1ROK SZ\u00c1M\u00c1RA<\/p>\n\n\n\n<p>FONTOS: a szem\u00e9lyes adatok feldolgoz\u00e1s\u00e1nak \u00e9rtelm\u00e9ben az egy\u00e9nek v\u00e9delm\u00e9r\u0151l \u00e9s az ilyen adatoknak az Eur\u00f3pai Uni\u00f3 valamennyi tag\u00e1llam\u00e1ban t\u00f6rt\u00e9n\u0151 szabad \u00e1raml\u00e1s\u00e1r\u00f3l sz\u00f3l\u00f3 (EU) 2016\/679 eur\u00f3pai parlamenti \u00e9s tan\u00e1csi rendelet alkalmaz\u00e1s\u00e1t k\u00f6vet\u0151en minden p\u00e1ly\u00e1z\u00f3nak ki kell t\u00f6ltenie \u00e9s be kell ny\u00fajtania a szem\u00e9lyes akt\u00e1j\u00e1val egy\u00fctt a hozz\u00e1j\u00e1rul\u00f3 nyilatkozatot, amely let\u00f6lthet\u0151 innen.<\/p>\n\n\n\n<p><strong><a href=\"https:\/\/adminfo.umfst.ro\/wp-content\/uploads\/2023\/04\/Informatii-suplimentare_cetateni-straini_2023-HU-1.pdf\" target=\"_blank\" rel=\"noreferrer noopener\">Kieg\u00e9sz\u00edt\u0151 inform\u00e1ci\u00f3k a 2023. j\u00faliusi felv\u00e9teli vizsg\u00e1ra val\u00f3 jelentkez\u00e9sr\u0151l \u00e9s a r\u00e9szv\u00e9teli felt\u00e9telekr\u0151l az EU, EGT vagy az EK tag\u00e1llamom \u00e1llampolg\u00e1rai, valamint a m\u00e1s orsz\u00e1gban szerzett \u00e9retts\u00e9gi oklev\u00e9llel rendelkez\u0151 rom\u00e1n \u00e1llampolg\u00e1rok sz\u00e1m\u00e1ra.<\/a><\/strong><\/p>\n","protected":false},"excerpt":{"rendered":"<p>INFORM\u00c1CI\u00d3K K\u00dcLF\u00d6LDI \u00c1LLAMPOLG\u00c1ROK SZ\u00c1M\u00c1RA FONTOS: a szem\u00e9lyes adatok feldolgoz\u00e1s\u00e1nak \u00e9rtelm\u00e9ben az egy\u00e9nek v\u00e9delm\u00e9r\u0151l \u00e9s az ilyen adatoknak az Eur\u00f3pai Uni\u00f3 valamennyi tag\u00e1llam\u00e1ban t\u00f6rt\u00e9n\u0151 szabad \u00e1raml\u00e1s\u00e1r\u00f3l sz\u00f3l\u00f3 (EU) 2016\/679 eur\u00f3pai parlamenti \u00e9s tan\u00e1csi rendelet alkalmaz\u00e1s\u00e1t k\u00f6vet\u0151en minden p\u00e1ly\u00e1z\u00f3nak ki kell t\u00f6ltenie \u00e9s be kell ny\u00fajtania a szem\u00e9lyes akt\u00e1j\u00e1val egy\u00fctt a hozz\u00e1j\u00e1rul\u00f3 nyilatkozatot, amely let\u00f6lthet\u0151 innen. Kieg\u00e9sz\u00edt\u0151&hellip; <br \/> <a class=\"read-more\" href=\"https:\/\/adminfo.umfst.ro\/hu\/kulfoldi-allampolgarok\/\">Read more<\/a><\/p>\n","protected":false},"author":1,"featured_media":0,"parent":0,"menu_order":0,"comment_status":"closed","ping_status":"closed","template":"","meta":{"_exactmetrics_skip_tracking":false,"_exactmetrics_sitenote_active":false,"_exactmetrics_sitenote_note":"","_exactmetrics_sitenote_category":0,"_monsterinsights_skip_tracking":false,"_monsterinsights_sitenote_active":false,"_monsterinsights_sitenote_note":"","_monsterinsights_sitenote_category":0,"footnotes":""},"class_list":["post-7096","page","type-page","status-publish","hentry"],"_links":{"self":[{"href":"https:\/\/adminfo.umfst.ro\/hu\/wp-json\/wp\/v2\/pages\/7096","targetHints":{"allow":["GET"]}}],"collection":[{"href":"https:\/\/adminfo.umfst.ro\/hu\/wp-json\/wp\/v2\/pages"}],"about":[{"href":"https:\/\/adminfo.umfst.ro\/hu\/wp-json\/wp\/v2\/types\/page"}],"author":[{"embeddable":true,"href":"https:\/\/adminfo.umfst.ro\/hu\/wp-json\/wp\/v2\/users\/1"}],"replies":[{"embeddable":true,"href":"https:\/\/adminfo.umfst.ro\/hu\/wp-json\/wp\/v2\/comments?post=7096"}],"version-history":[{"count":2,"href":"https:\/\/adminfo.umfst.ro\/hu\/wp-json\/wp\/v2\/pages\/7096\/revisions"}],"predecessor-version":[{"id":7101,"href":"https:\/\/adminfo.umfst.ro\/hu\/wp-json\/wp\/v2\/pages\/7096\/revisions\/7101"}],"wp:attachment":[{"href":"https:\/\/adminfo.umfst.ro\/hu\/wp-json\/wp\/v2\/media?parent=7096"}],"curies":[{"name":"wp","href":"https:\/\/api.w.org\/{rel}","templated":true}]}}