{"id":6984,"date":"2023-02-02T08:49:42","date_gmt":"2023-02-02T08:49:42","guid":{"rendered":"https:\/\/adminfo.umfst.ro\/?page_id=6984"},"modified":"2023-02-02T08:49:43","modified_gmt":"2023-02-02T08:49:43","slug":"ertesites-2","status":"publish","type":"page","link":"https:\/\/adminfo.umfst.ro\/hu\/ertesites-2\/","title":{"rendered":"\u00c9rtes\u00edt\u00e9s"},"content":{"rendered":"\n<p>A Vezet\u0151tan\u00e1cs 35. sz. hat\u00e1rozata alapj\u00e1n\u00a0\u00a0(JK. 1 sz.\/13.01.2023)\u00a0\u00a0mentes\u00fclnek a r\u00e9szv\u00e9teli d\u00edj al\u00f3l a nevel\u0151int\u00e9zetekb\u0151l (gyermekotthonokb\u00f3l) sz\u00e1rmaz\u00f3 jelentkez\u0151k.<\/p>\n","protected":false},"excerpt":{"rendered":"<p>A Vezet\u0151tan\u00e1cs 35. sz. hat\u00e1rozata alapj\u00e1n\u00a0\u00a0(JK. 1 sz.\/13.01.2023)\u00a0\u00a0mentes\u00fclnek a r\u00e9szv\u00e9teli d\u00edj al\u00f3l a nevel\u0151int\u00e9zetekb\u0151l (gyermekotthonokb\u00f3l) sz\u00e1rmaz\u00f3 jelentkez\u0151k.<\/p>\n","protected":false},"author":1,"featured_media":0,"parent":0,"menu_order":0,"comment_status":"closed","ping_status":"closed","template":"","meta":{"_exactmetrics_skip_tracking":false,"_exactmetrics_sitenote_active":false,"_exactmetrics_sitenote_note":"","_exactmetrics_sitenote_category":0,"_monsterinsights_skip_tracking":false,"_monsterinsights_sitenote_active":false,"_monsterinsights_sitenote_note":"","_monsterinsights_sitenote_category":0,"footnotes":""},"class_list":["post-6984","page","type-page","status-publish","hentry"],"_links":{"self":[{"href":"https:\/\/adminfo.umfst.ro\/hu\/wp-json\/wp\/v2\/pages\/6984","targetHints":{"allow":["GET"]}}],"collection":[{"href":"https:\/\/adminfo.umfst.ro\/hu\/wp-json\/wp\/v2\/pages"}],"about":[{"href":"https:\/\/adminfo.umfst.ro\/hu\/wp-json\/wp\/v2\/types\/page"}],"author":[{"embeddable":true,"href":"https:\/\/adminfo.umfst.ro\/hu\/wp-json\/wp\/v2\/users\/1"}],"replies":[{"embeddable":true,"href":"https:\/\/adminfo.umfst.ro\/hu\/wp-json\/wp\/v2\/comments?post=6984"}],"version-history":[{"count":1,"href":"https:\/\/adminfo.umfst.ro\/hu\/wp-json\/wp\/v2\/pages\/6984\/revisions"}],"predecessor-version":[{"id":6985,"href":"https:\/\/adminfo.umfst.ro\/hu\/wp-json\/wp\/v2\/pages\/6984\/revisions\/6985"}],"wp:attachment":[{"href":"https:\/\/adminfo.umfst.ro\/hu\/wp-json\/wp\/v2\/media?parent=6984"}],"curies":[{"name":"wp","href":"https:\/\/api.w.org\/{rel}","templated":true}]}}