{"id":6960,"date":"2023-02-02T08:28:50","date_gmt":"2023-02-02T08:28:50","guid":{"rendered":"https:\/\/adminfo.umfst.ro\/?page_id=6960"},"modified":"2023-02-02T08:28:51","modified_gmt":"2023-02-02T08:28:51","slug":"kepzesi-kinalat-5","status":"publish","type":"page","link":"https:\/\/adminfo.umfst.ro\/hu\/kepzesi-kinalat-5\/","title":{"rendered":"K\u00e9pz\u00e9si k\u00edn\u00e1lat"},"content":{"rendered":"\n<p>Magyar nyelv\u0171 oktat\u00e1si program: alapk\u00e9pz\u00e9s&nbsp;2023<\/p>\n\n\n\n<p>M\u0171szaki Kar: Informatika (3 \u00e9v, 180 kredit\u00e9rt\u00e9k, j\u00f3v\u00e1hagy\u00e1ssal rendelkez\u0151)<\/p>\n\n\n\n<p>A teljes k\u00e9pz\u00e9si k\u00edn\u00e1lat megtekint\u00e9se:&nbsp;<\/p>\n\n\n\n<p><a href=\"https:\/\/adminfo.umfst.ro\/wp-content\/uploads\/2023\/01\/oferta-educationala-licenta_preadmitere_2023-.pdf\" target=\"_blank\" rel=\"noreferrer noopener\">https:\/\/adminfo.umfst.ro\/wp-content\/uploads\/2023\/01\/oferta-educationala-licenta_preadmitere_2023-.pdf<\/a><\/p>\n","protected":false},"excerpt":{"rendered":"<p>Magyar nyelv\u0171 oktat\u00e1si program: alapk\u00e9pz\u00e9s&nbsp;2023 M\u0171szaki Kar: Informatika (3 \u00e9v, 180 kredit\u00e9rt\u00e9k, j\u00f3v\u00e1hagy\u00e1ssal rendelkez\u0151) A teljes k\u00e9pz\u00e9si k\u00edn\u00e1lat megtekint\u00e9se:&nbsp; https:\/\/adminfo.umfst.ro\/wp-content\/uploads\/2023\/01\/oferta-educationala-licenta_preadmitere_2023-.pdf<\/p>\n","protected":false},"author":1,"featured_media":0,"parent":0,"menu_order":0,"comment_status":"closed","ping_status":"closed","template":"","meta":{"_exactmetrics_skip_tracking":false,"_exactmetrics_sitenote_active":false,"_exactmetrics_sitenote_note":"","_exactmetrics_sitenote_category":0,"_monsterinsights_skip_tracking":false,"_monsterinsights_sitenote_active":false,"_monsterinsights_sitenote_note":"","_monsterinsights_sitenote_category":0,"footnotes":""},"class_list":["post-6960","page","type-page","status-publish","hentry"],"_links":{"self":[{"href":"https:\/\/adminfo.umfst.ro\/hu\/wp-json\/wp\/v2\/pages\/6960","targetHints":{"allow":["GET"]}}],"collection":[{"href":"https:\/\/adminfo.umfst.ro\/hu\/wp-json\/wp\/v2\/pages"}],"about":[{"href":"https:\/\/adminfo.umfst.ro\/hu\/wp-json\/wp\/v2\/types\/page"}],"author":[{"embeddable":true,"href":"https:\/\/adminfo.umfst.ro\/hu\/wp-json\/wp\/v2\/users\/1"}],"replies":[{"embeddable":true,"href":"https:\/\/adminfo.umfst.ro\/hu\/wp-json\/wp\/v2\/comments?post=6960"}],"version-history":[{"count":1,"href":"https:\/\/adminfo.umfst.ro\/hu\/wp-json\/wp\/v2\/pages\/6960\/revisions"}],"predecessor-version":[{"id":6961,"href":"https:\/\/adminfo.umfst.ro\/hu\/wp-json\/wp\/v2\/pages\/6960\/revisions\/6961"}],"wp:attachment":[{"href":"https:\/\/adminfo.umfst.ro\/hu\/wp-json\/wp\/v2\/media?parent=6960"}],"curies":[{"name":"wp","href":"https:\/\/api.w.org\/{rel}","templated":true}]}}