{"id":6954,"date":"2023-02-02T08:24:30","date_gmt":"2023-02-02T08:24:30","guid":{"rendered":"https:\/\/adminfo.umfst.ro\/?page_id=6954"},"modified":"2023-07-14T08:00:50","modified_gmt":"2023-07-14T08:00:50","slug":"kepzesi-kinalat-4","status":"publish","type":"page","link":"https:\/\/adminfo.umfst.ro\/hu\/kepzesi-kinalat-4\/","title":{"rendered":"K\u00e9pz\u00e9si k\u00edn\u00e1lat"},"content":{"rendered":"\n<p>Magyar nyelv\u0171 oktat\u00e1si programok: alapk\u00e9pz\u00e9s&nbsp;&nbsp;2023<\/p>\n\n\n\n<p>Orvostudom\u00e1nyi Kar:<\/p>\n\n\n\n<p>&nbsp;&nbsp;&nbsp;&nbsp;&nbsp;&nbsp;&nbsp;&nbsp;&nbsp;&nbsp;&nbsp;&nbsp;Orvosk\u00e9pz\u00e9s (6 \u00e9v, 360 kredit\u00e9rt\u00e9k, akkredit\u00e1lt)<\/p>\n\n\n\n<p>\u00c1ltal\u00e1nos asszisztens k\u00e9pz\u00e9s (4 \u00e9v, 240 kredit\u00e9rt\u00e9k, akkredit\u00e1lt)<\/p>\n\n\n\n<p>Fogorvostudom\u00e1nyi Kar:&nbsp;<\/p>\n\n\n\n<p>Fogorvosk\u00e9pz\u00e9s (6 \u00e9v, 360 kredit\u00e9rt\u00e9k, akkredit\u00e1lt)<\/p>\n\n\n\n<p>Gy\u00f3gyszer\u00e9szeti Kar:&nbsp;<\/p>\n\n\n\n<p>Gy\u00f3gyszer\u00e9szk\u00e9pz\u00e9s (5 \u00e9v, 300 kredit\u00e9rt\u00e9k, akkredit\u00e1lt)<\/p>\n\n\n\n<p>A teljes k\u00e9pz\u00e9si k\u00edn\u00e1lat megtekint\u00e9se:<\/p>\n\n\n\n<p><a href=\"https:\/\/adminfo.umfst.ro\/wp-content\/uploads\/2023\/02\/oferta-educationala-licenta_admitere_2023-2.pdf\">https:\/\/adminfo.umfst.ro\/wp-content\/uploads\/2023\/01\/oferta-educationala-licenta-admitere_2023.pdf<\/a><\/p>\n","protected":false},"excerpt":{"rendered":"<p>Magyar nyelv\u0171 oktat\u00e1si programok: alapk\u00e9pz\u00e9s&nbsp;&nbsp;2023 Orvostudom\u00e1nyi Kar: &nbsp;&nbsp;&nbsp;&nbsp;&nbsp;&nbsp;&nbsp;&nbsp;&nbsp;&nbsp;&nbsp;&nbsp;Orvosk\u00e9pz\u00e9s (6 \u00e9v, 360 kredit\u00e9rt\u00e9k, akkredit\u00e1lt) \u00c1ltal\u00e1nos asszisztens k\u00e9pz\u00e9s (4 \u00e9v, 240 kredit\u00e9rt\u00e9k, akkredit\u00e1lt) Fogorvostudom\u00e1nyi Kar:&nbsp; Fogorvosk\u00e9pz\u00e9s (6 \u00e9v, 360 kredit\u00e9rt\u00e9k, akkredit\u00e1lt) Gy\u00f3gyszer\u00e9szeti Kar:&nbsp; Gy\u00f3gyszer\u00e9szk\u00e9pz\u00e9s (5 \u00e9v, 300 kredit\u00e9rt\u00e9k, akkredit\u00e1lt) A teljes k\u00e9pz\u00e9si k\u00edn\u00e1lat megtekint\u00e9se: https:\/\/adminfo.umfst.ro\/wp-content\/uploads\/2023\/01\/oferta-educationala-licenta-admitere_2023.pdf<\/p>\n","protected":false},"author":1,"featured_media":0,"parent":0,"menu_order":0,"comment_status":"closed","ping_status":"closed","template":"","meta":{"_exactmetrics_skip_tracking":false,"_exactmetrics_sitenote_active":false,"_exactmetrics_sitenote_note":"","_exactmetrics_sitenote_category":0,"_monsterinsights_skip_tracking":false,"_monsterinsights_sitenote_active":false,"_monsterinsights_sitenote_note":"","_monsterinsights_sitenote_category":0,"footnotes":""},"class_list":["post-6954","page","type-page","status-publish","hentry"],"_links":{"self":[{"href":"https:\/\/adminfo.umfst.ro\/hu\/wp-json\/wp\/v2\/pages\/6954","targetHints":{"allow":["GET"]}}],"collection":[{"href":"https:\/\/adminfo.umfst.ro\/hu\/wp-json\/wp\/v2\/pages"}],"about":[{"href":"https:\/\/adminfo.umfst.ro\/hu\/wp-json\/wp\/v2\/types\/page"}],"author":[{"embeddable":true,"href":"https:\/\/adminfo.umfst.ro\/hu\/wp-json\/wp\/v2\/users\/1"}],"replies":[{"embeddable":true,"href":"https:\/\/adminfo.umfst.ro\/hu\/wp-json\/wp\/v2\/comments?post=6954"}],"version-history":[{"count":3,"href":"https:\/\/adminfo.umfst.ro\/hu\/wp-json\/wp\/v2\/pages\/6954\/revisions"}],"predecessor-version":[{"id":7391,"href":"https:\/\/adminfo.umfst.ro\/hu\/wp-json\/wp\/v2\/pages\/6954\/revisions\/7391"}],"wp:attachment":[{"href":"https:\/\/adminfo.umfst.ro\/hu\/wp-json\/wp\/v2\/media?parent=6954"}],"curies":[{"name":"wp","href":"https:\/\/api.w.org\/{rel}","templated":true}]}}