{"id":6948,"date":"2023-02-02T08:16:42","date_gmt":"2023-02-02T08:16:42","guid":{"rendered":"https:\/\/adminfo.umfst.ro\/?page_id=6948"},"modified":"2023-02-02T08:16:43","modified_gmt":"2023-02-02T08:16:43","slug":"ertesites","status":"publish","type":"page","link":"https:\/\/adminfo.umfst.ro\/hu\/ertesites\/","title":{"rendered":"\u00c9rtes\u00edt\u00e9s"},"content":{"rendered":"\n<p>A&nbsp;Marosv\u00e1s\u00e1rhelyi \u201eGeorge Emil Palade\u201d Orvosi, Gy\u00f3gyszer\u00e9szeti, Tudom\u00e1ny \u00e9s Technol\u00f3giai Egyetem&nbsp;&nbsp;<strong>2023 \u2013 ban<\/strong>&nbsp;<\/p>\n\n\n\n<p><strong>El\u0151felv\u00e9telit szervez<\/strong>&nbsp;az al\u00e1bbi fakult\u00e1sok keret\u00e9ben m\u0171k\u00f6d\u0151 alapk\u00e9pz\u00e9sekre&nbsp;\u00e9s mesteri k\u00e9pz\u00e9sekre:<\/p>\n\n\n\n<p>\u2713&nbsp;Gy\u00f3gyszer\u00e9szet: Orvosi k\u00e9mia \u00e9s K\u00e9miai technol\u00f3gia<\/p>\n\n\n\n<p>\u2713&nbsp;M\u0171szaki Kar: az \u00f6sszes alapk\u00e9pz\u00e9sben szerepel\u0151 szakokra \u00e9s mesteri k\u00e9pz\u00e9sre egyar\u00e1nt&nbsp;&nbsp;<\/p>\n\n\n\n<p>\u2713&nbsp;\u201ePetru Maior\u201d B\u00f6lcs\u00e9szettudom\u00e1nyi Kar: az alapk\u00e9pz\u00e9sben szerepel\u0151 szakokra \u00e9s mesteri k\u00e9pz\u00e9sre (kiv\u00e9tel&nbsp;DPP \u00e9s Testnevel\u00e9s \u00e9s Sport)<\/p>\n\n\n\n<p>\u2713&nbsp;K\u00f6zgazdas\u00e1g- \u00e9s Jogtudom\u00e1nyi Kar:&nbsp;az \u00f6sszes alapk\u00e9pz\u00e9sben szerepel\u0151 szakokra \u00e9s mesteri k\u00e9pz\u00e9sre egyar\u00e1nt<\/p>\n\n\n\n<p>Az&nbsp;<strong>eg\u00e9szs\u00e9g\u00fcgyi szakok<\/strong>&nbsp;keret\u00e9ben m\u0171k\u00f6d\u0151 \u00f6sszes alapk\u00e9pz\u00e9sre&nbsp;<strong>a felv\u00e9teli vizsga<\/strong>id\u0151pontja &nbsp;&nbsp;<strong>2023 j\u00falius 23.<\/strong>&nbsp;&nbsp;<\/p>\n\n\n\n<p>K\u00e9rj\u00fck, k\u00f6vesse figyelemmel a felv\u00e9teli honlapj\u00e1t:\u00a0<a href=\"https:\/\/adminfo.umfst.ro\">adminfo.umfst.ro<\/a><\/p>\n","protected":false},"excerpt":{"rendered":"<p>A&nbsp;Marosv\u00e1s\u00e1rhelyi \u201eGeorge Emil Palade\u201d Orvosi, Gy\u00f3gyszer\u00e9szeti, Tudom\u00e1ny \u00e9s Technol\u00f3giai Egyetem&nbsp;&nbsp;2023 \u2013 ban&nbsp; El\u0151felv\u00e9telit szervez&nbsp;az al\u00e1bbi fakult\u00e1sok keret\u00e9ben m\u0171k\u00f6d\u0151 alapk\u00e9pz\u00e9sekre&nbsp;\u00e9s mesteri k\u00e9pz\u00e9sekre: \u2713&nbsp;Gy\u00f3gyszer\u00e9szet: Orvosi k\u00e9mia \u00e9s K\u00e9miai technol\u00f3gia \u2713&nbsp;M\u0171szaki Kar: az \u00f6sszes alapk\u00e9pz\u00e9sben szerepel\u0151 szakokra \u00e9s mesteri k\u00e9pz\u00e9sre egyar\u00e1nt&nbsp;&nbsp; \u2713&nbsp;\u201ePetru Maior\u201d B\u00f6lcs\u00e9szettudom\u00e1nyi Kar: az alapk\u00e9pz\u00e9sben szerepel\u0151 szakokra \u00e9s mesteri k\u00e9pz\u00e9sre (kiv\u00e9tel&nbsp;DPP \u00e9s Testnevel\u00e9s \u00e9s Sport) \u2713&nbsp;K\u00f6zgazdas\u00e1g-&hellip; <br \/> <a class=\"read-more\" href=\"https:\/\/adminfo.umfst.ro\/hu\/ertesites\/\">Read more<\/a><\/p>\n","protected":false},"author":1,"featured_media":0,"parent":0,"menu_order":0,"comment_status":"closed","ping_status":"closed","template":"","meta":{"_exactmetrics_skip_tracking":false,"_exactmetrics_sitenote_active":false,"_exactmetrics_sitenote_note":"","_exactmetrics_sitenote_category":0,"_monsterinsights_skip_tracking":false,"_monsterinsights_sitenote_active":false,"_monsterinsights_sitenote_note":"","_monsterinsights_sitenote_category":0,"footnotes":""},"class_list":["post-6948","page","type-page","status-publish","hentry"],"_links":{"self":[{"href":"https:\/\/adminfo.umfst.ro\/hu\/wp-json\/wp\/v2\/pages\/6948","targetHints":{"allow":["GET"]}}],"collection":[{"href":"https:\/\/adminfo.umfst.ro\/hu\/wp-json\/wp\/v2\/pages"}],"about":[{"href":"https:\/\/adminfo.umfst.ro\/hu\/wp-json\/wp\/v2\/types\/page"}],"author":[{"embeddable":true,"href":"https:\/\/adminfo.umfst.ro\/hu\/wp-json\/wp\/v2\/users\/1"}],"replies":[{"embeddable":true,"href":"https:\/\/adminfo.umfst.ro\/hu\/wp-json\/wp\/v2\/comments?post=6948"}],"version-history":[{"count":1,"href":"https:\/\/adminfo.umfst.ro\/hu\/wp-json\/wp\/v2\/pages\/6948\/revisions"}],"predecessor-version":[{"id":6949,"href":"https:\/\/adminfo.umfst.ro\/hu\/wp-json\/wp\/v2\/pages\/6948\/revisions\/6949"}],"wp:attachment":[{"href":"https:\/\/adminfo.umfst.ro\/hu\/wp-json\/wp\/v2\/media?parent=6948"}],"curies":[{"name":"wp","href":"https:\/\/api.w.org\/{rel}","templated":true}]}}