{"id":6339,"date":"2022-06-30T07:39:58","date_gmt":"2022-06-30T07:39:58","guid":{"rendered":"https:\/\/adminfo.umfst.ro\/?page_id=6339"},"modified":"2022-06-30T07:39:58","modified_gmt":"2022-06-30T07:39:58","slug":"a-testneveles-es-sport-szakrara-jelentkezok-figyelmebe","status":"publish","type":"page","link":"https:\/\/adminfo.umfst.ro\/hu\/a-testneveles-es-sport-szakrara-jelentkezok-figyelmebe\/","title":{"rendered":"A Testnevel\u00e9s \u00e9s sport szakrara jelentkez\u0151k figyelm\u00e9be"},"content":{"rendered":"\n<p>A MOGyTTE a Testnevel\u00e9s \u00e9s sport szakra felv\u00e9teliz\u0151k sz\u00e1m\u00e1ra INGYENES felk\u00e9sz\u00fcl\u00e9si lehet\u0151s\u00e9get biztos\u00edt az egyetemi kampusz sportp\u00e1ly\u00e1in (pe terenurile de sport\u00a0aferente S\u0103lii \u201eAnton Pongr\u00e1cz\u201d\u00a0,str. Gh. Marinescu nr. 38), a k\u00f6vetkez\u0151 program szerint:<\/p>\n\n\n\n<ul class=\"wp-block-list\"><li>2022. 07.12, 18.00 \u00f3ra&nbsp;<\/li><li>2021. 07.13, 10.00 \u00f3ra &nbsp;<\/li><\/ul>\n\n\n\n<p><strong>A felk\u00e9sz\u00edt\u0151k\u00f6n a sportfelszerel\u00e9s k\u00f6telez\u0151<\/strong><strong>!<\/strong><strong>&nbsp;<\/strong><\/p>\n\n\n\n<p><strong>A 2022 j\u00faliusi vizsgapei\u00f3dusban a helyek sz\u00e1ma: 60 (20 \u00e1llami k\u00f6lts\u00e9gvet\u00e9sb\u0151l t\u00e1mogatott, 20 t\u00e1mogatott \u00e9s 20 fizet\u00e9ses)<\/strong><\/p>\n","protected":false},"excerpt":{"rendered":"<p>A MOGyTTE a Testnevel\u00e9s \u00e9s sport szakra felv\u00e9teliz\u0151k sz\u00e1m\u00e1ra INGYENES felk\u00e9sz\u00fcl\u00e9si lehet\u0151s\u00e9get biztos\u00edt az egyetemi kampusz sportp\u00e1ly\u00e1in (pe terenurile de sport\u00a0aferente S\u0103lii \u201eAnton Pongr\u00e1cz\u201d\u00a0,str. Gh. Marinescu nr. 38), a k\u00f6vetkez\u0151 program szerint: 2022. 07.12, 18.00 \u00f3ra&nbsp; 2021. 07.13, 10.00 \u00f3ra &nbsp; A felk\u00e9sz\u00edt\u0151k\u00f6n a sportfelszerel\u00e9s k\u00f6telez\u0151!&nbsp; A 2022 j\u00faliusi vizsgapei\u00f3dusban a helyek sz\u00e1ma: 60 (20&hellip; <br \/> <a class=\"read-more\" href=\"https:\/\/adminfo.umfst.ro\/hu\/a-testneveles-es-sport-szakrara-jelentkezok-figyelmebe\/\">Read more<\/a><\/p>\n","protected":false},"author":1,"featured_media":0,"parent":0,"menu_order":0,"comment_status":"closed","ping_status":"closed","template":"","meta":{"_exactmetrics_skip_tracking":false,"_exactmetrics_sitenote_active":false,"_exactmetrics_sitenote_note":"","_exactmetrics_sitenote_category":0,"_monsterinsights_skip_tracking":false,"_monsterinsights_sitenote_active":false,"_monsterinsights_sitenote_note":"","_monsterinsights_sitenote_category":0,"footnotes":""},"class_list":["post-6339","page","type-page","status-publish","hentry"],"_links":{"self":[{"href":"https:\/\/adminfo.umfst.ro\/hu\/wp-json\/wp\/v2\/pages\/6339","targetHints":{"allow":["GET"]}}],"collection":[{"href":"https:\/\/adminfo.umfst.ro\/hu\/wp-json\/wp\/v2\/pages"}],"about":[{"href":"https:\/\/adminfo.umfst.ro\/hu\/wp-json\/wp\/v2\/types\/page"}],"author":[{"embeddable":true,"href":"https:\/\/adminfo.umfst.ro\/hu\/wp-json\/wp\/v2\/users\/1"}],"replies":[{"embeddable":true,"href":"https:\/\/adminfo.umfst.ro\/hu\/wp-json\/wp\/v2\/comments?post=6339"}],"version-history":[{"count":1,"href":"https:\/\/adminfo.umfst.ro\/hu\/wp-json\/wp\/v2\/pages\/6339\/revisions"}],"predecessor-version":[{"id":6340,"href":"https:\/\/adminfo.umfst.ro\/hu\/wp-json\/wp\/v2\/pages\/6339\/revisions\/6340"}],"wp:attachment":[{"href":"https:\/\/adminfo.umfst.ro\/hu\/wp-json\/wp\/v2\/media?parent=6339"}],"curies":[{"name":"wp","href":"https:\/\/api.w.org\/{rel}","templated":true}]}}