{"id":6332,"date":"2022-06-30T07:32:16","date_gmt":"2022-06-30T07:32:16","guid":{"rendered":"https:\/\/adminfo.umfst.ro\/?page_id=6332"},"modified":"2022-06-30T07:32:17","modified_gmt":"2022-06-30T07:32:17","slug":"beiskolazasi-szam-es-kepzesi-kinalat","status":"publish","type":"page","link":"https:\/\/adminfo.umfst.ro\/hu\/beiskolazasi-szam-es-kepzesi-kinalat\/","title":{"rendered":"Beiskol\u00e1z\u00e1si sz\u00e1m \u00e9s K\u00e9pz\u00e9si k\u00edn\u00e1lat"},"content":{"rendered":"\n<p><a rel=\"noreferrer noopener\" href=\"https:\/\/adminfo.umfst.ro\/wp-content\/uploads\/2022\/06\/repartizarea-cifrei-de-scolarizare_2022_2023_final-1.pdf\" target=\"_blank\">A 2022\/2023 tan\u00e9vre vonatkoz\u00f3 beiskol\u00e1z\u00e1si sz\u00e1madatok<\/a><\/p>\n\n\n\n<p><a rel=\"noreferrer noopener\" href=\"https:\/\/adminfo.umfst.ro\/wp-content\/uploads\/2022\/06\/ME_cifra-de-scolarizare_buget_2022_2023-1.pdf\" target=\"_blank\">A 2022\/2023 tan\u00e9vre a Tan\u00fcgyminiszt\u00e9rium \u00e1ltal j\u00f3v\u00e1hagyott beiskol\u00e1z\u00e1si sz\u00e1m<\/a><\/p>\n\n\n\n<p><a rel=\"noreferrer noopener\" href=\"https:\/\/adminfo.umfst.ro\/wp-content\/uploads\/2022\/06\/ME_cifra-de-scolarizare_buget_romanii-de-pretutindeni_2022_2023-1.pdf\" target=\"_blank\">A 2022\/2023 tan\u00e9vre a Tan\u00fcgyminiszt\u00e9rium \u00e1ltal j\u00f3v\u00e1hagyott beiskol\u00e1z\u00e1si\u00a0<strong>sz\u00e1m<\/strong>\u00a0a k\u00fclhoni rom\u00e1nok r\u00e9sz\u00e9re<\/a><\/p>\n\n\n\n<p><a rel=\"noreferrer noopener\" href=\"https:\/\/adminfo.umfst.ro\/wp-content\/uploads\/2022\/06\/MApN_cifra-de-scolarizare_buget_2022_2023.pdf\" target=\"_blank\">A 2022\/2023 tan\u00e9v:\u00a0\u00a0Beiskol\u00e1z\u00e1si sz\u00e1madatok- Katonaorvos k\u00e9pz\u00e9s\u00a0<\/a><\/p>\n\n\n\n<p>K\u00e9pz\u00e9si k\u00edn\u00e1lat:&nbsp;<\/p>\n\n\n\n<p>Magyar nyelv\u0171 oktat\u00e1si programok, alapk\u00e9pz\u00e9s&nbsp;&nbsp;2022<\/p>\n\n\n\n<p>Orvostudom\u00e1nyi Kar:<\/p>\n\n\n\n<p>&nbsp;Orvosk\u00e9pz\u00e9s (6 \u00e9v, 360 kredit\u00e9rt\u00e9k, akkredit\u00e1lt)<\/p>\n\n\n\n<p>\u00c1ltal\u00e1nos asszisztens k\u00e9pz\u00e9s (4 \u00e9v, 240 kredit\u00e9rt\u00e9k, akkredit\u00e1lt)<\/p>\n\n\n\n<p>Fogorvostudom\u00e1nyi Kar: Fogorvosk\u00e9pz\u00e9s (6 \u00e9v, 360 kredit\u00e9rt\u00e9k, akkredit\u00e1lt)<\/p>\n\n\n\n<p>Gy\u00f3gyszer\u00e9szeti Kar: Gy\u00f3gyszer\u00e9szk\u00e9pz\u00e9s (5 \u00e9v, 300 kredit, akkredit\u00e1lt)<\/p>\n\n\n\n<p>M\u0171szaki Kar: Informatika (3 \u00e9v, 180 kredit\u00e9rt\u00e9k, ideiglenes akkredit\u00e1ci\u00f3)<\/p>\n\n\n\n<p>A teljes k\u00e9pz\u00e9si k\u00edn\u00e1lat megtekint\u00e9se:\u00a0<\/p>\n\n\n\n<p><a href=\"https:\/\/adminfo.umfst.ro\/cifra-de-scolarizare-si-oferta-educationala\/\" target=\"_blank\" rel=\"noreferrer noopener\">https:\/\/adminfo.umfst.ro\/cifra-de-scolarizare-si-oferta-educationala\/<\/a><\/p>\n","protected":false},"excerpt":{"rendered":"<p>A 2022\/2023 tan\u00e9vre vonatkoz\u00f3 beiskol\u00e1z\u00e1si sz\u00e1madatok A 2022\/2023 tan\u00e9vre a Tan\u00fcgyminiszt\u00e9rium \u00e1ltal j\u00f3v\u00e1hagyott beiskol\u00e1z\u00e1si sz\u00e1m A 2022\/2023 tan\u00e9vre a Tan\u00fcgyminiszt\u00e9rium \u00e1ltal j\u00f3v\u00e1hagyott beiskol\u00e1z\u00e1si\u00a0sz\u00e1m\u00a0a k\u00fclhoni rom\u00e1nok r\u00e9sz\u00e9re A 2022\/2023 tan\u00e9v:\u00a0\u00a0Beiskol\u00e1z\u00e1si sz\u00e1madatok- Katonaorvos k\u00e9pz\u00e9s\u00a0 K\u00e9pz\u00e9si k\u00edn\u00e1lat:&nbsp; Magyar nyelv\u0171 oktat\u00e1si programok, alapk\u00e9pz\u00e9s&nbsp;&nbsp;2022 Orvostudom\u00e1nyi Kar: &nbsp;Orvosk\u00e9pz\u00e9s (6 \u00e9v, 360 kredit\u00e9rt\u00e9k, akkredit\u00e1lt) \u00c1ltal\u00e1nos asszisztens k\u00e9pz\u00e9s (4 \u00e9v, 240 kredit\u00e9rt\u00e9k, akkredit\u00e1lt)&hellip; <br \/> <a class=\"read-more\" href=\"https:\/\/adminfo.umfst.ro\/hu\/beiskolazasi-szam-es-kepzesi-kinalat\/\">Read more<\/a><\/p>\n","protected":false},"author":1,"featured_media":0,"parent":0,"menu_order":0,"comment_status":"closed","ping_status":"closed","template":"","meta":{"_exactmetrics_skip_tracking":false,"_exactmetrics_sitenote_active":false,"_exactmetrics_sitenote_note":"","_exactmetrics_sitenote_category":0,"_monsterinsights_skip_tracking":false,"_monsterinsights_sitenote_active":false,"_monsterinsights_sitenote_note":"","_monsterinsights_sitenote_category":0,"footnotes":""},"class_list":["post-6332","page","type-page","status-publish","hentry"],"_links":{"self":[{"href":"https:\/\/adminfo.umfst.ro\/hu\/wp-json\/wp\/v2\/pages\/6332","targetHints":{"allow":["GET"]}}],"collection":[{"href":"https:\/\/adminfo.umfst.ro\/hu\/wp-json\/wp\/v2\/pages"}],"about":[{"href":"https:\/\/adminfo.umfst.ro\/hu\/wp-json\/wp\/v2\/types\/page"}],"author":[{"embeddable":true,"href":"https:\/\/adminfo.umfst.ro\/hu\/wp-json\/wp\/v2\/users\/1"}],"replies":[{"embeddable":true,"href":"https:\/\/adminfo.umfst.ro\/hu\/wp-json\/wp\/v2\/comments?post=6332"}],"version-history":[{"count":1,"href":"https:\/\/adminfo.umfst.ro\/hu\/wp-json\/wp\/v2\/pages\/6332\/revisions"}],"predecessor-version":[{"id":6333,"href":"https:\/\/adminfo.umfst.ro\/hu\/wp-json\/wp\/v2\/pages\/6332\/revisions\/6333"}],"wp:attachment":[{"href":"https:\/\/adminfo.umfst.ro\/hu\/wp-json\/wp\/v2\/media?parent=6332"}],"curies":[{"name":"wp","href":"https:\/\/api.w.org\/{rel}","templated":true}]}}