{"id":6325,"date":"2022-06-30T07:22:32","date_gmt":"2022-06-30T07:22:32","guid":{"rendered":"https:\/\/adminfo.umfst.ro\/?page_id=6325"},"modified":"2022-06-30T07:22:33","modified_gmt":"2022-06-30T07:22:33","slug":"tantargyversenyek-nyertesei","status":"publish","type":"page","link":"https:\/\/adminfo.umfst.ro\/hu\/tantargyversenyek-nyertesei\/","title":{"rendered":"Tant\u00e1rgyversenyek nyertesei"},"content":{"rendered":"\n<p>\u00c9RTES<strong>\u00cd<\/strong>T\u00c9S&nbsp;&nbsp;<strong>az EG\u00c9SZS\u00c9G\u00dcGYI szakokra iratkoz\u00f3&nbsp;<\/strong>tant\u00e1rgyversenyek nyertesei sz\u00e1m\u00e1ra<strong><\/strong><strong><\/strong><\/p>\n\n\n\n<p><strong>Versenyvizsga n\u00e9lk\u00fcl iratkozhatnak&nbsp;<\/strong>\u00e1llami k\u00f6lts\u00e9gvet\u00e9sb\u0151l finansz\u00edrozott helyekre<strong>:&nbsp;<\/strong><strong><\/strong><\/p>\n\n\n\n<ol class=\"wp-block-list\" type=\"a\"><li><strong>Azon \u00e9retts\u00e9gizettek, akik a l\u00edceumi tanulm\u00e1nyaik sor\u00e1n I, II, III. helyez\u00e9st \u00e9rtek el biol\u00f3giai, k\u00e9miai, informatikai \u00e9s matematikai iskolai nemzetk\u00f6zi tant\u00e1rgyversenyeken&nbsp;<\/strong><strong><\/strong><\/li><li><strong>Azon \u00e9retts\u00e9gizettek, akik a l\u00edceumi tanulm\u00e1nyaik sor\u00e1n I, II, III. helyez\u00e9st \u00e9rtek el a Tan\u00fcgyminiszt\u00e9rium \u00e1ltal elismert biol\u00f3giai, k\u00e9miai, informatikai \u00e9s matematikai iskolai nemzeti tant\u00e1rgyversenyeken (az utols\u00f3 k\u00e9t iskolai \u00e9v egyik\u00e9ben).<\/strong><strong><\/strong><\/li><\/ol>\n\n\n\n<p><strong>A fent eml\u00edtett felt\u00e9teleket teljes\u00edt\u0151 jelentkez\u0151knek a Rektori Hivatalhoz int\u00e9zett ( mail c\u00edm: rectorat<\/strong><strong>@umfst.ro)<\/strong><strong>&nbsp;on-line k\u00e9rv\u00e9nyben kell a sz\u00e1nd\u00e9kukat jelezni a diploma csatolt m\u00e1solat\u00e1val legk\u00e9s\u0151bb 2021 j\u00falius 14 \u2013ig. A k\u00e9relmek elb\u00edr\u00e1l\u00e1s\u00e1t a Vezet\u0151tan\u00e1cs v\u00e9gzi. Az eredm\u00e9nyek kif\u00fcggeszt\u00e9se: 2021 j\u00falius 15.&nbsp;<\/strong><strong><\/strong><\/p>\n","protected":false},"excerpt":{"rendered":"<p>\u00c9RTES\u00cdT\u00c9S&nbsp;&nbsp;az EG\u00c9SZS\u00c9G\u00dcGYI szakokra iratkoz\u00f3&nbsp;tant\u00e1rgyversenyek nyertesei sz\u00e1m\u00e1ra Versenyvizsga n\u00e9lk\u00fcl iratkozhatnak&nbsp;\u00e1llami k\u00f6lts\u00e9gvet\u00e9sb\u0151l finansz\u00edrozott helyekre:&nbsp; Azon \u00e9retts\u00e9gizettek, akik a l\u00edceumi tanulm\u00e1nyaik sor\u00e1n I, II, III. helyez\u00e9st \u00e9rtek el biol\u00f3giai, k\u00e9miai, informatikai \u00e9s matematikai iskolai nemzetk\u00f6zi tant\u00e1rgyversenyeken&nbsp; Azon \u00e9retts\u00e9gizettek, akik a l\u00edceumi tanulm\u00e1nyaik sor\u00e1n I, II, III. helyez\u00e9st \u00e9rtek el a Tan\u00fcgyminiszt\u00e9rium \u00e1ltal elismert biol\u00f3giai, k\u00e9miai, informatikai \u00e9s matematikai&hellip; <br \/> <a class=\"read-more\" href=\"https:\/\/adminfo.umfst.ro\/hu\/tantargyversenyek-nyertesei\/\">Read more<\/a><\/p>\n","protected":false},"author":1,"featured_media":0,"parent":0,"menu_order":0,"comment_status":"closed","ping_status":"closed","template":"","meta":{"_exactmetrics_skip_tracking":false,"_exactmetrics_sitenote_active":false,"_exactmetrics_sitenote_note":"","_exactmetrics_sitenote_category":0,"_monsterinsights_skip_tracking":false,"_monsterinsights_sitenote_active":false,"_monsterinsights_sitenote_note":"","_monsterinsights_sitenote_category":0,"footnotes":""},"class_list":["post-6325","page","type-page","status-publish","hentry"],"_links":{"self":[{"href":"https:\/\/adminfo.umfst.ro\/hu\/wp-json\/wp\/v2\/pages\/6325","targetHints":{"allow":["GET"]}}],"collection":[{"href":"https:\/\/adminfo.umfst.ro\/hu\/wp-json\/wp\/v2\/pages"}],"about":[{"href":"https:\/\/adminfo.umfst.ro\/hu\/wp-json\/wp\/v2\/types\/page"}],"author":[{"embeddable":true,"href":"https:\/\/adminfo.umfst.ro\/hu\/wp-json\/wp\/v2\/users\/1"}],"replies":[{"embeddable":true,"href":"https:\/\/adminfo.umfst.ro\/hu\/wp-json\/wp\/v2\/comments?post=6325"}],"version-history":[{"count":1,"href":"https:\/\/adminfo.umfst.ro\/hu\/wp-json\/wp\/v2\/pages\/6325\/revisions"}],"predecessor-version":[{"id":6326,"href":"https:\/\/adminfo.umfst.ro\/hu\/wp-json\/wp\/v2\/pages\/6325\/revisions\/6326"}],"wp:attachment":[{"href":"https:\/\/adminfo.umfst.ro\/hu\/wp-json\/wp\/v2\/media?parent=6325"}],"curies":[{"name":"wp","href":"https:\/\/api.w.org\/{rel}","templated":true}]}}