{"id":6322,"date":"2022-06-30T07:19:18","date_gmt":"2022-06-30T07:19:18","guid":{"rendered":"https:\/\/adminfo.umfst.ro\/?page_id=6322"},"modified":"2022-06-30T07:19:18","modified_gmt":"2022-06-30T07:19:18","slug":"iratkozassal-kapcsolatos-tudnivalok","status":"publish","type":"page","link":"https:\/\/adminfo.umfst.ro\/hu\/iratkozassal-kapcsolatos-tudnivalok\/","title":{"rendered":"Iratkoz\u00e1ssal kapcsolatos tudnival\u00f3k"},"content":{"rendered":"\n<p><strong>VALAMENNYI JELENTKEZ\u0150RE \u00c9RV\u00c9NYES BEIRATKOZ\u00c1SI TUDNIVAL\u00d3K<\/strong><\/p>\n\n\n\n<p><strong>A felv\u00e9teli vizsg\u00e1ra t\u00f6rt\u00e9n\u0151 beiratkoz\u00e1s j\u00falius 16.-\u00e1n 8:00 \u00f3r\u00e1t\u00f3l&nbsp;&nbsp;j\u00falius 21, 12:00 \u00f3r\u00e1ig on-line form\u00e1ban&nbsp;&nbsp;(24\/24 \u00f3ra) t\u00f6rt\u00e9nik, kiz\u00e1r\u00f3lag a beiratkoz\u00e1sra kialak\u00edtott admitere.umfst.ro online platformon kereszt\u00fcl.<\/strong><strong><\/strong><\/p>\n\n\n\n<p>Azon jelentkez\u0151k akik az Eur\u00f3pai Uni\u00f3 (UE), az Eur\u00f3pai Gazdas\u00e1gi T\u00e9rs\u00e9g (SEE) \u00e9s a Sv\u00e1jci \u00c1llamsz\u00f6vets\u00e9g (CE) tag\u00e1llamainak \u00e1llampolg\u00e1rai, az online regisztr\u00e1ci\u00f3n k\u00edv\u00fcl&nbsp;<strong>k\u00f6telesek elk\u00fcldeni<\/strong>&nbsp;<strong>az egyetem sz\u00e9khely\u00e9re<\/strong>&nbsp;az egyetem honlapj\u00e1nak a&nbsp;<strong>Felv\u00e9teli 2022<\/strong>&nbsp;rovat\u00e1ban (<strong>Admitere 2022<\/strong>)&nbsp;&nbsp;k\u00f6zz\u00e9tett utas\u00edt\u00e1sok szerint \u00f6ssze\u00e1ll\u00edtott jelentkez\u00e9si dosszi\u00e9kat.<\/p>\n\n\n\n<p>A felv\u00e9telire val\u00f3 jelentkez\u00e9shez a jel\u00f6ltek k\u00f6telesek kit\u00f6lteni&nbsp;<strong>az online jelentkez\u00e9si \u0171rlapon k\u00e9rt adatokat<\/strong>, \u00e9s felt\u00f6lteni a k\u00f6vetkez\u0151&nbsp;<strong>digitaliz\u00e1lt<\/strong>\/<strong>beszkennelt dokumentumokat<\/strong>:<\/p>\n\n\n\n<ul class=\"wp-block-list\"><li><strong>\u00e9retts\u00e9gi diploma, vagy az ezzel egyen\u00e9rt\u00e9k\u0171 diploma (<\/strong><strong>diploma de bacalaureat sau diploma echivalent\u0103 cu aceasta). A 2022-ben \u00e9retts\u00e9gizettek eset\u00e9ben \u00e9rv\u00e9nyes a tanint\u00e9zet \u00e1ltal ki\u00e1ll\u00edtott, kerekpecs\u00e9ttel \u00e9s igazgat\u00f3i al\u00e1\u00edr\u00e1ssal ell\u00e1tott \u00e9retts\u00e9gi igazolv\u00e1ny szkennelt m\u00e1solata&nbsp;<\/strong>&nbsp;rajta az \u00e9retts\u00e9gin el\u00e9rt v\u00e9gs\u0151 \u00e9rdemjegy valamint az \u00e9retts\u00e9gi tant\u00e1rgyak r\u00e9szjegyeinek felt\u00fcntet\u00e9s\u00e9vel&nbsp;<strong>(<\/strong>copia scanat\u0103 a adeverin\u021bei tip de promovare a examenului de bacalaurea cu precizarea mediei la examenul de bacalaureat \u0219i a notelor ob\u021binute la probele sus\u021binute). Ezen csoportba tartoz\u00f3 jelentkez\u0151k egy sikeres felv\u00e9teli eset\u00e9n k\u00f6telesek az eredeti okiratot beny\u00fajtani az illet\u0151 kar D\u00e9k\u00e1ni Hivatal\u00e1ba&nbsp;<em>a felv\u00e9teli kalend\u00e1rium\u00e1ban megjel\u00f6lt peri\u00f3dusban<\/em>. Az eredeti \u00e9retts\u00e9gi diploma beny\u00fajt\u00e1s\u00e1nak az elm\u00falaszt\u00e1sa&nbsp;a felv\u00e9telt nyert jel\u00f6lt kiz\u00e1r\u00f3lagos hib\u00e1j\u00e1nak k\u00f6sz\u00f6nhet\u0151en az \u00e1llami k\u00f6lts\u00e9gvet\u00e9sb\u0151l finansz\u00edrozott hely&nbsp;k\u00f6vetkezm\u00e9nyes elveszt\u00e9s\u00e9hez \u00e9s a beiskol\u00e1z\u00e1s elmarad\u00e1s\u00e1hoz vezet.&nbsp;Azon jelentkez\u0151k eset\u00e9ben akik k\u00fclf\u00f6ld\u00f6n szerezt\u00e9k \u00e9retts\u00e9gi oklevel\u00fcket \u00e9rv\u00e9nyes a CNRED (Centrul Na\u021bional de Recunoa\u0219tere \u0219i Echivalare a Diplomelor)&nbsp;\u00e1ltal kibocs\u00e1tott&nbsp;<strong>Egyen\u00e9rt\u00e9k\u0171s\u00e9gi Igazol\u00e1s<\/strong>, amely elismeri a k\u00fclf\u00f6ld\u00f6n szerzett oklevelet a rom\u00e1n \u00e1llampolg\u00e1rok vagy az Eur\u00f3pai Uni\u00f3 tag\u00e1llamainak, az Eur\u00f3pai Gazdas\u00e1gi T\u00e9rs\u00e9g \u00e9s a Sv\u00e1jci \u00c1llamsz\u00f6vets\u00e9g \u00e1llamainak polg\u00e1rai eset\u00e9ben.&nbsp;<\/li><\/ul>\n\n\n\n<ul class=\"wp-block-list\"><li><strong>tanulm\u00e1nyi t\u00f6rzsk\u00f6nyv (foaia matricol\u0103)<\/strong>&nbsp;vagy&nbsp;a 2022-ben v\u00e9gzettek eset\u00e9ben a<\/li><\/ul>\n\n\n\n<p>tanint\u00e9zet \u00e1ltal (ahol a jelentkez\u0151 a k\u00f6z\u00e9piskolai tanulm\u00e1nyait v\u00e9gezte) ki\u00e1ll\u00edtott egyen\u00e9rt\u00e9k\u0171s\u00e9gi igazol\u00e1s&nbsp;<em>(Adeverin\u021b\u0103 echivalenta acesteia)<\/em>, amely tanus\u00edtja az elv\u00e9gzett IX-XI oszt\u00e1ly eredm\u00e9nyeit, valamint a v\u00e1lasztott szak szempontj\u00e1b\u00f3l relev\u00e1ns tant\u00e1rgy jegyeinek \u00e1tlag\u00e1t (IX-X vagy IX-XI oszt\u00e1ly).&nbsp;<strong>A tanulm\u00e1nyi t\u00f6rzsk\u00f6nyv \/egyen\u00e9rt\u00e9k\u0171s\u00e9gi igazol\u00e1s csak<\/strong>&nbsp;<strong>a 3 \u00e9s 4 \u00e9ves k\u00e9pz\u00e9si szakok eset\u00e9ben sz\u00fcks\u00e9ges (kiv\u00e9telt k\u00e9pez a Testnevel\u00e9s \u00e9s Sport).<\/strong>&nbsp;Az e csoportba tartoz\u00f3 jelentkez\u0151k a felv\u00e9tel eset\u00e9n k\u00f6telesek az eredeti tanulm\u00e1nyi t\u00f6rzsk\u00f6nyvet beny\u00fajtani az illet\u0151 kar D\u00e9k\u00e1ni Hivatal\u00e1ba&nbsp;a felv\u00e9teli kalend\u00e1rium\u00e1banmegjel\u00f6lt peri\u00f3dusban.&nbsp;Amennyiben&nbsp;az eredeti okirat beny\u00fajt\u00e1s\u00e1nak az elm\u00falaszt\u00e1sa a kijel\u00f6lt peri\u00f3dusban&nbsp;a felv\u00e9telt nyert jel\u00f6lt kiz\u00e1r\u00f3lagos hib\u00e1j\u00e1nak k\u00f6sz\u00f6nhet\u0151en t\u00f6rt\u00e9nik,&nbsp;&nbsp;az \u00e1llami k\u00f6lts\u00e9gvet\u00e9sb\u0151l finansz\u00edrozott hely&nbsp;&nbsp;k\u00f6vetkezm\u00e9nyes elveszt\u00e9s\u00e9hez \u00e9s a beiskol\u00e1z\u00e1s elmarad\u00e1s\u00e1hoz vezet.<\/p>\n\n\n\n<ul class=\"wp-block-list\"><li><strong>sz\u00fclet\u00e9si anyak\u00f6nyvi kivonat\/keresztlev\u00e9l (certificatul de na\u015ftere);<\/strong><\/li><li><strong>szem\u00e9lyazonoss\u00e1gi igazolv\u00e1ny (actul de identitate);<\/strong><\/li><li><strong>orvosi igazol\u00e1s (adeverin\u0163a medical\u0103 tip).&nbsp;<\/strong>Az orvosi igazolv\u00e1nyokat a csal\u00e1dorvos vagy az iskolai orvos bocs\u00e1tja ki.<strong><em>&nbsp;Kiv\u00e9telesen<\/em><\/strong>, a k\u00fclf\u00f6ldi \u00e1llampolg\u00e1rok \u00e9s a nem Rom\u00e1ni\u00e1ban \u00e9l\u0151 rom\u00e1n nemzetis\u00e9g\u0171ek az online regisztr\u00e1ci\u00f3s elj\u00e1r\u00e1s sor\u00e1n mell\u00e9kelik az orvosi igazol\u00e1st (egy sz\u00e9les k\u00f6rben elterjedt nemzetk\u00f6zi nyelven megfogalmazott \u00e9s rom\u00e1n nyelvre hiteles\u00edtett form\u00e1ban leford\u00edtott igazol\u00e1st), amely igazolja, hogy a tanulm\u00e1nyokba beiratkoz\u00f3 szem\u00e9ly nem szenved fert\u0151z\u0151, valamint a&nbsp;&nbsp;j\u00f6v\u0151beli szakm\u00e1j\u00e1val \u00f6sszeegyeztethetetlen betegs\u00e9gekben. Ezen igazol\u00e1sban ugyanakkor szerepelnie kell&nbsp;&nbsp;a jel\u00f6lt esetleges k\u00f3rel\u0151zm\u00e9nyeinek, belee\u00e9rtve a kr\u00f3nikus betegs\u00e9geit is (szkennelt m\u00e1solat).<\/li><\/ul>\n\n\n\n<ul class=\"wp-block-list\"><li><strong>szakorvos \u00e1ltal v\u00e9gzett pszichi\u00e1triai vizsg\u00e1lat<\/strong>&nbsp;(<strong>examen psihiatric de la medicul de specialitate<\/strong>) (csak az eg\u00e9szs\u00e9g\u00fcgy ter\u00fclet\u00e9hez kapcsol\u00f3d\u00f3 6 \u00e9s 5 \u00e9ves tanulm\u00e1nyi programokra p\u00e1ly\u00e1z\u00f3 hallgat\u00f3k sz\u00e1m\u00e1ra), amely bizony\u00edtja, hogy a jel\u00f6lt alkalmas a megp\u00e1ly\u00e1zand\u00f3 k\u00e9pz\u00e9sre vagy tanulm\u00e1nyi programra;<\/li><li>A roma nemzetis\u00e9g\u0171ek&nbsp;&nbsp;k\u00e9pviseleti szervezetei \u00e1ltal ki\u00e1ll\u00edtott, al\u00e1\u00edrt \u00e9s lepecs\u00e9telt, a jel\u00f6lt ezen etnikumhoz val\u00f3 tartoz\u00e1s\u00e1t igazol\u00f3&nbsp;<strong>&nbsp;aj\u00e1nl\u00e1s (recomandare)<\/strong>&nbsp;roma nemzetis\u00e9gnek sz\u00e1nt helyekre jelentkez\u0151k eset\u00e9ben.&nbsp;<\/li><li><strong>a jel\u00f6lt fot\u00f3ja digit\u00e1lis form\u00e1ban (fotografia candidatului \u00een format electronic)<\/strong>;<\/li><\/ul>\n\n\n\n<ul class=\"wp-block-list\"><li><strong>a regisztr\u00e1ci\u00f3s d\u00edj befizet\u00e9s\u00e9nek igazol\u00e1sa, amennyiben nem online fizet\u00e9s t\u00f6rt\u00e9nt (dovada achit\u0103rii taxei de \u00eenscriere dac\u0103 aceasta nu a fost achitat\u0103 online)<\/strong>;<\/li><li><strong>a beiratkoz\u00e1si d\u00edj befizet\u00e9se al\u00f3li mentess\u00e9gre ir\u00e1nyul\u00f3 k\u00e9relmet igazol\u00f3 dokumentumok (acte doveditoare privind justificarea solicit\u0103rii scutirii de plata taxelor&nbsp;de \u00eenscriere)<\/strong><\/li><\/ul>\n\n\n\n<p>&#8211; a sz\u00fcl\u0151k elhal\u00e1loz\u00e1s\u00e1t igazol\u00f3 dokumentum hiteles\u00edtett m\u00e1solata,&nbsp;&nbsp;\u00e1rvah\u00e1zban vagy csal\u00e1di elhelyez\u00e9sben val\u00f3 nevelked\u00e9st igazol\u00f3 dokumentum hiteles\u00edtett m\u00e1solata;<\/p>\n\n\n\n<p>&#8211; a jel\u00f6lt sz\u00fcleinek oktat\u00f3 vagy oktat\u00f3i seg\u00e9dszem\u00e9lyzet st\u00e1tusz\u00e1t bizony\u00edt\u00f3 igazol\u00e1s, f\u00fcggetlen\u00fcl att\u00f3l, hogy akt\u00edv vagy nyugd\u00edjas;<\/p>\n\n\n\n<p>&#8211; nem oktat\u00f3i alkalmazottak eset\u00e9ben&nbsp;&nbsp;igazol\u00e1s a sz\u00fcl\u0151 Marosv\u00e1s\u00e1rhelyi \u201eGeorge Emil Palade\u201d Orvosi, Gy\u00f3gyszer\u00e9szeti, Tudom\u00e1ny \u00e9s Technol\u00f3giai Egyetemmel val\u00f3 munkaviszonyr\u00f3l;<\/p>\n\n\n\n<ul class=\"wp-block-list\"><li><strong>kit\u00f6lt\u00f6tt \u00e9s al\u00e1\u00edrt hozz\u00e1j\u00e1rul\u00e1si nyilatkozat<\/strong>&nbsp;(<strong>declara\u021bia de consim\u021b\u0103m\u00e2nt completat\u0103 \u0219i semnat\u0103<\/strong>)&nbsp;(itt&nbsp;let\u00f6lthet\u0151 a regisztr\u00e1ci\u00f3s platformr\u00f3l).<\/li><\/ul>\n\n\n\n<p><strong>A z\u00f6kken\u0151mentes felt\u00f6lt\u00e9s \u00e9rdek\u00e9ben javasoljuk, hogy a jel\u00f6ltek az online regisztr\u00e1ci\u00f3 megkezd\u00e9se el\u0151tt rendelkezzenek a fent eml\u00edtett dokumentumok * .pdf vagy * .jpg form\u00e1tum\u00fa v\u00e1ltozat\u00e1val (meg nem haladva a 2 MB-ot)&nbsp;<\/strong><\/p>\n\n\n\n<p><strong>A vizsga beiratkoz\u00e1si d\u00edja: 200 lej<\/strong><\/p>\n\n\n\n<p><br><strong>A d\u00edj kifizethet\u0151:<\/strong><\/p>\n\n\n\n<ul class=\"wp-block-list\"><li><strong>1. online, a regisztr\u00e1ci\u00f3s port\u00e1lon kereszt\u00fcl<\/strong><\/li><li><strong>2. k\u00f6zvetlen\u00fcl az Egyetemi P\u00e9nzt\u00e1rban (<\/strong><strong>Pia\u021ba M\u0103r\u0103\u0219ti, nr. 15, f\u00f6ldszint) 2022 j\u00falius 18 \u00e9s 20 k\u00f6z\u00f6tt&nbsp;<\/strong><strong>8.00-14.00 \u00f3ra id\u0151intervallumban<\/strong><strong><\/strong><\/li><li><strong>3. banki \u00e1tutal\u00e1ssal (postai megrendel\u00e9seket nem fogadunk el) az egyetem sz\u00e1ml\u00e1j\u00e1ra:<\/strong><\/li><\/ul>\n\n\n\n<p><strong>Universitatea de Medicin\u0103, Farmacie, \u0218tiin\u021be \u0219i Tehnologie \u201eG.E.Palade\u201d (U.M.F.S.T.) Tg.Mure\u015f&nbsp;&nbsp;&nbsp;<\/strong><strong><\/strong><\/p>\n\n\n\n<p><strong>Str.Gh.Marinescu Nr.38,&nbsp;<\/strong><strong><\/strong><\/p>\n\n\n\n<p><strong>Jude\u0163ul Mure\u015f, Cod po\u015ftal 540142&nbsp;&nbsp;&nbsp;&nbsp;&nbsp;&nbsp;&nbsp;&nbsp;&nbsp;&nbsp;&nbsp;&nbsp;&nbsp;&nbsp;&nbsp;&nbsp;&nbsp;&nbsp;&nbsp;&nbsp;&nbsp;&nbsp;&nbsp;&nbsp;&nbsp;&nbsp;&nbsp;&nbsp;&nbsp;&nbsp;&nbsp;&nbsp;&nbsp;&nbsp;&nbsp;&nbsp;&nbsp;&nbsp;&nbsp;&nbsp;&nbsp;&nbsp;<\/strong><strong><\/strong><\/p>\n\n\n\n<p><strong>CF 4322742&nbsp;&nbsp;&nbsp;&nbsp;&nbsp;<\/strong><strong><\/strong><\/p>\n\n\n\n<p><strong>CONT IBAN : RO32TREZ47620F330500XXXX<\/strong><strong><\/strong><\/p>\n\n\n\n<p><strong>TREZORERIA TG. MURES<\/strong><strong><\/strong><\/p>\n\n\n\n<p>A jel\u00f6lt&nbsp;<strong>mentes\u00fcl a beiratkoz\u00e1si d\u00edj befizet\u00e9se al\u00f3l<\/strong>, amennyiben mindk\u00e9t sz\u00fcl\u0151je elhal\u00e1lozott, vagy \u00e1rvah\u00e1zban\/csal\u00e1di elhelyez\u00e9sben nevelkedett. Ezen k\u00edv\u00fcl mentes\u00fclnek a beiratkoz\u00e1si al\u00f3l a tan\u00e1rok vagy okat\u00f3i seg\u00e9dszem\u00e9lyzet gyermekei f\u00fcggetlen\u00fcl att\u00f3l, hogy a sz\u00fcl\u0151k\/sz\u00fcl\u0151 jelenleg nyugd\u00edjas-e vagy sem, (legal\u00e1bb egy sz\u00fcl\u0151 legyen oktat\u00f3 vagy seg\u00e9doktat\u00f3), tan\u00fcgyi alkalmazottak \u00e1rv\u00e1i, valamint a Marosv\u00e1s\u00e1rhelyi \u201eGeorge Emil Palade\u201d Orvosi, Gy\u00f3gyszer\u00e9szeti, Tudom\u00e1ny \u00e9s Technol\u00f3giai Egyetem nem oktat\u00f3i alkalmazottainak gyermekei.<\/p>\n\n\n\n<p>Az online regisztr\u00e1ci\u00f3 befejez\u00e9se ut\u00e1n az adatok ellen\u0151rz\u00e9s\u00e9se \u00e9rdek\u00e9ben a jel\u00f6ltek kinyomtatj\u00e1k a&nbsp;<strong>beiratkoz\u00e1si \u0171rlapot<\/strong>&nbsp;<strong>(<\/strong><strong>fi\u0219\u0103 de \u00eenscriere<\/strong><strong>)<\/strong>&nbsp;valamint a&nbsp;<strong>felv\u00e9teli vizsg\u00e1n val\u00f3 r\u00e9szv\u00e9teli igazolv\u00e1nyt<\/strong><strong>(legitima\u021bia de concurs)<\/strong>.&nbsp;<\/p>\n\n\n\n<p>Ezen dokumentumok kinyomtat\u00e1sa k\u00f6telez\u0151. A jel\u00f6ltek bel\u00e9p\u00e9se a terembe csak a kinyomtatott beiratkoz\u00e1si \u0171rlap, a r\u00e9szv\u00e9teli igazolv\u00e1ny valamint a szem\u00e9lyi igazolv\u00e1ny felmutat\u00e1sa ut\u00e1n lehets\u00e9ges.&nbsp;<\/p>\n\n\n\n<p>Minden jel\u00f6lt, ide\u00e9rtve a h\u00e1zas jel\u00f6lteket is, a felv\u00e9teli vizsg\u00e1ra a sz\u00fclet\u00e9si anyak\u00f6nyvi kivonatban bejegyzett n\u00e9ven&nbsp;&nbsp;kell hogy benevezzenek. A f\u00e9lre\u00e9rt\u00e9sek elker\u00fcl\u00e9se v\u00e9gett a felv\u00e9teliz\u0151nek a szem\u00e9lyi igazolv\u00e1ny alapj\u00e1n t\u00f6rt\u00e9n\u0151 azonos\u00edt\u00e1sakor aj\u00e1nlott, hogy a szem\u00e9lyi igazolv\u00e1ny\u00e1ban szerepl\u0151 n\u00e9v mellett z\u00e1r\u00f3jelben szerepeljen a h\u00e1zass\u00e1glev\u00e9lben, \u00f6r\u00f6kbefogad\u00e1si&nbsp;&nbsp;bizony\u00edtv\u00e1nyban, valamint n\u00e9vv\u00e1ltoztat\u00e1s eset\u00e9n a bir\u00f3s\u00e1gi hat\u00e1rozatban szerepel\u0151 n\u00e9v, az apa, esetenk\u00e9nt az anya kezd\u0151bet\u0171j\u00e9vel.&nbsp;<\/p>\n\n\n\n<p>A jel\u00f6ltek t\u00e1j\u00e9koztat\u00e1sa \u00e9rdek\u00e9ben a k\u00fcl\u00f6nb\u00f6z\u0151 karokon \u00e9s a tanulm\u00e1nyi programokon bel\u00fcli a helyek sz\u00e1m\u00e1t, valamint a jel\u00f6ltek regisztr\u00e1ci\u00f3j\u00e1nak napi dinamik\u00e1j\u00e1t kif\u00fcggesztik.<\/p>\n\n\n\n<p>A regisztr\u00e1ci\u00f3 v\u00e9gleges befejez\u00e9se ut\u00e1n a regisztr\u00e1lt jel\u00f6ltek \u00e1b\u00e9c\u00e9 sorrendben rendezett n\u00e9vlist\u00e1it \u00f6ssze\u00e1ll\u00edtj\u00e1k, \u00e9s az egyetem weboldal\u00e1n valamint egy erre kijel\u00f6lt (l\u00e1that\u00f3) helyen k\u00f6zz\u00e9teszik. A jel\u00f6ltek n\u00e9vsora&nbsp;<strong>legkevesebb<\/strong>&nbsp;<strong>24 \u00f3r\u00e1val a felv\u00e9teli vizsga megkezd\u00e9se el\u0151tt<\/strong>&nbsp;megjelenik egy szabv\u00e1nyos t\u00e1bl\u00e1n, amely tartalmazza a kart, a tanulm\u00e1nyi programot, a vizsg\u00e1k tant\u00e1rgyait, a vizsg\u00e1k nyelv\u00e9t, valamint a vizsgatermek megjel\u00f6l\u00e9s\u00e9t minden jelentkez\u0151 sz\u00e1m\u00e1ra. A t\u00e1bl\u00e1zatokban szerepel\u0151 adatok helyess\u00e9g\u00e9t a jel\u00f6ltek ellen\u0151rizik, a pontatlans\u00e1gokkall kapcsolatos \u00e9szrev\u00e9teleket azonnal jelentik az adatok kiigaz\u00edt\u00e1sa \u00e9rdek\u00e9ben. A sz\u00fcks\u00e9ges jav\u00edt\u00e1sok a vizsga el\u0151tt legk\u00e9s\u0151bb 3 \u00f3r\u00e1val \u00e9s rektori j\u00f3v\u00e1hagy\u00e1ssal t\u00f6rt\u00e9nnek.&nbsp;<\/p>\n\n\n\n<p><strong>A FELV\u00c9TELT NYERT HALLGAT\u00d3K SZ\u00c1M\u00c1RA K\u00d6ZZ\u00c9TETT FONTOS INFORM\u00c1CI\u00d3K\u2013 2022 J\u00daLIUS&nbsp;<\/strong><\/p>\n\n\n\n<p><strong>A felvett jel\u00f6ltek&nbsp;&nbsp;a hely\u00fck&nbsp;&nbsp;meger\u0151s\u00edt\u00e9s\u00e9re,&nbsp;<\/strong>a felv\u00e9teli kalend\u00e1rium\u00e1ban&nbsp;meghat\u00e1rozott peri\u00f3dusban<strong>, a regisztr\u00e1ci\u00f3s platformot haszn\u00e1lj\u00e1k (online), amelyet&nbsp;<u>k\u00f6telez\u0151en<\/u>&nbsp;a beiratkoz\u00e1shoz sz\u00fcks\u00e9ges dokumentumok eredeti p\u00e9ld\u00e1ny\u00e1nak beny\u00fajt\u00e1sa (dosar in original) k\u00f6vet&nbsp;<\/strong>az illet\u0151 kar D\u00e9k\u00e1ni Hivatal\u00e1ba<\/p>\n\n\n\n<p><strong>Az egyetem egyik tanulm\u00e1nyi programj\u00e1nak ingyenes vagy t\u00e9r\u00edt\u00e9ses hely\u00e9re felvett jel\u00f6lt be kell hogy jelentkezzen a regisztr\u00e1ci\u00f3s platformon bel\u00e9pve a regisztr\u00e1ci\u00f3kor l\u00e9trehozott adatlapra, ahol meger\u0151s\u00edti a megszerzett helyet, elolvassa a tanulm\u00e1nyi szerz\u0151d\u00e9s rendelkez\u00e9seit \u00e9s kifizeti a beiskol\u00e1z\u00e1si d\u00edjat (taxa de inmatriculare), valamint t\u00e9r\u00edt\u00e9ses hely eset\u00e9n a tand\u00edj els\u0151 r\u00e9szlet\u00e9t. Az eredeti dokumentumokat tartalmaz\u00f3&nbsp;&nbsp;dosszi\u00e9 beny\u00fajt\u00e1sa&nbsp;<\/strong>az egyes karok D\u00e9k\u00e1ni Hivatal\u00e1ba a felv\u00e9teli kalend\u00e1rium\u00e1ban meghat\u00e1rozott peri\u00f3dusban t\u00f6rt\u00e9nik.&nbsp;<\/p>\n\n\n\n<p>A dosszi\u00e9nak az al\u00e1bbi dokumentumokat kell tartalmaznia, ezeknek azonosnak kell lenni\u00fck a regisztr\u00e1ci\u00f3kor a port\u00e1lon felt\u00f6lt\u00f6tt dokumentumokkal:&nbsp;<\/p>\n\n\n\n<ul class=\"wp-block-list\"><li>a kit\u00f6lt\u00f6tt&nbsp;<strong>tanulm\u00e1nyi szerz\u0151d\u00e9s<\/strong>&nbsp;(<strong>contractul de studii<\/strong>). Ennek a kit\u00f6lt\u00e9se a D\u00e9k\u00e1ni Hivatal\u00e1ban t\u00f6rt\u00e9nik lead\u00e1s ideje alatt.&nbsp;<\/li><li>az online regisztr\u00e1ci\u00f3 v\u00e9g\u00e9n kinyomtatott&nbsp;<strong>regisztr\u00e1ci\u00f3s \u0171rlap (fi\u0219a de \u00eenscriere)<\/strong>;<\/li><li><strong>\u00e9retts\u00e9gi oklev\u00e9l<\/strong>&nbsp;<strong>vagy azzal egyen\u00e9rt\u00e9k\u0171 dokumentum (diploma de bacalaureat sau diploma echivalent\u0103 cu aceasta), eredeti p\u00e9ld\u00e1ny vagy ennek a&nbsp;&nbsp;hiteles\u00edtett m\u00e1solata azok eset\u00e9ben, akik egy m\u00e1sik kar hallgat\u00f3i, valamint egy egyszer\u0171 f\u00e9nym\u00e1solt p\u00e9ld\u00e1ny<\/strong>;<\/li><li>a CNRED \u00e1ltal kibocs\u00e1tott&nbsp;<strong>Egyen\u00e9rt\u00e9k\u0171s\u00e9gi Igazol\u00e1s (atestatul de echivalare a diplomei de bacalaureat, \u00een original)&nbsp;<\/strong>abban az esetben, ha a jel\u00f6lt rom\u00e1n \u00e1llampolg\u00e1r vagy az Eur\u00f3pai Uni\u00f3 tag\u00e1llamainak \u00e1llampolg\u00e1ra vagy az Eur\u00f3pai Gazdas\u00e1gi T\u00e9rs\u00e9g \u00e9s a Sv\u00e1jci \u00c1llamsz\u00f6vets\u00e9g \u00e1llamainak \u00e1llampolg\u00e1ra \u00e9s k\u00fclf\u00f6ld\u00f6n szerezte \u00e9retts\u00e9gi oklevel\u00e9t;<\/li><li><strong>a tanulm\u00e1nyi t\u00f6rzsk\u00f6nyv (foaie matricol\u0103)<\/strong>&nbsp;&nbsp;vagy azzal egyen\u00e9rt\u00e9k\u0171 igazol\u00e1s (a k\u00f6z\u00e9piskolai \u00e9vek \u00e1tlag\u00e1val egy\u00fctt) eredeti v\u00e1ltozata vagy hiteles m\u00e1solata, valamint egy egyszer\u0171 f\u00e9nym\u00e1solt p\u00e9ld\u00e1ny;&nbsp;<\/li><li><strong>a sz\u00fclet\u00e9si anyak\u00f6nyvi kivonat eredeti \u00e9s egy egyszer\u0171 f\u00e9nym\u00e1solt p\u00e9ld\u00e1nya (certificatul de na\u015ftere, original \u0219i copie simpl\u0103)<\/strong>;&nbsp;<\/li><li><strong>a szem\u00e9lyi igazolv\u00e1ny eredeti \u00e9s egy egyszer\u0171 f\u00e9nym\u00e1solt p\u00e9ld\u00e1nya (act de identitate, original \u0219i copie simpl\u0103)<\/strong>; K\u00fclf\u00f6ldi \u00e1llampolg\u00e1r \u00e9s \/ vagy egy rom\u00e1n \u00e1llampolg\u00e1r \u00fatlevele, ha \u00e1lland\u00f3 lak\u00f3helye k\u00fclf\u00f6ld\u00f6n van (szkennelt m\u00e1solat), \u00e9s az \u00e1lland\u00f3 lakhelyet igazol\u00f3 szem\u00e9lyi igazolv\u00e1ny \/ igazol\u00e1s (szkennelt m\u00e1solat)<\/li><li><strong>orvosi igazol\u00e1s (adeverin\u0163a medical\u0103)<\/strong>;<\/li><li><strong>szakorvos \u00e1ltal ki\u00e1ll\u00edtott pszichi\u00e1triai vizsg\u00e1lat igazol\u00e1sa (dovada examenului psihiatric de la medicul de specialitate)<\/strong>&nbsp;az eg\u00e9szs\u00e9g\u00fcgyi 6 \u00e9s 5 \u00e9ves tanulm\u00e1nyi programokra jelentkez\u0151k eset\u00e9ben;&nbsp;<\/li><li>a roma nemzetis\u00e9g\u0171ek&nbsp;&nbsp;k\u00e9pviseleti szervezetei \u00e1ltal ki\u00e1ll\u00edtott, al\u00e1\u00edrt \u00e9s lepecs\u00e9telt, a jel\u00f6lt ezen etnikumhoz val\u00f3 tartoz\u00e1s\u00e1t igazol\u00f3&nbsp;<strong>&nbsp;aj\u00e1nl\u00e1s (recomandare)<\/strong>&nbsp;roma nemzetis\u00e9gnek sz\u00e1nt helyekre jelentkez\u0151k eset\u00e9ben.&nbsp;<\/li><li><strong>k\u00e9t (2),&nbsp;&nbsp;szem\u00e9lyi igazolv\u00e1ny t\u00edpus\u00fa fot\u00f3 (2 fotografii tip buletin de identitate)<\/strong>;&nbsp;<\/li><li><strong>a kit\u00f6lt\u00f6tt \u00e9s al\u00e1\u00edrt hozz\u00e1j\u00e1rul\u00e1si nyilatkozat (declara\u021bia de consim\u021b\u0103m\u00e2nt completat\u0103 \u0219i semnat\u0103)<\/strong>;&nbsp;<\/li><li><strong>k\u00e9t bor\u00edt\u00e9k (plic) dosszi\u00e9 (dou\u0103 dosare plic)<\/strong>;&nbsp;<\/li><li><strong>az ezel\u0151tti \u00e9vekben k\u00f6z\u00e9piskol\u00e1t v\u00e9gzettek sz\u00e1m\u00e1ra<\/strong>&nbsp;egy&nbsp;<strong>k\u00f6zjegyz\u0151 el\u0151tt, saj\u00e1t felel\u0151ss\u00e9gre kit\u00f6lt\u00f6tt nyilatkozat<\/strong>&nbsp;(pentru absolven\u021bii de liceu din promo\u021bii anterioare,&nbsp;declara\u021bie notarial\u0103&nbsp;pe proprie r\u0103spundere) sz\u00fcks\u00e9ges arr\u00f3l, hogy nem vett r\u00e9szt m\u00e9g eddig egyetemi k\u00e9pz\u00e9sben, vagy ha igen, akkor egy&nbsp;<strong>igazol\u00e1s<\/strong>&nbsp;az egyetemt\u0151l ahol a jel\u00f6lt hallgat\u00f3 volt vagy befejezett egy tanulm\u00e1nyi k\u00e9pz\u00e9st. Az igazol\u00e1s kit\u00e9r arra, hogy a jel\u00f6lt h\u00e1ny \u00e9vet v\u00e9gzett el t\u00e9r\u00edt\u00e9smentes form\u00e1ban, valamint t\u00e9r\u00edt\u00e9sesen, illetve, hogy a jel\u00f6lt rendelkezett-e \u00f6szt\u00f6nd\u00edjjal, ha&nbsp;&nbsp;igen, megadva annak t\u00edpus\u00e1t.<\/li><\/ul>\n\n\n\n<p><strong>A beszkennelt \u00e9s az eredeti dokumentumok k\u00f6z\u00f6tti b\u00e1rmilyen elt\u00e9r\u00e9s hamis nyilatkozatnak min\u0151s\u00fcl, \u00e9s a felv\u00e9teli sor\u00e1n elnyert hely elvesz\u00edt\u00e9s\u00e9hez vezet.&nbsp;<\/strong><\/p>\n","protected":false},"excerpt":{"rendered":"<p>VALAMENNYI JELENTKEZ\u0150RE \u00c9RV\u00c9NYES BEIRATKOZ\u00c1SI TUDNIVAL\u00d3K A felv\u00e9teli vizsg\u00e1ra t\u00f6rt\u00e9n\u0151 beiratkoz\u00e1s j\u00falius 16.-\u00e1n 8:00 \u00f3r\u00e1t\u00f3l&nbsp;&nbsp;j\u00falius 21, 12:00 \u00f3r\u00e1ig on-line form\u00e1ban&nbsp;&nbsp;(24\/24 \u00f3ra) t\u00f6rt\u00e9nik, kiz\u00e1r\u00f3lag a beiratkoz\u00e1sra kialak\u00edtott admitere.umfst.ro online platformon kereszt\u00fcl. Azon jelentkez\u0151k akik az Eur\u00f3pai Uni\u00f3 (UE), az Eur\u00f3pai Gazdas\u00e1gi T\u00e9rs\u00e9g (SEE) \u00e9s a Sv\u00e1jci \u00c1llamsz\u00f6vets\u00e9g (CE) tag\u00e1llamainak \u00e1llampolg\u00e1rai, az online regisztr\u00e1ci\u00f3n k\u00edv\u00fcl&nbsp;k\u00f6telesek elk\u00fcldeni&nbsp;az egyetem sz\u00e9khely\u00e9re&nbsp;az&hellip; <br \/> <a class=\"read-more\" href=\"https:\/\/adminfo.umfst.ro\/hu\/iratkozassal-kapcsolatos-tudnivalok\/\">Read more<\/a><\/p>\n","protected":false},"author":1,"featured_media":0,"parent":0,"menu_order":0,"comment_status":"closed","ping_status":"closed","template":"","meta":{"_exactmetrics_skip_tracking":false,"_exactmetrics_sitenote_active":false,"_exactmetrics_sitenote_note":"","_exactmetrics_sitenote_category":0,"_monsterinsights_skip_tracking":false,"_monsterinsights_sitenote_active":false,"_monsterinsights_sitenote_note":"","_monsterinsights_sitenote_category":0,"footnotes":""},"class_list":["post-6322","page","type-page","status-publish","hentry"],"_links":{"self":[{"href":"https:\/\/adminfo.umfst.ro\/hu\/wp-json\/wp\/v2\/pages\/6322","targetHints":{"allow":["GET"]}}],"collection":[{"href":"https:\/\/adminfo.umfst.ro\/hu\/wp-json\/wp\/v2\/pages"}],"about":[{"href":"https:\/\/adminfo.umfst.ro\/hu\/wp-json\/wp\/v2\/types\/page"}],"author":[{"embeddable":true,"href":"https:\/\/adminfo.umfst.ro\/hu\/wp-json\/wp\/v2\/users\/1"}],"replies":[{"embeddable":true,"href":"https:\/\/adminfo.umfst.ro\/hu\/wp-json\/wp\/v2\/comments?post=6322"}],"version-history":[{"count":1,"href":"https:\/\/adminfo.umfst.ro\/hu\/wp-json\/wp\/v2\/pages\/6322\/revisions"}],"predecessor-version":[{"id":6323,"href":"https:\/\/adminfo.umfst.ro\/hu\/wp-json\/wp\/v2\/pages\/6322\/revisions\/6323"}],"wp:attachment":[{"href":"https:\/\/adminfo.umfst.ro\/hu\/wp-json\/wp\/v2\/media?parent=6322"}],"curies":[{"name":"wp","href":"https:\/\/api.w.org\/{rel}","templated":true}]}}