{"id":6086,"date":"2022-04-14T08:51:49","date_gmt":"2022-04-14T08:51:49","guid":{"rendered":"https:\/\/adminfo.umfst.ro\/?page_id=6086"},"modified":"2022-04-14T08:52:04","modified_gmt":"2022-04-14T08:52:04","slug":"az-5-vagy-6-eves-oktatasi-programokra-jelentkezok-ertekelese","status":"publish","type":"page","link":"https:\/\/adminfo.umfst.ro\/hu\/az-5-vagy-6-eves-oktatasi-programokra-jelentkezok-ertekelese\/","title":{"rendered":"Az 5 vagy 6 \u00e9ves oktat\u00e1si programokra jelentkez\u0151k \u00e9rt\u00e9kel\u00e9se"},"content":{"rendered":"\t\t<div data-elementor-type=\"wp-page\" data-elementor-id=\"6086\" class=\"elementor elementor-6086 elementor-5950\" data-elementor-post-type=\"page\">\n\t\t\t\t\t\t<section class=\"elementor-section elementor-top-section elementor-element elementor-element-930957c elementor-section-boxed elementor-section-height-default elementor-section-height-default\" data-id=\"930957c\" data-element_type=\"section\">\n\t\t\t\t\t\t<div class=\"elementor-container elementor-column-gap-default\">\n\t\t\t\t\t<div class=\"elementor-column elementor-col-100 elementor-top-column elementor-element elementor-element-885ccfa\" data-id=\"885ccfa\" data-element_type=\"column\">\n\t\t\t<div class=\"elementor-widget-wrap elementor-element-populated\">\n\t\t\t\t\t\t<div class=\"elementor-element elementor-element-87a2e33 elementor-widget elementor-widget-text-editor\" data-id=\"87a2e33\" data-element_type=\"widget\" data-widget_type=\"text-editor.default\">\n\t\t\t\t<div class=\"elementor-widget-container\">\n\t\t\t\t\t\t\t\t\t<p style=\"font-weight: 400;\">A\u00a0 jelentkez\u0151k rangsorol\u00e1sa az Orvosi, Fogorvosi \u00e9s Gy\u00f3gyszer\u00e9szeti Karok keret\u00e9n bel\u00fcl m\u0171k\u00f6d\u0151\u00a0 5 vagy 6 \u00e9ves k\u00e9pz\u00e9sek eset\u00e9ben \u00a0a\u00a0 felv\u00e9teli vizsg\u00e1n\u00a0 el\u00e9rt \u00e9rdemjegy alapj\u00e1n t\u00f6rt\u00e9nik, cs\u00f6kken\u0151 sorrendben\u00a0 a k\u00f6vetkez\u0151k\u00e9ppen:<\/p><p style=\"font-weight: 400;\"><strong>Az felv\u00e9teli v\u00e9gs\u0151 \u00e9rdemjegye = 90% az \u00edr\u00e1sbeli vizsga (teszt) \u00e9rdemjegye + 10% az \u00e9retts\u00e9gi vizsga \u00e9rdemjegyeinek \u00e1tlaga \u00a0<\/strong><\/p><p style=\"font-weight: 400;\">A felv\u00e9teli versenyvizsga r\u00e1csteszt t\u00edpus\u00fa, 100 \u201cfeleletv\u00e1laszt\u00f3s\u201d k\u00e9rd\u00e9sb\u0151l \u00e1ll.<\/p><p style=\"font-weight: 400;\">A katonaorvosi szakra jelentkez\u0151k rangsorol\u00e1sa: azon jelentkez\u0151k, akik nem \u00e9rtek el helyez\u00e9st ezen a szakon, az el\u00e9rt erem\u00e9ny\u00fck f\u00fcggv\u00e9ny\u00e9ben orvosi szakra jelentkez\u0151kkel egy\u00fctt rangsorolj\u00e1k (an\u00e9lk\u00fcl, hogy k\u00fcl\u00f6n beiratkoz\u00e1si d\u00edjat kellene fizetni\u00fck)<\/p>\t\t\t\t\t\t\t\t<\/div>\n\t\t\t\t<\/div>\n\t\t\t\t\t<\/div>\n\t\t<\/div>\n\t\t\t\t\t<\/div>\n\t\t<\/section>\n\t\t\t\t<\/div>\n\t\t","protected":false},"excerpt":{"rendered":"<p>A\u00a0 jelentkez\u0151k rangsorol\u00e1sa az Orvosi, Fogorvosi \u00e9s Gy\u00f3gyszer\u00e9szeti Karok keret\u00e9n bel\u00fcl m\u0171k\u00f6d\u0151\u00a0 5 vagy 6 \u00e9ves k\u00e9pz\u00e9sek eset\u00e9ben \u00a0a\u00a0 felv\u00e9teli vizsg\u00e1n\u00a0 el\u00e9rt \u00e9rdemjegy alapj\u00e1n t\u00f6rt\u00e9nik, cs\u00f6kken\u0151 sorrendben\u00a0 a k\u00f6vetkez\u0151k\u00e9ppen: Az felv\u00e9teli v\u00e9gs\u0151 \u00e9rdemjegye = 90% az \u00edr\u00e1sbeli vizsga (teszt) \u00e9rdemjegye + 10% az \u00e9retts\u00e9gi vizsga \u00e9rdemjegyeinek \u00e1tlaga \u00a0 A felv\u00e9teli versenyvizsga r\u00e1csteszt t\u00edpus\u00fa, 100 \u201cfeleletv\u00e1laszt\u00f3s\u201d&hellip; <br \/> <a class=\"read-more\" href=\"https:\/\/adminfo.umfst.ro\/hu\/az-5-vagy-6-eves-oktatasi-programokra-jelentkezok-ertekelese\/\">Read more<\/a><\/p>\n","protected":false},"author":1,"featured_media":0,"parent":0,"menu_order":0,"comment_status":"closed","ping_status":"closed","template":"","meta":{"_exactmetrics_skip_tracking":false,"_exactmetrics_sitenote_active":false,"_exactmetrics_sitenote_note":"","_exactmetrics_sitenote_category":0,"_monsterinsights_skip_tracking":false,"_monsterinsights_sitenote_active":false,"_monsterinsights_sitenote_note":"","_monsterinsights_sitenote_category":0,"footnotes":""},"class_list":["post-6086","page","type-page","status-publish","hentry"],"_links":{"self":[{"href":"https:\/\/adminfo.umfst.ro\/hu\/wp-json\/wp\/v2\/pages\/6086","targetHints":{"allow":["GET"]}}],"collection":[{"href":"https:\/\/adminfo.umfst.ro\/hu\/wp-json\/wp\/v2\/pages"}],"about":[{"href":"https:\/\/adminfo.umfst.ro\/hu\/wp-json\/wp\/v2\/types\/page"}],"author":[{"embeddable":true,"href":"https:\/\/adminfo.umfst.ro\/hu\/wp-json\/wp\/v2\/users\/1"}],"replies":[{"embeddable":true,"href":"https:\/\/adminfo.umfst.ro\/hu\/wp-json\/wp\/v2\/comments?post=6086"}],"version-history":[{"count":2,"href":"https:\/\/adminfo.umfst.ro\/hu\/wp-json\/wp\/v2\/pages\/6086\/revisions"}],"predecessor-version":[{"id":6088,"href":"https:\/\/adminfo.umfst.ro\/hu\/wp-json\/wp\/v2\/pages\/6086\/revisions\/6088"}],"wp:attachment":[{"href":"https:\/\/adminfo.umfst.ro\/hu\/wp-json\/wp\/v2\/media?parent=6086"}],"curies":[{"name":"wp","href":"https:\/\/api.w.org\/{rel}","templated":true}]}}