{"id":6082,"date":"2022-04-14T08:47:50","date_gmt":"2022-04-14T08:47:50","guid":{"rendered":"https:\/\/adminfo.umfst.ro\/?page_id=6082"},"modified":"2022-04-14T08:51:01","modified_gmt":"2022-04-14T08:51:01","slug":"a-3-vagy-4-eves-oktatasi-programokra-jelentkezok-rangsorolasa","status":"publish","type":"page","link":"https:\/\/adminfo.umfst.ro\/hu\/a-3-vagy-4-eves-oktatasi-programokra-jelentkezok-rangsorolasa\/","title":{"rendered":"A 3 vagy 4 \u00e9ves oktat\u00e1si programokra jelentkez\u0151k rangsorol\u00e1sa"},"content":{"rendered":"\t\t<div data-elementor-type=\"wp-page\" data-elementor-id=\"6082\" class=\"elementor elementor-6082 elementor-5953\" data-elementor-post-type=\"page\">\n\t\t\t\t\t\t<section class=\"elementor-section elementor-top-section elementor-element elementor-element-4a0afa21 elementor-section-boxed elementor-section-height-default elementor-section-height-default\" data-id=\"4a0afa21\" data-element_type=\"section\">\n\t\t\t\t\t\t<div class=\"elementor-container elementor-column-gap-default\">\n\t\t\t\t\t<div class=\"elementor-column elementor-col-100 elementor-top-column elementor-element elementor-element-61e0cad\" data-id=\"61e0cad\" data-element_type=\"column\">\n\t\t\t<div class=\"elementor-widget-wrap elementor-element-populated\">\n\t\t\t\t\t\t<div class=\"elementor-element elementor-element-6c3848ea elementor-widget elementor-widget-text-editor\" data-id=\"6c3848ea\" data-element_type=\"widget\" data-widget_type=\"text-editor.default\">\n\t\t\t\t<div class=\"elementor-widget-container\">\n\t\t\t\t\t\t\t\t\t<p><\/p><p style=\"font-weight: 400;\">A\u00a0 beny\u00fajtott dossz\u00e1r \u00e9rt\u00e9kel\u00e9s\u00e9n alapul\u00f3\u00a0 felv\u00e9teli vizsg\u00e1n\u00a0 el\u00e9rt \u00e9rdemjegy alapj\u00e1n t\u00f6rt\u00e9nik, cs\u00f6kken\u0151 sorrendben\u00a0 a k\u00f6vetkez\u0151k\u00e9ppen:<\/p><p style=\"font-weight: 400;\"><strong>Az el\u0151felv\u00e9teli \u00e9rdemjegye = 60% a IX-XI tanulm\u00e1nyi \u00e9vek eredm\u00e9nyeinek sz\u00e1mtani k\u00f6z\u00e9par\u00e1nyosa + 40% a v\u00e1lasztott k\u00e9pz\u00e9si szak szempontj\u00e1b\u00f3l relev\u00e1ns tant\u00e1rgy \u00e9vekre lebontott m\u00e9di\u00e1j\u00e1nak sz\u00e1mtani k\u00f6z\u00e9par\u00e1nyosa*<\/strong><\/p><p style=\"font-weight: 400;\"><strong>* IX \u00e9s X oszt\u00e1ly vagy IX, X \u00e9s XI oszt\u00e1ly<\/strong><\/p><p style=\"font-weight: 400;\"><strong>Az el\u00e9rt pontsz\u00e1m f\u00fcggv\u00e9ny\u00e9ben az jelentkez\u0151 \u00e9rt\u00e9kel\u00e9se: Felt\u00e9teles felv\u00e9tel vagy Elutas\u00edt\u00e1s <\/strong><\/p><p><\/p>\t\t\t\t\t\t\t\t<\/div>\n\t\t\t\t<\/div>\n\t\t\t\t\t<\/div>\n\t\t<\/div>\n\t\t\t\t\t<\/div>\n\t\t<\/section>\n\t\t\t\t<section class=\"elementor-section elementor-top-section elementor-element elementor-element-ca1c19f elementor-section-boxed elementor-section-height-default elementor-section-height-default\" data-id=\"ca1c19f\" data-element_type=\"section\">\n\t\t\t\t\t\t<div class=\"elementor-container elementor-column-gap-default\">\n\t\t\t\t\t<div class=\"elementor-column elementor-col-100 elementor-top-column elementor-element elementor-element-5f51207\" data-id=\"5f51207\" data-element_type=\"column\">\n\t\t\t<div class=\"elementor-widget-wrap elementor-element-populated\">\n\t\t\t\t\t\t<div class=\"elementor-element elementor-element-8ea99a6 elementor-widget elementor-widget-heading\" data-id=\"8ea99a6\" data-element_type=\"widget\" data-widget_type=\"heading.default\">\n\t\t\t\t<div class=\"elementor-widget-container\">\n\t\t\t\t\t<h2 class=\"elementor-heading-title elementor-size-default\">A felv\u00e9teli \u00e9rdemjegyed te magad is kisz\u00e1m\u00edthtod<\/h2>\t\t\t\t<\/div>\n\t\t\t\t<\/div>\n\t\t\t\t<div class=\"elementor-element elementor-element-ad4e487 elementor-widget elementor-widget-html\" data-id=\"ad4e487\" data-element_type=\"widget\" data-widget_type=\"html.default\">\n\t\t\t\t<div class=\"elementor-widget-container\">\n\t\t\t\t\t<div class=\"row\">\n    <div class =\"col-md-6\">\n    <label for=\"cl9\"><h3>Media clasei a 9-a*<\/h3><\/label>\n<input type=\"number\" min=\"0\" max=\"10\"id=\"cl9\" class=\"form-control\"><\/div>\n<div class =\"col-md-6\">\n<label for=\"ndr\"><h3>Media la disciplina relevanta (clasa a 9-a)*<\/h3><\/label>\n<input type=\"number\"  min=\"0\"  max=\"10\" id=\"ndr9\" class=\"form-control\"><\/div>\n<\/div>\n<div class=\"row\">\n\n<div class =\"col-md-6\">\n    <label for=\"cl10\"><h3>Media clasei a 10-a*<\/h3><\/label>\n<input type=\"number\"  min=\"0\"  max=\"10\" id=\"cl10\" class=\"form-control\"><\/div>\n<div class =\"col-md-6\">\n<label for=\"ndr\"><h3>Media la disciplina relevanta (clasa a 10-a)*<\/h3><\/label>\n<input type=\"number\"  min=\"0\" max=\"10\" id=\"ndr10\" class=\"form-control\"><\/div>\n<\/div>\n<div class=\"row\">\n<div class =\"col-md-6\">\n    <label for=\"cl11\"><h3>Media clasei a 11-a*<\/h3><\/label>\n<input type=\"number\" max=\"10\"  min=\"0\"  id=\"cl11\" class=\"form-control\"><\/div>\n<div class =\"col-md-6\">\n<label for=\"ndr\"><h3>Media la disciplina relevanta (clasa a 11-a)<\/h3><\/label>\n<input type=\"number\"  min=\"0\"  max=\"10\" id=\"ndr11\" class=\"form-control\"><\/div>\n<\/div>\n\n<div style=\"width:100%;padding:20px;\" align=\"center\">\n    <div class=\"row\"><div class=\"col-md-4\"><div id=\"91011\"><\/div><\/div>\n<div class=\"col-md-4\"><button style=\"margin:auto\" id=\"calculate\" value=\"Calculeaza\"  type=\"button\" class=\"button color1\" >Calculeaz\u0103<\/button><\/div>\n<div class=\"col-md-4\"><div id=\"mdr91011\"><\/div><\/div><\/div><\/div>\n<div class=\"row\">\n<div class=\"col-md-3\"><\/div>\n<div class=\"col-md-6\"><h2 align=\"center\">Media de Admitere este:<\/h2><h2 style=\"margin:auto;\" id=\"nota_finala\" align=\"center\"><\/h2><\/div><\/div>\n\n<script>\n    document.getElementById(\"calculate\").addEventListener(\"click\", function(){\n        x=document.getElementById(\"cl9\").value;\n        y=document.getElementById(\"cl10\").value;\n        z=document.getElementById(\"cl11\").value;\n        ndr9=document.getElementById(\"ndr9\").value;\n        ndr10=document.getElementById(\"ndr10\").value;\n        ndr11=document.getElementById(\"ndr11\").value;\n        console.log(x);\n        console.log(y);\n        console.log(z);\n        if(x==\"\"||y==\"\"||z==\"\"||ndr9==\"\"||ndr10==\"\"){\n            alert(\"Va rugam completa\u021bi toate c\u00e2mpurile marcate cu *\");\n        }\n        else if(ndr11==\"\"){\n         medie=(((Number(x)+Number(y)+Number(z))\/3)*0.6+((Number(ndr9)+Number(ndr10))\/2)*0.4).toFixed(3).toLocaleString().replace('.', ',');\n         m91011=((Number(x)+Number(y)+Number(z))\/3).toFixed(3).toLocaleString().replace('.', ',');\n            document.getElementById(\"91011\").innerHTML=\"Medie: \"+m91011.substr(0,m91011.length-1) ;\n            mdr91011=((Number(ndr9)+Number(ndr10))\/2).toFixed(3).toLocaleString().replace('.', ',');\n            document.getElementById(\"mdr91011\").innerHTML=\"Medie: \"+mdr91011.substr(0,mdr91011.length-1) ;\n        }\n         else {\n         medie=(((Number(x)+Number(y)+Number(z))\/3)*0.6+((Number(ndr9)+Number(ndr10)+Number(ndr11))\/3)*0.4).toFixed(3).toLocaleString().replace('.', ',');\n         m91011=((Number(x)+Number(y)+Number(z))\/3).toFixed(3).toLocaleString().replace('.', ',');\n         document.getElementById(\"91011\").innerHTML=\"Medie: \"+m91011.substr(0,m91011.length-1) ;\n         mdr91011=((Number(ndr9)+Number(ndr10)+Number(ndr11))\/3).toFixed(3).toLocaleString().replace('.', ',');\n            document.getElementById(\"mdr91011\").innerHTML=\"Medie: \"+mdr91011.substr(0,mdr91011.length-1) ;\n         }\n        document.getElementById(\"nota_finala\").innerHTML=medie.substr(0,medie.length-1)  ;\n        \n    })\n<\/script>\t\t\t\t<\/div>\n\t\t\t\t<\/div>\n\t\t\t\t\t<\/div>\n\t\t<\/div>\n\t\t\t\t\t<\/div>\n\t\t<\/section>\n\t\t\t\t<section class=\"elementor-section elementor-top-section elementor-element elementor-element-f1cc95b elementor-section-stretched elementor-section-boxed elementor-section-height-default elementor-section-height-default\" data-id=\"f1cc95b\" data-element_type=\"section\" data-settings=\"{&quot;stretch_section&quot;:&quot;section-stretched&quot;}\">\n\t\t\t\t\t\t<div class=\"elementor-container elementor-column-gap-default\">\n\t\t\t\t\t<div class=\"elementor-column elementor-col-100 elementor-top-column elementor-element elementor-element-8438872\" data-id=\"8438872\" data-element_type=\"column\">\n\t\t\t<div class=\"elementor-widget-wrap elementor-element-populated\">\n\t\t\t\t\t\t<div class=\"elementor-element elementor-element-aaa5871 elementor-widget elementor-widget-text-editor\" data-id=\"aaa5871\" data-element_type=\"widget\" data-widget_type=\"text-editor.default\">\n\t\t\t\t<div class=\"elementor-widget-container\">\n\t\t\t\t\t\t\t\t\t<p><strong>DISCIPLINA RELEVANT\u0102<\/strong><\/p><p>\u00a0<\/p><p>Calcularea\u00a0notei finale pentru preadmitere\u00a0se va face dup\u0103 urm\u0103toarea formul\u0103:<\/p><p><strong>Not\u0103 final\u0103 preadmitere<\/strong>\u00a0= 60% x media aritmetic\u0103 a anilor de studiu IX-XI + 40% x media aritmetic\u0103 a anilor de studiu la disciplina relevant\u0103 pentru domeniul de admitere*<\/p><p>*<em>clasele IX \u0219i X sau clasele IX, X \u0219i XI<\/em><\/p><p>Criteriul de departajare \u00een caz de egalitate va fi media anilor de studiu la disciplina relevant\u0103 domeniului de admitere.<\/p><table style=\"width: 99%;\" width=\"99%\"><tbody><tr><td style=\"width: 7.113821138211382%;\"><p><strong>Nr.<\/strong><\/p><p><strong>Crt.<\/strong><\/p><\/td><td style=\"width: 26.01626016260163%;\"><p><strong>Programul de studii<\/strong><\/p><\/td><td style=\"width: 64.63414634146342%;\"><p><strong>Disciplina\u00a0<\/strong><\/p><p><strong>relevant\u0103 pentru domeniului de admitere<\/strong><\/p><p style=\"font-weight: 400;\"><span style=\"color: #ff0000;\"><strong>RELEV\u00c1NS TANT\u00c1RGY<\/strong><\/span><\/p><p style=\"font-weight: 400;\"><span style=\"color: #ff0000;\"><strong>A magyar nyelv\u0171 k\u00e9pz\u00e9sek eset\u00e9ben\u00a0 <\/strong><\/span><\/p><p style=\"font-weight: 400;\"><span style=\"color: #ff0000;\"><strong>\u00c1ltal\u00e1nos asszisztensk\u00e9pz\u00e9s: biol\u00f3gia<\/strong><\/span><\/p><p style=\"font-weight: 400;\"><span style=\"color: #ff0000;\"><strong>Informatika: informatika vagy matematika<\/strong><\/span><\/p><\/td><\/tr><tr><td style=\"width: 97.76422764227644%;\" colspan=\"3\"><p><strong>Facultatea de Medicin\u0103<\/strong><\/p><\/td><\/tr><tr><td style=\"width: 7.113821138211382%;\"><p>1<\/p><\/td><td style=\"width: 26.01626016260163%;\"><p>Asisten\u021b\u0103 medical\u0103 general\u0103<\/p><\/td><td style=\"width: 64.63414634146342%;\"><p>Biologie<\/p><\/td><\/tr><tr><td style=\"width: 7.113821138211382%;\"><p>2<\/p><\/td><td style=\"width: 26.01626016260163%;\"><p>Balneo-fiziokinetoterapie<\/p><p>\u0219i recuperare<\/p><\/td><td style=\"width: 64.63414634146342%;\"><p>Biologie<\/p><\/td><\/tr><tr><td style=\"width: 7.113821138211382%;\"><p>3<\/p><\/td><td style=\"width: 26.01626016260163%;\"><p>Nutri\u021bie \u0219i Dietetic\u0103<\/p><\/td><td style=\"width: 64.63414634146342%;\"><p>Biologie<\/p><\/td><\/tr><tr><td style=\"width: 97.76422764227644%;\" colspan=\"3\"><p><strong>Facultatea de Medicin\u0103 Dentar\u0103<\/strong><\/p><\/td><\/tr><tr><td style=\"width: 7.113821138211382%;\"><p>1<\/p><\/td><td style=\"width: 26.01626016260163%;\"><p>Tehnic\u0103 dentar\u0103<\/p><\/td><td style=\"width: 64.63414634146342%;\"><p>Biologie<\/p><\/td><\/tr><tr><td style=\"width: 97.76422764227644%;\" colspan=\"3\"><p><strong>Facultatea de Farmacie<\/strong><\/p><\/td><\/tr><tr><td style=\"width: 7.113821138211382%;\"><p>1<\/p><\/td><td style=\"width: 26.01626016260163%;\"><p>Cosmetic\u0103 medical\u0103 \u0219i tehnologia produsului cosmetic<\/p><\/td><td style=\"width: 64.63414634146342%;\"><p>Biologie<\/p><\/td><\/tr><tr><td style=\"width: 7.113821138211382%;\"><p>2<\/p><\/td><td style=\"width: 26.01626016260163%;\"><p>Chimie Medical\u0103<\/p><\/td><td style=\"width: 64.63414634146342%;\"><p>Chimie<\/p><\/td><\/tr><tr><td style=\"width: 7.113821138211382%;\"><p>3<\/p><\/td><td style=\"width: 26.01626016260163%;\"><p>Chimie Tehnologic\u0103<\/p><\/td><td style=\"width: 64.63414634146342%;\"><p>Chimie<\/p><\/td><\/tr><tr><td style=\"width: 97.76422764227644%;\" colspan=\"3\"><p><strong>Facultatea de Inginerie \u0219i Tehnologia Informa\u021biei<\/strong><\/p><\/td><\/tr><tr><td style=\"width: 7.113821138211382%;\"><p>1<\/p><\/td><td style=\"width: 26.01626016260163%;\"><p>Automatic\u0103 \u0219i Informatic\u0103 Aplicat\u0103<\/p><\/td><td style=\"width: 64.63414634146342%;\"><p>Matematic\u0103<\/p><\/td><\/tr><tr><td style=\"width: 7.113821138211382%;\"><p>2<\/p><\/td><td style=\"width: 26.01626016260163%;\"><p>Inginerie Medical\u0103<\/p><\/td><td style=\"width: 64.63414634146342%;\"><p>Matematic\u0103 sau Biologie<\/p><\/td><\/tr><tr><td style=\"width: 7.113821138211382%;\"><p>3<\/p><\/td><td style=\"width: 26.01626016260163%;\"><p>Informatic\u0103<\/p><\/td><td style=\"width: 64.63414634146342%;\"><p>Matematic\u0103 sau Informatic\u0103<\/p><\/td><\/tr><tr><td style=\"width: 7.113821138211382%;\"><p>4<\/p><\/td><td style=\"width: 26.01626016260163%;\"><p>Energetic\u0103 \u0219i Tehnologii Informatice<\/p><\/td><td style=\"width: 64.63414634146342%;\"><p>Matematic\u0103<\/p><\/td><\/tr><tr><td style=\"width: 7.113821138211382%;\"><p>5<\/p><\/td><td style=\"width: 26.01626016260163%;\"><p>Tehnologia construc\u021biilor de ma\u0219ini<\/p><\/td><td style=\"width: 64.63414634146342%;\"><p>Matematic\u0103<\/p><\/td><\/tr><tr><td style=\"width: 7.113821138211382%;\"><p>6<\/p><\/td><td style=\"width: 26.01626016260163%;\"><p>Sisteme de produc\u021bie digitale<\/p><\/td><td style=\"width: 64.63414634146342%;\"><p>Matematic\u0103<\/p><\/td><\/tr><tr><td style=\"width: 7.113821138211382%;\"><p>7<\/p><\/td><td style=\"width: 26.01626016260163%;\"><p>Inginerie economic\u0103 industrial\u0103<\/p><\/td><td style=\"width: 64.63414634146342%;\"><p>Matematic\u0103<\/p><\/td><\/tr><tr><td style=\"width: 97.76422764227644%;\" colspan=\"3\"><p><strong>Facultatea de \u0218tiin\u021be \u0219i Litere \u201ePetru Maior\u201d<\/strong><\/p><\/td><\/tr><tr><td style=\"width: 7.113821138211382%;\"><p>1<\/p><\/td><td style=\"width: 26.01626016260163%;\"><p>Comunicare \u0219i media emergente<\/p><\/td><td style=\"width: 64.63414634146342%;\"><p>Limba \u0219i literatura rom\u00e2n\u0103<\/p><\/td><\/tr><tr><td style=\"width: 7.113821138211382%;\"><p>2<\/p><\/td><td style=\"width: 26.01626016260163%;\"><p>Comunicare \u0219i rela\u021bii publice<\/p><\/td><td style=\"width: 64.63414634146342%;\"><p>Limba \u0219i literatura rom\u00e2n\u0103<\/p><\/td><\/tr><tr><td style=\"width: 7.113821138211382%;\"><p>3<\/p><\/td><td style=\"width: 26.01626016260163%;\"><p>Istorie<\/p><\/td><td style=\"width: 64.63414634146342%;\"><p>Istorie<\/p><\/td><\/tr><tr><td style=\"width: 7.113821138211382%;\"><p>4<\/p><\/td><td style=\"width: 26.01626016260163%;\"><p>Limba \u0219i literatura rom\u00e2n\u0103 \u2013 Limba \u0219i literatura englez\u0103<\/p><\/td><td style=\"width: 64.63414634146342%;\"><p>Limba \u0219i literatura rom\u00e2n\u0103<\/p><\/td><\/tr><tr><td style=\"width: 7.113821138211382%;\"><p>5<\/p><\/td><td style=\"width: 26.01626016260163%;\"><p>Limbi moderne aplicate (en-fr-ger-it)<\/p><\/td><td style=\"width: 64.63414634146342%;\"><p>Limba modern\u0103 (englez\u0103, francez\u0103, german\u0103 sau italian\u0103)<\/p><\/td><\/tr><tr><td style=\"width: 7.113821138211382%;\"><p>6<\/p><\/td><td style=\"width: 26.01626016260163%;\"><p>Studii de securitate<\/p><\/td><td style=\"width: 64.63414634146342%;\"><p>Limba \u0219i literatura rom\u00e2n\u0103<\/p><\/td><\/tr><tr><td style=\"width: 97.76422764227644%;\" colspan=\"3\"><p><strong>Facultatea de Economie \u0219i Drept<\/strong><\/p><\/td><\/tr><tr><td style=\"width: 7.113821138211382%;\"><p>1<\/p><\/td><td style=\"width: 26.01626016260163%;\"><p>Drept<\/p><\/td><td style=\"width: 64.63414634146342%;\"><p>Limba rom\u00e2n\u0103 sau Istorie sau Matematic\u0103 sau Economie<\/p><\/td><\/tr><tr><td style=\"width: 7.113821138211382%;\"><p>2<\/p><\/td><td style=\"width: 26.01626016260163%;\"><p>Administra\u021bie public\u0103<\/p><\/td><td style=\"width: 64.63414634146342%;\"><p>Limba rom\u00e2n\u0103 sau Istorie sau Matematic\u0103 sau Economie<\/p><\/td><\/tr><tr><td style=\"width: 7.113821138211382%;\"><p>3<\/p><\/td><td style=\"width: 26.01626016260163%;\"><p>Contabilitate \u0219i informatic\u0103 de gestiune<\/p><\/td><td style=\"width: 64.63414634146342%;\"><p>Matematic\u0103 sau o disciplina la alegere din domeniul economic (Economie, Economie Aplicat\u0103, Educa\u021bie antreprenorial\u0103, Contabilitate, Elemente de statistic\u0103, finan\u021be \u0219i asigur\u0103ri, Analiz\u0103 economico-financiar\u0103, Informatic\u0103)<\/p><\/td><\/tr><tr><td style=\"width: 7.113821138211382%;\"><p>4<\/p><\/td><td style=\"width: 26.01626016260163%;\"><p>Finan\u021be \u0219i B\u0103nci<\/p><\/td><td style=\"width: 64.63414634146342%;\"><p>Matematic\u0103 sau o disciplina la alegere din domeniul economic (Economie, Economie Aplicat\u0103, Educa\u021bie antreprenorial\u0103, Contabilitate, Elemente de statistic\u0103, finan\u021be \u0219i asigur\u0103ri, Analiz\u0103 economico-financiar\u0103, Informatic\u0103)<\/p><\/td><\/tr><tr><td style=\"width: 7.113821138211382%;\"><p>5<\/p><\/td><td style=\"width: 26.01626016260163%;\"><p>Management<\/p><\/td><td style=\"width: 64.63414634146342%;\"><p>Matematic\u0103 sau o disciplina la alegere din domeniul economic (Economie, Economie Aplicat\u0103,\u00a0Educa\u021bie antreprenorial\u0103, Socio-umane\/Educa\u021bie pentru societate, Tehnologia informa\u0163iei \u015fi a comunica\u0163iilor, Administrarea afacerilor)<\/p><\/td><\/tr><tr><td style=\"width: 7.113821138211382%;\"><p>6<\/p><\/td><td style=\"width: 26.01626016260163%;\"><p>Economia Comer\u021bului, Turismului \u0219i Serviciilor<\/p><\/td><td style=\"width: 64.63414634146342%;\"><p>Matematic\u0103 sau o disciplin\u0103 la alegere din domeniul economic (Economie, Economie Aplicat\u0103,\u00a0Educa\u021bie antreprenorial\u0103, Geografie, Socio-umane\/Educa\u021bie pentru societate, Tehnologia informa\u0163iei \u015fi a comunica\u0163iilor, Administrarea afacerilor)<\/p><\/td><\/tr><\/tbody><\/table>\t\t\t\t\t\t\t\t<\/div>\n\t\t\t\t<\/div>\n\t\t\t\t\t<\/div>\n\t\t<\/div>\n\t\t\t\t\t<\/div>\n\t\t<\/section>\n\t\t\t\t<\/div>\n\t\t","protected":false},"excerpt":{"rendered":"<p>A\u00a0 beny\u00fajtott dossz\u00e1r \u00e9rt\u00e9kel\u00e9s\u00e9n alapul\u00f3\u00a0 felv\u00e9teli vizsg\u00e1n\u00a0 el\u00e9rt \u00e9rdemjegy alapj\u00e1n t\u00f6rt\u00e9nik, cs\u00f6kken\u0151 sorrendben\u00a0 a k\u00f6vetkez\u0151k\u00e9ppen: Az el\u0151felv\u00e9teli \u00e9rdemjegye = 60% a IX-XI tanulm\u00e1nyi \u00e9vek eredm\u00e9nyeinek sz\u00e1mtani k\u00f6z\u00e9par\u00e1nyosa + 40% a v\u00e1lasztott k\u00e9pz\u00e9si szak szempontj\u00e1b\u00f3l relev\u00e1ns tant\u00e1rgy \u00e9vekre lebontott m\u00e9di\u00e1j\u00e1nak sz\u00e1mtani k\u00f6z\u00e9par\u00e1nyosa* * IX \u00e9s X oszt\u00e1ly vagy IX, X \u00e9s XI oszt\u00e1ly Az el\u00e9rt pontsz\u00e1m&hellip; <br \/> <a class=\"read-more\" href=\"https:\/\/adminfo.umfst.ro\/hu\/a-3-vagy-4-eves-oktatasi-programokra-jelentkezok-rangsorolasa\/\">Read more<\/a><\/p>\n","protected":false},"author":1,"featured_media":0,"parent":0,"menu_order":0,"comment_status":"closed","ping_status":"closed","template":"","meta":{"_exactmetrics_skip_tracking":false,"_exactmetrics_sitenote_active":false,"_exactmetrics_sitenote_note":"","_exactmetrics_sitenote_category":0,"_monsterinsights_skip_tracking":false,"_monsterinsights_sitenote_active":false,"_monsterinsights_sitenote_note":"","_monsterinsights_sitenote_category":0,"footnotes":""},"class_list":["post-6082","page","type-page","status-publish","hentry"],"_links":{"self":[{"href":"https:\/\/adminfo.umfst.ro\/hu\/wp-json\/wp\/v2\/pages\/6082","targetHints":{"allow":["GET"]}}],"collection":[{"href":"https:\/\/adminfo.umfst.ro\/hu\/wp-json\/wp\/v2\/pages"}],"about":[{"href":"https:\/\/adminfo.umfst.ro\/hu\/wp-json\/wp\/v2\/types\/page"}],"author":[{"embeddable":true,"href":"https:\/\/adminfo.umfst.ro\/hu\/wp-json\/wp\/v2\/users\/1"}],"replies":[{"embeddable":true,"href":"https:\/\/adminfo.umfst.ro\/hu\/wp-json\/wp\/v2\/comments?post=6082"}],"version-history":[{"count":3,"href":"https:\/\/adminfo.umfst.ro\/hu\/wp-json\/wp\/v2\/pages\/6082\/revisions"}],"predecessor-version":[{"id":6085,"href":"https:\/\/adminfo.umfst.ro\/hu\/wp-json\/wp\/v2\/pages\/6082\/revisions\/6085"}],"wp:attachment":[{"href":"https:\/\/adminfo.umfst.ro\/hu\/wp-json\/wp\/v2\/media?parent=6082"}],"curies":[{"name":"wp","href":"https:\/\/api.w.org\/{rel}","templated":true}]}}