{"id":5756,"date":"2022-02-09T07:30:29","date_gmt":"2022-02-09T07:30:29","guid":{"rendered":"https:\/\/adminfo.umfst.ro\/?page_id=5756"},"modified":"2022-02-09T07:30:30","modified_gmt":"2022-02-09T07:30:30","slug":"kepzesi-kinalat-3","status":"publish","type":"page","link":"https:\/\/adminfo.umfst.ro\/hu\/kepzesi-kinalat-3\/","title":{"rendered":"K\u00c9PZ\u00c9SI K\u00cdN\u00c1LAT"},"content":{"rendered":"\n<figure class=\"wp-block-image size-large\"><img fetchpriority=\"high\" decoding=\"async\" width=\"1024\" height=\"704\" src=\"https:\/\/adminfo.umfst.ro\/wp-content\/uploads\/2022\/02\/preadmitere-HU-1-1024x704.jpg\" alt=\"\" class=\"wp-image-5757\" srcset=\"https:\/\/adminfo.umfst.ro\/wp-content\/uploads\/2022\/02\/preadmitere-HU-1-1024x704.jpg 1024w, https:\/\/adminfo.umfst.ro\/wp-content\/uploads\/2022\/02\/preadmitere-HU-1-300x206.jpg 300w, https:\/\/adminfo.umfst.ro\/wp-content\/uploads\/2022\/02\/preadmitere-HU-1-768x528.jpg 768w, https:\/\/adminfo.umfst.ro\/wp-content\/uploads\/2022\/02\/preadmitere-HU-1-1536x1056.jpg 1536w, https:\/\/adminfo.umfst.ro\/wp-content\/uploads\/2022\/02\/preadmitere-HU-1-2048x1408.jpg 2048w, https:\/\/adminfo.umfst.ro\/wp-content\/uploads\/2022\/02\/preadmitere-HU-1-1571x1080.jpg 1571w\" sizes=\"(max-width: 1024px) 100vw, 1024px\" \/><\/figure>\n\n\n\n<p><a href=\"https:\/\/adminfo.umfst.ro\/wp-content\/uploads\/2022\/02\/oferta-educationala-preadm-hu.pdf\" target=\"_blank\" rel=\"noreferrer noopener\">K\u00c9PZ\u00c9SI K\u00cdN\u00c1LAT- MOGYTTE ALAPK\u00c9PZ\u00c9S\u00a0EL\u0150FELV\u00c9TELI 2022<\/a><\/p>\n","protected":false},"excerpt":{"rendered":"<p>K\u00c9PZ\u00c9SI K\u00cdN\u00c1LAT- MOGYTTE ALAPK\u00c9PZ\u00c9S\u00a0EL\u0150FELV\u00c9TELI 2022<\/p>\n","protected":false},"author":1,"featured_media":0,"parent":0,"menu_order":0,"comment_status":"closed","ping_status":"closed","template":"","meta":{"_exactmetrics_skip_tracking":false,"_exactmetrics_sitenote_active":false,"_exactmetrics_sitenote_note":"","_exactmetrics_sitenote_category":0,"_monsterinsights_skip_tracking":false,"_monsterinsights_sitenote_active":false,"_monsterinsights_sitenote_note":"","_monsterinsights_sitenote_category":0,"footnotes":""},"class_list":["post-5756","page","type-page","status-publish","hentry"],"_links":{"self":[{"href":"https:\/\/adminfo.umfst.ro\/hu\/wp-json\/wp\/v2\/pages\/5756","targetHints":{"allow":["GET"]}}],"collection":[{"href":"https:\/\/adminfo.umfst.ro\/hu\/wp-json\/wp\/v2\/pages"}],"about":[{"href":"https:\/\/adminfo.umfst.ro\/hu\/wp-json\/wp\/v2\/types\/page"}],"author":[{"embeddable":true,"href":"https:\/\/adminfo.umfst.ro\/hu\/wp-json\/wp\/v2\/users\/1"}],"replies":[{"embeddable":true,"href":"https:\/\/adminfo.umfst.ro\/hu\/wp-json\/wp\/v2\/comments?post=5756"}],"version-history":[{"count":1,"href":"https:\/\/adminfo.umfst.ro\/hu\/wp-json\/wp\/v2\/pages\/5756\/revisions"}],"predecessor-version":[{"id":5759,"href":"https:\/\/adminfo.umfst.ro\/hu\/wp-json\/wp\/v2\/pages\/5756\/revisions\/5759"}],"wp:attachment":[{"href":"https:\/\/adminfo.umfst.ro\/hu\/wp-json\/wp\/v2\/media?parent=5756"}],"curies":[{"name":"wp","href":"https:\/\/api.w.org\/{rel}","templated":true}]}}