{"id":5732,"date":"2022-02-09T06:58:27","date_gmt":"2022-02-09T06:58:27","guid":{"rendered":"https:\/\/adminfo.umfst.ro\/?page_id=5732"},"modified":"2022-04-14T08:46:28","modified_gmt":"2022-04-14T08:46:28","slug":"beiratkozas-2","status":"publish","type":"page","link":"https:\/\/adminfo.umfst.ro\/hu\/beiratkozas-2\/","title":{"rendered":"Beiratkoz\u00e1s"},"content":{"rendered":"\n<ul class=\"wp-block-list\"><li>Az el\u0151felv\u00e9telin jelentkezhetnek, akik az egyetem\u00fcnk\u00a0\u00a0Orvostudom\u00e1nyi, Fogorvostudom\u00e1nyi, Gy\u00f3gyszer\u00e9szeti,\u00a0M\u0171szaki, \u201ePetru Maior\u201d B\u00f6lcs\u00e9sztudom\u00e1nyi valamint a K\u00f6zgazdas\u00e1g- \u00e9s Jogtudom\u00e1nyi Karok keret\u00e9ben m\u0171k\u00f6d\u0151 3 \u00e9s 4 \u00e9ves k\u00e9pz\u00e9si szakokon szeretn\u00e9k a tanulm\u00e1nyaikat folytatni<\/li><li>El\u0151felv\u00e9teli vizsg\u00e1ra jelentkezhetnek az utols\u00f3 \u00e9ves k\u00f6z\u00e9piskol\u00e1sok (XII. oszt\u00e1lyosok), akik ebben az \u00e9vben fognak \u00e9retts\u00e9gizni, azon jel\u00f6ltek, akik az el\u0151z\u0151 \u00e9vekb\u0151l sz\u00e1rmaz\u00f3 \u00e9retts\u00e9gi diplom\u00e1val rendelkeznek, valamint azok, akik m\u00e1sodik egyetemk\u00e9nt szeretn\u00e9k ezeket a k\u00e9pz\u00e9seket v\u00e1lasztani.<\/li><li>A jelentkez\u0151k beiratkoz\u00e1sa kiz\u00e1r\u00f3lag a felv\u00e9telire l\u00e9trehozott online platformon t\u00f6rt\u00e9nik <a rel=\"noreferrer noopener\" href=\"https:\/\/admitere.umfst.ro\/\" target=\"_blank\">admitere.umfst.ro<\/a>.<\/li><li>Az el\u0151felv\u00e9teli beiratkoz\u00e1si d\u00edja\u00a0<em>(tax\u0103 de \u00eenscriere)<\/em>\u00a0200 lej, befizet\u00e9s\u00e9nek lehet\u0151s\u00e9gei: ONLINE (a beiratkoz\u00e1si platformon ), AZ EGYETEMI P\u00c9NZT\u00c1RBAN (CASERIA UNIVERSIT\u0102\u021aII Pia\u021ba M\u0103r\u0103\u0219e\u0219ti nr. 15),\u00a08:00-14:00 \u00f3ra k\u00f6z\u00f6tt, BANKI \u00c1TUTAL\u00c1SSAL ((Trezoreria Tirgu Mure\u015f) catre: Universitatea de Medicin\u0103, Farmacie, \u0218tiin\u021be \u0219i Tehnologie Str.Gh.Marinescu Nr.38, Tg Mures, 540139 CF 4322742 CONT IBAN : RO32TREZ47620F330500XXXX)<ul><li>Mentes\u00fclnek a beiratkoz\u00e1si d\u00edj al\u00f3l (de a helyfoglal\u00e1s \u00e9s helymeger\u0151s\u00edt\u00e9s d\u00edj\u00e1t\u00f3l -taxa de inmatriculare-\u00a0<strong>nem<\/strong>) az \u00e1rv\u00e1k \u00e9s nevel\u0151int\u00e9zetb\u0151l \u00e9rkez\u0151 jelentkez\u0151k, a rom\u00e1n tan\u00fcgy akt\u00edv vagy nyugd\u00edjas taner\u0151inek \u00e9s kiseg\u00edt\u0151 szem\u00e9lyeinek gyermekei, ezen alkalmazottak \u00e1rv\u00e1i\u00a0valamint a Marosv\u00e1s\u00e1rhelyi \u201eGeorge Emil Palade\u201d Orvosi, Gy\u00f3gyszer\u00e9szeti, Tudom\u00e1ny \u00e9s Technol\u00f3giai Egyetem\u00a0nem oktat\u00f3i munkak\u00f6rben dolgoz\u00f3 alkalmazottak\u00a0gyermekei.<\/li><\/ul><\/li><\/ul>\n\n\n\n<p><strong>Beiratkoz\u00e1shoz sz\u00fcks\u00e9ges dokumentumok:\u00a0<\/strong><\/p>\n\n\n\n<p>Az on-line beiratkoz\u00e1st megel\u00f6z\u0151en, a z\u00f6kken\u0151mentes beiratkoz\u00e1s \u00e9rdek\u00e9ben, a jelentkez\u0151knek a k\u00f6vetkez\u0151 felt\u00f6ltend\u0151 dokumentumokat kell el\u0151k\u00e9sz\u00edteni PDF vagy JPG form\u00e1tumban (\u00f6sszess\u00e9g\u00fckben maximum 2MB)<\/p>\n\n\n\n<ul class=\"wp-block-list\"><li>A tanint\u00e9zet \u00e1ltal (ahol a jelentkez\u0151 a k\u00f6z\u00e9piskolai tanulm\u00e1nyait v\u00e9gzi vagy v\u00e9gezte) ki\u00e1ll\u00edtott bizony\u00edtv\u00e1ny (Adeverin\u021b\u0103), amely tanus\u00edtja az elv\u00e9gzett IX-XI oszt\u00e1ly eredm\u00e9nyeit, valamint azon tant\u00e1rgy jegyeinek \u00e1tlag\u00e1t (IX-X vagy IX-XI oszt\u00e1ly), amely a v\u00e1lasztott k\u00e9pz\u00e9si szak szempontj\u00e1b\u00f3l relev\u00e1ns (Adeverin\u021b\u0103 care indic\u0103 media notelor anilor de studiu din clasele IX-XI \u0219i media notelor anilor de studiu la disciplina relevant\u0103 pentru domeniului de admitere, din clasele IX-X sau IX-XI), vagy a\u00a0\u00a0tanulm\u00e1nyi t\u00f6rzsk\u00f6nyv (foaia matricol\u0103) m\u00e1solata (mindk\u00e9t oldal).<\/li><li><strong>Diploma, vagy az ezzel egyen\u00e9rt\u00e9k\u0171 diploma (diploma de bacalaureat sau diploma echivalent\u0103 cu aceasta).\u00a0<\/strong>Ennek felt\u00f6lt\u00e9se az \u00f6sszes jelentkez\u0151 \u00e1ltal csak a kalend\u00e1riumban meghat\u00e1rozott peri\u00f3dusban ker\u00fcl sor f\u00fcggetlen\u00fcl a diploma megszerz\u00e9s\u00e9nek az \u00e9v\u00e9t\u0151l (2022 j\u00falius 4, 8:00 \u00f3ra-j\u00falius 7, 12: 00 \u00f3ra k\u00f6z\u00f6tt)\u00a0.\u00a0<\/li><li>A jelentkez\u0151 lakhely\u00e9hez tartoz\u00f3\u00a0csal\u00e1dorvosi rendel\u0151 \u00e1ltal ki\u00e1ll\u00edtott el\u0151nyomtatott orvosi igazol\u00e1s\u00a0<em>(Adeverin\u021b\u0103\u00a0medical\u0103 tip eliberat\u0103 de cabinetul medicului de familie din localitatea de domiciliu).<\/em>\u00a0\u00a0A kr\u00f3nikus betegs\u00e9ggel rendelkez\u0151 jel\u00f6lteknek a csal\u00e1dorvos \u00e1ltal ki\u00e1ll\u00edtott igazol\u00e1s\u00e1t\u00a0<em>a dom\u00e9niumban szakosodott orvosnak<\/em>\u00a0is l\u00e1ttamoznia kell. Ezen betegs\u00e9gek bejelent\u00e9s\u00e9nek elmulaszt\u00e1sa az int\u00e9zm\u00e9ny \u00e1ltal meghat\u00e1rozott, a hat\u00e1lyban \u00e9rv\u00e9nyben lev\u0151 k\u00f6vetkezm\u00e9nyekkel j\u00e1r;<\/li><li>Az Eur\u00f3pai Uni\u00f3 tag\u00e1llamai, az Eur\u00f3pai Gazdas\u00e1gi T\u00e9rs\u00e9ghez tartoz\u00f3 \u00e1llamok \u00e9s a Sv\u00e1jci \u00c1llamsz\u00f6vets\u00e9g \u00e1llampolg\u00e1rai sz\u00e1m\u00e1ra (akik k\u00fclf\u00f6ld\u00f6n szerezt\u00e9k \u00e9retts\u00e9gi oklevel\u00fcket) sz\u00fcks\u00e9ges a tanulm\u00e1nyok elismer\u00e9s\u00e9nek igazol\u00e1sa\u00a0<em>(Atestatul de recunoa\u0219tere a studiilor efectuate)<\/em>\u00a0a MOGyTTE erre vonatkoz\u00f3 szab\u00e1lyzata \u00e9rtelm\u00e9ben (l\u00e1sd Capitolul III, art. 12 din Regulamentul de organizare \u0219i desf\u0103\u0219urare a concursului de admitere \u00een ciclul de licen\u021b\u0103 UMFST-REG-16 ed 6);<\/li><li>Sz\u00fclet\u00e9si anyak\u00f6nyvi kivonat (Certificat de na\u0219tere) m\u00e1solata;<\/li><li>\u00c9rv\u00e9nyes szem\u00e9lyi igazolv\u00e1ny (Carte de identitate sau Pa\u0219aport) m\u00e1solata;<\/li><li>A jel\u00f6lt f\u00e9nyk\u00e9pe digit\u00e1lis form\u00e1ban\u00a0<em>(Fotografie a candidatului \u00een format electronic)<\/em>;<\/li><li>A beiratkoz\u00e1si d\u00edj befizet\u00e9s\u00e9nek igazol\u00e1sa\u00a0<em>(Dovada achit\u0103rii taxei de \u00eenscriere)<\/em>, fizet\u00e9si lehet\u0151s\u00e9gek szerint on-line, vagy on-site, az egyetem kassz\u00e1j\u00e1ban vagy banki \u00e1tutal\u00e1ssal. A bizonylat szkennelt m\u00e1solat\u00e1t (banki \u00e1tutal\u00e1s vagy k\u00f6zvetlen\u00fcl az egyetemi kassz\u00e1ba val\u00f3 befizet\u00e9s eset\u00e9n) fel kell t\u00f6lteni az online regisztr\u00e1ci\u00f3s platformra.<\/li><li>A beiratkoz\u00e1si platformr\u00f3l let\u00f6lt\u00f6tt, kit\u00f6lt\u00f6tt \u00e9s al\u00e1\u00edrt Beleegyez\u0151 nyilatkozat (Declara\u021bia de consim\u021b\u0103m\u00e2nt -GDPR)<\/li><\/ul>\n","protected":false},"excerpt":{"rendered":"<p>Az el\u0151felv\u00e9telin jelentkezhetnek, akik az egyetem\u00fcnk\u00a0\u00a0Orvostudom\u00e1nyi, Fogorvostudom\u00e1nyi, Gy\u00f3gyszer\u00e9szeti,\u00a0M\u0171szaki, \u201ePetru Maior\u201d B\u00f6lcs\u00e9sztudom\u00e1nyi valamint a K\u00f6zgazdas\u00e1g- \u00e9s Jogtudom\u00e1nyi Karok keret\u00e9ben m\u0171k\u00f6d\u0151 3 \u00e9s 4 \u00e9ves k\u00e9pz\u00e9si szakokon szeretn\u00e9k a tanulm\u00e1nyaikat folytatni El\u0151felv\u00e9teli vizsg\u00e1ra jelentkezhetnek az utols\u00f3 \u00e9ves k\u00f6z\u00e9piskol\u00e1sok (XII. oszt\u00e1lyosok), akik ebben az \u00e9vben fognak \u00e9retts\u00e9gizni, azon jel\u00f6ltek, akik az el\u0151z\u0151 \u00e9vekb\u0151l sz\u00e1rmaz\u00f3 \u00e9retts\u00e9gi diplom\u00e1val rendelkeznek, valamint&hellip; <br \/> <a class=\"read-more\" href=\"https:\/\/adminfo.umfst.ro\/hu\/beiratkozas-2\/\">Read more<\/a><\/p>\n","protected":false},"author":1,"featured_media":0,"parent":0,"menu_order":0,"comment_status":"closed","ping_status":"closed","template":"","meta":{"_exactmetrics_skip_tracking":false,"_exactmetrics_sitenote_active":false,"_exactmetrics_sitenote_note":"","_exactmetrics_sitenote_category":0,"_monsterinsights_skip_tracking":false,"_monsterinsights_sitenote_active":false,"_monsterinsights_sitenote_note":"","_monsterinsights_sitenote_category":0,"footnotes":""},"class_list":["post-5732","page","type-page","status-publish","hentry"],"_links":{"self":[{"href":"https:\/\/adminfo.umfst.ro\/hu\/wp-json\/wp\/v2\/pages\/5732","targetHints":{"allow":["GET"]}}],"collection":[{"href":"https:\/\/adminfo.umfst.ro\/hu\/wp-json\/wp\/v2\/pages"}],"about":[{"href":"https:\/\/adminfo.umfst.ro\/hu\/wp-json\/wp\/v2\/types\/page"}],"author":[{"embeddable":true,"href":"https:\/\/adminfo.umfst.ro\/hu\/wp-json\/wp\/v2\/users\/1"}],"replies":[{"embeddable":true,"href":"https:\/\/adminfo.umfst.ro\/hu\/wp-json\/wp\/v2\/comments?post=5732"}],"version-history":[{"count":3,"href":"https:\/\/adminfo.umfst.ro\/hu\/wp-json\/wp\/v2\/pages\/5732\/revisions"}],"predecessor-version":[{"id":6081,"href":"https:\/\/adminfo.umfst.ro\/hu\/wp-json\/wp\/v2\/pages\/5732\/revisions\/6081"}],"wp:attachment":[{"href":"https:\/\/adminfo.umfst.ro\/hu\/wp-json\/wp\/v2\/media?parent=5732"}],"curies":[{"name":"wp","href":"https:\/\/api.w.org\/{rel}","templated":true}]}}