{"id":5729,"date":"2022-02-09T06:53:29","date_gmt":"2022-02-09T06:53:29","guid":{"rendered":"https:\/\/adminfo.umfst.ro\/?page_id=5729"},"modified":"2022-04-14T08:47:59","modified_gmt":"2022-04-14T08:47:59","slug":"az-alapkepzesek-elofelveteli-kalendariuma","status":"publish","type":"page","link":"https:\/\/adminfo.umfst.ro\/hu\/az-alapkepzesek-elofelveteli-kalendariuma\/","title":{"rendered":"Az alapk\u00e9pz\u00e9sek el\u0151felv\u00e9teli kalend\u00e1riuma"},"content":{"rendered":"\n<p><strong>EL\u0150FELV\u00c9TELI KALEND\u00c1RIUM 2022 -ALAPK\u00c9PZ\u00c9SEK<\/strong><\/p>\n\n\n\n<p><\/p>\n\n\n\n<figure class=\"wp-block-table\"><table><tbody><tr><td><em>2022 \u00e1prilis 19, 8:00 \u00f3ra &#8211; m\u00e1jus 31, 12:00 \u00f3ra&nbsp;<\/em><\/td><td><em>online jelentkez\u00e9s<\/em><\/td><\/tr><tr><td><em>2022 j\u00fanius 3<\/em><\/td><td><em>az el\u0151zetes eredm\u00e9nyek kif\u00fcggeszt\u00e9se<\/em><\/td><\/tr><tr><td><em>2022 j\u00fanius 6, 8:00 \u00f3ra-j\u00fanius 10, 12:00 \u00f3ra<\/em><\/td><td><em>a helyek lefoglal\u00e1sa<\/em>*<\/td><\/tr><tr><td><em>2022 j\u00falius 4, 8:00 \u00f3ra-j\u00falius 7, 12: 00 \u00f3ra&nbsp;<\/em><\/td><td><em>az\u00a0\u00e9retts\u00e9gi diploma (igazol\u00e1s) felt\u00f6lt\u00e9se<\/em><br>(minden jelentkez\u0151nek fell kell t\u00f6ltenie, f\u00fcggetlen\u00fcl a diploma megszerz\u00e9s\u00e9nek \u00e9v\u00e9t\u0151l)<\/td><\/tr><tr><td><em>2022 j\u00falius 11<\/em><\/td><td><em>eredm\u00e9nyhirdet\u00e9s<\/em><\/td><\/tr><tr><td><em>2022 j\u00falius 12, 8:00 \u00f3ra-j\u00falius 13, 12: 00 \u00f3ra&nbsp;<\/em><\/td><td><em>a hely <strong>online<\/strong> meger\u0151s\u00edt\u00e9se a beiratkoz\u00e1si platformon<\/em><\/td><\/tr><tr><td><em>2022 j\u00falius 14-15, 15: \u00f3ra<\/em><\/td><td><em>a dosszi\u00e9k lead\u00e1sa a karok d\u00e9k\u00e1ni hivatal\u00e1ba (on-site)<\/em><\/td><\/tr><\/tbody><\/table><\/figure>\n\n\n\n<p><em>*A helyfoglal\u00e1si d\u00edj befizet\u00e9se \u00e9s a befizet\u00e9s bizonylat\u00e1nak felt\u00f6lt\u00e9se a beiratkoz\u00e1si platformon<\/em><\/p>\n","protected":false},"excerpt":{"rendered":"<p>EL\u0150FELV\u00c9TELI KALEND\u00c1RIUM 2022 -ALAPK\u00c9PZ\u00c9SEK 2022 \u00e1prilis 19, 8:00 \u00f3ra &#8211; m\u00e1jus 31, 12:00 \u00f3ra&nbsp; online jelentkez\u00e9s 2022 j\u00fanius 3 az el\u0151zetes eredm\u00e9nyek kif\u00fcggeszt\u00e9se 2022 j\u00fanius 6, 8:00 \u00f3ra-j\u00fanius 10, 12:00 \u00f3ra a helyek lefoglal\u00e1sa* 2022 j\u00falius 4, 8:00 \u00f3ra-j\u00falius 7, 12: 00 \u00f3ra&nbsp; az\u00a0\u00e9retts\u00e9gi diploma (igazol\u00e1s) felt\u00f6lt\u00e9se(minden jelentkez\u0151nek fell kell t\u00f6ltenie, f\u00fcggetlen\u00fcl a diploma megszerz\u00e9s\u00e9nek&hellip; <br \/> <a class=\"read-more\" href=\"https:\/\/adminfo.umfst.ro\/hu\/az-alapkepzesek-elofelveteli-kalendariuma\/\">Read more<\/a><\/p>\n","protected":false},"author":1,"featured_media":0,"parent":0,"menu_order":0,"comment_status":"closed","ping_status":"closed","template":"","meta":{"_exactmetrics_skip_tracking":false,"_exactmetrics_sitenote_active":false,"_exactmetrics_sitenote_note":"","_exactmetrics_sitenote_category":0,"_monsterinsights_skip_tracking":false,"_monsterinsights_sitenote_active":false,"_monsterinsights_sitenote_note":"","_monsterinsights_sitenote_category":0,"footnotes":""},"class_list":["post-5729","page","type-page","status-publish","hentry"],"_links":{"self":[{"href":"https:\/\/adminfo.umfst.ro\/hu\/wp-json\/wp\/v2\/pages\/5729","targetHints":{"allow":["GET"]}}],"collection":[{"href":"https:\/\/adminfo.umfst.ro\/hu\/wp-json\/wp\/v2\/pages"}],"about":[{"href":"https:\/\/adminfo.umfst.ro\/hu\/wp-json\/wp\/v2\/types\/page"}],"author":[{"embeddable":true,"href":"https:\/\/adminfo.umfst.ro\/hu\/wp-json\/wp\/v2\/users\/1"}],"replies":[{"embeddable":true,"href":"https:\/\/adminfo.umfst.ro\/hu\/wp-json\/wp\/v2\/comments?post=5729"}],"version-history":[{"count":2,"href":"https:\/\/adminfo.umfst.ro\/hu\/wp-json\/wp\/v2\/pages\/5729\/revisions"}],"predecessor-version":[{"id":6080,"href":"https:\/\/adminfo.umfst.ro\/hu\/wp-json\/wp\/v2\/pages\/5729\/revisions\/6080"}],"wp:attachment":[{"href":"https:\/\/adminfo.umfst.ro\/hu\/wp-json\/wp\/v2\/media?parent=5729"}],"curies":[{"name":"wp","href":"https:\/\/api.w.org\/{rel}","templated":true}]}}