{"id":5726,"date":"2022-02-09T06:49:07","date_gmt":"2022-02-09T06:49:07","guid":{"rendered":"https:\/\/adminfo.umfst.ro\/?page_id=5726"},"modified":"2022-02-09T06:49:07","modified_gmt":"2022-02-09T06:49:07","slug":"felhivas","status":"publish","type":"page","link":"https:\/\/adminfo.umfst.ro\/hu\/felhivas\/","title":{"rendered":"Felh\u00edv\u00e1s"},"content":{"rendered":"\n<p>A\u00a0\u00a0Marosv\u00e1s\u00e1rhelyi \u201eGeorge Emil Palade\u201d Orvosi, Gy\u00f3gyszer\u00e9szeti, Tudom\u00e1ny \u00e9s Technol\u00f3giai Egyetem\u00a0\u00a0<strong>2022 j\u00falius 24.-\u00e9n<\/strong> felv\u00e9teli vizsg\u00e1t hirdet az eg\u00e9szs\u00e9g\u00fcgyi szakok keret\u00e9ben m\u0171k\u00f6d\u0151 6, illetve az 5 \u00e9ves alapk\u00e9pz\u00e9sekre.\u00a0<\/p>\n","protected":false},"excerpt":{"rendered":"<p>A\u00a0\u00a0Marosv\u00e1s\u00e1rhelyi \u201eGeorge Emil Palade\u201d Orvosi, Gy\u00f3gyszer\u00e9szeti, Tudom\u00e1ny \u00e9s Technol\u00f3giai Egyetem\u00a0\u00a02022 j\u00falius 24.-\u00e9n felv\u00e9teli vizsg\u00e1t hirdet az eg\u00e9szs\u00e9g\u00fcgyi szakok keret\u00e9ben m\u0171k\u00f6d\u0151 6, illetve az 5 \u00e9ves alapk\u00e9pz\u00e9sekre.\u00a0<\/p>\n","protected":false},"author":1,"featured_media":0,"parent":0,"menu_order":0,"comment_status":"closed","ping_status":"closed","template":"","meta":{"_exactmetrics_skip_tracking":false,"_exactmetrics_sitenote_active":false,"_exactmetrics_sitenote_note":"","_exactmetrics_sitenote_category":0,"_monsterinsights_skip_tracking":false,"_monsterinsights_sitenote_active":false,"_monsterinsights_sitenote_note":"","_monsterinsights_sitenote_category":0,"footnotes":""},"class_list":["post-5726","page","type-page","status-publish","hentry"],"_links":{"self":[{"href":"https:\/\/adminfo.umfst.ro\/hu\/wp-json\/wp\/v2\/pages\/5726","targetHints":{"allow":["GET"]}}],"collection":[{"href":"https:\/\/adminfo.umfst.ro\/hu\/wp-json\/wp\/v2\/pages"}],"about":[{"href":"https:\/\/adminfo.umfst.ro\/hu\/wp-json\/wp\/v2\/types\/page"}],"author":[{"embeddable":true,"href":"https:\/\/adminfo.umfst.ro\/hu\/wp-json\/wp\/v2\/users\/1"}],"replies":[{"embeddable":true,"href":"https:\/\/adminfo.umfst.ro\/hu\/wp-json\/wp\/v2\/comments?post=5726"}],"version-history":[{"count":1,"href":"https:\/\/adminfo.umfst.ro\/hu\/wp-json\/wp\/v2\/pages\/5726\/revisions"}],"predecessor-version":[{"id":5727,"href":"https:\/\/adminfo.umfst.ro\/hu\/wp-json\/wp\/v2\/pages\/5726\/revisions\/5727"}],"wp:attachment":[{"href":"https:\/\/adminfo.umfst.ro\/hu\/wp-json\/wp\/v2\/media?parent=5726"}],"curies":[{"name":"wp","href":"https:\/\/api.w.org\/{rel}","templated":true}]}}