{"id":4744,"date":"2021-07-13T10:11:28","date_gmt":"2021-07-13T10:11:28","guid":{"rendered":"https:\/\/adminfo.umfst.ro\/?page_id=4744"},"modified":"2021-07-13T10:11:29","modified_gmt":"2021-07-13T10:11:29","slug":"a-testneveles-es-sport-kepzesre-jelentkezok-figyelmebe","status":"publish","type":"page","link":"https:\/\/adminfo.umfst.ro\/hu\/a-testneveles-es-sport-kepzesre-jelentkezok-figyelmebe\/","title":{"rendered":"A Testnevel\u00e9s \u00e9s sport k\u00e9pz\u00e9sre jelentkez\u0151k figyelm\u00e9be"},"content":{"rendered":"\n<p><strong>Ingyenes felk\u00e9sz\u00edt\u00e9s a Testnevel\u00e9s \u00e9s sport szakra jelentkez\u0151k sz\u00e1m\u00e1ra<\/strong><\/p>\n\n\n\n<p><strong>A MOGyTTE a Testnevel\u00e9s \u00e9s sport szakra felv\u00e9teliz\u0151k sz\u00e1m\u00e1ra INGYENES felk\u00e9sz\u00fcl\u00e9si lehet\u0151s\u00e9get biztos\u00edt az egyetemi kampusz sportp\u00e1ly\u00e1in (terenurile de minifotbal de l\u00e2ng\u0103 Sala de Sport \u201eDr. Anton Pongracz\u201d), a k\u00f6vetkez\u0151 program szerint:<\/strong><\/p>\n\n\n\n<ul class=\"wp-block-list\"><li><strong>2021. 07.13, 10.00-12.00 \u00f3ra&nbsp;<\/strong><\/li><li><strong>2021. 07.14, 17.00-19.00 \u00f3ra &nbsp;<\/strong><\/li><\/ul>\n\n\n\n<p><strong>A jel\u00f6ltek felk\u00e9sz\u00edt\u00e9s\u00e9t az egyetem Testnevel\u00e9s \u00e9s sport Tansz\u00e9k oktat\u00f3i v\u00e9gzik.<\/strong><\/p>\n\n\n\n<p><strong>Megjegyz\u00e9s: afelk\u00e9sz\u00edt\u0151k\u00f6n a&nbsp;&nbsp;sportfelszerel\u00e9s k\u00f6telez\u0151<\/strong><strong>!<\/strong><strong>&nbsp;<\/strong><\/p>\n","protected":false},"excerpt":{"rendered":"<p>Ingyenes felk\u00e9sz\u00edt\u00e9s a Testnevel\u00e9s \u00e9s sport szakra jelentkez\u0151k sz\u00e1m\u00e1ra A MOGyTTE a Testnevel\u00e9s \u00e9s sport szakra felv\u00e9teliz\u0151k sz\u00e1m\u00e1ra INGYENES felk\u00e9sz\u00fcl\u00e9si lehet\u0151s\u00e9get biztos\u00edt az egyetemi kampusz sportp\u00e1ly\u00e1in (terenurile de minifotbal de l\u00e2ng\u0103 Sala de Sport \u201eDr. Anton Pongracz\u201d), a k\u00f6vetkez\u0151 program szerint: 2021. 07.13, 10.00-12.00 \u00f3ra&nbsp; 2021. 07.14, 17.00-19.00 \u00f3ra &nbsp; A jel\u00f6ltek felk\u00e9sz\u00edt\u00e9s\u00e9t az egyetem&hellip; <br \/> <a class=\"read-more\" href=\"https:\/\/adminfo.umfst.ro\/hu\/a-testneveles-es-sport-kepzesre-jelentkezok-figyelmebe\/\">Read more<\/a><\/p>\n","protected":false},"author":1,"featured_media":0,"parent":0,"menu_order":0,"comment_status":"closed","ping_status":"closed","template":"","meta":{"_exactmetrics_skip_tracking":false,"_exactmetrics_sitenote_active":false,"_exactmetrics_sitenote_note":"","_exactmetrics_sitenote_category":0,"_monsterinsights_skip_tracking":false,"_monsterinsights_sitenote_active":false,"_monsterinsights_sitenote_note":"","_monsterinsights_sitenote_category":0,"footnotes":""},"class_list":["post-4744","page","type-page","status-publish","hentry"],"_links":{"self":[{"href":"https:\/\/adminfo.umfst.ro\/hu\/wp-json\/wp\/v2\/pages\/4744","targetHints":{"allow":["GET"]}}],"collection":[{"href":"https:\/\/adminfo.umfst.ro\/hu\/wp-json\/wp\/v2\/pages"}],"about":[{"href":"https:\/\/adminfo.umfst.ro\/hu\/wp-json\/wp\/v2\/types\/page"}],"author":[{"embeddable":true,"href":"https:\/\/adminfo.umfst.ro\/hu\/wp-json\/wp\/v2\/users\/1"}],"replies":[{"embeddable":true,"href":"https:\/\/adminfo.umfst.ro\/hu\/wp-json\/wp\/v2\/comments?post=4744"}],"version-history":[{"count":1,"href":"https:\/\/adminfo.umfst.ro\/hu\/wp-json\/wp\/v2\/pages\/4744\/revisions"}],"predecessor-version":[{"id":4745,"href":"https:\/\/adminfo.umfst.ro\/hu\/wp-json\/wp\/v2\/pages\/4744\/revisions\/4745"}],"wp:attachment":[{"href":"https:\/\/adminfo.umfst.ro\/hu\/wp-json\/wp\/v2\/media?parent=4744"}],"curies":[{"name":"wp","href":"https:\/\/api.w.org\/{rel}","templated":true}]}}