{"id":4661,"date":"2021-06-24T08:02:19","date_gmt":"2021-06-24T08:02:19","guid":{"rendered":"https:\/\/adminfo.umfst.ro\/?page_id=4661"},"modified":"2021-06-24T08:02:20","modified_gmt":"2021-06-24T08:02:20","slug":"hataron-tuli-romanok-es-idegen-allampolgarok","status":"publish","type":"page","link":"https:\/\/adminfo.umfst.ro\/hu\/hataron-tuli-romanok-es-idegen-allampolgarok\/","title":{"rendered":"Hat\u00e1ron t\u00fali rom\u00e1nok \u00e9s idegen \u00e1llampolg\u00e1rok"},"content":{"rendered":"\t\t<div data-elementor-type=\"wp-page\" data-elementor-id=\"4661\" class=\"elementor elementor-4661 elementor-4505\" data-elementor-post-type=\"page\">\n\t\t\t\t\t\t<section class=\"elementor-section elementor-top-section elementor-element elementor-element-3ffdde5c elementor-section-boxed elementor-section-height-default elementor-section-height-default\" data-id=\"3ffdde5c\" data-element_type=\"section\">\n\t\t\t\t\t\t<div class=\"elementor-container elementor-column-gap-default\">\n\t\t\t\t\t<div class=\"elementor-column elementor-col-100 elementor-top-column elementor-element elementor-element-29477799\" data-id=\"29477799\" data-element_type=\"column\">\n\t\t\t<div class=\"elementor-widget-wrap elementor-element-populated\">\n\t\t\t\t\t\t<div class=\"elementor-element elementor-element-164dd273 elementor-widget elementor-widget-text-editor\" data-id=\"164dd273\" data-element_type=\"widget\" data-widget_type=\"text-editor.default\">\n\t\t\t\t<div class=\"elementor-widget-container\">\n\t\t\t\t\t\t\t\t\t\n<p><strong>INFORMA\u021aII PENTRU <u>CET\u0102\u021aENII STR\u0102INI<\/u><\/strong><\/p>\n<p><strong>IMPORTANT:<\/strong>\u00a0ca urmare a aplic\u0103rii Regulamentului (UE) 2016\/679 a Parlamentului European \u0219i Consiliului privind protec\u021bia persoanelor fizice \u00een ceea ce prive\u0219te prelucrarea datelor cu caracter personal \u0219i privind libera circula\u021bie a acestor date \u00een toate statele membre ale UE, to\u021bi candida\u021bii vor completa \u0219i transmite odat\u0103 cu dosarul personal\u00a0<strong>declara\u021bia de consim\u021b\u0103m\u00e2nt<\/strong>, care se poate descarc\u0103 de\u00a0<a href=\"https:\/\/adminfo.umfst.ro\/wp-content\/uploads\/2021\/06\/declaratie-de-consimtamant.pdf\">aici<\/a>.<\/p>\n<p><a href=\"https:\/\/adminfo.umfst.ro\/wp-content\/uploads\/2021\/06\/Informatii-suplimentare_cetateni-straini_2021-1.pdf\" target=\"_blank\" rel=\"noopener\"><u>Informa\u021bii suplimentare legate de \u00eenscrierea \u0219i condi\u021biile de participare la concursul de admitere sesiunea <strong>IULIE<\/strong> 2021 pentru candida\u021bi <strong>cet\u0103\u021beni ai unui stat membru al UE, SEE sau CE<\/strong><\/u>.<\/a><\/p>\n<p><strong>\u00a0<\/strong><\/p>\n<p><strong>INFORMA\u021aII PENTRU <u>ROM\u00c2NII DE PRETUTINDENI<\/u><\/strong><\/p>\n<p>Admiterea la studii universitare de <strong>licen\u021b\u0103<\/strong> a candida\u021bilor <strong>rom\u00e2ni de pretutindeni <\/strong>\u00een anul universitar <strong>2021\/2022<\/strong><\/p>\n<p>Sesiunea <strong>IULIE<\/strong> 2021<\/p>\n<p>Pentru admiterea la studii universitare de licen\u021b\u0103 a candida\u021bilor <strong>rom\u00e2ni de pretutindeni<\/strong> \u00een anul universitar <strong>2021\/2022<\/strong> se aplic\u0103 prevederile <a href=\"https:\/\/adminfo.umfst.ro\/wp-content\/uploads\/2021\/06\/Metodologie-inv-superior-2017-aprobata-prin-Ordin-comun-MEN_MAE_MRP.pdf\" target=\"_blank\" rel=\"noopener\"><em><u>Metodologiei de \u0219colarizare a rom\u00e2nilor de pretutindeni \u00een \u00eenv\u0103\u021b\u0103m\u00e2ntul superior de stat din Rom\u00e2nia, pe locuri de studii f\u0103r\u0103 plata taxelor de \u0219colarizare, dar cu burs\u0103, respectiv, f\u0103r\u0103 plata taxelor de \u0219colarizare, dar f\u0103r\u0103 burs\u0103, \u00eencep\u00e2nd cu anul universitar 2017-2018<\/u><\/em><u>, aprobat\u0103 prin ordinul comun MEN nr. 3900\/2017, MAE nr. A10\/2046\/2017 \u0219i MRP nr. C\/129\/2017, publicat\u0103 \u00een Monitorul Oficial nr. 628\/02.08.2017.<\/u><\/a><\/p>\n<p>\u00a0<\/p>\n<p><a href=\"https:\/\/www.umfst.ro\/fileadmin\/admitere\/admitere2020\/rom_pret\/cifra_de_scolarizare_romanii_de_pretutindeni_2020_2021.pdf\"><strong>OFERTA LOCURILOR DE STUDII PENTRU CANDIDA\u021aII ROM\u00c2NI DE PRETUTINDENI<\/strong><\/a><\/p>\n<p>Pentru anul universitar <strong>2021\/2022<\/strong>, Ministerul Educa\u021biei a alocat Universit\u0103\u021bii de Medicin\u0103, Farmacie, \u0218tiin\u021be \u0219i Tehnologie \u201eGeorge Emil Palade\u201d din T\u00e2rgu Mure\u0219 un num\u0103r de <strong>32 locuri\/granturi de studii finan\u021bate de la bugetul de stat<\/strong> pentru studii universitare de <strong>licen\u021b\u0103<\/strong>, pentru <strong>rom\u00e2nii de pretutindeni<\/strong>, astfel:<\/p>\n<ul>\n<li><strong>22 locuri<\/strong> f\u0103r\u0103 plata taxelor de \u0219colarizare, dar <strong><u>cu<\/u><\/strong> <strong>burs\u0103<\/strong><\/li>\n<li><strong>10 locuri<\/strong> f\u0103r\u0103 plata taxelor de \u0219colarizare, dar <strong><u>f\u0103r\u0103<\/u><\/strong> <strong>burs\u0103<\/strong><\/li>\n<\/ul>\n<p><a href=\"https:\/\/adminfo.umfst.ro\/wp-content\/uploads\/2021\/06\/Cifra-de-scolarizare_RP_Adresa-ME_DGRIAE_nr.-0897-din-11.05.2021.pdf\">Cifra de \u0219colarizare pentru romanii de pretutindeni<\/a><\/p>\n<p>\u00a0<\/p>\n<p><strong>CALENDARUL pentru admiterea \u0219i evaluarea dosarelor candida\u021bilor \u00eenscri\u0219i pe locurile \u201eRom\u00e2ni de pretutindeni\u2019\u2019 pentru anul universitar 2021\/2022:<\/strong><\/p>\n<table width=\"623\">\n<tbody>\n<tr>\n<td width=\"255\">\n<p>6 iulie 2021 \u2013 13 iulie 2021<\/p>\n<\/td>\n<td width=\"369\">\n<p>Depunerea dosarelor<\/p>\n<\/td>\n<\/tr>\n<tr>\n<td width=\"255\">\n<p>17 iulie 2021 \u2013 20 iulie 2021<\/p>\n<\/td>\n<td width=\"369\">\n<p>Evaluarea dosarelor<\/p>\n<\/td>\n<\/tr>\n<tr>\n<td width=\"255\">\n<p>21 iulie 2021<\/p>\n<\/td>\n<td width=\"369\">\n<p>Afi\u0219area rezultatelor pe site-ul universit\u0103\u021bii<\/p>\n<\/td>\n<\/tr>\n<tr>\n<td width=\"255\">\n<p>21 \u2013 22 iulie 2021<\/p>\n<\/td>\n<td width=\"369\">\n<p>Depunerea contesta\u021biilor<\/p>\n<\/td>\n<\/tr>\n<tr>\n<td width=\"255\">\n<p>23 iulie 2021<\/p>\n<\/td>\n<td width=\"369\">\n<p>Rezolvarea contesta\u021biilor<\/p>\n<\/td>\n<\/tr>\n<tr>\n<td width=\"255\">\n<p>23 iulie 2021<\/p>\n<\/td>\n<td width=\"369\">\n<p>Afi\u0219area rezultatelor finale<\/p>\n<\/td>\n<\/tr>\n<\/tbody>\n<\/table>\n<p>\u00a0<\/p>\n<p>Dosarele de candidatur\u0103 vor con\u021bine documentele prev\u0103zute \u00een Metodologia de \u0219colarizare a rom\u00e2nilor de pretutindeni \u0219i obligatoriu\u00a0<strong>Declara\u021bia privind apartenen\u021ba la identitatea cultural\u0103 rom\u00e2n\u0103<\/strong>\u00a0(Anexa 3 la Metodologie),<strong>\u00a0Declara\u021bie pe propria r\u0103spundere c\u0103 nu de\u021bine domiciliul \u00een Rom\u00e2nia<\/strong>\u00a0(Declara\u021bie de domiciliu) \u0219i <strong>Declara\u021bie de consim\u021b\u0103m\u00e2nt<\/strong>.<\/p>\n<p><a href=\"https:\/\/adminfo.umfst.ro\/wp-content\/uploads\/2021\/06\/Anexa-3-Declaratie-apartenenta.pdf\">Declara\u021bia privind apartenen\u021ba la identitatea cultural\u0103 rom\u00e2n\u0103<\/a><\/p>\n<p><a href=\"https:\/\/adminfo.umfst.ro\/wp-content\/uploads\/2021\/06\/declaratie-de-domiciliu.pdf\">Declara\u021bie de domiciliu<\/a><\/p>\n<p><a href=\"https:\/\/adminfo.umfst.ro\/wp-content\/uploads\/2021\/06\/declaratie-de-consimtamant.pdf\">Declara\u021bie de consim\u021b\u0103m\u00e2nt<\/a><\/p>\n<p><a href=\"https:\/\/adminfo.umfst.ro\/wp-content\/uploads\/2021\/06\/Fisa_de_inscriere_RP_2021_2022.doc\">Fi\u0219a de \u00eenscriere<\/a><\/p>\n<p><span style=\"color: #ff0000;\">Conform adresei primite de la Ministerul Educa\u021biei \u0219i Cercet\u0103rii cu nr. 4942 din 02 iulie 2020,\u00a0<strong>candida\u021bii din\u00a0<u>REPUBLICA MOLDOVA<\/u><\/strong>\u00a0nu trebuie s\u0103 prezinte <strong>Declara\u021bia de apartenen\u021b\u0103 la identitatea cultural\u0103 rom\u00e2n\u0103<\/strong>.<\/span><\/p>\n<p>Dosarele de candidatur\u0103 se vor transmite \u00een perioada <strong>6 iulie 2021 \u2013 13 iulie 2021<\/strong>, \u00een format electronic, la urm\u0103toarele adrese de e-mail:<\/p>\n<ul>\n<li>pentru\u00a0<strong>Facult\u0103\u021bile de Medicin\u0103, Medicin\u0103 dentar\u0103 \u0219i Farmacie<\/strong><strong>:<\/strong><\/li>\n<\/ul>\n<p>\u00a0\u00a0\u00a0\u00a0\u00a0\u00a0 <a href=\"mailto:dosarerompret@umfst.ro\">dosarerompret@umfst.ro<\/a><\/p>\n<ul>\n<li>pentru\u00a0<strong>Facult\u0103\u021bile de Inginerie \u0219i Tehnologia Informa\u021biei, \u0218tiin\u021be \u0219i Litere \u201ePetru Maior\u201d \u0219i Economie \u0219i Drept<\/strong>:\u00a0<\/li>\n<\/ul>\n<p><a href=\"mailto:dosaradmitere_rp@umfst.ro\">dosaradmitere_rp@umfst.ro<\/a> \u00a0<\/p>\n<p><strong>OBSERVA\u021aIE!<\/strong><\/p>\n<p>Selec\u021bia candida\u021bilor se realizeaz\u0103 conform criteriilor din Fi\u0219a de evaluare.<\/p>\n<p>Fi\u0219\u0103 de evaluare \u2013 Facult\u0103\u021bile de Medicin\u0103, Medicin\u0103 Dentar\u0103 \u0219i Farmacie<\/p>\n<p>Fi\u0219\u0103 de evaluare \u2013 Facult\u0103\u021bile de Inginerie \u0219i Tehnologia Informa\u021biei, \u0218tiin\u021be \u0219i Litere \u201ePetru Maior\u201d \u0219i Economie \u0219i Drept<\/p>\n<p>\u00a0<\/p>\n<p>Rom\u00e2nii de pretutindeni pot candida asemeni cet\u0103\u021benilor rom\u00e2ni la Admiterea 2021\u00a0<strong>doar pe locurile cu tax\u0103<\/strong>, cu men\u021biunea c\u0103 vor r\u0103m\u00e2ne pe acest tip de loc pe toat\u0103 durata studiilor!!!<\/p>\n<p>\u00a0<br \/><strong>IMPORTANT!<br \/><\/strong>Fiecare candidat va trimite un singur e-mail la care vor fi ata\u0219ate toate documentele solicitate pentru \u00eenscriere. La subiect se vor completa \u021bara de domiciliu \u0219i numele candidatului.<\/p>\n<p>Documentele vor fi exclusiv \u00een format PDF!<\/p>\n<p><strong>Dosarele incomplete nu vor fi procesate!<\/strong><\/p>\n<p>\u00a0<\/p>\n<p>\u00a0<\/p>\n<p>\u00a0<\/p>\n<p>\u00a0<\/p>\n<p>\u00a0<\/p>\n<p>\u00a0<\/p>\n<p>\u00a0<\/p>\n\t\t\t\t\t\t\t\t<\/div>\n\t\t\t\t<\/div>\n\t\t\t\t\t<\/div>\n\t\t<\/div>\n\t\t\t\t\t<\/div>\n\t\t<\/section>\n\t\t\t\t<\/div>\n\t\t","protected":false},"excerpt":{"rendered":"<p>A felv\u00e9telivel kapcsolatos infom\u00e1ci\u00f3k\u00a0itt \u00e9rhet\u0151k el\u00a0<\/p>\n","protected":false},"author":1,"featured_media":0,"parent":0,"menu_order":0,"comment_status":"closed","ping_status":"closed","template":"","meta":{"_exactmetrics_skip_tracking":false,"_exactmetrics_sitenote_active":false,"_exactmetrics_sitenote_note":"","_exactmetrics_sitenote_category":0,"_monsterinsights_skip_tracking":false,"_monsterinsights_sitenote_active":false,"_monsterinsights_sitenote_note":"","_monsterinsights_sitenote_category":0,"footnotes":""},"class_list":["post-4661","page","type-page","status-publish","hentry"],"_links":{"self":[{"href":"https:\/\/adminfo.umfst.ro\/hu\/wp-json\/wp\/v2\/pages\/4661","targetHints":{"allow":["GET"]}}],"collection":[{"href":"https:\/\/adminfo.umfst.ro\/hu\/wp-json\/wp\/v2\/pages"}],"about":[{"href":"https:\/\/adminfo.umfst.ro\/hu\/wp-json\/wp\/v2\/types\/page"}],"author":[{"embeddable":true,"href":"https:\/\/adminfo.umfst.ro\/hu\/wp-json\/wp\/v2\/users\/1"}],"replies":[{"embeddable":true,"href":"https:\/\/adminfo.umfst.ro\/hu\/wp-json\/wp\/v2\/comments?post=4661"}],"version-history":[{"count":1,"href":"https:\/\/adminfo.umfst.ro\/hu\/wp-json\/wp\/v2\/pages\/4661\/revisions"}],"predecessor-version":[{"id":4662,"href":"https:\/\/adminfo.umfst.ro\/hu\/wp-json\/wp\/v2\/pages\/4661\/revisions\/4662"}],"wp:attachment":[{"href":"https:\/\/adminfo.umfst.ro\/hu\/wp-json\/wp\/v2\/media?parent=4661"}],"curies":[{"name":"wp","href":"https:\/\/api.w.org\/{rel}","templated":true}]}}