{"id":4642,"date":"2021-06-24T07:43:11","date_gmt":"2021-06-24T07:43:11","guid":{"rendered":"https:\/\/adminfo.umfst.ro\/?page_id=4642"},"modified":"2021-06-24T07:47:43","modified_gmt":"2021-06-24T07:47:43","slug":"a-jeloltek-elbiralasa-3-vagy-4-eves-kepzesek","status":"publish","type":"page","link":"https:\/\/adminfo.umfst.ro\/hu\/a-jeloltek-elbiralasa-3-vagy-4-eves-kepzesek\/","title":{"rendered":"A jel\u00f6ltek elb\u00edr\u00e1l\u00e1sa &#8211; 3 \u00e9s 4 \u00e9ves k\u00e9pz\u00e9sek"},"content":{"rendered":"\t\t<div data-elementor-type=\"wp-page\" data-elementor-id=\"4642\" class=\"elementor elementor-4642 elementor-4536\" data-elementor-post-type=\"page\">\n\t\t\t\t\t\t<section class=\"elementor-section elementor-top-section elementor-element elementor-element-659dab7 elementor-section-boxed elementor-section-height-default elementor-section-height-default\" data-id=\"659dab7\" data-element_type=\"section\">\n\t\t\t\t\t\t<div class=\"elementor-container elementor-column-gap-default\">\n\t\t\t\t\t<div class=\"elementor-column elementor-col-100 elementor-top-column elementor-element elementor-element-c5aeedb\" data-id=\"c5aeedb\" data-element_type=\"column\">\n\t\t\t<div class=\"elementor-widget-wrap elementor-element-populated\">\n\t\t\t\t\t\t\t<\/div>\n\t\t<\/div>\n\t\t\t\t\t<\/div>\n\t\t<\/section>\n\t\t\t\t<section class=\"elementor-section elementor-top-section elementor-element elementor-element-131f10b elementor-section-boxed elementor-section-height-default elementor-section-height-default\" data-id=\"131f10b\" data-element_type=\"section\">\n\t\t\t\t\t\t<div class=\"elementor-container elementor-column-gap-default\">\n\t\t\t\t\t<div class=\"elementor-column elementor-col-100 elementor-top-column elementor-element elementor-element-fd4cd85\" data-id=\"fd4cd85\" data-element_type=\"column\">\n\t\t\t<div class=\"elementor-widget-wrap elementor-element-populated\">\n\t\t\t\t\t\t<div class=\"elementor-element elementor-element-4b700fe elementor-widget elementor-widget-text-editor\" data-id=\"4b700fe\" data-element_type=\"widget\" data-widget_type=\"text-editor.default\">\n\t\t\t\t<div class=\"elementor-widget-container\">\n\t\t\t\t\t\t\t\t\t<p>A 3 illetve a 4 \u00e9ves k\u00e9pz\u00e9sekre beiratkozott jel\u00f6ltek rangsorol\u00e1sa (kiv\u00e9telt k\u00e9pez a testnevel\u00e9s \u00e9s sport szak) a\u00a0\u00a0beny\u00fajtott dossz\u00e1r \u00e9rt\u00e9kel\u00e9s\u00e9n alapul\u00f3\u00a0\u00a0felv\u00e9teli vizsg\u00e1n\u00a0\u00a0el\u00e9rt \u00e9rdemjegy alapj\u00e1n t\u00f6rt\u00e9nik, cs\u00f6kken\u0151 sorrendben\u00a0\u00a0a k\u00f6vetkez\u0151k\u00e9ppen:\u00a0<\/p>\n<p>Az el\u0151felv\u00e9teli v\u00e9gs\u0151 jegye = 60% a IX-XI tanulm\u00e1nyi \u00e9vek sz\u00e1mtani k\u00f6z\u00e9par\u00e1nyosa + 40% a v\u00e1lasztott k\u00e9pz\u00e9si szak szempontj\u00e1b\u00f3l relev\u00e1ns tant\u00e1rgy \u00e9vekre lebontott m\u00e9di\u00e1j\u00e1nak sz\u00e1mtani k\u00f6z\u00e9par\u00e1nyosa*<\/p>\n<p>* IX \u00e9s X oszt\u00e1ly (ha a relev\u00e1ns tant\u00e1rgyat csak IX. illetve X. osztlyban tanulta) vagy IX, X \u00e9s XI oszt\u00e1ly (ha a relev\u00e1ns tant\u00e1rgyat XI. osztlyban is tanulta)<\/p>\n<p style=\"text-align: center;\"><a href=\"https:\/\/adminfo.umfst.ro\/evaluare-candidati-2\/\" data-rich-text-format-boundary=\"true\">Sz\u00e1mold ki a felv\u00e9teli \u00e9rdemjegyed<\/a><\/p>\t\t\t\t\t\t\t\t<\/div>\n\t\t\t\t<\/div>\n\t\t\t\t\t<\/div>\n\t\t<\/div>\n\t\t\t\t\t<\/div>\n\t\t<\/section>\n\t\t\t\t<\/div>\n\t\t","protected":false},"excerpt":{"rendered":"<p>A 3 illetve a 4 \u00e9ves k\u00e9pz\u00e9sekre beiratkozott jel\u00f6ltek rangsorol\u00e1sa (kiv\u00e9telt k\u00e9pez a testnevel\u00e9s \u00e9s sport szak) a&nbsp;&nbsp;beny\u00fajtott dossz\u00e1r \u00e9rt\u00e9kel\u00e9s\u00e9n alapul\u00f3&nbsp;&nbsp;felv\u00e9teli vizsg\u00e1n&nbsp;&nbsp;el\u00e9rt \u00e9rdemjegy alapj\u00e1n t\u00f6rt\u00e9nik, cs\u00f6kken\u0151 sorrendben&nbsp;&nbsp;a k\u00f6vetkez\u0151k\u00e9ppen:&nbsp; Az el\u0151felv\u00e9teli v\u00e9gs\u0151 jegye = 60% a IX-XI tanulm\u00e1nyi \u00e9vek sz\u00e1mtani k\u00f6z\u00e9par\u00e1nyosa + 40% a v\u00e1lasztott k\u00e9pz\u00e9si szak szempontj\u00e1b\u00f3l relev\u00e1ns tant\u00e1rgy \u00e9vekre lebontott m\u00e9di\u00e1j\u00e1nak sz\u00e1mtani k\u00f6z\u00e9par\u00e1nyosa* *&hellip; <br \/> <a class=\"read-more\" href=\"https:\/\/adminfo.umfst.ro\/hu\/a-jeloltek-elbiralasa-3-vagy-4-eves-kepzesek\/\">Read more<\/a><\/p>\n","protected":false},"author":1,"featured_media":0,"parent":0,"menu_order":0,"comment_status":"closed","ping_status":"closed","template":"","meta":{"_exactmetrics_skip_tracking":false,"_exactmetrics_sitenote_active":false,"_exactmetrics_sitenote_note":"","_exactmetrics_sitenote_category":0,"_monsterinsights_skip_tracking":false,"_monsterinsights_sitenote_active":false,"_monsterinsights_sitenote_note":"","_monsterinsights_sitenote_category":0,"footnotes":""},"class_list":["post-4642","page","type-page","status-publish","hentry"],"_links":{"self":[{"href":"https:\/\/adminfo.umfst.ro\/hu\/wp-json\/wp\/v2\/pages\/4642","targetHints":{"allow":["GET"]}}],"collection":[{"href":"https:\/\/adminfo.umfst.ro\/hu\/wp-json\/wp\/v2\/pages"}],"about":[{"href":"https:\/\/adminfo.umfst.ro\/hu\/wp-json\/wp\/v2\/types\/page"}],"author":[{"embeddable":true,"href":"https:\/\/adminfo.umfst.ro\/hu\/wp-json\/wp\/v2\/users\/1"}],"replies":[{"embeddable":true,"href":"https:\/\/adminfo.umfst.ro\/hu\/wp-json\/wp\/v2\/comments?post=4642"}],"version-history":[{"count":6,"href":"https:\/\/adminfo.umfst.ro\/hu\/wp-json\/wp\/v2\/pages\/4642\/revisions"}],"predecessor-version":[{"id":4651,"href":"https:\/\/adminfo.umfst.ro\/hu\/wp-json\/wp\/v2\/pages\/4642\/revisions\/4651"}],"wp:attachment":[{"href":"https:\/\/adminfo.umfst.ro\/hu\/wp-json\/wp\/v2\/media?parent=4642"}],"curies":[{"name":"wp","href":"https:\/\/api.w.org\/{rel}","templated":true}]}}