{"id":4639,"date":"2021-06-24T07:41:23","date_gmt":"2021-06-24T07:41:23","guid":{"rendered":"https:\/\/adminfo.umfst.ro\/?page_id=4639"},"modified":"2021-06-24T07:41:24","modified_gmt":"2021-06-24T07:41:24","slug":"a-jeloltek-elbiralasa-5-es-6-eves-kepzesek","status":"publish","type":"page","link":"https:\/\/adminfo.umfst.ro\/hu\/a-jeloltek-elbiralasa-5-es-6-eves-kepzesek\/","title":{"rendered":"A jel\u00f6ltek elb\u00edr\u00e1l\u00e1sa &#8211; 5 \u00e9s 6 \u00e9ves k\u00e9pz\u00e9sek"},"content":{"rendered":"\t\t<div data-elementor-type=\"wp-page\" data-elementor-id=\"4639\" class=\"elementor elementor-4639 elementor-4588\" data-elementor-post-type=\"page\">\n\t\t\t\t\t\t<section class=\"elementor-section elementor-top-section elementor-element elementor-element-930957c elementor-section-boxed elementor-section-height-default elementor-section-height-default\" data-id=\"930957c\" data-element_type=\"section\">\n\t\t\t\t\t\t<div class=\"elementor-container elementor-column-gap-default\">\n\t\t\t\t\t<div class=\"elementor-column elementor-col-100 elementor-top-column elementor-element elementor-element-885ccfa\" data-id=\"885ccfa\" data-element_type=\"column\">\n\t\t\t<div class=\"elementor-widget-wrap elementor-element-populated\">\n\t\t\t\t\t\t<div class=\"elementor-element elementor-element-87a2e33 elementor-widget elementor-widget-text-editor\" data-id=\"87a2e33\" data-element_type=\"widget\" data-widget_type=\"text-editor.default\">\n\t\t\t\t<div class=\"elementor-widget-container\">\n\t\t\t\t\t\t\t\t\t<p>Clasificarea candida\u021bilor \u00eenscri\u0219i la programele de 6 sau 5 ani de la Facultatea de Medicin\u0103, Facultatea de Medicin\u0103 Dentar\u0103 \u0219i Facultatea de Farmacie se face \u00een ordinea descresc\u0103toare a mediilor ob\u021binute la examenul de admitere, astfel:<\/p><p><strong>Not\u0103 final\u0103 admitere = 90% x nota de la proba scris\u0103 + 10% x media general\u0103 de la examenul de bacalaureat<\/strong><\/p><p>Concursul de admitere se va desf\u0103\u0219ura pe baza unor chestionare (teste) con\u021bin\u00e2nd 100 de \u00eentreb\u0103ri cu r\u0103spunsuri multiple.<\/p><p>Candida\u021bii \u00eenscri\u0219i la programul de studiu Medicin\u0103 Militar\u0103, \u00een cazul \u00een care nu vor fi admi\u0219i pe loc la acest program de studiu, vor fi clasifica\u021bi \u00een ordinea mediei ob\u021binute la admitere \u0219i \u00een cadrul programului de studiu Medicin\u0103, cu achitarea unei singure taxe de \u00eenscriere.<\/p>\t\t\t\t\t\t\t\t<\/div>\n\t\t\t\t<\/div>\n\t\t\t\t\t<\/div>\n\t\t<\/div>\n\t\t\t\t\t<\/div>\n\t\t<\/section>\n\t\t\t\t<\/div>\n\t\t","protected":false},"excerpt":{"rendered":"<p>Az Orvositudom\u00e9nyi, Fogorvostudom\u00e1nyi \u00e9s G\u00f3gyszer\u00e9szeti karok keret\u00e9ben indul\u00f3 6 illetve a 5 \u00e9ves k\u00e9pz\u00e9sekre beiratkozott jel\u00f6ltek rangsorol\u00e1sa a felv\u00e9teli vizsg\u00e1n&nbsp;&nbsp;el\u00e9rt \u00e1tlageredm\u00e9nyek cs\u00f6kken\u0151 sorendj\u00e1ben&nbsp;&nbsp;t\u00f6rt\u00e9nik&nbsp;&nbsp;a k\u00f6vetkez\u0151k\u00e9ppen:&nbsp; A felv\u00e9teli v\u00e9gs\u0151 jegye=90% x&nbsp;az \u00edr\u00e1sbeli vizsga (teszt) jegye&nbsp;+ 10% x&nbsp;az \u00e9retts\u00e9gi vizsga jegyeinek \u00e1tlaga&nbsp; A felv\u00e9teli vizsga&nbsp;a&nbsp;r\u00e1csteszt 100 \u201cfeleletv\u00e1laszt\u00f3s\u201d k\u00e9rd\u00e9sb\u0151l \u00e1ll, t\u00f6bb helyes v\u00e1lasz lehet\u0151s\u00e9g\u00e9vel. A katonaorvosi k\u00e9pz\u00e9sre beiratkozott, de&hellip; <br \/> <a class=\"read-more\" href=\"https:\/\/adminfo.umfst.ro\/hu\/a-jeloltek-elbiralasa-5-es-6-eves-kepzesek\/\">Read more<\/a><\/p>\n","protected":false},"author":1,"featured_media":0,"parent":0,"menu_order":0,"comment_status":"closed","ping_status":"closed","template":"","meta":{"_exactmetrics_skip_tracking":false,"_exactmetrics_sitenote_active":false,"_exactmetrics_sitenote_note":"","_exactmetrics_sitenote_category":0,"_monsterinsights_skip_tracking":false,"_monsterinsights_sitenote_active":false,"_monsterinsights_sitenote_note":"","_monsterinsights_sitenote_category":0,"footnotes":""},"class_list":["post-4639","page","type-page","status-publish","hentry"],"_links":{"self":[{"href":"https:\/\/adminfo.umfst.ro\/hu\/wp-json\/wp\/v2\/pages\/4639","targetHints":{"allow":["GET"]}}],"collection":[{"href":"https:\/\/adminfo.umfst.ro\/hu\/wp-json\/wp\/v2\/pages"}],"about":[{"href":"https:\/\/adminfo.umfst.ro\/hu\/wp-json\/wp\/v2\/types\/page"}],"author":[{"embeddable":true,"href":"https:\/\/adminfo.umfst.ro\/hu\/wp-json\/wp\/v2\/users\/1"}],"replies":[{"embeddable":true,"href":"https:\/\/adminfo.umfst.ro\/hu\/wp-json\/wp\/v2\/comments?post=4639"}],"version-history":[{"count":1,"href":"https:\/\/adminfo.umfst.ro\/hu\/wp-json\/wp\/v2\/pages\/4639\/revisions"}],"predecessor-version":[{"id":4640,"href":"https:\/\/adminfo.umfst.ro\/hu\/wp-json\/wp\/v2\/pages\/4639\/revisions\/4640"}],"wp:attachment":[{"href":"https:\/\/adminfo.umfst.ro\/hu\/wp-json\/wp\/v2\/media?parent=4639"}],"curies":[{"name":"wp","href":"https:\/\/api.w.org\/{rel}","templated":true}]}}