{"id":4634,"date":"2021-06-24T07:38:18","date_gmt":"2021-06-24T07:38:18","guid":{"rendered":"https:\/\/adminfo.umfst.ro\/?page_id=4634"},"modified":"2021-06-24T07:38:19","modified_gmt":"2021-06-24T07:38:19","slug":"kepzesi-kinalat-2","status":"publish","type":"page","link":"https:\/\/adminfo.umfst.ro\/hu\/kepzesi-kinalat-2\/","title":{"rendered":"K\u00e9pz\u00e9si k\u00edn\u00e1lat"},"content":{"rendered":"\n<p><strong>K\u00c9PZ\u00c9SI K\u00edN\u00c1LAT MOGyTTE 2021-ALAPK\u00c9PZ\u00c9S<\/strong><\/p>\n\n\n\n<p><strong>A 2021 FELV\u00c9TELIN MEGHIRDETETT \u00d6SSZES OKTAT\u00c1SI PROGRAM EL\u00c9RHET\u0150 A K\u00d6VETKEZ\u0150 LINKEN<\/strong>:\u00a0<\/p>\n\n\n\n<a href=\"https:\/\/adminfo.umfst.ro\/oferta-educationala-3\/\">https:\/\/adminfo.umfst.ro\/oferta-educationala-3\/<\/a>\n\n\n\n<p><strong>MAGYAR NYELV\u0170 OKTAT\u00c1SI PROGRAMOK&nbsp;<\/strong><\/p>\n\n\n\n<p><strong>\u00c1LTAL\u00c1NOS ORVOS:&nbsp;<\/strong>Az&nbsp;Orvostudom\u00e1nyi Kar keret\u00e9ben m\u0171k\u00f6d\u0151, a Rom\u00e1niai Fels\u0151oktat\u00e1s Min\u0151s\u00e9g\u00e9t Biztos\u00edt\u00f3 \u00dcgyn\u00f6ks\u00e9g&nbsp; (ARACIS) \u00e1ltal akkredit\u00e1lt, 6 \u00e9ves (360 kredit\u00e9rt\u00e9k)&nbsp;&nbsp;nappali k\u00e9pz\u00e9s.&nbsp;<\/p>\n\n\n\n<p><strong>FOGORVOS K\u00c9PZ\u00c9S:&nbsp;<\/strong>Az&nbsp;Fogorvostudom\u00e1nyi Kar keret\u00e9ben m\u0171k\u00f6d\u0151, a Rom\u00e1niai Fels\u0151oktat\u00e1s Min\u0151s\u00e9g\u00e9t Biztos\u00edt\u00f3 \u00dcgyn\u00f6ks\u00e9g&nbsp; (ARACIS) \u00e1ltal akkredit\u00e1lt, 6 \u00e9ves (360 kredit\u00e9rt\u00e9k)&nbsp;&nbsp;nappali k\u00e9pz\u00e9s.&nbsp;<\/p>\n\n\n\n<p><strong>GY\u00d3GYSZER\u00c9SZK\u00c9PZ\u00c9S:<\/strong>&nbsp;A Gy\u00f3gyszer\u00e9szeti Kar keret\u00e9ben m\u0171k\u00f6d\u0151, a Rom\u00e1niai Fels\u0151oktat\u00e1s Min\u0151s\u00e9g\u00e9t Biztos\u00edt\u00f3 \u00dcgyn\u00f6ks\u00e9g&nbsp; (ARACIS) \u00e1ltal akkredit\u00e1lt, 5 \u00e9ves (300 kredit\u00e9rt\u00e9k)&nbsp;&nbsp;nappali k\u00e9pz\u00e9s.&nbsp;<\/p>\n\n\n\n<p><strong>\u00c1LTAL\u00c1NOS ASSZISZTENS:<\/strong>&nbsp;Az&nbsp;Orvostudom\u00e1nyi Kar keret\u00e9ben m\u0171k\u00f6d\u0151, a Rom\u00e1niai Fels\u0151oktat\u00e1s Min\u0151s\u00e9g\u00e9t Biztos\u00edt\u00f3 \u00dcgyn\u00f6ks\u00e9g&nbsp; (ARACIS) \u00e1ltal akkredit\u00e1lt, 4 \u00e9ves (240 kredit\u00e9rt\u00e9k)&nbsp;&nbsp;nappali k\u00e9pz\u00e9s.&nbsp;<\/p>\n\n\n\n<p><strong>INFORMATIKA:<\/strong>&nbsp;A M\u0171szaki&nbsp;Kar keret\u00e9ben m\u0171k\u00f6d\u0151, a Rom\u00e1niai Fels\u0151oktat\u00e1s Min\u0151s\u00e9g\u00e9t Biztos\u00edt\u00f3 \u00dcgyn\u00f6ks\u00e9g&nbsp; (ARACIS) \u00e1ltal j\u00f3v\u00e1hagyott 3 \u00e9ves (180 kredit\u00e9rt\u00e9k)&nbsp;&nbsp;nappali k\u00e9pz\u00e9s.&nbsp;<\/p>\n","protected":false},"excerpt":{"rendered":"<p>K\u00c9PZ\u00c9SI K\u00edN\u00c1LAT MOGyTTE 2021-ALAPK\u00c9PZ\u00c9S A 2021 FELV\u00c9TELIN MEGHIRDETETT \u00d6SSZES OKTAT\u00c1SI PROGRAM EL\u00c9RHET\u0150 A K\u00d6VETKEZ\u0150 LINKEN:\u00a0 https:\/\/adminfo.umfst.ro\/oferta-educationala-3\/ MAGYAR NYELV\u0170 OKTAT\u00c1SI PROGRAMOK&nbsp; \u00c1LTAL\u00c1NOS ORVOS:&nbsp;Az&nbsp;Orvostudom\u00e1nyi Kar keret\u00e9ben m\u0171k\u00f6d\u0151, a Rom\u00e1niai Fels\u0151oktat\u00e1s Min\u0151s\u00e9g\u00e9t Biztos\u00edt\u00f3 \u00dcgyn\u00f6ks\u00e9g&nbsp; (ARACIS) \u00e1ltal akkredit\u00e1lt, 6 \u00e9ves (360 kredit\u00e9rt\u00e9k)&nbsp;&nbsp;nappali k\u00e9pz\u00e9s.&nbsp; FOGORVOS K\u00c9PZ\u00c9S:&nbsp;Az&nbsp;Fogorvostudom\u00e1nyi Kar keret\u00e9ben m\u0171k\u00f6d\u0151, a Rom\u00e1niai Fels\u0151oktat\u00e1s Min\u0151s\u00e9g\u00e9t Biztos\u00edt\u00f3 \u00dcgyn\u00f6ks\u00e9g&nbsp; (ARACIS) \u00e1ltal akkredit\u00e1lt, 6 \u00e9ves&hellip; <br \/> <a class=\"read-more\" href=\"https:\/\/adminfo.umfst.ro\/hu\/kepzesi-kinalat-2\/\">Read more<\/a><\/p>\n","protected":false},"author":1,"featured_media":0,"parent":0,"menu_order":0,"comment_status":"closed","ping_status":"closed","template":"","meta":{"_exactmetrics_skip_tracking":false,"_exactmetrics_sitenote_active":false,"_exactmetrics_sitenote_note":"","_exactmetrics_sitenote_category":0,"_monsterinsights_skip_tracking":false,"_monsterinsights_sitenote_active":false,"_monsterinsights_sitenote_note":"","_monsterinsights_sitenote_category":0,"footnotes":""},"class_list":["post-4634","page","type-page","status-publish","hentry"],"_links":{"self":[{"href":"https:\/\/adminfo.umfst.ro\/hu\/wp-json\/wp\/v2\/pages\/4634","targetHints":{"allow":["GET"]}}],"collection":[{"href":"https:\/\/adminfo.umfst.ro\/hu\/wp-json\/wp\/v2\/pages"}],"about":[{"href":"https:\/\/adminfo.umfst.ro\/hu\/wp-json\/wp\/v2\/types\/page"}],"author":[{"embeddable":true,"href":"https:\/\/adminfo.umfst.ro\/hu\/wp-json\/wp\/v2\/users\/1"}],"replies":[{"embeddable":true,"href":"https:\/\/adminfo.umfst.ro\/hu\/wp-json\/wp\/v2\/comments?post=4634"}],"version-history":[{"count":1,"href":"https:\/\/adminfo.umfst.ro\/hu\/wp-json\/wp\/v2\/pages\/4634\/revisions"}],"predecessor-version":[{"id":4635,"href":"https:\/\/adminfo.umfst.ro\/hu\/wp-json\/wp\/v2\/pages\/4634\/revisions\/4635"}],"wp:attachment":[{"href":"https:\/\/adminfo.umfst.ro\/hu\/wp-json\/wp\/v2\/media?parent=4634"}],"curies":[{"name":"wp","href":"https:\/\/api.w.org\/{rel}","templated":true}]}}