{"id":4629,"date":"2021-06-24T07:33:42","date_gmt":"2021-06-24T07:33:42","guid":{"rendered":"https:\/\/adminfo.umfst.ro\/?page_id=4629"},"modified":"2021-06-24T07:34:41","modified_gmt":"2021-06-24T07:34:41","slug":"beiratkozasi-szam","status":"publish","type":"page","link":"https:\/\/adminfo.umfst.ro\/hu\/beiratkozasi-szam\/","title":{"rendered":"Beiratkoz\u00e1si sz\u00e1m"},"content":{"rendered":"\n<p><a href=\"https:\/\/adminfo.umfst.ro\/wp-content\/uploads\/2021\/06\/repartizarea-cifrei-de-scolarizare_2021_2022_final-2.pdf\" target=\"_blank\" rel=\"noreferrer noopener\">A beiratkoz\u00e1si sz\u00e1m megoszl\u00e1sa a 2021\/2022 tan\u00e9vre vonatkoz\u00f3lag<\/a><\/p>\n\n\n\n<p><a href=\"https:\/\/adminfo.umfst.ro\/wp-content\/uploads\/2021\/06\/ME_cifra-de-scolarizare_buget_2021_2022.pdf\" target=\"_blank\" rel=\"noreferrer noopener\">A 2021\/2022 tan\u00e9vre a MEN \u00e1ltal j\u00f3v\u00e1hagyott beiratkoz\u00e1si sz\u00e1m\u00a0<\/a><\/p>\n\n\n\n<p><a href=\"https:\/\/adminfo.umfst.ro\/wp-content\/uploads\/2021\/06\/cifra-de-scolarizare_medicina-militara_2021_2022.pdf\" target=\"_blank\" rel=\"noreferrer noopener\">A 2021\/2022 tan\u00e9v\u00a0\u00a0Katonaorvosi k\u00e9pz\u00e9s\u00e9nek\u00a0\u00a0beiskol\u00e1z\u00e1si sz\u00e1ma\u00a0<\/a><\/p>\n","protected":false},"excerpt":{"rendered":"<p>A beiratkoz\u00e1si sz\u00e1m megoszl\u00e1sa a 2021\/2022 tan\u00e9vre vonatkoz\u00f3lag A 2021\/2022 tan\u00e9vre a MEN \u00e1ltal j\u00f3v\u00e1hagyott beiratkoz\u00e1si sz\u00e1m\u00a0 A 2021\/2022 tan\u00e9v\u00a0\u00a0Katonaorvosi k\u00e9pz\u00e9s\u00e9nek\u00a0\u00a0beiskol\u00e1z\u00e1si sz\u00e1ma\u00a0<\/p>\n","protected":false},"author":1,"featured_media":0,"parent":0,"menu_order":0,"comment_status":"closed","ping_status":"closed","template":"","meta":{"_exactmetrics_skip_tracking":false,"_exactmetrics_sitenote_active":false,"_exactmetrics_sitenote_note":"","_exactmetrics_sitenote_category":0,"_monsterinsights_skip_tracking":false,"_monsterinsights_sitenote_active":false,"_monsterinsights_sitenote_note":"","_monsterinsights_sitenote_category":0,"footnotes":""},"class_list":["post-4629","page","type-page","status-publish","hentry"],"_links":{"self":[{"href":"https:\/\/adminfo.umfst.ro\/hu\/wp-json\/wp\/v2\/pages\/4629","targetHints":{"allow":["GET"]}}],"collection":[{"href":"https:\/\/adminfo.umfst.ro\/hu\/wp-json\/wp\/v2\/pages"}],"about":[{"href":"https:\/\/adminfo.umfst.ro\/hu\/wp-json\/wp\/v2\/types\/page"}],"author":[{"embeddable":true,"href":"https:\/\/adminfo.umfst.ro\/hu\/wp-json\/wp\/v2\/users\/1"}],"replies":[{"embeddable":true,"href":"https:\/\/adminfo.umfst.ro\/hu\/wp-json\/wp\/v2\/comments?post=4629"}],"version-history":[{"count":3,"href":"https:\/\/adminfo.umfst.ro\/hu\/wp-json\/wp\/v2\/pages\/4629\/revisions"}],"predecessor-version":[{"id":4633,"href":"https:\/\/adminfo.umfst.ro\/hu\/wp-json\/wp\/v2\/pages\/4629\/revisions\/4633"}],"wp:attachment":[{"href":"https:\/\/adminfo.umfst.ro\/hu\/wp-json\/wp\/v2\/media?parent=4629"}],"curies":[{"name":"wp","href":"https:\/\/api.w.org\/{rel}","templated":true}]}}