{"id":4622,"date":"2021-06-24T07:17:08","date_gmt":"2021-06-24T07:17:08","guid":{"rendered":"https:\/\/adminfo.umfst.ro\/?page_id=4622"},"modified":"2021-07-13T10:10:22","modified_gmt":"2021-07-13T10:10:22","slug":"fontos-ertesitesek","status":"publish","type":"page","link":"https:\/\/adminfo.umfst.ro\/hu\/fontos-ertesitesek\/","title":{"rendered":"Fontos \u00e9rtes\u00edt\u00e9sek"},"content":{"rendered":"\n<p>A fizikai jelenl\u00e9ttel egybek\u00f6t\u00f6tt&nbsp;&nbsp;felv\u00e9teli vizsg\u00e1k eset\u00e9ben csak azon jelentkez\u0151k vehetnek r\u00e9szt a felv\u00e9telin, akik az al\u00e1bbiakban felsorolt k\u00f6vetelm\u00e9nyek valamelyik\u00e9t teljes\u00edtik:<\/p>\n\n\n\n<ul class=\"wp-block-list\"><li>A jelentkez\u0151 oltott SARS-CoV-2 v\u00edrus ellen \u00e9s teljes olt\u00e1si protokollal rendelkezik, \u00e9s amelynek befejez\u00e9s\u00e9t\u0151l eltelt legal\u00e1bb 10 nap.<\/li><li>A jelentkez\u0151 rendelkezik egy&nbsp;&nbsp;72 \u00f3r\u00e1t meg nem halad\u00f3 negat\u00edv SARS-Cov-2 RT-PCR teszttel, vagy egy 24 \u00f3r\u00e1t meg nem halad\u00f3, szaklaborat\u00f3riumban elv\u00e9gzett negat\u00edv SARS-Cov-2 antig\u00e9n gyorsteszttel.&nbsp;<\/li><li>A jelentkez\u0151 \u00e1tesett a SARS-CoV-2&nbsp;&nbsp;fert\u0151z\u00e9sen, melynek igazol\u00e1s\u00e1t\u00f3l legal\u00e1bb 15, \u00e9s nem t\u00f6bb mint&nbsp;&nbsp;90 nap&nbsp;&nbsp;telt el.<\/li><\/ul>\n\n\n\n<p>A 2021 j\u00falius 25.-\u00e9n tartand\u00f3 felv\u00e9teli z\u00f6kken\u0151mentes lebonyol\u00edt\u00e1s\u00e1nak \u00e9rdek\u00e9ben az \u00edr\u00e1sbeli vizsg\u00e1n r\u00e9sztvev\u0151k sz\u00e1m\u00e1ra fizet\u00e9s ellen\u00e9ben lehet\u0151s\u00e9g ny\u00edlik a SARS-Cov-2 antig\u00e9n gyorsteszt elv\u00e9gz\u00e9s\u00e9re (100 lej\/teszt). A sz\u0171r\u00e9s az Orvosi-Gy\u00f3gyszer\u00e9szeti Kutat\u00f3k\u00f6zpont (Centrul de Cercetare Avansat\u0103 Medico-Farmaceutic\u0103, str. Gheorghe Marinescu nr.38)&nbsp;\u00e9p\u00fclet\u00e9ben a k\u00f6vetkez\u0151 program szerint zajlik:&nbsp;<\/p>\n\n\n\n<ul class=\"wp-block-list\"><li>2021 j\u00falius 24 szombat: 10:00-21:00 \u00f3ra k\u00f6z\u00f6tt<\/li><\/ul>\n\n\n\n<ul class=\"wp-block-list\"><li>2021 j\u00falius 25 vas\u00e1rnap: 6:00-9:00 \u00f3ra k\u00f6z\u00f6tt<\/li><\/ul>\n","protected":false},"excerpt":{"rendered":"<p>A fizikai jelenl\u00e9ttel egybek\u00f6t\u00f6tt&nbsp;&nbsp;felv\u00e9teli vizsg\u00e1k eset\u00e9ben csak azon jelentkez\u0151k vehetnek r\u00e9szt a felv\u00e9telin, akik az al\u00e1bbiakban felsorolt k\u00f6vetelm\u00e9nyek valamelyik\u00e9t teljes\u00edtik: A jelentkez\u0151 oltott SARS-CoV-2 v\u00edrus ellen \u00e9s teljes olt\u00e1si protokollal rendelkezik, \u00e9s amelynek befejez\u00e9s\u00e9t\u0151l eltelt legal\u00e1bb 10 nap. A jelentkez\u0151 rendelkezik egy&nbsp;&nbsp;72 \u00f3r\u00e1t meg nem halad\u00f3 negat\u00edv SARS-Cov-2 RT-PCR teszttel, vagy egy 24 \u00f3r\u00e1t meg&hellip; <br \/> <a class=\"read-more\" href=\"https:\/\/adminfo.umfst.ro\/hu\/fontos-ertesitesek\/\">Read more<\/a><\/p>\n","protected":false},"author":1,"featured_media":0,"parent":0,"menu_order":0,"comment_status":"closed","ping_status":"closed","template":"","meta":{"_exactmetrics_skip_tracking":false,"_exactmetrics_sitenote_active":false,"_exactmetrics_sitenote_note":"","_exactmetrics_sitenote_category":0,"_monsterinsights_skip_tracking":false,"_monsterinsights_sitenote_active":false,"_monsterinsights_sitenote_note":"","_monsterinsights_sitenote_category":0,"footnotes":""},"class_list":["post-4622","page","type-page","status-publish","hentry"],"_links":{"self":[{"href":"https:\/\/adminfo.umfst.ro\/hu\/wp-json\/wp\/v2\/pages\/4622","targetHints":{"allow":["GET"]}}],"collection":[{"href":"https:\/\/adminfo.umfst.ro\/hu\/wp-json\/wp\/v2\/pages"}],"about":[{"href":"https:\/\/adminfo.umfst.ro\/hu\/wp-json\/wp\/v2\/types\/page"}],"author":[{"embeddable":true,"href":"https:\/\/adminfo.umfst.ro\/hu\/wp-json\/wp\/v2\/users\/1"}],"replies":[{"embeddable":true,"href":"https:\/\/adminfo.umfst.ro\/hu\/wp-json\/wp\/v2\/comments?post=4622"}],"version-history":[{"count":2,"href":"https:\/\/adminfo.umfst.ro\/hu\/wp-json\/wp\/v2\/pages\/4622\/revisions"}],"predecessor-version":[{"id":4743,"href":"https:\/\/adminfo.umfst.ro\/hu\/wp-json\/wp\/v2\/pages\/4622\/revisions\/4743"}],"wp:attachment":[{"href":"https:\/\/adminfo.umfst.ro\/hu\/wp-json\/wp\/v2\/media?parent=4622"}],"curies":[{"name":"wp","href":"https:\/\/api.w.org\/{rel}","templated":true}]}}