{"id":4597,"date":"2021-06-22T04:53:09","date_gmt":"2021-06-22T04:53:09","guid":{"rendered":"https:\/\/adminfo.umfst.ro\/?page_id=4597"},"modified":"2021-06-22T04:53:10","modified_gmt":"2021-06-22T04:53:10","slug":"fontos-ertesites","status":"publish","type":"page","link":"https:\/\/adminfo.umfst.ro\/hu\/fontos-ertesites\/","title":{"rendered":"Fontos \u00e9rtes\u00edt\u00e9s"},"content":{"rendered":"\n<p><strong>Azon jelenkez\u0151k, akik az el\u0151felv\u00e9teli sor\u00e1n felt\u00e9teles felv\u00e9telt (admi\u0219i condi\u021bionat\/admi\u0219i \u00een a\u0219teptare) nyertek \u00e9s a helyfoglal\u00e1sukat m\u00e9g nem v\u00e9gezt\u00e9k el, ennek d\u00edj\u00e1t kifizethetik j\u00fanius 23.-a este 8 \u00f3r\u00e1ig.<\/strong><\/p>\n","protected":false},"excerpt":{"rendered":"<p>Azon jelenkez\u0151k, akik az el\u0151felv\u00e9teli sor\u00e1n felt\u00e9teles felv\u00e9telt (admi\u0219i condi\u021bionat\/admi\u0219i \u00een a\u0219teptare) nyertek \u00e9s a helyfoglal\u00e1sukat m\u00e9g nem v\u00e9gezt\u00e9k el, ennek d\u00edj\u00e1t kifizethetik j\u00fanius 23.-a este 8 \u00f3r\u00e1ig.<\/p>\n","protected":false},"author":1,"featured_media":0,"parent":0,"menu_order":0,"comment_status":"closed","ping_status":"closed","template":"","meta":{"_exactmetrics_skip_tracking":false,"_exactmetrics_sitenote_active":false,"_exactmetrics_sitenote_note":"","_exactmetrics_sitenote_category":0,"_monsterinsights_skip_tracking":false,"_monsterinsights_sitenote_active":false,"_monsterinsights_sitenote_note":"","_monsterinsights_sitenote_category":0,"footnotes":""},"class_list":["post-4597","page","type-page","status-publish","hentry"],"_links":{"self":[{"href":"https:\/\/adminfo.umfst.ro\/hu\/wp-json\/wp\/v2\/pages\/4597","targetHints":{"allow":["GET"]}}],"collection":[{"href":"https:\/\/adminfo.umfst.ro\/hu\/wp-json\/wp\/v2\/pages"}],"about":[{"href":"https:\/\/adminfo.umfst.ro\/hu\/wp-json\/wp\/v2\/types\/page"}],"author":[{"embeddable":true,"href":"https:\/\/adminfo.umfst.ro\/hu\/wp-json\/wp\/v2\/users\/1"}],"replies":[{"embeddable":true,"href":"https:\/\/adminfo.umfst.ro\/hu\/wp-json\/wp\/v2\/comments?post=4597"}],"version-history":[{"count":1,"href":"https:\/\/adminfo.umfst.ro\/hu\/wp-json\/wp\/v2\/pages\/4597\/revisions"}],"predecessor-version":[{"id":4598,"href":"https:\/\/adminfo.umfst.ro\/hu\/wp-json\/wp\/v2\/pages\/4597\/revisions\/4598"}],"wp:attachment":[{"href":"https:\/\/adminfo.umfst.ro\/hu\/wp-json\/wp\/v2\/media?parent=4597"}],"curies":[{"name":"wp","href":"https:\/\/api.w.org\/{rel}","templated":true}]}}