{"id":4186,"date":"2021-04-16T10:43:40","date_gmt":"2021-04-16T10:43:40","guid":{"rendered":"https:\/\/adminfo.umfst.ro\/?page_id=4186"},"modified":"2021-04-16T10:49:48","modified_gmt":"2021-04-16T10:49:48","slug":"kalendarium-2","status":"publish","type":"page","link":"https:\/\/adminfo.umfst.ro\/hu\/kalendarium-2\/","title":{"rendered":"Kalend\u00e1rium"},"content":{"rendered":"\t\t<div data-elementor-type=\"wp-page\" data-elementor-id=\"4186\" class=\"elementor elementor-4186 elementor-3803\" data-elementor-post-type=\"page\">\n\t\t\t\t\t\t<section class=\"elementor-section elementor-top-section elementor-element elementor-element-f58bfa5 elementor-section-boxed elementor-section-height-default elementor-section-height-default\" data-id=\"f58bfa5\" data-element_type=\"section\">\n\t\t\t\t\t\t<div class=\"elementor-container elementor-column-gap-default\">\n\t\t\t\t\t<div class=\"elementor-column elementor-col-100 elementor-top-column elementor-element elementor-element-def82b1\" data-id=\"def82b1\" data-element_type=\"column\">\n\t\t\t<div class=\"elementor-widget-wrap elementor-element-populated\">\n\t\t\t\t\t\t<div class=\"elementor-element elementor-element-5236a68 elementor-widget elementor-widget-heading\" data-id=\"5236a68\" data-element_type=\"widget\" data-widget_type=\"heading.default\">\n\t\t\t\t<div class=\"elementor-widget-container\">\n\t\t\t\t\t<h3 class=\"elementor-heading-title elementor-size-default\">El\u0151felv\u00e9teli 2021: Kalend\u00e1rium<\/h3>\t\t\t\t<\/div>\n\t\t\t\t<\/div>\n\t\t\t\t<div class=\"elementor-element elementor-element-369a901 elementor-widget elementor-widget-text-editor\" data-id=\"369a901\" data-element_type=\"widget\" data-widget_type=\"text-editor.default\">\n\t\t\t\t<div class=\"elementor-widget-container\">\n\t\t\t\t\t\t\t\t\t<table style=\"width: 100%; height: 488px;\"><tbody><tr style=\"height: 80px;\"><td style=\"height: 80px; width: 26.3682%;\" width=\"193\"><p><em>\u00e1prilis 15, 8:00 \u00f3ra -m\u00e1jus 31, 15:00 \u00f3ra<\/em><\/p><\/td><td style=\"height: 80px; width: 69.6517%;\" width=\"395\"><p><em>online beiratkoz\u00e1s<\/em><\/p><\/td><\/tr><tr style=\"height: 80px;\"><td style=\"height: 80px; width: 26.3682%;\" width=\"193\"><p><em>j\u00fanius 1-3<\/em><\/p><\/td><td style=\"height: 80px; width: 69.6517%;\" width=\"395\"><p><em>az el\u0151zetes eredm\u00e9nyek kif\u00fcggeszt\u00e9se (felt\u00e9teles felv\u00e9tel, elutas\u00edt\u00e1s)<\/em><\/p><\/td><\/tr><tr style=\"height: 56px;\"><td style=\"height: 56px; width: 26.3682%;\" width=\"193\"><p><em>j\u00fanius 4-15<\/em><\/p><\/td><td style=\"height: 56px; width: 69.6517%;\" width=\"395\"><p><em>helyfoglal\u00e1s<\/em><\/p><\/td><\/tr><tr style=\"height: 80px;\"><td style=\"height: 80px; width: 26.3682%;\" width=\"193\"><p><em>j\u00falius 9, 8:00 \u00f3ra- j\u00falius 13, 15 \u00f3ra<\/em><\/p><\/td><td style=\"height: 80px; width: 69.6517%;\" width=\"395\"><p><em>az \u00e9retts\u00e9gi diploma vagy bizony\u00edtv\u00e1ny (diploma\/ adeverin\u021b\u0103 bacalaureat) felt\u00f6lt\u00e9se<\/em><\/p><\/td><\/tr><tr style=\"height: 56px;\"><td style=\"height: 56px; width: 26.3682%;\" width=\"193\"><p><em>j\u00falius 14<\/em><\/p><\/td><td style=\"height: 56px; width: 69.6517%;\" width=\"395\"><p><em>eredm\u00e9nyh\u00edrdet\u00e9s<\/em><\/p><\/td><\/tr><tr style=\"height: 80px;\"><td style=\"height: 80px; width: 26.3682%;\" width=\"193\"><p><em>j\u00falius 15, 8:00 \u00f3ra-j\u00falius 16, 15:00 \u00f3ra<\/em><\/p><\/td><td style=\"height: 80px; width: 69.6517%;\" width=\"395\"><p><em>helymeger\u0151s\u00edt\u00e9s<\/em><\/p><\/td><\/tr><tr style=\"height: 56px;\"><td style=\"height: 56px; width: 26.3682%;\" width=\"193\"><p><em>j\u00falius 17<\/em><\/p><\/td><td style=\"height: 56px; width: 69.6517%;\" width=\"395\"><p><em>az el\u0151felv\u00e9teli<\/em><em> v\u00e9gleges eredm\u00e9nyeinek kif\u00fcggeszt\u00e9se<\/em><\/p><\/td><\/tr><\/tbody><\/table>\t\t\t\t\t\t\t\t<\/div>\n\t\t\t\t<\/div>\n\t\t\t\t\t<\/div>\n\t\t<\/div>\n\t\t\t\t\t<\/div>\n\t\t<\/section>\n\t\t\t\t<\/div>\n\t\t","protected":false},"excerpt":{"rendered":"<p>El\u0151felv\u00e9teli 2021: Kalend\u00e1rium \u00e1prilis 15, 8:00 \u00f3ra -m\u00e1jus 31, 15:00 \u00f3ra online beiratkoz\u00e1s j\u00fanius 1-3 az el\u0151zetes eredm\u00e9nyek kif\u00fcggeszt\u00e9se (felt\u00e9teles felv\u00e9tel, elutas\u00edt\u00e1s) j\u00fanius 4-15 helyfoglal\u00e1s j\u00falius 9, 8:00 \u00f3ra- j\u00falius 13, 15 \u00f3ra az \u00e9retts\u00e9gi diploma vagy bizony\u00edtv\u00e1ny (diploma\/ adeverin\u021b\u0103 bacalaureat) felt\u00f6lt\u00e9se j\u00falius 14 eredm\u00e9nyh\u00edrdet\u00e9s j\u00falius 15, 8:00 \u00f3ra-j\u00falius 16, 15:00 \u00f3ra helymeger\u0151s\u00edt\u00e9s j\u00falius 17&hellip; <br \/> <a class=\"read-more\" href=\"https:\/\/adminfo.umfst.ro\/hu\/kalendarium-2\/\">Read more<\/a><\/p>\n","protected":false},"author":1,"featured_media":0,"parent":0,"menu_order":0,"comment_status":"closed","ping_status":"closed","template":"","meta":{"_exactmetrics_skip_tracking":false,"_exactmetrics_sitenote_active":false,"_exactmetrics_sitenote_note":"","_exactmetrics_sitenote_category":0,"_monsterinsights_skip_tracking":false,"_monsterinsights_sitenote_active":false,"_monsterinsights_sitenote_note":"","_monsterinsights_sitenote_category":0,"footnotes":""},"class_list":["post-4186","page","type-page","status-publish","hentry"],"_links":{"self":[{"href":"https:\/\/adminfo.umfst.ro\/hu\/wp-json\/wp\/v2\/pages\/4186","targetHints":{"allow":["GET"]}}],"collection":[{"href":"https:\/\/adminfo.umfst.ro\/hu\/wp-json\/wp\/v2\/pages"}],"about":[{"href":"https:\/\/adminfo.umfst.ro\/hu\/wp-json\/wp\/v2\/types\/page"}],"author":[{"embeddable":true,"href":"https:\/\/adminfo.umfst.ro\/hu\/wp-json\/wp\/v2\/users\/1"}],"replies":[{"embeddable":true,"href":"https:\/\/adminfo.umfst.ro\/hu\/wp-json\/wp\/v2\/comments?post=4186"}],"version-history":[{"count":2,"href":"https:\/\/adminfo.umfst.ro\/hu\/wp-json\/wp\/v2\/pages\/4186\/revisions"}],"predecessor-version":[{"id":4188,"href":"https:\/\/adminfo.umfst.ro\/hu\/wp-json\/wp\/v2\/pages\/4186\/revisions\/4188"}],"wp:attachment":[{"href":"https:\/\/adminfo.umfst.ro\/hu\/wp-json\/wp\/v2\/media?parent=4186"}],"curies":[{"name":"wp","href":"https:\/\/api.w.org\/{rel}","templated":true}]}}