{"id":4006,"date":"2021-04-14T07:25:55","date_gmt":"2021-04-14T07:25:55","guid":{"rendered":"https:\/\/adminfo.umfst.ro\/?page_id=4006"},"modified":"2021-04-14T07:25:56","modified_gmt":"2021-04-14T07:25:56","slug":"kepzesi-kinalat","status":"publish","type":"page","link":"https:\/\/adminfo.umfst.ro\/hu\/kepzesi-kinalat\/","title":{"rendered":"K\u00e9pz\u00e9si k\u00edn\u00e1lat"},"content":{"rendered":"\n<p><strong>MAGYAR NYELV\u0170 OKTAT\u00c1SI PROGRAMOK:<\/strong><\/p>\n\n\n\n<p><strong>\u00c1LTAL\u00c1NOS ASSZISZTENS:<\/strong>&nbsp;Az&nbsp;Orvostudom\u00e1nyi Kar keret\u00e9ben m\u0171k\u00f6d\u0151, a Rom\u00e1niai Fels\u0151oktat\u00e1s Min\u0151s\u00e9g\u00e9t Biztos\u00edt\u00f3 \u00dcgyn\u00f6ks\u00e9g&nbsp; (ARACIS) \u00e1ltal akkredit\u00e1lt, 4 \u00e9ves (240 kredit\u00e9rt\u00e9k)&nbsp;&nbsp;nappali k\u00e9pz\u00e9s.&nbsp;<\/p>\n\n\n\n<p><strong>INFORMATIKA:<\/strong>&nbsp;A M\u0171szaki&nbsp;Kar keret\u00e9ben m\u0171k\u00f6d\u0151, a Rom\u00e1niai Fels\u0151oktat\u00e1s Min\u0151s\u00e9g\u00e9t Biztos\u00edt\u00f3 \u00dcgyn\u00f6ks\u00e9g&nbsp; (ARACIS) \u00e1ltal j\u00f3v\u00e1hagyott 3 \u00e9ves (180 kredit\u00e9rt\u00e9k)&nbsp;&nbsp;nappali k\u00e9pz\u00e9s.&nbsp;<\/p>\n\n\n\n<p><strong>AZ EL\u0150FELV\u00c9TELIN MEGHIRDETETT \u00d6SSZES OKTAT\u00c1SI PROGRAM EL\u00c9RHET\u0150 A K\u00d6VETKEZ\u0150 LINKEN<\/strong>:&nbsp;<\/p>\n\n\n\n<p><a href=\"https:\/\/adminfo.umfst.ro\/wp-content\/uploads\/2021\/03\/preadmitere_oferta-educationala-2021.pdf\">https:\/\/adminfo.umfst.ro\/wp-content\/uploads\/2021\/03\/preadmitere_oferta-educationala-2021.pdf<\/a><\/p>\n","protected":false},"excerpt":{"rendered":"<p>MAGYAR NYELV\u0170 OKTAT\u00c1SI PROGRAMOK: \u00c1LTAL\u00c1NOS ASSZISZTENS:&nbsp;Az&nbsp;Orvostudom\u00e1nyi Kar keret\u00e9ben m\u0171k\u00f6d\u0151, a Rom\u00e1niai Fels\u0151oktat\u00e1s Min\u0151s\u00e9g\u00e9t Biztos\u00edt\u00f3 \u00dcgyn\u00f6ks\u00e9g&nbsp; (ARACIS) \u00e1ltal akkredit\u00e1lt, 4 \u00e9ves (240 kredit\u00e9rt\u00e9k)&nbsp;&nbsp;nappali k\u00e9pz\u00e9s.&nbsp; INFORMATIKA:&nbsp;A M\u0171szaki&nbsp;Kar keret\u00e9ben m\u0171k\u00f6d\u0151, a Rom\u00e1niai Fels\u0151oktat\u00e1s Min\u0151s\u00e9g\u00e9t Biztos\u00edt\u00f3 \u00dcgyn\u00f6ks\u00e9g&nbsp; (ARACIS) \u00e1ltal j\u00f3v\u00e1hagyott 3 \u00e9ves (180 kredit\u00e9rt\u00e9k)&nbsp;&nbsp;nappali k\u00e9pz\u00e9s.&nbsp; AZ EL\u0150FELV\u00c9TELIN MEGHIRDETETT \u00d6SSZES OKTAT\u00c1SI PROGRAM EL\u00c9RHET\u0150 A K\u00d6VETKEZ\u0150 LINKEN:&nbsp; https:\/\/adminfo.umfst.ro\/wp-content\/uploads\/2021\/03\/preadmitere_oferta-educationala-2021.pdf<\/p>\n","protected":false},"author":1,"featured_media":0,"parent":0,"menu_order":0,"comment_status":"closed","ping_status":"closed","template":"","meta":{"_exactmetrics_skip_tracking":false,"_exactmetrics_sitenote_active":false,"_exactmetrics_sitenote_note":"","_exactmetrics_sitenote_category":0,"_monsterinsights_skip_tracking":false,"_monsterinsights_sitenote_active":false,"_monsterinsights_sitenote_note":"","_monsterinsights_sitenote_category":0,"footnotes":""},"class_list":["post-4006","page","type-page","status-publish","hentry"],"_links":{"self":[{"href":"https:\/\/adminfo.umfst.ro\/hu\/wp-json\/wp\/v2\/pages\/4006","targetHints":{"allow":["GET"]}}],"collection":[{"href":"https:\/\/adminfo.umfst.ro\/hu\/wp-json\/wp\/v2\/pages"}],"about":[{"href":"https:\/\/adminfo.umfst.ro\/hu\/wp-json\/wp\/v2\/types\/page"}],"author":[{"embeddable":true,"href":"https:\/\/adminfo.umfst.ro\/hu\/wp-json\/wp\/v2\/users\/1"}],"replies":[{"embeddable":true,"href":"https:\/\/adminfo.umfst.ro\/hu\/wp-json\/wp\/v2\/comments?post=4006"}],"version-history":[{"count":1,"href":"https:\/\/adminfo.umfst.ro\/hu\/wp-json\/wp\/v2\/pages\/4006\/revisions"}],"predecessor-version":[{"id":4007,"href":"https:\/\/adminfo.umfst.ro\/hu\/wp-json\/wp\/v2\/pages\/4006\/revisions\/4007"}],"wp:attachment":[{"href":"https:\/\/adminfo.umfst.ro\/hu\/wp-json\/wp\/v2\/media?parent=4006"}],"curies":[{"name":"wp","href":"https:\/\/api.w.org\/{rel}","templated":true}]}}