{"id":4001,"date":"2021-04-14T07:23:19","date_gmt":"2021-04-14T07:23:19","guid":{"rendered":"https:\/\/adminfo.umfst.ro\/?page_id=4001"},"modified":"2021-04-16T10:53:03","modified_gmt":"2021-04-16T10:53:03","slug":"a-vegso-erdemjegy-szamitasi-kriteriumai","status":"publish","type":"page","link":"https:\/\/adminfo.umfst.ro\/hu\/a-vegso-erdemjegy-szamitasi-kriteriumai\/","title":{"rendered":"A v\u00e9gs\u0151 \u00e9rdemjegy sz\u00e1m\u00edt\u00e1si krit\u00e9riumai"},"content":{"rendered":"\t\t<div data-elementor-type=\"wp-page\" data-elementor-id=\"4001\" class=\"elementor elementor-4001 elementor-3568\" data-elementor-post-type=\"page\">\n\t\t\t\t\t\t<section class=\"elementor-section elementor-top-section elementor-element elementor-element-4b4b87b elementor-section-boxed elementor-section-height-default elementor-section-height-default\" data-id=\"4b4b87b\" data-element_type=\"section\">\n\t\t\t\t\t\t<div class=\"elementor-container elementor-column-gap-default\">\n\t\t\t\t\t<div class=\"elementor-column elementor-col-100 elementor-top-column elementor-element elementor-element-4809d7d\" data-id=\"4809d7d\" data-element_type=\"column\">\n\t\t\t<div class=\"elementor-widget-wrap elementor-element-populated\">\n\t\t\t\t\t\t<div class=\"elementor-element elementor-element-4262b88 elementor-widget elementor-widget-heading\" data-id=\"4262b88\" data-element_type=\"widget\" data-widget_type=\"heading.default\">\n\t\t\t\t<div class=\"elementor-widget-container\">\n\t\t\t\t\t<h2 class=\"elementor-heading-title elementor-size-default\">Calculeaz\u0103-\u021bi nota de admitere<\/h2>\t\t\t\t<\/div>\n\t\t\t\t<\/div>\n\t\t\t\t<div class=\"elementor-element elementor-element-a9a8994 elementor-widget elementor-widget-html\" data-id=\"a9a8994\" data-element_type=\"widget\" data-widget_type=\"html.default\">\n\t\t\t\t<div class=\"elementor-widget-container\">\n\t\t\t\t\t<div class=\"row\">\n    <div class =\"col-md-6\">\n    <label for=\"cl9\"><h3>Media clasei a 9-a*<\/h3><\/label>\n<input type=\"number\" min=\"0\" max=\"10\"id=\"cl9\" class=\"form-control\"><\/div>\n<div class =\"col-md-6\">\n<label for=\"ndr\"><h3>Media la disciplina relevanta (clasa a 9-a)*<\/h3><\/label>\n<input type=\"number\"  min=\"0\"  max=\"10\" id=\"ndr9\" class=\"form-control\"><\/div>\n<\/div>\n<div class=\"row\">\n\n<div class =\"col-md-6\">\n    <label for=\"cl10\"><h3>Media clasei a 10-a*<\/h3><\/label>\n<input type=\"number\"  min=\"0\"  max=\"10\" id=\"cl10\" class=\"form-control\"><\/div>\n<div class =\"col-md-6\">\n<label for=\"ndr\"><h3>Media la disciplina relevanta (clasa a 10-a)*<\/h3><\/label>\n<input type=\"number\"  min=\"0\" max=\"10\" id=\"ndr10\" class=\"form-control\"><\/div>\n<\/div>\n<div class=\"row\">\n<div class =\"col-md-6\">\n    <label for=\"cl11\"><h3>Media clasei a 11-a*<\/h3><\/label>\n<input type=\"number\" max=\"10\"  min=\"0\"  id=\"cl11\" class=\"form-control\"><\/div>\n<div class =\"col-md-6\">\n<label for=\"ndr\"><h3>Media la disciplina relevanta (clasa a 11-a)<\/h3><\/label>\n<input type=\"number\"  min=\"0\"  max=\"10\" id=\"ndr11\" class=\"form-control\"><\/div>\n<\/div>\n\n<div style=\"width:100%;padding:20px;\" align=\"center\">\n    <div class=\"row\"><div class=\"col-md-4\"><div id=\"91011\"><\/div><\/div>\n<div class=\"col-md-4\"><button style=\"margin:auto\" id=\"calculate\" value=\"Calculeaza\"  type=\"button\" class=\"button color1\" >Calculeaz\u0103<\/button><\/div>\n<div class=\"col-md-4\"><div id=\"mdr91011\"><\/div><\/div><\/div><\/div>\n<div class=\"row\">\n<div class=\"col-md-3\"><\/div>\n<div class=\"col-md-6\"><h2 align=\"center\">Media de Admitere este:<\/h2><h2 style=\"margin:auto;\" id=\"nota_finala\" align=\"center\"><\/h2><\/div><\/div>\n\n<script>\n    document.getElementById(\"calculate\").addEventListener(\"click\", function(){\n        x=document.getElementById(\"cl9\").value;\n        y=document.getElementById(\"cl10\").value;\n        z=document.getElementById(\"cl11\").value;\n        ndr9=document.getElementById(\"ndr9\").value;\n        ndr10=document.getElementById(\"ndr10\").value;\n        ndr11=document.getElementById(\"ndr11\").value;\n        console.log(x);\n        console.log(y);\n        console.log(z);\n        if(x==\"\"||y==\"\"||z==\"\"||ndr9==\"\"||ndr10==\"\"){\n            alert(\"Va rugam completa\u021bi toate c\u00e2mpurile marcate cu *\");\n        }\n        else if(ndr11==\"\"){\n         medie=(((Number(x)+Number(y)+Number(z))\/3)*0.6+((Number(ndr9)+Number(ndr10))\/2)*0.4).toFixed(3).toLocaleString().replace('.', ',');\n         m91011=((Number(x)+Number(y)+Number(z))\/3).toFixed(3).toLocaleString().replace('.', ',');\n            document.getElementById(\"91011\").innerHTML=\"Medie: \"+m91011.substr(0,m91011.length-1) ;\n            mdr91011=((Number(ndr9)+Number(ndr10))\/2).toFixed(3).toLocaleString().replace('.', ',');\n            document.getElementById(\"mdr91011\").innerHTML=\"Medie: \"+mdr91011.substr(0,mdr91011.length-1) ;\n        }\n         else {\n         medie=(((Number(x)+Number(y)+Number(z))\/3)*0.6+((Number(ndr9)+Number(ndr10)+Number(ndr11))\/3)*0.4).toFixed(3).toLocaleString().replace('.', ',');\n         m91011=((Number(x)+Number(y)+Number(z))\/3).toFixed(3).toLocaleString().replace('.', ',');\n         document.getElementById(\"91011\").innerHTML=\"Medie: \"+m91011.substr(0,m91011.length-1) ;\n         mdr91011=((Number(ndr9)+Number(ndr10)+Number(ndr11))\/3).toFixed(3).toLocaleString().replace('.', ',');\n            document.getElementById(\"mdr91011\").innerHTML=\"Medie: \"+mdr91011.substr(0,mdr91011.length-1) ;\n         }\n        document.getElementById(\"nota_finala\").innerHTML=medie.substr(0,medie.length-1)  ;\n        \n    })\n<\/script>\t\t\t\t<\/div>\n\t\t\t\t<\/div>\n\t\t\t\t\t<\/div>\n\t\t<\/div>\n\t\t\t\t\t<\/div>\n\t\t<\/section>\n\t\t\t\t<section class=\"elementor-section elementor-top-section elementor-element elementor-element-26318f8a elementor-section-stretched elementor-section-boxed elementor-section-height-default elementor-section-height-default\" data-id=\"26318f8a\" data-element_type=\"section\" data-settings=\"{&quot;stretch_section&quot;:&quot;section-stretched&quot;}\">\n\t\t\t\t\t\t<div class=\"elementor-container elementor-column-gap-default\">\n\t\t\t\t\t<div class=\"elementor-column elementor-col-100 elementor-top-column elementor-element elementor-element-6447aa77\" data-id=\"6447aa77\" data-element_type=\"column\">\n\t\t\t<div class=\"elementor-widget-wrap elementor-element-populated\">\n\t\t\t\t\t\t<div class=\"elementor-element elementor-element-208b119 elementor-widget elementor-widget-text-editor\" data-id=\"208b119\" data-element_type=\"widget\" data-widget_type=\"text-editor.default\">\n\t\t\t\t<div class=\"elementor-widget-container\">\n\t\t\t\t\t\t\t\t\t<p><strong>RELEV\u00c1NS TANT\u00c1RGY<\/strong><\/p><p>\u00a0<\/p><p>Az el\u0151felv\u00e9teli v\u00e9gs\u0151 jegye = 60% a IX-XI tanulm\u00e1nyi \u00e9vek sz\u00e1mtani k\u00f6z\u00e9par\u00e1nyosa + 40% a v\u00e1lasztott k\u00e9pz\u00e9si szak szempontj\u00e1b\u00f3l relev\u00e1ns tant\u00e1rgy \u00e9vekre lebontott m\u00e9di\u00e1j\u00e1nak sz\u00e1mtani k\u00f6z\u00e9par\u00e1nyosa*<\/p><p>* IX \u00e9s X oszt\u00e1ly vagy IX, X \u00e9s XI oszt\u00e1ly<\/p><table width=\"99%\"><tbody><tr><td><p><strong>Nr.<\/strong><\/p><p><strong>Crt.<\/strong><\/p><\/td><td><p><strong>Programul de studii<\/strong><\/p><\/td><td><p><strong>Disciplina\u00a0<\/strong><\/p><p><strong>relevant\u0103 pentru domeniului de admitere<\/strong><\/p><\/td><\/tr><tr><td colspan=\"3\"><p><strong>Facultatea de Medicin\u0103<\/strong><\/p><\/td><\/tr><tr><td><p>1<\/p><\/td><td><p>Asisten\u021b\u0103 medical\u0103 general\u0103<\/p><\/td><td><p>Biologie<\/p><\/td><\/tr><tr><td><p>2<\/p><\/td><td><p>Balneo-fiziokinetoterapie<\/p><p>\u0219i recuperare<\/p><\/td><td><p>Biologie<\/p><\/td><\/tr><tr><td><p>3<\/p><\/td><td><p>Nutri\u021bie \u0219i Dietetic\u0103<\/p><\/td><td><p>Biologie<\/p><\/td><\/tr><tr><td colspan=\"3\"><p><strong>Facultatea de Medicin\u0103 Dentar\u0103<\/strong><\/p><\/td><\/tr><tr><td><p>1<\/p><\/td><td><p>Tehnic\u0103 dentar\u0103<\/p><\/td><td><p>Biologie<\/p><\/td><\/tr><tr><td colspan=\"3\"><p><strong>Facultatea de Farmacie<\/strong><\/p><\/td><\/tr><tr><td><p>1<\/p><\/td><td><p>Cosmetic\u0103 medical\u0103 \u0219i tehnologia produsului cosmetic<\/p><\/td><td><p>Biologie<\/p><\/td><\/tr><tr><td colspan=\"3\"><p><strong>Facultatea de Inginerie \u0219i Tehnologia Informa\u021biei<\/strong><\/p><\/td><\/tr><tr><td><p>1<\/p><\/td><td><p>Automatic\u0103 \u0219i Informatic\u0103 Aplicat\u0103<\/p><\/td><td><p>Matematic\u0103<\/p><\/td><\/tr><tr><td><p>2<\/p><\/td><td><p>Inginerie Medical\u0103<\/p><\/td><td><p>Matematic\u0103 sau Biologie<\/p><\/td><\/tr><tr><td><p>3<\/p><\/td><td><p>Informatic\u0103<\/p><\/td><td><p>Matematic\u0103 sau Informatic\u0103<\/p><\/td><\/tr><tr><td><p>4<\/p><\/td><td><p>Energetic\u0103 \u0219i Tehnologii Informatice<\/p><\/td><td><p>Matematic\u0103<\/p><\/td><\/tr><tr><td><p>5<\/p><\/td><td><p>Tehnologia construc\u021biilor de ma\u0219ini<\/p><\/td><td><p>Matematic\u0103<\/p><\/td><\/tr><tr><td><p>6<\/p><\/td><td><p>Sisteme de produc\u021bie digitale<\/p><\/td><td><p>Matematic\u0103<\/p><\/td><\/tr><tr><td><p>7<\/p><\/td><td><p>Inginerie economic\u0103 industrial\u0103<\/p><\/td><td><p>Matematic\u0103<\/p><\/td><\/tr><tr><td colspan=\"3\"><p><strong>Facultatea de \u0218tiin\u021be \u0219i Litere \u201ePetru Maior\u201d<\/strong><\/p><\/td><\/tr><tr><td><p>1<\/p><\/td><td><p>Comunicare \u0219i media emergente<\/p><\/td><td><p>Limba \u0219i literatura rom\u00e2n\u0103<\/p><\/td><\/tr><tr><td><p>2<\/p><\/td><td><p>Comunicare \u0219i rela\u021bii publice<\/p><\/td><td><p>Limba \u0219i literatura rom\u00e2n\u0103<\/p><\/td><\/tr><tr><td><p>3<\/p><\/td><td><p>Istorie<\/p><\/td><td><p>Istorie<\/p><\/td><\/tr><tr><td><p>4<\/p><\/td><td><p>Limba \u0219i literatura rom\u00e2n\u0103 \u2013 Limba \u0219i literatura englez\u0103<\/p><\/td><td><p>Limba \u0219i literatura rom\u00e2n\u0103<\/p><\/td><\/tr><tr><td><p>5<\/p><\/td><td><p>Limbi moderne aplicate (en-fr-ger-it)<\/p><\/td><td><p>Limba modern\u0103 (englez\u0103, francez\u0103, german\u0103 sau italian\u0103)<\/p><\/td><\/tr><tr><td><p>6<\/p><\/td><td><p>Pedagogia \u00eenv\u0103\u021b\u0103m\u00e2ntului primar \u0219i pre\u0219colar<\/p><\/td><td><p>Limba \u0219i literatura rom\u00e2n\u0103<\/p><\/td><\/tr><tr><td><p>7<\/p><\/td><td><p>Studii de securitate<\/p><\/td><td><p>Limba \u0219i literatura rom\u00e2n\u0103<\/p><\/td><\/tr><tr><td colspan=\"3\"><p><strong>Facultatea de Economie \u0219i Drept<\/strong><\/p><\/td><\/tr><tr><td><p>1<\/p><\/td><td><p>Drept<\/p><\/td><td><p>Limba rom\u00e2n\u0103 sau Istorie sau Matematic\u0103 sau Economie<\/p><\/td><\/tr><tr><td><p>2<\/p><\/td><td><p>Administra\u021bie public\u0103<\/p><\/td><td><p>Limba rom\u00e2n\u0103 sau Istorie sau Matematic\u0103 sau Economie<\/p><\/td><\/tr><tr><td><p>3<\/p><\/td><td><p>Contabilitate \u0219i informatic\u0103 de gestiune<\/p><\/td><td><p>Matematic\u0103 sau o disciplina la alegere din domeniul economic (Economie, Economie Aplicat\u0103, Educa\u021bie antreprenorial\u0103, Contabilitate, Elemente de statistic\u0103, finan\u021be \u0219i asigur\u0103ri, Analiz\u0103 economico-financiar\u0103, Informatic\u0103)<\/p><\/td><\/tr><tr><td><p>4<\/p><\/td><td><p>Finan\u021be \u0219i B\u0103nci<\/p><\/td><td><p>Matematic\u0103 sau o disciplina la alegere din domeniul economic (Economie, Economie Aplicat\u0103, Educa\u021bie antreprenorial\u0103, Contabilitate, Elemente de statistic\u0103, finan\u021be \u0219i asigur\u0103ri, Analiz\u0103 economico-financiar\u0103, Informatic\u0103)<\/p><\/td><\/tr><tr><td><p>5<\/p><\/td><td><p>Management<\/p><\/td><td><p>Matematic\u0103 sau o disciplina la alegere din domeniul economic (Economie, Economie Aplicat\u0103,\u00a0Educa\u021bie antreprenorial\u0103, Socio-umane\/Educa\u021bie pentru societate, Tehnologia informa\u0163iei \u015fi a comunica\u0163iilor, Administrarea afacerilor)<\/p><\/td><\/tr><tr><td><p>6<\/p><\/td><td><p>Economia Comer\u021bului, Turismului \u0219i Serviciilor<\/p><\/td><td><p>Matematic\u0103 sau o disciplin\u0103 la alegere din domeniul economic (Economie, Economie Aplicat\u0103,\u00a0Educa\u021bie antreprenorial\u0103, Geografie, Socio-umane\/Educa\u021bie pentru societate, Tehnologia informa\u0163iei \u015fi a comunica\u0163iilor, Administrarea afacerilor)<\/p><\/td><\/tr><\/tbody><\/table>\t\t\t\t\t\t\t\t<\/div>\n\t\t\t\t<\/div>\n\t\t\t\t\t<\/div>\n\t\t<\/div>\n\t\t\t\t\t<\/div>\n\t\t<\/section>\n\t\t\t\t<section class=\"elementor-section elementor-top-section elementor-element elementor-element-4068e86 elementor-section-boxed elementor-section-height-default elementor-section-height-default\" data-id=\"4068e86\" data-element_type=\"section\">\n\t\t\t\t\t\t<div class=\"elementor-container elementor-column-gap-default\">\n\t\t\t\t\t<div class=\"elementor-column elementor-col-100 elementor-top-column elementor-element elementor-element-ba4829d\" data-id=\"ba4829d\" data-element_type=\"column\">\n\t\t\t<div class=\"elementor-widget-wrap\">\n\t\t\t\t\t\t\t<\/div>\n\t\t<\/div>\n\t\t\t\t\t<\/div>\n\t\t<\/section>\n\t\t\t\t<\/div>\n\t\t","protected":false},"excerpt":{"rendered":"<p>Calculeaz\u0103-\u021bi nota de admitere Media clasei a 9-a* Media la disciplina relevanta (clasa a 9-a)* Media clasei a 10-a* Media la disciplina relevanta (clasa a 10-a)* Media clasei a 11-a* Media la disciplina relevanta (clasa a 11-a) Calculeaz\u0103 Media de Admitere este: RELEV\u00c1NS TANT\u00c1RGY \u00a0 Az el\u0151felv\u00e9teli v\u00e9gs\u0151 jegye = 60% a IX-XI tanulm\u00e1nyi \u00e9vek&hellip; <br \/> <a class=\"read-more\" href=\"https:\/\/adminfo.umfst.ro\/hu\/a-vegso-erdemjegy-szamitasi-kriteriumai\/\">Read more<\/a><\/p>\n","protected":false},"author":1,"featured_media":0,"parent":0,"menu_order":0,"comment_status":"closed","ping_status":"closed","template":"","meta":{"_exactmetrics_skip_tracking":false,"_exactmetrics_sitenote_active":false,"_exactmetrics_sitenote_note":"","_exactmetrics_sitenote_category":0,"_monsterinsights_skip_tracking":false,"_monsterinsights_sitenote_active":false,"_monsterinsights_sitenote_note":"","_monsterinsights_sitenote_category":0,"footnotes":""},"class_list":["post-4001","page","type-page","status-publish","hentry"],"_links":{"self":[{"href":"https:\/\/adminfo.umfst.ro\/hu\/wp-json\/wp\/v2\/pages\/4001","targetHints":{"allow":["GET"]}}],"collection":[{"href":"https:\/\/adminfo.umfst.ro\/hu\/wp-json\/wp\/v2\/pages"}],"about":[{"href":"https:\/\/adminfo.umfst.ro\/hu\/wp-json\/wp\/v2\/types\/page"}],"author":[{"embeddable":true,"href":"https:\/\/adminfo.umfst.ro\/hu\/wp-json\/wp\/v2\/users\/1"}],"replies":[{"embeddable":true,"href":"https:\/\/adminfo.umfst.ro\/hu\/wp-json\/wp\/v2\/comments?post=4001"}],"version-history":[{"count":4,"href":"https:\/\/adminfo.umfst.ro\/hu\/wp-json\/wp\/v2\/pages\/4001\/revisions"}],"predecessor-version":[{"id":4190,"href":"https:\/\/adminfo.umfst.ro\/hu\/wp-json\/wp\/v2\/pages\/4001\/revisions\/4190"}],"wp:attachment":[{"href":"https:\/\/adminfo.umfst.ro\/hu\/wp-json\/wp\/v2\/media?parent=4001"}],"curies":[{"name":"wp","href":"https:\/\/api.w.org\/{rel}","templated":true}]}}