{"id":3998,"date":"2021-04-14T07:19:56","date_gmt":"2021-04-14T07:19:56","guid":{"rendered":"https:\/\/adminfo.umfst.ro\/?page_id=3998"},"modified":"2021-04-14T07:19:57","modified_gmt":"2021-04-14T07:19:57","slug":"a-jelentkezok-ertekelese","status":"publish","type":"page","link":"https:\/\/adminfo.umfst.ro\/hu\/a-jelentkezok-ertekelese\/","title":{"rendered":"A jelentkez\u0151k \u00e9rt\u00e9kel\u00e9se"},"content":{"rendered":"\n<p>Az el\u0151felv\u00e9teli v\u00e9gs\u0151 jegye = 60% a IX-XI tanulm\u00e1nyi \u00e9vek sz\u00e1mtani k\u00f6z\u00e9par\u00e1nyosa + 40% a v\u00e1lasztott k\u00e9pz\u00e9si szak szempontj\u00e1b\u00f3l relev\u00e1ns tant\u00e1rgy \u00e9vekre lebontott m\u00e9di\u00e1j\u00e1nak sz\u00e1mtani k\u00f6z\u00e9par\u00e1nyosa*<\/p>\n\n\n\n<p>* IX \u00e9s X oszt\u00e1ly vagy IX, X \u00e9s XI oszt\u00e1ly<\/p>\n\n\n\n<p>A verseny eredm\u00e9nye az el\u00e9rt pontsz\u00e1m f\u00fcggv\u00e9ny\u00e9ben a k\u00f6vetkez\u0151k egyike:&nbsp;&nbsp;Felt\u00e9teles felv\u00e9tel vagy Elutas\u00edt\u00e1s&nbsp;<\/p>\n","protected":false},"excerpt":{"rendered":"<p>Az el\u0151felv\u00e9teli v\u00e9gs\u0151 jegye = 60% a IX-XI tanulm\u00e1nyi \u00e9vek sz\u00e1mtani k\u00f6z\u00e9par\u00e1nyosa + 40% a v\u00e1lasztott k\u00e9pz\u00e9si szak szempontj\u00e1b\u00f3l relev\u00e1ns tant\u00e1rgy \u00e9vekre lebontott m\u00e9di\u00e1j\u00e1nak sz\u00e1mtani k\u00f6z\u00e9par\u00e1nyosa* * IX \u00e9s X oszt\u00e1ly vagy IX, X \u00e9s XI oszt\u00e1ly A verseny eredm\u00e9nye az el\u00e9rt pontsz\u00e1m f\u00fcggv\u00e9ny\u00e9ben a k\u00f6vetkez\u0151k egyike:&nbsp;&nbsp;Felt\u00e9teles felv\u00e9tel vagy Elutas\u00edt\u00e1s&nbsp;<\/p>\n","protected":false},"author":1,"featured_media":0,"parent":0,"menu_order":0,"comment_status":"closed","ping_status":"closed","template":"","meta":{"_exactmetrics_skip_tracking":false,"_exactmetrics_sitenote_active":false,"_exactmetrics_sitenote_note":"","_exactmetrics_sitenote_category":0,"_monsterinsights_skip_tracking":false,"_monsterinsights_sitenote_active":false,"_monsterinsights_sitenote_note":"","_monsterinsights_sitenote_category":0,"footnotes":""},"class_list":["post-3998","page","type-page","status-publish","hentry"],"_links":{"self":[{"href":"https:\/\/adminfo.umfst.ro\/hu\/wp-json\/wp\/v2\/pages\/3998","targetHints":{"allow":["GET"]}}],"collection":[{"href":"https:\/\/adminfo.umfst.ro\/hu\/wp-json\/wp\/v2\/pages"}],"about":[{"href":"https:\/\/adminfo.umfst.ro\/hu\/wp-json\/wp\/v2\/types\/page"}],"author":[{"embeddable":true,"href":"https:\/\/adminfo.umfst.ro\/hu\/wp-json\/wp\/v2\/users\/1"}],"replies":[{"embeddable":true,"href":"https:\/\/adminfo.umfst.ro\/hu\/wp-json\/wp\/v2\/comments?post=3998"}],"version-history":[{"count":1,"href":"https:\/\/adminfo.umfst.ro\/hu\/wp-json\/wp\/v2\/pages\/3998\/revisions"}],"predecessor-version":[{"id":3999,"href":"https:\/\/adminfo.umfst.ro\/hu\/wp-json\/wp\/v2\/pages\/3998\/revisions\/3999"}],"wp:attachment":[{"href":"https:\/\/adminfo.umfst.ro\/hu\/wp-json\/wp\/v2\/media?parent=3998"}],"curies":[{"name":"wp","href":"https:\/\/api.w.org\/{rel}","templated":true}]}}