{"id":3995,"date":"2021-04-14T07:18:32","date_gmt":"2021-04-14T07:18:32","guid":{"rendered":"https:\/\/adminfo.umfst.ro\/?page_id=3995"},"modified":"2021-04-14T07:18:33","modified_gmt":"2021-04-14T07:18:33","slug":"a-beiratkozashoz-szukseges-dokumentumok-2","status":"publish","type":"page","link":"https:\/\/adminfo.umfst.ro\/hu\/a-beiratkozashoz-szukseges-dokumentumok-2\/","title":{"rendered":"A beiratkoz\u00e1shoz sz\u00fcks\u00e9ges dokumentumok"},"content":{"rendered":"\n<ul class=\"wp-block-list\"><li>A tanint\u00e9zet \u00e1ltal (ahol a jelentkez\u0151 a k\u00f6z\u00e9piskolai tanulm\u00e1nyait v\u00e9gzi vagy v\u00e9gezte) ki\u00e1ll\u00edtott bizony\u00edtv\u00e1ny&nbsp;<em>(Adeverin\u021b\u0103)<\/em>, amely tanus\u00edtja az elv\u00e9gzett IX-XI oszt\u00e1ly eredm\u00e9nyeit, valamint azon tant\u00e1rgy jegyeinek \u00e1tlag\u00e1t (IX-X vagy IX-XI oszt\u00e1ly), amely&nbsp;<strong>a v\u00e1lasztott k\u00e9pz\u00e9si szak szempontj\u00e1b\u00f3l relev\u00e1ns<\/strong>&nbsp;<em>(Adeverin\u021b\u0103 care indic\u0103 media notelor anilor de studiu din clasele IX-XI \u0219i media notelor anilor de studiu la disciplina relevant\u0103 pentru domeniului de admitere, din clasele IX-X sau IX-XI)<\/em>.<\/li><\/ul>\n\n\n\n<ul class=\"wp-block-list\"><li>A 2021 el\u0151tti \u00e9vekben \u00e9retts\u00e9gizettek eset\u00e9ben az \u00e9retts\u00e9gi diploma vagy azzal egyen\u00e9rt\u00e9k\u0171 oklev\u00e9l&nbsp;<em>(Diploma de bacalaureat sau diploma echivalent\u0103 cu aceasta)<\/em>.<\/li><\/ul>\n\n\n\n<ul class=\"wp-block-list\"><li>A jelentkez\u0151 lakhely\u00e9hez tartoz\u00f3&nbsp;csal\u00e1dorvosi rendel\u0151 \u00e1ltal ki\u00e1ll\u00edtott tipiz\u00e1lt orvosi igazol\u00e1s&nbsp;<em>(Adeverin\u021b\u0103<\/em><em>medical\u0103 tip eliberat\u0103 de cabinetul medicului de familie din localitatea de domiciliu).<\/em>&nbsp;&nbsp;A kr\u00f3nikus betegs\u00e9ggel rendelkez\u0151 jel\u00f6lteknek a csal\u00e1dorvos \u00e1ltal ki\u00e1ll\u00edtott igazol\u00e1s\u00e1t&nbsp;<em>a dom\u00e9niumban szakosodott orvosnak<\/em>&nbsp;is l\u00e1ttamoznia kell. Ezen betegs\u00e9gek bejelent\u00e9s\u00e9nek elmulaszt\u00e1sa a hat\u00e1lyos, az int\u00e9zm\u00e9ny \u00e1ltal meg\u00e1llap\u00edtott k\u00f6vetkezm\u00e9nyekkel j\u00e1r.<\/li><\/ul>\n\n\n\n<ul class=\"wp-block-list\"><li>A tanulm\u00e1nyok elismer\u00e9s\u00e9nek igazol\u00e1sa&nbsp;<em>(Atestatul de recunoa\u0219tere a studiilor efectuate) a<\/em>z Eur\u00f3pai Uni\u00f3 tag\u00e1llamai, az Eur\u00f3pai Gazdas\u00e1gi T\u00e9rs\u00e9ghez tartoz\u00f3 \u00e1llamok \u00e9s a Sv\u00e1jci \u00c1llamsz\u00f6vets\u00e9g \u00e1llampolg\u00e1rainak (akik k\u00fclf\u00f6ld\u00f6n szerezt\u00e9k \u00e9retts\u00e9gi oklevel\u00fcket) a MOGyTTE erre vonatkoz\u00f3 szab\u00e1lyzata \u00e9rtelm\u00e9ben (l\u00e1sd Capitolul III, art. 12 din Regulamentul de organizare \u0219i desf\u0103\u0219urare a concursului de admitere \u00een ciclul de licen\u021b\u0103 UMFST-REG-16).<\/li><\/ul>\n\n\n\n<ul class=\"wp-block-list\"><li>Sz\u00fclet\u00e9si anyak\u00f6nyvi kivonat&nbsp;<em>(Certificat de na\u0219tere)<\/em>&nbsp;m\u00e1solata.<\/li><\/ul>\n\n\n\n<ul class=\"wp-block-list\"><li>\u00c9rv\u00e9nyes szem\u00e9lyi igazolv\u00e1ny&nbsp;<em>(Carte de identitate sau Pa\u0219aport)<\/em>&nbsp;m\u00e1solata.<\/li><\/ul>\n\n\n\n<ul class=\"wp-block-list\"><li>A jel\u00f6lt f\u00e9nyk\u00e9pe digit\u00e1lis form\u00e1ban&nbsp;<em>(Fotografie a candidatului \u00een format electronic).<\/em><\/li><\/ul>\n\n\n\n<ul class=\"wp-block-list\"><li>A beiratkoz\u00e1si d\u00edj online vagy a helysz\u00ednen kivitelezett befizet\u00e9s\u00e9nek igazol\u00e1sa&nbsp;<em>(Dovada achit\u0103rii taxei de \u00eenscriere)<\/em>. A nyugta szkennelt m\u00e1solat\u00e1t fel kell t\u00f6lteni az online regisztr\u00e1ci\u00f3s platformra.<\/li><\/ul>\n","protected":false},"excerpt":{"rendered":"<p>A tanint\u00e9zet \u00e1ltal (ahol a jelentkez\u0151 a k\u00f6z\u00e9piskolai tanulm\u00e1nyait v\u00e9gzi vagy v\u00e9gezte) ki\u00e1ll\u00edtott bizony\u00edtv\u00e1ny&nbsp;(Adeverin\u021b\u0103), amely tanus\u00edtja az elv\u00e9gzett IX-XI oszt\u00e1ly eredm\u00e9nyeit, valamint azon tant\u00e1rgy jegyeinek \u00e1tlag\u00e1t (IX-X vagy IX-XI oszt\u00e1ly), amely&nbsp;a v\u00e1lasztott k\u00e9pz\u00e9si szak szempontj\u00e1b\u00f3l relev\u00e1ns&nbsp;(Adeverin\u021b\u0103 care indic\u0103 media notelor anilor de studiu din clasele IX-XI \u0219i media notelor anilor de studiu la disciplina relevant\u0103&hellip; <br \/> <a class=\"read-more\" href=\"https:\/\/adminfo.umfst.ro\/hu\/a-beiratkozashoz-szukseges-dokumentumok-2\/\">Read more<\/a><\/p>\n","protected":false},"author":1,"featured_media":0,"parent":0,"menu_order":0,"comment_status":"closed","ping_status":"closed","template":"","meta":{"_exactmetrics_skip_tracking":false,"_exactmetrics_sitenote_active":false,"_exactmetrics_sitenote_note":"","_exactmetrics_sitenote_category":0,"_monsterinsights_skip_tracking":false,"_monsterinsights_sitenote_active":false,"_monsterinsights_sitenote_note":"","_monsterinsights_sitenote_category":0,"footnotes":""},"class_list":["post-3995","page","type-page","status-publish","hentry"],"_links":{"self":[{"href":"https:\/\/adminfo.umfst.ro\/hu\/wp-json\/wp\/v2\/pages\/3995","targetHints":{"allow":["GET"]}}],"collection":[{"href":"https:\/\/adminfo.umfst.ro\/hu\/wp-json\/wp\/v2\/pages"}],"about":[{"href":"https:\/\/adminfo.umfst.ro\/hu\/wp-json\/wp\/v2\/types\/page"}],"author":[{"embeddable":true,"href":"https:\/\/adminfo.umfst.ro\/hu\/wp-json\/wp\/v2\/users\/1"}],"replies":[{"embeddable":true,"href":"https:\/\/adminfo.umfst.ro\/hu\/wp-json\/wp\/v2\/comments?post=3995"}],"version-history":[{"count":1,"href":"https:\/\/adminfo.umfst.ro\/hu\/wp-json\/wp\/v2\/pages\/3995\/revisions"}],"predecessor-version":[{"id":3996,"href":"https:\/\/adminfo.umfst.ro\/hu\/wp-json\/wp\/v2\/pages\/3995\/revisions\/3996"}],"wp:attachment":[{"href":"https:\/\/adminfo.umfst.ro\/hu\/wp-json\/wp\/v2\/media?parent=3995"}],"curies":[{"name":"wp","href":"https:\/\/api.w.org\/{rel}","templated":true}]}}