{"id":3992,"date":"2021-04-14T07:16:52","date_gmt":"2021-04-14T07:16:52","guid":{"rendered":"https:\/\/adminfo.umfst.ro\/?page_id=3992"},"modified":"2021-04-14T07:16:53","modified_gmt":"2021-04-14T07:16:53","slug":"beiratkozas","status":"publish","type":"page","link":"https:\/\/adminfo.umfst.ro\/hu\/beiratkozas\/","title":{"rendered":"Beiratkoz\u00e1s"},"content":{"rendered":"\n<ul class=\"wp-block-list\"><li>Az el\u0151felv\u00e9telire iratkozhatnak akik&nbsp;Az Eg\u00e9szs\u00e9g\u00fcgyi k\u00e9pz\u00e9si ter\u00fclethez tartoz\u00f3 (Orvostudom\u00e1nyi, Fogorvostudom\u00e1nyi, Gy\u00f3gyszer\u00e9szeti) valamint a M\u0171szaki, \u201ePetru Maior\u201d B\u00f6lcs\u00e9sztudom\u00e1nyi valamint a K\u00f6zgazdas\u00e1g- \u00e9s Jogtudom\u00e1nyi Karok keret\u00e9ben m\u0171k\u00f6d\u0151 3 \u00e9s 4 \u00e9ves k\u00e9pz\u00e9si szakokon szeretn\u00e9k a tanulm\u00e1nyaikat folytatni.<\/li><\/ul>\n\n\n\n<ul class=\"wp-block-list\"><li>El\u0151felv\u00e9teli vizsg\u00e1ra beiratkozhatnak az utols\u00f3 \u00e9ves k\u00f6z\u00e9piskol\u00e1sok (XII. oszt\u00e1lyosok), akik ebben az tan\u00e9vben fognak \u00e9retts\u00e9gizni, azon jel\u00f6ltek, akik az el\u0151z\u0151 \u00e9vekb\u0151l sz\u00e1raz\u00f3 \u00e9retts\u00e9gi diplom\u00e1val rendelkeznek, valamint azok, akik m\u00e1sodik egyetemk\u00e9nt szeretn\u00e9k ezeket a k\u00e9pz\u00e9seket v\u00e1lasztani.<\/li><\/ul>\n\n\n\n<ul class=\"wp-block-list\"><li>A jelentkez\u0151k beiratkoz\u00e1sa kiz\u00e1r\u00f3lag az el\u0151felv\u00e9telinek dedik\u00e1lt online platformon t\u00f6rt\u00e9nik.<\/li><\/ul>\n\n\n\n<ul class=\"wp-block-list\"><li>Az el\u0151felv\u00e9teli beiratkoz\u00e1si d\u00edja&nbsp;<em>(Tax\u0103 de \u00eenscriere la preadmitere)<\/em>&nbsp;200 lej, amelyet ONLINE (a beiratkoz\u00e1snak sz\u00e1nt platformon) vagy AZ EGYETEMI P\u00c9NZT\u00c1RBAN (munkanapokon 8,00-14,00 \u00f3ra k\u00f6z\u00f6tt) lehet befizetni, vagy BANKI \u00c1TUTAL\u00c1SSAL lehet t\u00f6rleszteni az al\u00e1bbi sz\u00e1ml\u00e1ra:&nbsp;Universitatea de Medicin\u0103, Farmacie, \u0218tiin\u021be \u0219i Tehnologie Str.Gh.Marinescu Nr.38, Tg Mures, 540139 CF 4322742 CONT IBAN : RO32TREZ47620F330500XXXX (Trezoreria Tirgu Mure\u015f).&nbsp;<\/li><\/ul>\n\n\n\n<ul class=\"wp-block-list\"><li>A jel\u00f6lt&nbsp;<strong>mentes\u00fcl a beiratkoz\u00e1si d\u00edj befizet\u00e9se al\u00f3l<\/strong>, amennyiben mindk\u00e9t sz\u00fcl\u0151je elhal\u00e1lozott, vagy \u00e1rvah\u00e1zban\/csal\u00e1di elhelyez\u00e9sben nevelkedett. Ezen k\u00edv\u00fcl mentes\u00fclnek a beiratkoz\u00e1si d\u00edj befizet\u00e9se al\u00f3l a pedag\u00f3gusok \u00e9s az oktat\u00e1sban dolgoz\u00f3 alkalmazottak gyermekei f\u00fcggetlen\u00fcl att\u00f3l, hogy a sz\u00fcl\u0151k\/sz\u00fcl\u0151 akt\u00edv dolgoz\u00f3 vagy nyugd\u00edjas (legal\u00e1bb egy sz\u00fcl\u0151 legyen oktat\u00f3 vagy oktat\u00e1sban dolgoz\u00f3), valamint az elhal\u00e1lozott tan\u00fcgyi alkalmazottak \u00e1rv\u00e1i, \u00e9s a Marosv\u00e1s\u00e1rhelyi \u201eGeorge Emil Palade\u201d Orvosi, Gy\u00f3gyszer\u00e9szeti, Tudom\u00e1ny \u00e9s Technol\u00f3giai Egyetem&nbsp;nem oktat\u00f3i munkak\u00f6rben dolgoz\u00f3 alkalmazottjainak&nbsp;a gyermekei.<\/li><\/ul>\n","protected":false},"excerpt":{"rendered":"<p>Az el\u0151felv\u00e9telire iratkozhatnak akik&nbsp;Az Eg\u00e9szs\u00e9g\u00fcgyi k\u00e9pz\u00e9si ter\u00fclethez tartoz\u00f3 (Orvostudom\u00e1nyi, Fogorvostudom\u00e1nyi, Gy\u00f3gyszer\u00e9szeti) valamint a M\u0171szaki, \u201ePetru Maior\u201d B\u00f6lcs\u00e9sztudom\u00e1nyi valamint a K\u00f6zgazdas\u00e1g- \u00e9s Jogtudom\u00e1nyi Karok keret\u00e9ben m\u0171k\u00f6d\u0151 3 \u00e9s 4 \u00e9ves k\u00e9pz\u00e9si szakokon szeretn\u00e9k a tanulm\u00e1nyaikat folytatni. El\u0151felv\u00e9teli vizsg\u00e1ra beiratkozhatnak az utols\u00f3 \u00e9ves k\u00f6z\u00e9piskol\u00e1sok (XII. oszt\u00e1lyosok), akik ebben az tan\u00e9vben fognak \u00e9retts\u00e9gizni, azon jel\u00f6ltek, akik az el\u0151z\u0151&hellip; <br \/> <a class=\"read-more\" href=\"https:\/\/adminfo.umfst.ro\/hu\/beiratkozas\/\">Read more<\/a><\/p>\n","protected":false},"author":1,"featured_media":0,"parent":0,"menu_order":0,"comment_status":"closed","ping_status":"closed","template":"","meta":{"_exactmetrics_skip_tracking":false,"_exactmetrics_sitenote_active":false,"_exactmetrics_sitenote_note":"","_exactmetrics_sitenote_category":0,"_monsterinsights_skip_tracking":false,"_monsterinsights_sitenote_active":false,"_monsterinsights_sitenote_note":"","_monsterinsights_sitenote_category":0,"footnotes":""},"class_list":["post-3992","page","type-page","status-publish","hentry"],"_links":{"self":[{"href":"https:\/\/adminfo.umfst.ro\/hu\/wp-json\/wp\/v2\/pages\/3992","targetHints":{"allow":["GET"]}}],"collection":[{"href":"https:\/\/adminfo.umfst.ro\/hu\/wp-json\/wp\/v2\/pages"}],"about":[{"href":"https:\/\/adminfo.umfst.ro\/hu\/wp-json\/wp\/v2\/types\/page"}],"author":[{"embeddable":true,"href":"https:\/\/adminfo.umfst.ro\/hu\/wp-json\/wp\/v2\/users\/1"}],"replies":[{"embeddable":true,"href":"https:\/\/adminfo.umfst.ro\/hu\/wp-json\/wp\/v2\/comments?post=3992"}],"version-history":[{"count":1,"href":"https:\/\/adminfo.umfst.ro\/hu\/wp-json\/wp\/v2\/pages\/3992\/revisions"}],"predecessor-version":[{"id":3993,"href":"https:\/\/adminfo.umfst.ro\/hu\/wp-json\/wp\/v2\/pages\/3992\/revisions\/3993"}],"wp:attachment":[{"href":"https:\/\/adminfo.umfst.ro\/hu\/wp-json\/wp\/v2\/media?parent=3992"}],"curies":[{"name":"wp","href":"https:\/\/api.w.org\/{rel}","templated":true}]}}