{"id":3540,"date":"2021-03-02T13:32:07","date_gmt":"2021-03-02T13:32:07","guid":{"rendered":"https:\/\/adminfo.umfst.ro\/?page_id=3540"},"modified":"2021-03-02T13:33:31","modified_gmt":"2021-03-02T13:33:31","slug":"ujdonsagok","status":"publish","type":"page","link":"https:\/\/adminfo.umfst.ro\/hu\/ujdonsagok\/","title":{"rendered":"\u00daJDONS\u00c1GOK"},"content":{"rendered":"\n<p><a href=\"https:\/\/adminfo.umfst.ro\/admitere-medicina-militara\/\">2021: Felv\u00e9teli a Katonaorvosi k\u00e9pz\u00e9si szakra&nbsp;<\/a><\/p>\n","protected":false},"excerpt":{"rendered":"<p>2021: Felv\u00e9teli a Katonaorvosi k\u00e9pz\u00e9si szakra&nbsp;<\/p>\n","protected":false},"author":1,"featured_media":0,"parent":0,"menu_order":0,"comment_status":"closed","ping_status":"closed","template":"","meta":{"_exactmetrics_skip_tracking":false,"_exactmetrics_sitenote_active":false,"_exactmetrics_sitenote_note":"","_exactmetrics_sitenote_category":0,"_monsterinsights_skip_tracking":false,"_monsterinsights_sitenote_active":false,"_monsterinsights_sitenote_note":"","_monsterinsights_sitenote_category":0,"footnotes":""},"class_list":["post-3540","page","type-page","status-publish","hentry"],"_links":{"self":[{"href":"https:\/\/adminfo.umfst.ro\/hu\/wp-json\/wp\/v2\/pages\/3540","targetHints":{"allow":["GET"]}}],"collection":[{"href":"https:\/\/adminfo.umfst.ro\/hu\/wp-json\/wp\/v2\/pages"}],"about":[{"href":"https:\/\/adminfo.umfst.ro\/hu\/wp-json\/wp\/v2\/types\/page"}],"author":[{"embeddable":true,"href":"https:\/\/adminfo.umfst.ro\/hu\/wp-json\/wp\/v2\/users\/1"}],"replies":[{"embeddable":true,"href":"https:\/\/adminfo.umfst.ro\/hu\/wp-json\/wp\/v2\/comments?post=3540"}],"version-history":[{"count":2,"href":"https:\/\/adminfo.umfst.ro\/hu\/wp-json\/wp\/v2\/pages\/3540\/revisions"}],"predecessor-version":[{"id":3543,"href":"https:\/\/adminfo.umfst.ro\/hu\/wp-json\/wp\/v2\/pages\/3540\/revisions\/3543"}],"wp:attachment":[{"href":"https:\/\/adminfo.umfst.ro\/hu\/wp-json\/wp\/v2\/media?parent=3540"}],"curies":[{"name":"wp","href":"https:\/\/api.w.org\/{rel}","templated":true}]}}