{"id":3514,"date":"2021-02-24T12:45:00","date_gmt":"2021-02-24T12:45:00","guid":{"rendered":"https:\/\/adminfo.umfst.ro\/?page_id=3514"},"modified":"2021-02-26T07:13:53","modified_gmt":"2021-02-26T07:13:53","slug":"szerves-kemia","status":"publish","type":"page","link":"https:\/\/adminfo.umfst.ro\/hu\/szerves-kemia\/","title":{"rendered":"SZERVES K\u00c9MIA"},"content":{"rendered":"\n<p><a href=\"https:\/\/adminfo.umfst.ro\/wp-content\/uploads\/2021\/02\/Tematica-si-bibliografie-admitere-2021-probele-chimie-organica-Farmacie-1.pdf\" target=\"_blank\" rel=\"noreferrer noopener\">Tanagyag \u00e9s k\u00f6nyv\u00e9szet-Szerves k\u00e9mia<\/a><\/p>\n\n\n\n<p><strong>Gy\u00f3gyszer\u00e9szeti szak<\/strong><\/p>\n","protected":false},"excerpt":{"rendered":"<p>Tanagyag \u00e9s k\u00f6nyv\u00e9szet-Szerves k\u00e9mia Gy\u00f3gyszer\u00e9szeti szak<\/p>\n","protected":false},"author":1,"featured_media":0,"parent":0,"menu_order":0,"comment_status":"closed","ping_status":"closed","template":"","meta":{"_exactmetrics_skip_tracking":false,"_exactmetrics_sitenote_active":false,"_exactmetrics_sitenote_note":"","_exactmetrics_sitenote_category":0,"_monsterinsights_skip_tracking":false,"_monsterinsights_sitenote_active":false,"_monsterinsights_sitenote_note":"","_monsterinsights_sitenote_category":0,"footnotes":""},"class_list":["post-3514","page","type-page","status-publish","hentry"],"_links":{"self":[{"href":"https:\/\/adminfo.umfst.ro\/hu\/wp-json\/wp\/v2\/pages\/3514","targetHints":{"allow":["GET"]}}],"collection":[{"href":"https:\/\/adminfo.umfst.ro\/hu\/wp-json\/wp\/v2\/pages"}],"about":[{"href":"https:\/\/adminfo.umfst.ro\/hu\/wp-json\/wp\/v2\/types\/page"}],"author":[{"embeddable":true,"href":"https:\/\/adminfo.umfst.ro\/hu\/wp-json\/wp\/v2\/users\/1"}],"replies":[{"embeddable":true,"href":"https:\/\/adminfo.umfst.ro\/hu\/wp-json\/wp\/v2\/comments?post=3514"}],"version-history":[{"count":2,"href":"https:\/\/adminfo.umfst.ro\/hu\/wp-json\/wp\/v2\/pages\/3514\/revisions"}],"predecessor-version":[{"id":3535,"href":"https:\/\/adminfo.umfst.ro\/hu\/wp-json\/wp\/v2\/pages\/3514\/revisions\/3535"}],"wp:attachment":[{"href":"https:\/\/adminfo.umfst.ro\/hu\/wp-json\/wp\/v2\/media?parent=3514"}],"curies":[{"name":"wp","href":"https:\/\/api.w.org\/{rel}","templated":true}]}}