{"id":3510,"date":"2021-02-24T12:43:01","date_gmt":"2021-02-24T12:43:01","guid":{"rendered":"https:\/\/adminfo.umfst.ro\/?page_id=3510"},"modified":"2021-02-24T12:43:02","modified_gmt":"2021-02-24T12:43:02","slug":"kemia","status":"publish","type":"page","link":"https:\/\/adminfo.umfst.ro\/hu\/kemia\/","title":{"rendered":"K\u00c9MIA"},"content":{"rendered":"\n<p><a href=\"https:\/\/adminfo.umfst.ro\/wp-content\/uploads\/2021\/02\/Tematica-si-bibliografie-admitere-2021-probele-chimie-Medicina-Medicina-Dentara.pdf\" target=\"_blank\" rel=\"noreferrer noopener\">Tanagyag \u00e9s k\u00f6nyv\u00e9szet-K\u00e9mia<\/a><\/p>\n\n\n\n<p><strong>Felv\u00e9teli\u00a0 az Orvosi, Katonaorvosi\u00a0 \u00e9s\u00a0 Fogorvosi k\u00e9pz\u00e9si szakokra<\/strong><\/p>\n","protected":false},"excerpt":{"rendered":"<p>Tanagyag \u00e9s k\u00f6nyv\u00e9szet-K\u00e9mia Felv\u00e9teli\u00a0 az Orvosi, Katonaorvosi\u00a0 \u00e9s\u00a0 Fogorvosi k\u00e9pz\u00e9si szakokra<\/p>\n","protected":false},"author":1,"featured_media":0,"parent":0,"menu_order":0,"comment_status":"closed","ping_status":"closed","template":"","meta":{"_exactmetrics_skip_tracking":false,"_exactmetrics_sitenote_active":false,"_exactmetrics_sitenote_note":"","_exactmetrics_sitenote_category":0,"_monsterinsights_skip_tracking":false,"_monsterinsights_sitenote_active":false,"_monsterinsights_sitenote_note":"","_monsterinsights_sitenote_category":0,"footnotes":""},"class_list":["post-3510","page","type-page","status-publish","hentry"],"_links":{"self":[{"href":"https:\/\/adminfo.umfst.ro\/hu\/wp-json\/wp\/v2\/pages\/3510","targetHints":{"allow":["GET"]}}],"collection":[{"href":"https:\/\/adminfo.umfst.ro\/hu\/wp-json\/wp\/v2\/pages"}],"about":[{"href":"https:\/\/adminfo.umfst.ro\/hu\/wp-json\/wp\/v2\/types\/page"}],"author":[{"embeddable":true,"href":"https:\/\/adminfo.umfst.ro\/hu\/wp-json\/wp\/v2\/users\/1"}],"replies":[{"embeddable":true,"href":"https:\/\/adminfo.umfst.ro\/hu\/wp-json\/wp\/v2\/comments?post=3510"}],"version-history":[{"count":2,"href":"https:\/\/adminfo.umfst.ro\/hu\/wp-json\/wp\/v2\/pages\/3510\/revisions"}],"predecessor-version":[{"id":3534,"href":"https:\/\/adminfo.umfst.ro\/hu\/wp-json\/wp\/v2\/pages\/3510\/revisions\/3534"}],"wp:attachment":[{"href":"https:\/\/adminfo.umfst.ro\/hu\/wp-json\/wp\/v2\/media?parent=3510"}],"curies":[{"name":"wp","href":"https:\/\/api.w.org\/{rel}","templated":true}]}}