{"id":3505,"date":"2021-02-24T12:40:48","date_gmt":"2021-02-24T12:40:48","guid":{"rendered":"https:\/\/adminfo.umfst.ro\/?page_id=3505"},"modified":"2021-03-02T13:36:34","modified_gmt":"2021-03-02T13:36:34","slug":"biologia","status":"publish","type":"page","link":"https:\/\/adminfo.umfst.ro\/hu\/biologia\/","title":{"rendered":"BIOL\u00d3GIA"},"content":{"rendered":"\n<p><a href=\"https:\/\/adminfo.umfst.ro\/wp-content\/uploads\/2021\/03\/Felv\u00e9teli-az-Orvosi.pdf\" target=\"_blank\" rel=\"noreferrer noopener\">Tanagyag \u00e9s k\u00f6nyv\u00e9szet-Biol\u00f3gia<\/a><\/p>\n","protected":false},"excerpt":{"rendered":"<p>Tanagyag \u00e9s k\u00f6nyv\u00e9szet-Biol\u00f3gia<\/p>\n","protected":false},"author":1,"featured_media":0,"parent":0,"menu_order":0,"comment_status":"closed","ping_status":"closed","template":"","meta":{"_exactmetrics_skip_tracking":false,"_exactmetrics_sitenote_active":false,"_exactmetrics_sitenote_note":"","_exactmetrics_sitenote_category":0,"_monsterinsights_skip_tracking":false,"_monsterinsights_sitenote_active":false,"_monsterinsights_sitenote_note":"","_monsterinsights_sitenote_category":0,"footnotes":""},"class_list":["post-3505","page","type-page","status-publish","hentry"],"_links":{"self":[{"href":"https:\/\/adminfo.umfst.ro\/hu\/wp-json\/wp\/v2\/pages\/3505","targetHints":{"allow":["GET"]}}],"collection":[{"href":"https:\/\/adminfo.umfst.ro\/hu\/wp-json\/wp\/v2\/pages"}],"about":[{"href":"https:\/\/adminfo.umfst.ro\/hu\/wp-json\/wp\/v2\/types\/page"}],"author":[{"embeddable":true,"href":"https:\/\/adminfo.umfst.ro\/hu\/wp-json\/wp\/v2\/users\/1"}],"replies":[{"embeddable":true,"href":"https:\/\/adminfo.umfst.ro\/hu\/wp-json\/wp\/v2\/comments?post=3505"}],"version-history":[{"count":2,"href":"https:\/\/adminfo.umfst.ro\/hu\/wp-json\/wp\/v2\/pages\/3505\/revisions"}],"predecessor-version":[{"id":3546,"href":"https:\/\/adminfo.umfst.ro\/hu\/wp-json\/wp\/v2\/pages\/3505\/revisions\/3546"}],"wp:attachment":[{"href":"https:\/\/adminfo.umfst.ro\/hu\/wp-json\/wp\/v2\/media?parent=3505"}],"curies":[{"name":"wp","href":"https:\/\/api.w.org\/{rel}","templated":true}]}}