{"id":3495,"date":"2021-02-24T12:25:37","date_gmt":"2021-02-24T12:25:37","guid":{"rendered":"https:\/\/adminfo.umfst.ro\/?page_id=3495"},"modified":"2021-07-13T10:09:13","modified_gmt":"2021-07-13T10:09:13","slug":"kalendarium","status":"publish","type":"page","link":"https:\/\/adminfo.umfst.ro\/hu\/kalendarium\/","title":{"rendered":"KALEND\u00c1RIUM"},"content":{"rendered":"\n<p><strong>FELV\u00c9TELI KALEND\u00c1RIUM 2021 J\u00daLIUS&nbsp;<\/strong><\/p>\n\n\n\n<figure class=\"wp-block-table\"><table><tbody><tr><td>&nbsp;<\/td><td>Az Orvosi, a Katonaorvosi, a Fogorvosi \u00e9s a Gy\u00f3gyszer\u00e9szeti alapk\u00e9pz\u00e9sek<\/td><td>\u00c1ltal\u00e1nos asszisztensk\u00e9pz\u00e9s, T\u00e1pl\u00e1lkoz\u00e1stan \u00e9s dietetika, Balneo-fizio-kinetoter\u00e1pia \u00e9s rehabilit\u00e1ci\u00f3, Fogtechnikus k\u00e9pz\u00e9s \u00e9s Orvosi kozmetika \u00e9s a kozmetikai term\u00e9kek technol\u00f3gi\u00e1ja szakokra, valamint a M\u0171szaki, Petru Maior B\u00f6lcs\u00e9sztudom\u00e1nyi, K\u00f6zgazdas\u00e1g-\u00e1s Jogtudom\u00e1nyi Kar keret\u00e9ben m\u0171k\u00f6d\u0151 szakokra<\/td><\/tr><tr><td>24\/24 \u00f3ra online jelentkez\u00e9s&nbsp;<\/td><td><strong>2021 j\u00falius 18, 8:00 \u00f3ra &#8211; 2021 j\u00falius 22, 12:00 \u00f3ra&nbsp;<\/strong><\/td><td><strong>2021 j\u00falius 18, 8:00 \u00f3ra &#8211; 2021 j\u00falius 22, 12:00 \u00f3ra&nbsp;<\/strong><\/td><\/tr><tr><td>Felv\u00e9teli vizsga<\/td><td>2021 j\u00falius 25<\/td><td>&#8211;<\/td><\/tr><tr><td>Kiz\u00e1r\u00f3 jelleg\u0171 k\u00e9pess\u00e9gi vizsga az \u201e\u00c1ltal\u00e1nos iskolai \u00e9s \u00f3vodai nevel\u00e9s pedag\u00f3gi\u00e1ja\u201d (PIPP) szakra iratkoz\u00f3knak<\/td><td>&#8211;<\/td><td>2021 j\u00falius 23<\/td><\/tr><tr><td><strong>Gyakorlati vizsga a Testnevel\u00e9s \u00e9s Sport szakra iratkoz\u00f3knak<\/strong><\/td><td>&#8211;<\/td><td>2021 j\u00falius 23<\/td><\/tr><tr><td>Az eredm\u00e9nyek kif\u00fcggeszt\u00e9se<\/td><td>2021 j\u00falius 25<\/td><td>2021 j\u00falius 24<\/td><\/tr><tr><td>A felv\u00e9telivel kapcsolatos \u00f3v\u00e1sok\/fellebbez\u00e9sek beny\u00fajt\u00e1sa a kif\u00fcggesztett e-mail-c\u00edmekre<\/td><td><a href=\"mailto:rectorat@umfst.ro\">rectorat@umfst.ro<\/a>&nbsp;\u2013&nbsp;A vizsgak\u00e9rd\u00e9sekkel kapcsolatos \u00f3v\u00e1s\/fellebbez\u00e9s beny\u00fajt\u00e1sa az eredm\u00e9nyek kif\u00fcggeszt\u00e9s\u00e9t k\u00f6vet\u0151 k\u00e9t \u00f3r\u00e1n bel\u00fcl t\u00f6rt\u00e9nik&nbsp;<\/td><td><a href=\"mailto:admitere2@umfst.ro\">admitere2@umfst.ro<\/a>&nbsp;2021 j\u00falius 26, 14:00 \u00f3r\u00e1ig&nbsp;&nbsp;<br><\/td><\/tr><tr><td><\/td><td><a href=\"mailto:rectorat@umfst.ro\">rectorat@umfst.ro<\/a>&nbsp;\u2013&nbsp;A felv\u00e9teli menet\u00e9vel kapcsolatos szab\u00e1lytalans\u00e1gok \u00f3v\u00e1sa j\u00falius 26, 14:00 \u00f3r\u00e1ig lehets\u00e9ges&nbsp;<\/td><td><\/td><\/tr><tr><td>A bejut\u00f3 helyek meger\u0151s\u00edt\u00e9se, az \u00fajraeloszt\u00e1st ig\u00e9nyl\u0151 k\u00e9relmek beny\u00fajt\u00e1sa<\/td><td>2021 j\u00falius 26-2021 j\u00falius 27-a helyek meger\u0151s\u00edt\u00e9se a <strong>beiratkoz\u00e1si platformon<\/strong>, majd a dosszi\u00e9k lead\u00e1sa a karok d\u00e9k\u00e1ni hivatal\u00e1ba<\/td><td>2021 j\u00falius 24-2021 j\u00falius 26-a helyek meger\u0151s\u00edt\u00e9se a <strong>beiratkoz\u00e1si platformon<\/strong>, majd a beiratkoz\u00e1shoz sz\u00fcks\u00e9ges dokumentumok szem\u00e9lyes lead\u00e1sa a karok d\u00e9k\u00e1ni hivatal\u00e1ba<\/td><\/tr><tr><td>A beiratkoz\u00e1shoz sz\u00fcks\u00e9ges dokumentumok szem\u00e9lyes lead\u00e1sa a karok d\u00e9k\u00e1ni hivatal\u00e1ba<\/td><td>2021 j\u00falius 26-2021 j\u00falius 27, 15 \u00f3ra<\/td><td>2021 j\u00falius 27-2021 j\u00falius 29, 15 \u00f3ra<\/td><\/tr><tr><td>Az eredm\u00e9nyek kif\u00fcggeszt\u00e9se a helymeger\u0151s\u00edt\u00e9s \u00e9s fellenbbez\u00e9seket k\u00f6vet\u0151en&nbsp;&nbsp;<\/td><td>2021 j\u00falius 28<\/td><td>2021 j\u00falius 26<\/td><\/tr><tr><td>A helyek eloszt\u00e1s\u00e1ra vonatkoz\u00f3 fellebbez\u00e9sek beny\u00fajt\u00e1sa<\/td><td>2021 j\u00falius 28<\/td><td>2021 j\u00falius 28<\/td><\/tr><tr><td>A meg nem er\u0151s\u00edtett helyek \u00e9s a fellebbez\u00e9sek eredm\u00e9nyeinek kif\u00fcggeszt\u00e9se<\/td><td>2021 j\u00falius 28<\/td><td>2021 j\u00falius 28<\/td><\/tr><tr><td>A helyek meger\u0151s\u00edt\u00e9se a helyek \u00fajraeloszt\u00e1s\u00e1t k\u00f6vet\u0151en, a fellebbez\u00e9sek eredm\u00e9nyeinek kif\u00fcggeszt\u00e9se az \u00fajraeloszt\u00e1st k\u00f6vet\u0151en&nbsp;<\/td><td>2021 j\u00falius 29-a helyek meger\u0151s\u00edt\u00e9se a <strong>beiratkoz\u00e1si platformon<\/strong>, majd a beiratkoz\u00e1shoz sz\u00fcks\u00e9ges dokumentumok szem\u00e9lyes lead\u00e1sa a karok d\u00e9k\u00e1ni hivatalaiban<\/td><td>2021 j\u00falius 29-a helyek meger\u0151s\u00edt\u00e9se a <strong>beiratkoz\u00e1si platformon<\/strong>, majd a beiratkoz\u00e1shoz sz\u00fcks\u00e9ges dokumentumok szem\u00e9lyes lead\u00e1sa a karok d\u00e9k\u00e1ni hivatalaiban<\/td><\/tr><tr><td>A dokumentumok szem\u00e9lyes&nbsp;&nbsp;beny\u00fajt\u00e1sa a karok d\u00e9k\u00e1ni hivatalaiba&nbsp;<\/td><td>2021 j\u00falius 29, 15 \u00f3ra<\/td><td>2021 j\u00falius 29, 15 \u00f3ra<\/td><\/tr><\/tbody><\/table><\/figure>\n","protected":false},"excerpt":{"rendered":"<p>FELV\u00c9TELI KALEND\u00c1RIUM 2021 J\u00daLIUS&nbsp; &nbsp; Az Orvosi, a Katonaorvosi, a Fogorvosi \u00e9s a Gy\u00f3gyszer\u00e9szeti alapk\u00e9pz\u00e9sek \u00c1ltal\u00e1nos asszisztensk\u00e9pz\u00e9s, T\u00e1pl\u00e1lkoz\u00e1stan \u00e9s dietetika, Balneo-fizio-kinetoter\u00e1pia \u00e9s rehabilit\u00e1ci\u00f3, Fogtechnikus k\u00e9pz\u00e9s \u00e9s Orvosi kozmetika \u00e9s a kozmetikai term\u00e9kek technol\u00f3gi\u00e1ja szakokra, valamint a M\u0171szaki, Petru Maior B\u00f6lcs\u00e9sztudom\u00e1nyi, K\u00f6zgazdas\u00e1g-\u00e1s Jogtudom\u00e1nyi Kar keret\u00e9ben m\u0171k\u00f6d\u0151 szakokra 24\/24 \u00f3ra online jelentkez\u00e9s&nbsp; 2021 j\u00falius 18, 8:00 \u00f3ra&hellip; <br \/> <a class=\"read-more\" href=\"https:\/\/adminfo.umfst.ro\/hu\/kalendarium\/\">Read more<\/a><\/p>\n","protected":false},"author":1,"featured_media":0,"parent":0,"menu_order":0,"comment_status":"closed","ping_status":"closed","template":"","meta":{"_exactmetrics_skip_tracking":false,"_exactmetrics_sitenote_active":false,"_exactmetrics_sitenote_note":"","_exactmetrics_sitenote_category":0,"_monsterinsights_skip_tracking":false,"_monsterinsights_sitenote_active":false,"_monsterinsights_sitenote_note":"","_monsterinsights_sitenote_category":0,"footnotes":""},"class_list":["post-3495","page","type-page","status-publish","hentry"],"_links":{"self":[{"href":"https:\/\/adminfo.umfst.ro\/hu\/wp-json\/wp\/v2\/pages\/3495","targetHints":{"allow":["GET"]}}],"collection":[{"href":"https:\/\/adminfo.umfst.ro\/hu\/wp-json\/wp\/v2\/pages"}],"about":[{"href":"https:\/\/adminfo.umfst.ro\/hu\/wp-json\/wp\/v2\/types\/page"}],"author":[{"embeddable":true,"href":"https:\/\/adminfo.umfst.ro\/hu\/wp-json\/wp\/v2\/users\/1"}],"replies":[{"embeddable":true,"href":"https:\/\/adminfo.umfst.ro\/hu\/wp-json\/wp\/v2\/comments?post=3495"}],"version-history":[{"count":7,"href":"https:\/\/adminfo.umfst.ro\/hu\/wp-json\/wp\/v2\/pages\/3495\/revisions"}],"predecessor-version":[{"id":4742,"href":"https:\/\/adminfo.umfst.ro\/hu\/wp-json\/wp\/v2\/pages\/3495\/revisions\/4742"}],"wp:attachment":[{"href":"https:\/\/adminfo.umfst.ro\/hu\/wp-json\/wp\/v2\/media?parent=3495"}],"curies":[{"name":"wp","href":"https:\/\/api.w.org\/{rel}","templated":true}]}}