{"id":2946,"date":"2020-07-21T10:42:08","date_gmt":"2020-07-21T10:42:08","guid":{"rendered":"https:\/\/adminfo.umfst.ro\/?page_id=2946"},"modified":"2020-07-21T10:42:09","modified_gmt":"2020-07-21T10:42:09","slug":"beiratkozasi-informaciok","status":"publish","type":"page","link":"https:\/\/adminfo.umfst.ro\/hu\/beiratkozasi-informaciok\/","title":{"rendered":"Beiratkoz\u00e1si inform\u00e1ci\u00f3k"},"content":{"rendered":"\n<p><strong>A j\u00f6v\u0151beli informatikus hallgat\u00f3k sz\u00e1m\u00e1ra:<\/strong><\/p>\n\n\n\n<p>A Marosv\u00e1s\u00e1rhelyi \u201eGeorge Emil Palade\u201d Orvosi, Gy\u00f3gyszer\u00e9szeti, Tudom\u00e1ny \u00e9s Technol\u00f3giai Egyetem 2020-ban, el\u0151sz\u00f6r az egyetem t\u00f6rt\u00e9nete sor\u00e1n, <strong>magyar nyelv<\/strong><strong>\u0171<\/strong><strong> informatikai k\u00e9pz\u00e9st ind\u00edt<\/strong>.<\/p>\n\n\n\n<p>Szeretettel v\u00e1rjuk azokat a leend\u0151 hallgat\u00f3kat, akik a neves Egyetem magyar nyelv\u0171 informatika-k\u00e9pz\u00e9s\u00e9ben venn\u00e9nek r\u00e9szt. Fontos kihangs\u00falyozni, hogy a k\u00e9pz\u00e9sben 17 magyar anyanyelv\u0171 oktat\u00f3 vesz r\u00e9szt, <strong>az el\u0151ad\u00e1sok \u00e9s a laborgyakorlatok egyar\u00e1nt magyar nyelven zajlanak.<\/strong><\/p>\n","protected":false},"excerpt":{"rendered":"<p>A j\u00f6v\u0151beli informatikus hallgat\u00f3k sz\u00e1m\u00e1ra: A Marosv\u00e1s\u00e1rhelyi \u201eGeorge Emil Palade\u201d Orvosi, Gy\u00f3gyszer\u00e9szeti, Tudom\u00e1ny \u00e9s Technol\u00f3giai Egyetem 2020-ban, el\u0151sz\u00f6r az egyetem t\u00f6rt\u00e9nete sor\u00e1n, magyar nyelv\u0171 informatikai k\u00e9pz\u00e9st ind\u00edt. Szeretettel v\u00e1rjuk azokat a leend\u0151 hallgat\u00f3kat, akik a neves Egyetem magyar nyelv\u0171 informatika-k\u00e9pz\u00e9s\u00e9ben venn\u00e9nek r\u00e9szt. Fontos kihangs\u00falyozni, hogy a k\u00e9pz\u00e9sben 17 magyar anyanyelv\u0171 oktat\u00f3 vesz r\u00e9szt, az el\u0151ad\u00e1sok&hellip; <br \/> <a class=\"read-more\" href=\"https:\/\/adminfo.umfst.ro\/hu\/beiratkozasi-informaciok\/\">Read more<\/a><\/p>\n","protected":false},"author":1,"featured_media":0,"parent":0,"menu_order":0,"comment_status":"closed","ping_status":"closed","template":"","meta":{"_exactmetrics_skip_tracking":false,"_exactmetrics_sitenote_active":false,"_exactmetrics_sitenote_note":"","_exactmetrics_sitenote_category":0,"_monsterinsights_skip_tracking":false,"_monsterinsights_sitenote_active":false,"_monsterinsights_sitenote_note":"","_monsterinsights_sitenote_category":0,"footnotes":""},"class_list":["post-2946","page","type-page","status-publish","hentry"],"_links":{"self":[{"href":"https:\/\/adminfo.umfst.ro\/hu\/wp-json\/wp\/v2\/pages\/2946","targetHints":{"allow":["GET"]}}],"collection":[{"href":"https:\/\/adminfo.umfst.ro\/hu\/wp-json\/wp\/v2\/pages"}],"about":[{"href":"https:\/\/adminfo.umfst.ro\/hu\/wp-json\/wp\/v2\/types\/page"}],"author":[{"embeddable":true,"href":"https:\/\/adminfo.umfst.ro\/hu\/wp-json\/wp\/v2\/users\/1"}],"replies":[{"embeddable":true,"href":"https:\/\/adminfo.umfst.ro\/hu\/wp-json\/wp\/v2\/comments?post=2946"}],"version-history":[{"count":1,"href":"https:\/\/adminfo.umfst.ro\/hu\/wp-json\/wp\/v2\/pages\/2946\/revisions"}],"predecessor-version":[{"id":2947,"href":"https:\/\/adminfo.umfst.ro\/hu\/wp-json\/wp\/v2\/pages\/2946\/revisions\/2947"}],"wp:attachment":[{"href":"https:\/\/adminfo.umfst.ro\/hu\/wp-json\/wp\/v2\/media?parent=2946"}],"curies":[{"name":"wp","href":"https:\/\/api.w.org\/{rel}","templated":true}]}}