{"id":2927,"date":"2020-07-20T08:48:17","date_gmt":"2020-07-20T08:48:17","guid":{"rendered":"https:\/\/adminfo.umfst.ro\/?page_id=2927"},"modified":"2020-07-21T10:43:32","modified_gmt":"2020-07-21T10:43:32","slug":"a-beiratkozashoz-szukseges-dokumentumok","status":"publish","type":"page","link":"https:\/\/adminfo.umfst.ro\/hu\/a-beiratkozashoz-szukseges-dokumentumok\/","title":{"rendered":"A beiratkoz\u00e1shoz sz\u00fcks\u00e9ges dokumentumok"},"content":{"rendered":"\n<h2 class=\"wp-block-heading\"><\/h2>\n\n\n\n<p>A Marosv\u00e1s\u00e1rhelyi \u201eGeorge Emil Palade\u201d Orvosi, Gy\u00f3gyszer\u00e9szeti, Tudom\u00e1ny \u00e9s Technol\u00f3giai Egyetemre val\u00f3 beiratkoz\u00e1sra <strong>2020 j\u00falius 13 8:00 \u00e9s 2020 j\u00falius 22 12:00<\/strong> \u00f3ra k\u00f6z\u00f6tt van lehet\u0151s\u00e9g, a <a href=\"https:\/\/admitere.umfst.ro\/\">https:\/\/admitere.umfst.ro\/<\/a> honlapon kereszt\u00fcl. Ez az oldal el\u00e9rhet\u0151 az egyetem honlapj\u00e1r\u00f3l is (<a href=\"http:\/\/www.umfst.ro\/\">www.umfst.ro<\/a>).<\/p>\n\n\n\n<p>Azoknak a jel\u00f6lteknek, akiknek neh\u00e9zs\u00e9geik akadnak a port\u00e1l haszn\u00e1lat\u00e1val, a <strong>0265208948 telefonsz\u00e1mon el\u00e9rhet\u0151 \u00fcgyf\u00e9lszolg\u00e1lat<\/strong> seg\u00edthet, amelyhez a jel\u00f6ltek b\u00e1tran fordulhatnak a pontosabb t\u00e1j\u00e9koztat\u00e1s\u00e9rt, valamint a felmer\u00fcl\u0151 probl\u00e9m\u00e1k tiszt\u00e1z\u00e1s\u00e1\u00e9rt <strong>2020. j\u00falius 13 \u00e9s 21 k\u00f6z\u00f6tt, a 9.00\u201313.00 id\u0151intervallumban<\/strong>, <strong>j\u00falius 22.-\u00e9n 9.00-12 \u00f3ra k\u00f6z\u00f6tt.<\/strong><\/p>\n\n\n\n<p>A jelentkez\u0151k \u2013 amelyek az Eur\u00f3pai Uni\u00f3 (UE) vagy D\u00e9lkelet Eur\u00f3pa (SEE) tag\u00e1llamainak \u00e1llampolg\u00e1rai \u2013 az online regisztr\u00e1ci\u00f3n k\u00edv\u00fcl <strong>k\u00f6telesek elk\u00fcldeni<\/strong> <strong>az egyetem sz\u00e9khely\u00e9re<\/strong> az egyetem honlapj\u00e1nak a <strong>Felv\u00e9teli 2020<\/strong> alr\u00e9sz\u00e9n (<strong>Admitere2020<\/strong>)&nbsp; k\u00f6zz\u00e9tett utas\u00edt\u00e1sok szerint l\u00e9trehozott jelentkez\u00e9si dosszi\u00e9kat.<\/p>\n\n\n\n<figure class=\"wp-block-embed\"><div class=\"wp-block-embed__wrapper\">\nhttps:\/\/www.umfst.ro\/fileadmin\/admitere\/admitere2020\/rom_pret\/Informatii_cetatenii_straini_2020.pdf\n<\/div><\/figure>\n\n\n\n<p>A felv\u00e9telire val\u00f3 jelentkez\u00e9shez a jel\u00f6ltek k\u00f6telesek kit\u00f6lteni <strong>az online \u0171rlap \u00e1ltal k\u00e9rt adatokat<\/strong>, \u00e9s felt\u00f6lteni a k\u00f6vetkez\u0151 <strong>digitaliz\u00e1lt<\/strong>\/<strong>beszkennelt dokumentumokat<\/strong>:<\/p>\n\n\n\n<ul class=\"wp-block-list\"><li><strong>\u00e9retts\u00e9gi diploma vagy azzal egyen\u00e9rt\u00e9k\u0171 oklev\u00e9l (diploma de bacalaureat sau diploma echivalent\u0103 cu aceasta);<\/strong><\/li><\/ul>\n\n\n\n<p>Id\u00e9n \u00e9retts\u00e9gizett hallgat\u00f3k sz\u00e1m\u00e1ra \u00e9rv\u00e9nyes a k\u00f6z\u00e9piskola \u00e1ltal kibocs\u00e1tott \u00e9retts\u00e9gi vizsga sikeres let\u00e9tele bizonylat\u00e1nak szkennelt v\u00e1ltozata is (az \u00e9retts\u00e9gi vizsga \u00e1tlag\u00e1nak \u00e9s a vizsg\u00e1k sor\u00e1n el\u00e9rt jegyeknek a felt\u00fcntet\u00e9s\u00e9vel), rajta az igazgat\u00f3 al\u00e1\u00edr\u00e1s\u00e1val \u00e9s a l\u00edceum kerek pecs\u00e9tj\u00e9vel. Amennyiben a hallgat\u00f3 felv\u00e9telt nyer az egyetemre, k\u00f6telez\u0151 lesz az \u00e9retts\u00e9gi diploma eredeti v\u00e1ltozat\u00e1nak bemutat\u00e1sa az egyetemen, a szerz\u0151d\u00e9s \u00e1ltal meghat\u00e1rozott id\u0151pontig. Amennyiben az \u00e9retts\u00e9gi bizony\u00edtv\u00e1ny eredetij\u00e9nek bemutat\u00e1sa a szerz\u0151d\u00e9sben meg\u00e1llap\u00edtott hat\u00e1rid\u0151n bel\u00fcl nem t\u00f6rt\u00e9nik meg a felv\u00e9telt nyert jel\u00f6lt kiz\u00e1r\u00f3lagos hib\u00e1j\u00e1nak k\u00f6sz\u00f6nhet\u0151en, az a jel\u00f6ltnek az \u00e1llami k\u00f6lts\u00e9gvet\u00e9sb\u0151l finansz\u00edrozott hely elveszt\u00e9s\u00e9hez \u00e9s a felv\u00e9telb\u0151l val\u00f3 kiz\u00e1r\u00e1shoz vezet. Az \u00e9retts\u00e9gi&nbsp; diplom\u00e1n k\u00edv\u00fcl \u00e9rv\u00e9nyes m\u00e9g a CNRED \u00e1ltal kibocs\u00e1tott <strong>Egyen\u00e9rt\u00e9k\u0171s\u00e9gi Igazol\u00e1s<\/strong> is, amely elismeri a k\u00fclf\u00f6ld\u00f6n szerzett oklevelet a rom\u00e1n \u00e1llampolg\u00e1rok vagy az Eur\u00f3pai Uni\u00f3 tag\u00e1llamainak, az Eur\u00f3pai Gazdas\u00e1gi T\u00e9rs\u00e9g \u00e9s a Sv\u00e1jci \u00c1llamsz\u00f6vets\u00e9g \u00e1llamainak polg\u00e1rai eset\u00e9n, akik k\u00fclf\u00f6ld\u00f6n szerezt\u00e9k \u00e9retts\u00e9gi oklevel\u00fcket<\/p>\n\n\n\n<ul class=\"wp-block-list\"><li><strong>sz\u00fclet\u00e9si anyak\u00f6nyvi kivonat\/keresztlev\u00e9l (certificatul de na\u015ftere);<\/strong><\/li><li><strong>szem\u00e9lyazonoss\u00e1gi igazolv\u00e1ny (actul de identitate);<\/strong><\/li><li><strong>orvosi igazol\u00e1s (adeverin\u0163a medical\u0103 tip)<\/strong><\/li><\/ul>\n\n\n\n<p>Az orvosi igazolv\u00e1nyokat a csal\u00e1dorvos\/h\u00e1ziorvos vagy az iskolai orvos bocs\u00e1tja ki. A kr\u00f3nikus betegs\u00e9ggel rendelkez\u0151 jel\u00f6ltek bemutatj\u00e1k azokat az orvosi igazol\u00e1sokat, amelyeket a iskolai \u00e9s szakmai orient\u00e1ci\u00f3j\u00fa megyei orvosi bizotts\u00e1gok hagytak j\u00f3v\u00e1 a betegs\u00e9gek kifejezett meghat\u00e1roz\u00e1s\u00e1val, az Eg\u00e9szs\u00e9g\u00fcgyi Miniszt\u00e9riumnak a 427\/1976 rendelete \u00e9rtelm\u00e9ben. Ezen betegs\u00e9gek bejelent\u00e9s\u00e9nek elmulaszt\u00e1sa a megfelel\u0151 k\u00f6vetkezm\u00e9nyekkel j\u00e1r;<\/p>\n\n\n\n<p><strong><em>Kiv\u00e9telesen<\/em><\/strong>, a k\u00fclf\u00f6ldi \u00e1llampolg\u00e1rok \u00e9s a nem Rom\u00e1ni\u00e1ban \u00e9l\u0151 rom\u00e1n nemzetis\u00e9g\u0171ek az online regisztr\u00e1ci\u00f3s elj\u00e1r\u00e1s sor\u00e1n mell\u00e9kelik az orvosi igazol\u00e1st (egy sz\u00e9les k\u00f6rben elterjedt nemzetk\u00f6zi nyelven megfogalmazott \u00e9s rom\u00e1n nyelvre hiteles\u00edtett form\u00e1ban leford\u00edtott igazol\u00e1st), amely igazolja, hogy a tanulm\u00e1nyokba beiratkoz\u00f3 szem\u00e9ly nem szenved fert\u0151z\u0151 betegs\u00e9gekt\u0151l, illetve nem rendelkezik olyan probl\u00e9m\u00e1kkal amely \u00f6sszeegyeztethetetlenek a j\u00f6v\u0151beli szakm\u00e1j\u00e1val. Ezen igazol\u00e1s megeml\u00edti a jel\u00f6lt esetleges betegs\u00e9geinek el\u0151zm\u00e9nyeit, ide\u00e9rtve a kr\u00f3nikus betegs\u00e9geit \u00e9s a SARS-CoV 2-fert\u0151z\u00e9ssel kapcsolatos eseteket (szkennelt m\u00e1solat); Amennyiben a jel\u00f6lt fizikai jelenl\u00e9te sz\u00fcks\u00e9ges a felv\u00e9teli tesztek sor\u00e1n, a jel\u00f6lteket t\u00e1j\u00e9koztatni kell arr\u00f3l, hogy a vizsga id\u0151pontja el\u0151tt legt\u00f6bb 3-4 nappal elv\u00e9gzett negat\u00edv COVID19 teszt sz\u00fcks\u00e9ges. Az OMEC 4259, 2020. m\u00e1jus 15-i rendelkez\u00e9seknek megfelel\u0151en az orsz\u00e1gon k\u00edv\u00fcli jel\u00f6lteknek be kell ny\u00fajtaniuk egy \u00f6nnyilatkozatot, amelyben kijelentik, hogy eleget tettek az elszigetel\u00e9si \/ karant\u00e9nrendszer szab\u00e1lyainak, \u00e9s hogy nem \u00e1lltak szoros kapcsolatban az elm\u00falt 14 napban olyan egy\u00e9nekkel, akik igazoltan SARS-CoV 2-fert\u0151z\u00f6ttek;<\/p>\n\n\n\n<ul class=\"wp-block-list\"><li><strong>szakorvos \u00e1ltal v\u00e9gzett pszichi\u00e1triai vizsg\u00e1lat<\/strong> (<strong>examen psihiatric de la medicul de specialitate<\/strong>) (csak az eg\u00e9szs\u00e9g\u00fcgy ter\u00fclet\u00e9hez kapcsol\u00f3d\u00f3 tanulm\u00e1nyi programok leend\u0151 hallgat\u00f3i sz\u00e1m\u00e1ra), amely bizony\u00edtja, hogy a jel\u00f6lt alkalmas a p\u00e1ly\u00e1zni k\u00edv\u00e1nt profilra vagy tanulm\u00e1nyi programra;<\/li><li><strong>a jel\u00f6lt fot\u00f3ja digit\u00e1lis form\u00e1ban (fotografia candidatului \u00een format electronic)<\/strong>;<\/li><li><strong>a regisztr\u00e1ci\u00f3s d\u00edj befizet\u00e9s\u00e9nek igazol\u00e1sa, amennyiben azt nem fizett\u00e9k be online (dovada achit\u0103rii taxei de \u00eenscriere dac\u0103 aceasta nu a fost achitat\u0103 online)<\/strong>;<\/li><li><strong>a regisztr\u00e1ci\u00f3s d\u00edj befizet\u00e9se al\u00f3li mentess\u00e9g ir\u00e1nti k\u00e9relmet igazol\u00f3 dokumentumok (acte doveditoare privind justificarea solicit\u0103rii scutirii de plata taxelor de \u00eenscriere)<\/strong><\/li><\/ul>\n\n\n\n<p>&#8211; a sz\u00fcl\u0151k elhal\u00e1loz\u00e1s\u00e1t igazol\u00f3 dokumentum hiteles\u00edtett m\u00e1solata;<\/p>\n\n\n\n<p>&#8211; \u00e1rvah\u00e1zban vagy csal\u00e1di elhelyez\u00e9sben val\u00f3 nevelked\u00e9st igazol\u00f3 dokumentum hiteles\u00edtett m\u00e1solata;<\/p>\n\n\n\n<p>&#8211; a jel\u00f6lt tan\u00e1r vagy seg\u00edt\u0151 tan\u00e1r st\u00e1tus\u00e1t igazol\u00f3 igazol\u00e1s, f\u00fcggetlen\u00fcl att\u00f3l, hogy akt\u00edv vagy nyugd\u00edjas;<\/p>\n\n\n\n<p>&#8211; igazol\u00e1s a Marosv\u00e1s\u00e1rhelyi \u201eGeorge Emil Palade\u201d Orvosi, Gy\u00f3gyszer\u00e9szeti, Tudom\u00e1ny \u00e9s Technol\u00f3giai Egyetemmel val\u00f3 alkalmazotti st\u00e1tuszr\u00f3l a nem oktat\u00f3 munkaviszonnyal rendelkez\u0151k sz\u00e1m\u00e1ra;<\/p>\n\n\n\n<ul class=\"wp-block-list\"><li><strong>kit\u00f6lt\u00f6tt \u00e9s al\u00e1\u00edrt hozz\u00e1j\u00e1rul\u00e1si nyilatkozat<\/strong> (<strong>declara\u021bia de consim\u021b\u0103m\u00e2nt completat\u0103 \u0219i semnat\u0103<\/strong>) (let\u00f6lthet\u0151 a regisztr\u00e1ci\u00f3s platformr\u00f3l).<\/li><\/ul>\n\n\n\n<p><strong>Javasoljuk, hogy a jel\u00f6ltek az online regisztr\u00e1ci\u00f3 megkezd\u00e9se el\u0151tt rendelkezzenek a fent eml\u00edtett dokumentumok * .pdf vagy * .jpg form\u00e1tum\u00fa v\u00e1ltozat\u00e1val, amelyek maxim\u00e1lis m\u00e9rete 2 MB, hogy a regisztr\u00e1ci\u00f3kor felt\u00f6lthess\u00e9k a port\u00e1lra.<\/strong><\/p>\n\n\n\n<p><br><strong>A vizsga regisztr\u00e1ci\u00f3s d\u00edja: 200 lei.<\/strong><\/p>\n\n\n\n<p><br><strong>A regisztr\u00e1ci\u00f3s d\u00edjat az al\u00e1bbi m\u00f3dokon lehet kifizetni:<\/strong><\/p>\n\n\n\n<p><strong>1. online, a regisztr\u00e1ci\u00f3s port\u00e1lon kereszt\u00fcl<\/strong><\/p>\n\n\n\n<p><strong>2. k\u00f6zvetlen\u00fcl az Egyetemi P\u00e9nzt\u00e1rban, 2020. j\u00falius 13. \u00e9s 21. k\u00f6z\u00f6tt, 8.00-14.00 id\u0151intervallumban<\/strong><\/p>\n\n\n\n<p><strong>3. banki \u00e1tutal\u00e1ssal (postai megrendel\u00e9seket nem fogadunk el) az egyetem sz\u00e1ml\u00e1j\u00e1ra:<\/strong><\/p>\n\n\n\n<p><strong>Universitatea de Medicin\u0103, Farmacie, \u0218tiin\u021be \u0219i Tehnologie \u201eG.E.Palade\u201d (U.M.F.S.T.) Tg. Mure\u015f&nbsp;&nbsp;<\/strong><\/p>\n\n\n\n<p><strong>Str. Gh. Marinescu Nr.38,<\/strong><\/p>\n\n\n\n<p><strong>Jude\u0163ul Mure\u015f, Cod po\u015ftal 540142<\/strong><\/p>\n\n\n\n<p><strong>CF 4322742<\/strong><\/p>\n\n\n\n<p>&nbsp;&nbsp;&nbsp;&nbsp;&nbsp;&nbsp;&nbsp;&nbsp;&nbsp;&nbsp;&nbsp;&nbsp;&nbsp;&nbsp;&nbsp;&nbsp;&nbsp;&nbsp;&nbsp;&nbsp;&nbsp;&nbsp;&nbsp; <strong>CONT IBAN : RO32TREZ47620F330500XXXX<\/strong><\/p>\n\n\n\n<p><strong>&nbsp;&nbsp;&nbsp;&nbsp;&nbsp;&nbsp;&nbsp;&nbsp;&nbsp;&nbsp;&nbsp;&nbsp;&nbsp;&nbsp;&nbsp;&nbsp;&nbsp;&nbsp;&nbsp;&nbsp;&nbsp;&nbsp;&nbsp; TREZORERIA TG. MURES<\/strong><\/p>\n\n\n\n<p>A jel\u00f6lt <strong>mentes\u00fcl a beiratkoz\u00e1si d\u00edj megfizet\u00e9se al\u00f3l<\/strong>, amennyiben mindk\u00e9t sz\u00fcl\u0151je elhal\u00e1lozott, vagy \u00e1rvah\u00e1zban\/csal\u00e1di elhelyez\u00e9sben nevelkedett. Ezen k\u00edv\u00fcl mentes\u00fclnek a beiratkoz\u00e1si d\u00edj megfizet\u00e9se al\u00f3l a tan\u00e1rok vagy tan\u00e1ri seg\u00edt\u0151k gyerekei f\u00fcggetlen\u00fcl att\u00f3l, hogy a sz\u00fcl\u0151k\/sz\u00fcl\u0151 jelenleg nyugd\u00edjas-e vagy sem (legal\u00e1bb egy sz\u00fcl\u0151 legyen oktat\u00f3 vagy seg\u00e9doktat\u00f3), valamint a Marosv\u00e1s\u00e1rhelyi \u201eGeorge Emil Palade\u201d Orvosi, Gy\u00f3gyszer\u00e9szeti, Tudom\u00e1ny \u00e9s Technol\u00f3giai Egyetem alkalmazottainak gyerekei.<\/p>\n\n\n\n<p>Az online regisztr\u00e1ci\u00f3 befejez\u00e9se ut\u00e1n a jel\u00f6ltek kinyomtatj\u00e1k a <strong>regisztr\u00e1ci\u00f3s \u0171rlapot<\/strong> (az adatok ellen\u0151rz\u00e9s\u00e9hez) \u00e9s a <strong>felv\u00e9teli vizsg\u00e1n val\u00f3 r\u00e9szv\u00e9teli igazolv\u00e1nyt<\/strong>. A jel\u00f6ltek a felv\u00e9teli vizsga sor\u00e1n a terembe csak a kinyomtatott felv\u00e9teli vizsg\u00e1n val\u00f3 r\u00e9szv\u00e9teli igazolv\u00e1nnyal, valamint a szem\u00e9lyi igazolv\u00e1ny felmutat\u00e1s\u00e1val l\u00e9phetnek be.<\/p>\n\n\n\n<p><strong>Az <u>\u00edr\u00e1sbeli vizsg\u00e1ra<\/u><\/strong> <strong>azon tanulm\u00e1nyok eset\u00e9ben, ahol ez el\u0151 volt \u00edrva a kif\u00fcggesztett \u00fctemterv szerint ker\u00fcl sor.<\/strong><\/p>\n\n\n\n<p>Minden jel\u00f6ltet, ide\u00e9rtve a h\u00e1zas jel\u00f6lteket is, a sz\u00fclet\u00e9si anyak\u00f6nyvi kivonatban megadott n\u00e9ven&nbsp; nevezzenek be a felv\u00e9teli vizsg\u00e1ra.<\/p>\n\n\n\n<p>A jel\u00f6ltek t\u00e1j\u00e9koztat\u00e1sa \u00e9rdek\u00e9ben megjelenik a karokon \u00e9s a tanulm\u00e1nyi programokon bel\u00fcli helyek sz\u00e1ma, valamint a jel\u00f6ltek regisztr\u00e1ci\u00f3j\u00e1nak napi dinamik\u00e1ja az egyes programokon.<\/p>\n\n\n\n<p>A regisztr\u00e1ci\u00f3 v\u00e9gleges befejez\u00e9se ut\u00e1n a regisztr\u00e1lt jel\u00f6ltek \u00e1b\u00e9c\u00e9 sorrendben rendezett n\u00e9vlist\u00e1it \u00f6ssze\u00e1ll\u00edtj\u00e1k, \u00e9s k\u00f6zz\u00e9teszik az egyetem weboldal\u00e1n \u00e9s egy l\u00e1that\u00f3 helyen. A jel\u00f6ltek nevei <strong>legal\u00e1bb 24 \u00f3r\u00e1val a felv\u00e9teli teszt megkezd\u00e9se el\u0151tt<\/strong> megjelennek egy szabv\u00e1nyos t\u00e1bl\u00e1n, amely tartalmazza a kart, a tanulm\u00e1nyi programot, a vizsg\u00e1k tant\u00e1rgyait, a vizsg\u00e1k nyelv\u00e9t, valamint a jel\u00f6ltek terembeoszt\u00e1s\u00e1t. A k\u00f6zz\u00e9tett t\u00e1bl\u00e1zatokban a jel\u00f6ltekkel kapcsolatosan megadott adatok pontatlans\u00e1g\u00e1r\u00f3l b\u00e1rmilyen \u00e9rtes\u00edt\u00e9st azonnal ellen\u0151rizni kell, \u00e9s a sz\u00fcks\u00e9ges jav\u00edt\u00e1sokat k\u00f6zvetlen\u00fcl a Rektor j\u00f3v\u00e1hagy\u00e1s\u00e1val, \u00e9s <strong>legk\u00e9s\u0151bb 3 \u00f3r\u00e1val a teszt kezdete el\u0151tt<\/strong> megjelen\u0151 list\u00e1kon v\u00e9gre kell hajtani.<\/p>\n\n\n\n<p><strong>FONTOS INFORM\u00c1CI\u00d3 A FELV\u00c9TELT NYERT HALLGAT\u00d3K SZ\u00c1M\u00c1RA \u2013 J\u00daLIUS 2020<\/strong><\/p>\n\n\n\n<p><strong>A jel\u00f6ltek felv\u00e9tel\u00e9t csak online er\u0151s\u00edtik meg, amelyre a regisztr\u00e1ci\u00f3s platformon kereszt\u00fcl ker\u00fcl sor.<\/strong><\/p>\n\n\n\n<p><strong>Az egyetem egyik tanulm\u00e1nyi programj\u00e1nak ingyenes vagy t\u00e9r\u00edt\u00e9ses hely\u00e9re felvett jel\u00f6lt be kell jelentkezzen a regisztr\u00e1ci\u00f3s platformon, bel\u00e9pve a regisztr\u00e1ci\u00f3kor l\u00e9trehozott sz\u00e1ml\u00e1ra, ahol meger\u0151s\u00edti a megszerzett helyet, elolvassa a tanulm\u00e1nyi szerz\u0151d\u00e9s rendelkez\u00e9seit \u00e9s kifizeti a regisztr\u00e1ci\u00f3s d\u00edjat (100 lej), valamint t\u00e9r\u00edt\u00e9ses hely eset\u00e9n a tand\u00edj els\u0151 r\u00e9szlet\u00e9t.<\/strong><\/p>\n\n\n\n<p>A <strong>jelentkez\u00e9si dosszi\u00e9 fizikai p\u00e9ld\u00e1ny\u00e1t<\/strong> <strong>2020. szeptember 1. \u00e9s szeptember 14. k\u00f6z\u00f6tt<\/strong> ny\u00fajtj\u00e1k be az egyes karok d\u00e9k\u00e1ni hivatal\u00e1hoz. A dosszi\u00e9 az al\u00e1bbi dokumentumokat tartalmazza, amelyeknek azonosnak kell lenni\u00fck a regisztr\u00e1ci\u00f3kor a port\u00e1lon felt\u00f6lt\u00f6tt dokumentumokkal:<\/p>\n\n\n\n<ul class=\"wp-block-list\"><li>a kit\u00f6lt\u00f6tt <strong>tanulm\u00e1nyi szerz\u0151d\u00e9s<\/strong> (<strong>contractul de studii<\/strong>) 2 p\u00e9ld\u00e1nyban (ez let\u00f6lthet\u0151 a regisztr\u00e1ci\u00f3s platformr\u00f3l vagy az egyetem weboldal\u00e1r\u00f3l az Admitere 2020 aloldalr\u00f3l) azon tanulm\u00e1nyi programhoz, amelyre a jel\u00f6lt felv\u00e9telt nyert.<\/li><li>az online regisztr\u00e1ci\u00f3 v\u00e9g\u00e9n kinyomtatott <strong>regisztr\u00e1ci\u00f3s \u0171rlap (fi\u0219a de \u00eenscriere)<\/strong>;<\/li><li><strong>\u00e9retts\u00e9gi oklev\u00e9l<\/strong> <strong>vagy azzal egyen\u00e9rt\u00e9k\u0171 dokumentum (diploma de bacalaureat sau diploma echivalent\u0103 cu aceasta), eredeti vagy hiteles m\u00e1solatban azok sz\u00e1m\u00e1ra, akik egy m\u00e1sik kar hallgat\u00f3i, \u00e9s egy egyszer\u0171 f\u00e9nym\u00e1solt p\u00e9ld\u00e1ny<\/strong>;<\/li><li>a CNRED \u00e1ltal kibocs\u00e1tott <strong>Egyen\u00e9rt\u00e9k\u0171s\u00e9gi Igazol\u00e1s (atestatul de echivalare a diplomei de bacalaureat, \u00een original) <\/strong>abban az esetben, ha a jel\u00f6lt rom\u00e1n \u00e1llampolg\u00e1r vagy az Eur\u00f3pai Uni\u00f3 tag\u00e1llamainak \u00e1llampolg\u00e1ra vagy az Eur\u00f3pai Gazdas\u00e1gi T\u00e9rs\u00e9g \u00e9s a Sv\u00e1jci \u00c1llamsz\u00f6vets\u00e9g \u00e1llamainak \u00e1llampolg\u00e1ra \u00e9s k\u00fclf\u00f6ld\u00f6n szerezte \u00e9retts\u00e9gi oklevel\u00e9t;<\/li><li><strong>a l\u00edceumi eredm\u00e9nyeket \u00f6sszegz\u0151 dokumentum (foaie matricol\u0103)<\/strong>&nbsp; vagy azzal egyen\u00e9rt\u00e9k\u0171 igazol\u00e1s (a k\u00f6z\u00e9piskolai \u00e9vek \u00e1tlag\u00e1val egy\u00fctt) eredeti v\u00e1ltozata vagy hiteles m\u00e1solata \u00e9s egy egyszer\u0171 f\u00e9nym\u00e1solt p\u00e9ld\u00e1ny;<\/li><li><strong>az sz\u00fclet\u00e9si anyak\u00f6nyvi kivonat eredeti \u00e9s egyszer\u0171 f\u00e9nym\u00e1solt p\u00e9ld\u00e1nya (certificatul de na\u015ftere, original \u0219i copie simpl\u0103)<\/strong>;<\/li><li><strong>a szem\u00e9lyi igazolv\u00e1ny eredeti \u00e9s egyszer\u0171 f\u00e9nym\u00e1solt p\u00e9ld\u00e1nya (act de identitate, original \u0219i copie simpl\u0103)<\/strong>; K\u00fclf\u00f6ldi \u00e1llampolg\u00e1r \u00e9s \/ vagy egy rom\u00e1n \u00e1llampolg\u00e1r \u00fatlevele, amelynek \u00e1lland\u00f3 lak\u00f3helye k\u00fclf\u00f6ld\u00f6n van (szkennelt m\u00e1solat), \u00e9s az \u00e1lland\u00f3 igazol\u00e1st igazol\u00f3 szem\u00e9lyi igazolv\u00e1ny \/ igazol\u00e1s (szkennelt m\u00e1solat)<\/li><li><strong>orvosi igazol\u00e1s (adeverin\u0163a medical\u0103)<\/strong>;<\/li><li><strong>szakorvos \u00e1ltal ki\u00e1ll\u00edtott pszichi\u00e1triai vizsg\u00e1lat igazol\u00e1sa (dovada examenului psihiatric de la medicul de specialitate)<\/strong> az eg\u00e9szs\u00e9g\u00fcgyi tanulm\u00e1nyi programokra jelentkez\u0151k eset\u00e9ben;<\/li><li><strong>2 szem\u00e9lyi igazolv\u00e1ny fot\u00f3 (2 fotografii tip buletin de identitate)<\/strong>;<\/li><li><strong>a kit\u00f6lt\u00f6tt \u00e9s al\u00e1\u00edrt hozz\u00e1j\u00e1rul\u00e1si nyilatkozat (declara\u021bia de consim\u021b\u0103m\u00e2nt completat\u0103 \u0219i semnat\u0103)<\/strong>;<\/li><li><strong>k\u00e9t bor\u00edt\u00e9k (plic) dosszi\u00e9 (dou\u0103 dosare plic)<\/strong>;<\/li><li><strong>az ezel\u0151tti \u00e9vekben k\u00f6z\u00e9piskol\u00e1t v\u00e9gzettek sz\u00e1m\u00e1ra<\/strong> egy <strong>k\u00f6zjegyz\u0151 el\u0151tt, saj\u00e1t felel\u0151ss\u00e9gre kit\u00f6lt\u00f6tt nyilatkozat<\/strong> (<strong>pentru absolven\u021bii de liceu din promo\u021bii anterioare<\/strong>, <strong>declara\u021bie notarial\u0103<\/strong> pe proprie r\u0103spundere) sz\u00fcks\u00e9ges arr\u00f3l, hogy nem vett r\u00e9szt m\u00e9g eddig egyetemi k\u00e9pz\u00e9sben, vagy ha igen, akkor egy <strong>igazol\u00e1s<\/strong> az egyetemt\u0151l ahol a jel\u00f6lt hallgat\u00f3 volt vagy befejezett egy tanulm\u00e1nyi k\u00e9pz\u00e9st. Az igazol\u00e1s kit\u00e9r arra, hogy a jel\u00f6lt h\u00e1ny \u00e9vet v\u00e9gzett el t\u00e9r\u00edt\u00e9smentes form\u00e1ban, valamint t\u00e9r\u00edt\u00e9sesen, valamint, hogy a jel\u00f6lt rendelkezett-e \u00f6szt\u00f6nd\u00edjjal, megadva annak t\u00edpus\u00e1t.<\/li><\/ul>\n\n\n\n<p><strong>A beszkennelt \u00e9s az eredeti dokumentumok k\u00f6z\u00f6tti b\u00e1rmilyen elt\u00e9r\u00e9s hamis nyilatkozatnak min\u0151s\u00fcl, \u00e9s a felv\u00e9teli sor\u00e1n elnyert hely elvesz\u00edt\u00e9s\u00e9hez vezet.<\/strong><\/p>\n","protected":false},"excerpt":{"rendered":"<p>A Marosv\u00e1s\u00e1rhelyi \u201eGeorge Emil Palade\u201d Orvosi, Gy\u00f3gyszer\u00e9szeti, Tudom\u00e1ny \u00e9s Technol\u00f3giai Egyetemre val\u00f3 beiratkoz\u00e1sra 2020 j\u00falius 13 8:00 \u00e9s 2020 j\u00falius 22 12:00 \u00f3ra k\u00f6z\u00f6tt van lehet\u0151s\u00e9g, a https:\/\/admitere.umfst.ro\/ honlapon kereszt\u00fcl. Ez az oldal el\u00e9rhet\u0151 az egyetem honlapj\u00e1r\u00f3l is (www.umfst.ro). Azoknak a jel\u00f6lteknek, akiknek neh\u00e9zs\u00e9geik akadnak a port\u00e1l haszn\u00e1lat\u00e1val, a 0265208948 telefonsz\u00e1mon el\u00e9rhet\u0151 \u00fcgyf\u00e9lszolg\u00e1lat seg\u00edthet, amelyhez&hellip; <br \/> <a class=\"read-more\" href=\"https:\/\/adminfo.umfst.ro\/hu\/a-beiratkozashoz-szukseges-dokumentumok\/\">Read more<\/a><\/p>\n","protected":false},"author":1,"featured_media":0,"parent":0,"menu_order":0,"comment_status":"closed","ping_status":"closed","template":"","meta":{"_exactmetrics_skip_tracking":false,"_exactmetrics_sitenote_active":false,"_exactmetrics_sitenote_note":"","_exactmetrics_sitenote_category":0,"_monsterinsights_skip_tracking":false,"_monsterinsights_sitenote_active":false,"_monsterinsights_sitenote_note":"","_monsterinsights_sitenote_category":0,"footnotes":""},"class_list":["post-2927","page","type-page","status-publish","hentry"],"_links":{"self":[{"href":"https:\/\/adminfo.umfst.ro\/hu\/wp-json\/wp\/v2\/pages\/2927","targetHints":{"allow":["GET"]}}],"collection":[{"href":"https:\/\/adminfo.umfst.ro\/hu\/wp-json\/wp\/v2\/pages"}],"about":[{"href":"https:\/\/adminfo.umfst.ro\/hu\/wp-json\/wp\/v2\/types\/page"}],"author":[{"embeddable":true,"href":"https:\/\/adminfo.umfst.ro\/hu\/wp-json\/wp\/v2\/users\/1"}],"replies":[{"embeddable":true,"href":"https:\/\/adminfo.umfst.ro\/hu\/wp-json\/wp\/v2\/comments?post=2927"}],"version-history":[{"count":4,"href":"https:\/\/adminfo.umfst.ro\/hu\/wp-json\/wp\/v2\/pages\/2927\/revisions"}],"predecessor-version":[{"id":2949,"href":"https:\/\/adminfo.umfst.ro\/hu\/wp-json\/wp\/v2\/pages\/2927\/revisions\/2949"}],"wp:attachment":[{"href":"https:\/\/adminfo.umfst.ro\/hu\/wp-json\/wp\/v2\/media?parent=2927"}],"curies":[{"name":"wp","href":"https:\/\/api.w.org\/{rel}","templated":true}]}}