{"id":2380,"date":"2020-06-30T08:07:40","date_gmt":"2020-06-30T08:07:40","guid":{"rendered":"https:\/\/adminfo.umfst.ro\/?page_id=2380"},"modified":"2020-06-30T08:07:41","modified_gmt":"2020-06-30T08:07:41","slug":"informatika","status":"publish","type":"page","link":"https:\/\/adminfo.umfst.ro\/hu\/informatika\/","title":{"rendered":"*Informatika"},"content":{"rendered":"\n<p><strong>10 ok, hogy az informatika szakot v\u00e1lasszam<\/strong><\/p>\n\n\n\n<p>1. Az inform\u00e1ci\u00f3s technol\u00f3gia korszak\u00e1ban \u00e9lek. Mindennapi tev\u00e9kenys\u00e9geim sor\u00e1n \u00e1lland\u00f3an sz\u00e1m\u00edt\u00f3g\u00e9pekkel \u00e9s sz\u00e1m\u00edt\u00e1stechnikai eszk\u00f6z\u00f6kkel tal\u00e1lkozom.<\/p>\n\n\n\n<p>2. Szenved\u00e9lyem a hardver \u00e9s szoftver eszk\u00f6z\u00f6k tanulm\u00e1nyoz\u00e1sa.<\/p>\n\n\n\n<p>3. Im\u00e1dom tanulm\u00e1nyozni a modern \u00e9s \u00e1lland\u00f3an fejl\u0151d\u0151 technol\u00f3gi\u00e1kat.<\/p>\n\n\n\n<p>4. Informatikai tapasztalataim lehet\u0151v\u00e9 teszik majd sz\u00e1momra, hogy komplex, kih\u00edv\u00f3 probl\u00e9m\u00e1kat oldjak meg, \u00e9s elsaj\u00e1t\u00edtsam a logikai \u00e9s struktur\u00e1lt gondolkod\u00e1sm\u00f3dot.<\/p>\n\n\n\n<p>5. Professzion\u00e1lis tapasztalattal rendelkez\u0151 fiatal vagy fiatalos tan\u00e1rok \u00e9s szakemberek k\u00e9peznek ki.<\/p>\n\n\n\n<p>6. Egyetemi tanulm\u00e1nyaim (BSc) befejez\u00e9se ut\u00e1n lehet\u0151s\u00e9gem van tov\u00e1bb fejl\u0151dni az informatika ter\u00fclet\u00e9n az egyetem mesterk\u00e9pz\u00e9se (MSc) \u00e9s doktori k\u00e9pz\u00e9se (PhD.) abszolv\u00e1l\u00e1sa \u00e1ltal.<\/p>\n\n\n\n<p>7. A v\u00e1ros legjobb informatikai v\u00e1llalataival val\u00f3 egy\u00fcttm\u0171k\u00f6d\u00e9s keret\u00e9n bel\u00fcl sz\u00e1mos szakmai gyakorlaton (internship) veszek r\u00e9szt.<\/p>\n\n\n\n<p>8. Megp\u00e1ly\u00e1zhatok egy ERASMUS+ \u00f6szt\u00f6nd\u00edjat, hogy elm\u00e9ly\u00edtsem tud\u00e1somat egy k\u00fclf\u00f6ldi rangos egyetemen.<\/p>\n\n\n\n<p>9. R\u00e9szt vehetek a Hallgat\u00f3i \u00d6nkorm\u00e1nyzat \u00e9s az ESTIEM \u00e1ltal szervezett programokban.<\/p>\n\n\n\n<p>10. Korl\u00e1tlan lehet\u0151s\u00e9geim vannak a munkaer\u0151piacon, mindig alkalmazkodva a szakmai ig\u00e9nyekhez.<\/p>\n","protected":false},"excerpt":{"rendered":"<p>10 ok, hogy az informatika szakot v\u00e1lasszam 1. Az inform\u00e1ci\u00f3s technol\u00f3gia korszak\u00e1ban \u00e9lek. Mindennapi tev\u00e9kenys\u00e9geim sor\u00e1n \u00e1lland\u00f3an sz\u00e1m\u00edt\u00f3g\u00e9pekkel \u00e9s sz\u00e1m\u00edt\u00e1stechnikai eszk\u00f6z\u00f6kkel tal\u00e1lkozom. 2. Szenved\u00e9lyem a hardver \u00e9s szoftver eszk\u00f6z\u00f6k tanulm\u00e1nyoz\u00e1sa. 3. Im\u00e1dom tanulm\u00e1nyozni a modern \u00e9s \u00e1lland\u00f3an fejl\u0151d\u0151 technol\u00f3gi\u00e1kat. 4. Informatikai tapasztalataim lehet\u0151v\u00e9 teszik majd sz\u00e1momra, hogy komplex, kih\u00edv\u00f3 probl\u00e9m\u00e1kat oldjak meg, \u00e9s elsaj\u00e1t\u00edtsam a&hellip; <br \/> <a class=\"read-more\" href=\"https:\/\/adminfo.umfst.ro\/hu\/informatika\/\">Read more<\/a><\/p>\n","protected":false},"author":1,"featured_media":0,"parent":0,"menu_order":0,"comment_status":"closed","ping_status":"closed","template":"","meta":{"_exactmetrics_skip_tracking":false,"_exactmetrics_sitenote_active":false,"_exactmetrics_sitenote_note":"","_exactmetrics_sitenote_category":0,"_monsterinsights_skip_tracking":false,"_monsterinsights_sitenote_active":false,"_monsterinsights_sitenote_note":"","_monsterinsights_sitenote_category":0,"footnotes":""},"class_list":["post-2380","page","type-page","status-publish","hentry"],"_links":{"self":[{"href":"https:\/\/adminfo.umfst.ro\/hu\/wp-json\/wp\/v2\/pages\/2380","targetHints":{"allow":["GET"]}}],"collection":[{"href":"https:\/\/adminfo.umfst.ro\/hu\/wp-json\/wp\/v2\/pages"}],"about":[{"href":"https:\/\/adminfo.umfst.ro\/hu\/wp-json\/wp\/v2\/types\/page"}],"author":[{"embeddable":true,"href":"https:\/\/adminfo.umfst.ro\/hu\/wp-json\/wp\/v2\/users\/1"}],"replies":[{"embeddable":true,"href":"https:\/\/adminfo.umfst.ro\/hu\/wp-json\/wp\/v2\/comments?post=2380"}],"version-history":[{"count":1,"href":"https:\/\/adminfo.umfst.ro\/hu\/wp-json\/wp\/v2\/pages\/2380\/revisions"}],"predecessor-version":[{"id":2381,"href":"https:\/\/adminfo.umfst.ro\/hu\/wp-json\/wp\/v2\/pages\/2380\/revisions\/2381"}],"wp:attachment":[{"href":"https:\/\/adminfo.umfst.ro\/hu\/wp-json\/wp\/v2\/media?parent=2380"}],"curies":[{"name":"wp","href":"https:\/\/api.w.org\/{rel}","templated":true}]}}