{"id":2367,"date":"2020-06-30T06:58:39","date_gmt":"2020-06-30T06:58:39","guid":{"rendered":"https:\/\/adminfo.umfst.ro\/?page_id=2367"},"modified":"2020-06-30T06:58:40","modified_gmt":"2020-06-30T06:58:40","slug":"szerzett-kompetenciak","status":"publish","type":"page","link":"https:\/\/adminfo.umfst.ro\/hu\/szerzett-kompetenciak\/","title":{"rendered":"Szerzett kompetenci\u00e1k"},"content":{"rendered":"\n<p><strong>ELSAJ\u00c1T\u00cdTOTT K\u00c9PESS\u00c9GEK<\/strong><\/p>\n\n\n\n<p><strong><br>INFORMATIKAI<\/strong><\/p>\n\n\n\n<p><strong>Oktat\u00e1si id\u0151: 3 \u00e9v, nappali tagozat<\/strong><\/p>\n\n\n\n<p><strong>Magyar nyelv\u0171 tanulm\u00e1nyi program<\/strong><\/p>\n\n\n\n<p>Az <strong>INFORMATIKA<\/strong> tanulm\u00e1nyi programja a M\u0171szaki Karon val\u00f3sul meg. A 3 \u00e9ves tanulm\u00e1ny egy diplomavizsg\u00e1val fejez\u0151dik be, amely ut\u00e1n a hallgat\u00f3k megszerzik az <strong>Informatikus oklevelet<\/strong>. A k\u00e9pz\u00e9s mesteri programokon kereszt\u00fcl folytathat\u00f3.<\/p>\n\n\n\n<p><strong>Milyen k\u00e9szs\u00e9geket saj\u00e1t\u00edtasz majd el a tanulm\u00e1nyaid alatt:<\/strong><\/p>\n\n\n\n<p>1. Magas szint\u0171 nyelveken val\u00f3 programoz\u00e1s<\/p>\n\n\n\n<p>2. Sz\u00e1m\u00edt\u00f3g\u00e9pes alkalmaz\u00e1sok fejleszt\u00e9se \u00e9s karbantart\u00e1sa<\/p>\n\n\n\n<p>3. Sz\u00e1m\u00edt\u00f3g\u00e9pes eszk\u00f6z\u00f6k haszn\u00e1lata interdiszciplin\u00e1ris kontextusban<\/p>\n\n\n\n<p>4. A mesters\u00e9ges intelligencia fogalmainak \u00e9s technik\u00e1inak haszn\u00e1lata val\u00f3s probl\u00e9m\u00e1k megold\u00e1s\u00e1ra<\/p>\n\n\n\n<p>5. Adatb\u00e1zis-tervez\u00e9s \u00e9s -kezel\u00e9s<\/p>\n\n\n\n<p>6. Sz\u00e1m\u00edt\u00f3g\u00e9pes h\u00e1l\u00f3zatok tervez\u00e9se \u00e9s kezel\u00e9se<\/p>\n\n\n\n<p>7. A sz\u00e1m\u00edt\u00e1stechnika \u00e9s a form\u00e1lis modellek elm\u00e9leti alapjainak felhaszn\u00e1l\u00e1sa<\/p>\n","protected":false},"excerpt":{"rendered":"<p>ELSAJ\u00c1T\u00cdTOTT K\u00c9PESS\u00c9GEK INFORMATIKAI Oktat\u00e1si id\u0151: 3 \u00e9v, nappali tagozat Magyar nyelv\u0171 tanulm\u00e1nyi program Az INFORMATIKA tanulm\u00e1nyi programja a M\u0171szaki Karon val\u00f3sul meg. A 3 \u00e9ves tanulm\u00e1ny egy diplomavizsg\u00e1val fejez\u0151dik be, amely ut\u00e1n a hallgat\u00f3k megszerzik az Informatikus oklevelet. A k\u00e9pz\u00e9s mesteri programokon kereszt\u00fcl folytathat\u00f3. Milyen k\u00e9szs\u00e9geket saj\u00e1t\u00edtasz majd el a tanulm\u00e1nyaid alatt: 1. Magas szint\u0171&hellip; <br \/> <a class=\"read-more\" href=\"https:\/\/adminfo.umfst.ro\/hu\/szerzett-kompetenciak\/\">Read more<\/a><\/p>\n","protected":false},"author":1,"featured_media":0,"parent":0,"menu_order":0,"comment_status":"closed","ping_status":"closed","template":"","meta":{"_exactmetrics_skip_tracking":false,"_exactmetrics_sitenote_active":false,"_exactmetrics_sitenote_note":"","_exactmetrics_sitenote_category":0,"_monsterinsights_skip_tracking":false,"_monsterinsights_sitenote_active":false,"_monsterinsights_sitenote_note":"","_monsterinsights_sitenote_category":0,"footnotes":""},"class_list":["post-2367","page","type-page","status-publish","hentry"],"_links":{"self":[{"href":"https:\/\/adminfo.umfst.ro\/hu\/wp-json\/wp\/v2\/pages\/2367","targetHints":{"allow":["GET"]}}],"collection":[{"href":"https:\/\/adminfo.umfst.ro\/hu\/wp-json\/wp\/v2\/pages"}],"about":[{"href":"https:\/\/adminfo.umfst.ro\/hu\/wp-json\/wp\/v2\/types\/page"}],"author":[{"embeddable":true,"href":"https:\/\/adminfo.umfst.ro\/hu\/wp-json\/wp\/v2\/users\/1"}],"replies":[{"embeddable":true,"href":"https:\/\/adminfo.umfst.ro\/hu\/wp-json\/wp\/v2\/comments?post=2367"}],"version-history":[{"count":1,"href":"https:\/\/adminfo.umfst.ro\/hu\/wp-json\/wp\/v2\/pages\/2367\/revisions"}],"predecessor-version":[{"id":2368,"href":"https:\/\/adminfo.umfst.ro\/hu\/wp-json\/wp\/v2\/pages\/2367\/revisions\/2368"}],"wp:attachment":[{"href":"https:\/\/adminfo.umfst.ro\/hu\/wp-json\/wp\/v2\/media?parent=2367"}],"curies":[{"name":"wp","href":"https:\/\/api.w.org\/{rel}","templated":true}]}}