{"id":2364,"date":"2020-06-30T06:57:05","date_gmt":"2020-06-30T06:57:05","guid":{"rendered":"https:\/\/adminfo.umfst.ro\/?page_id=2364"},"modified":"2020-06-30T06:57:06","modified_gmt":"2020-06-30T06:57:06","slug":"feladatkorok","status":"publish","type":"page","link":"https:\/\/adminfo.umfst.ro\/hu\/feladatkorok\/","title":{"rendered":"FELADATK\u00d6R\u00d6K"},"content":{"rendered":"\n<p><strong><em>Mit dolgozik egy programoz\u00f3?<\/em><\/strong><\/p>\n\n\n\n<p>Ennek a szakm\u00e1nak a k\u00e9pvisel\u0151i a projektmenedzserrel, valamint a folyamatban r\u00e9szt vev\u0151 szem\u00e9lyzettel egy\u00fctt&nbsp; alkalmaz\u00e1sokat \u00e9s szoftverrendszereket tesztelnek, elv\u00e9gzik a felmer\u00fcl\u0151, sz\u00fcks\u00e9ges v\u00e1ltoztat\u00e1sokat.<\/p>\n\n\n\n<ul class=\"wp-block-list\"><li>A programoz\u00f3 a projekt-menedzsert\u0151l \u00e1tveszi az elv\u00e9gzend\u0151 feladatokat \u00e9s elemzi a bemutatott p\u00e9ld\u00e1kat, valamint a dokument\u00e1ci\u00f3t.<\/li><li>K\u00e9pz\u00e9seken vesz r\u00e9szt, amennyiben a fejlesztend\u0151 projekt \u00faj technol\u00f3gi\u00e1kat tartalmaz.<\/li><li>Sz\u00fcks\u00e9ges esetben a projektmenedzserrel egy\u00fctt r\u00e9szt vesz a projekt dokument\u00e1l\u00e1s\u00e1ban.<\/li><li>Sz\u00fcks\u00e9g eset\u00e9n a projektmenedzserrel egy\u00fctt r\u00e9szt vesz a megval\u00f3s\u00edt\u00e1si forgat\u00f3k\u00f6nyvek kidolgoz\u00e1s\u00e1ban, vagy a fejleszt\u00e9si folyamatban alkalmazott technol\u00f3gi\u00e1k kiv\u00e1laszt\u00e1s\u00e1ban.<\/li><li>\u00c9rtelmezi a projektmenedzser \u00e1ltal biztos\u00edtott UML diagramokat.<\/li><li>Implement\u00e1lja a projektfeladatk\u00e9nt kapott szoftver komponenseket.<\/li><li>Megfelel\u0151en dokument\u00e1lja a fejlesztett forr\u00e1sk\u00f3dot a szoftver komponensek funkci\u00f3inak \u00fajrafelhaszn\u00e1lhat\u00f3s\u00e1ga \u00e9s m\u00f3dos\u00edthat\u00f3s\u00e1ga \u00e9rdek\u00e9ben.<\/li><li>Optimaliz\u00e1lja a forr\u00e1sk\u00f3dot.<\/li><li>Megval\u00f3s\u00edtja az UML diagramokat, a visszafejt\u0151 tervez\u00e9s krit\u00e9riumait betartva.<\/li><li>R\u00e9szt vesz a megval\u00f3s\u00edtott rendszer\/alkalmaz\u00e1s m\u0171szaki dokument\u00e1ci\u00f3j\u00e1nak kidolgoz\u00e1s\u00e1ban.<\/li><li>Munkat\u00e1rsaival egy\u00fctt v\u00e9grehajtja a kifejlesztett forr\u00e1sk\u00f3d-tesztel\u00e9si elj\u00e1r\u00e1sokat.<\/li><li>R\u00e9szt vesz az alkalmaz\u00e1s\/szoftver rendszer tesztel\u00e9s\u00e9ben.<\/li><li>Az alkalmaz\u00e1s\/szoftver rendszer tesztel\u00e9s\u00e9ben r\u00e9szt vev\u0151 szem\u00e9lyzettel \u00e9s a projektmenedzserrel egy\u00fctt r\u00e9szt vesz a v\u00e9gs\u0151 tesztel\u00e9sben, \u00e9s ha sz\u00fcks\u00e9ges, elv\u00e9gzi a sz\u00fcks\u00e9ges v\u00e1ltoztat\u00e1sokat.<\/li><\/ul>\n\n\n\n<p><strong><em>Munkafelt\u00e9telek \u00e9s munkak\u00f6rnyezet:<\/em><\/strong><\/p>\n\n\n\n<ul class=\"wp-block-list\"><li>A programoz\u00f3 megfelel\u0151 m\u0171szaki \u00e9s sz\u00e1m\u00edt\u00e1stechnikai eszk\u00f6z\u00f6kkel \u00e9s felszerel\u00e9sekkel ell\u00e1tott irod\u00e1kban dolgozik.<\/li><li>A munkaid\u0151 napi 8 \u00f3ra, amely a tev\u00e9kenys\u00e9gek \u00f6sszetetts\u00e9g\u00e9t\u0151l \u00e9s s\u00fcrg\u0151ss\u00e9gi helyzetekt\u0151l f\u00fcgg\u0151en a munkaprogram hosszabb\u00edthat\u00f3.<\/li><li>A meghat\u00e1rozott feladatokat sz\u00e1mos esetben a szoros hat\u00e1rid\u0151 nyom\u00e1sa alatt kell elv\u00e9gezni.<\/li><li>A feladatok v\u00e9grehajt\u00e1sa sor\u00e1n keletkez\u0151 hib\u00e1k s\u00falyos k\u00f6vetkezm\u00e9nyekkel j\u00e1rhatnak az oper\u00e1ci\u00f3s rendszerek \u00e9s szoftverek felhaszn\u00e1l\u00f3inak tev\u00e9kenys\u00e9g\u00e9re.<\/li><li>Tev\u00e9kenys\u00e9ge sor\u00e1n a programoz\u00f3 egy\u00fcttm\u0171k\u00f6dik az informatika \u00e9s m\u00e1r szakter\u00fcletek specialist\u00e1ival.<\/li><\/ul>\n","protected":false},"excerpt":{"rendered":"<p>Mit dolgozik egy programoz\u00f3? Ennek a szakm\u00e1nak a k\u00e9pvisel\u0151i a projektmenedzserrel, valamint a folyamatban r\u00e9szt vev\u0151 szem\u00e9lyzettel egy\u00fctt&nbsp; alkalmaz\u00e1sokat \u00e9s szoftverrendszereket tesztelnek, elv\u00e9gzik a felmer\u00fcl\u0151, sz\u00fcks\u00e9ges v\u00e1ltoztat\u00e1sokat. A programoz\u00f3 a projekt-menedzsert\u0151l \u00e1tveszi az elv\u00e9gzend\u0151 feladatokat \u00e9s elemzi a bemutatott p\u00e9ld\u00e1kat, valamint a dokument\u00e1ci\u00f3t. K\u00e9pz\u00e9seken vesz r\u00e9szt, amennyiben a fejlesztend\u0151 projekt \u00faj technol\u00f3gi\u00e1kat tartalmaz. Sz\u00fcks\u00e9ges esetben&hellip; <br \/> <a class=\"read-more\" href=\"https:\/\/adminfo.umfst.ro\/hu\/feladatkorok\/\">Read more<\/a><\/p>\n","protected":false},"author":1,"featured_media":0,"parent":0,"menu_order":0,"comment_status":"closed","ping_status":"closed","template":"","meta":{"_exactmetrics_skip_tracking":false,"_exactmetrics_sitenote_active":false,"_exactmetrics_sitenote_note":"","_exactmetrics_sitenote_category":0,"_monsterinsights_skip_tracking":false,"_monsterinsights_sitenote_active":false,"_monsterinsights_sitenote_note":"","_monsterinsights_sitenote_category":0,"footnotes":""},"class_list":["post-2364","page","type-page","status-publish","hentry"],"_links":{"self":[{"href":"https:\/\/adminfo.umfst.ro\/hu\/wp-json\/wp\/v2\/pages\/2364","targetHints":{"allow":["GET"]}}],"collection":[{"href":"https:\/\/adminfo.umfst.ro\/hu\/wp-json\/wp\/v2\/pages"}],"about":[{"href":"https:\/\/adminfo.umfst.ro\/hu\/wp-json\/wp\/v2\/types\/page"}],"author":[{"embeddable":true,"href":"https:\/\/adminfo.umfst.ro\/hu\/wp-json\/wp\/v2\/users\/1"}],"replies":[{"embeddable":true,"href":"https:\/\/adminfo.umfst.ro\/hu\/wp-json\/wp\/v2\/comments?post=2364"}],"version-history":[{"count":1,"href":"https:\/\/adminfo.umfst.ro\/hu\/wp-json\/wp\/v2\/pages\/2364\/revisions"}],"predecessor-version":[{"id":2365,"href":"https:\/\/adminfo.umfst.ro\/hu\/wp-json\/wp\/v2\/pages\/2364\/revisions\/2365"}],"wp:attachment":[{"href":"https:\/\/adminfo.umfst.ro\/hu\/wp-json\/wp\/v2\/media?parent=2364"}],"curies":[{"name":"wp","href":"https:\/\/api.w.org\/{rel}","templated":true}]}}