{"id":2361,"date":"2020-06-30T06:55:52","date_gmt":"2020-06-30T06:55:52","guid":{"rendered":"https:\/\/adminfo.umfst.ro\/?page_id=2361"},"modified":"2020-06-30T06:55:53","modified_gmt":"2020-06-30T06:55:53","slug":"foglalkozasi-kodok","status":"publish","type":"page","link":"https:\/\/adminfo.umfst.ro\/hu\/foglalkozasi-kodok\/","title":{"rendered":"Foglalkoz\u00e1si k\u00f3dok"},"content":{"rendered":"\n<p><strong>Milyen COR k\u00f3d szerinti foglalkoz\u00e1sokat v\u00e1laszthat:<\/strong><\/p>\n\n\n\n<p>K\u00f6z\u00e9piskolai tan\u00e1r \u2013 233002;<br>Elemz\u0151 &#8211; 251201;<br>Programfejleszt\u0151 &#8211; 251202;&nbsp;&nbsp;&nbsp;<\/p>\n\n\n\n<p>Sz\u00e1m\u00edt\u00f3g\u00e9pes h\u00e1l\u00f3zati rendszergazda &#8211; 252301;<br>Adatb\u00e1zis-adminisztr\u00e1tor &#8211; 252101;<br>Sz\u00e1m\u00edt\u00f3g\u00e9pes rendszer programoz\u00f3 &#8211; 251204<\/p>\n","protected":false},"excerpt":{"rendered":"<p>Milyen COR k\u00f3d szerinti foglalkoz\u00e1sokat v\u00e1laszthat: K\u00f6z\u00e9piskolai tan\u00e1r \u2013 233002;Elemz\u0151 &#8211; 251201;Programfejleszt\u0151 &#8211; 251202;&nbsp;&nbsp;&nbsp; Sz\u00e1m\u00edt\u00f3g\u00e9pes h\u00e1l\u00f3zati rendszergazda &#8211; 252301;Adatb\u00e1zis-adminisztr\u00e1tor &#8211; 252101;Sz\u00e1m\u00edt\u00f3g\u00e9pes rendszer programoz\u00f3 &#8211; 251204<\/p>\n","protected":false},"author":1,"featured_media":0,"parent":0,"menu_order":0,"comment_status":"closed","ping_status":"closed","template":"","meta":{"_exactmetrics_skip_tracking":false,"_exactmetrics_sitenote_active":false,"_exactmetrics_sitenote_note":"","_exactmetrics_sitenote_category":0,"_monsterinsights_skip_tracking":false,"_monsterinsights_sitenote_active":false,"_monsterinsights_sitenote_note":"","_monsterinsights_sitenote_category":0,"footnotes":""},"class_list":["post-2361","page","type-page","status-publish","hentry"],"_links":{"self":[{"href":"https:\/\/adminfo.umfst.ro\/hu\/wp-json\/wp\/v2\/pages\/2361","targetHints":{"allow":["GET"]}}],"collection":[{"href":"https:\/\/adminfo.umfst.ro\/hu\/wp-json\/wp\/v2\/pages"}],"about":[{"href":"https:\/\/adminfo.umfst.ro\/hu\/wp-json\/wp\/v2\/types\/page"}],"author":[{"embeddable":true,"href":"https:\/\/adminfo.umfst.ro\/hu\/wp-json\/wp\/v2\/users\/1"}],"replies":[{"embeddable":true,"href":"https:\/\/adminfo.umfst.ro\/hu\/wp-json\/wp\/v2\/comments?post=2361"}],"version-history":[{"count":1,"href":"https:\/\/adminfo.umfst.ro\/hu\/wp-json\/wp\/v2\/pages\/2361\/revisions"}],"predecessor-version":[{"id":2362,"href":"https:\/\/adminfo.umfst.ro\/hu\/wp-json\/wp\/v2\/pages\/2361\/revisions\/2362"}],"wp:attachment":[{"href":"https:\/\/adminfo.umfst.ro\/hu\/wp-json\/wp\/v2\/media?parent=2361"}],"curies":[{"name":"wp","href":"https:\/\/api.w.org\/{rel}","templated":true}]}}