{"id":2358,"date":"2020-06-30T06:53:35","date_gmt":"2020-06-30T06:53:35","guid":{"rendered":"https:\/\/adminfo.umfst.ro\/?page_id=2358"},"modified":"2020-06-30T06:53:36","modified_gmt":"2020-06-30T06:53:36","slug":"keszsegek","status":"publish","type":"page","link":"https:\/\/adminfo.umfst.ro\/hu\/keszsegek\/","title":{"rendered":"K\u00e9szs\u00e9gek"},"content":{"rendered":"\n<p><strong>\u00c1LTAL\u00c1NOS JELLEMZ\u0150K<\/strong><\/p>\n\n\n\n<p><strong><em>A szakter\u00fcleten val\u00f3 \u00e9rv\u00e9nyes\u00fcl\u00e9st el\u0151seg\u00edt\u0151 szem\u00e9lyes tulajdons\u00e1gok:<\/em><\/strong><\/p>\n\n\n\n<ul class=\"wp-block-list\"><li>J\u00f3 \u00e1ltal\u00e1nos tanul\u00e1si k\u00e9szs\u00e9g, gyors reag\u00e1l\u00e1si \u00e9s d\u00f6nt\u00e9si k\u00e9pess\u00e9g<\/li><li>Kiemelked\u0151 numerikus k\u00e9szs\u00e9g<\/li><li>\u00c1tlagosn\u00e1l jobb verb\u00e1lis k\u00e9pess\u00e9g \u00e9s funkcion\u00e1lis k\u00e9szs\u00e9g<\/li><li>Legal\u00e1bb \u00e1tlagos t\u00e9rbeli t\u00e1j\u00e9koz\u00f3d\u00e1si \u00e9s formafelismer\u00e9si k\u00e9pess\u00e9g<\/li><\/ul>\n\n\n\n<p><em>Szem\u00e9lyis\u00e9g-jellemz\u0151k<\/em><\/p>\n\n\n\n<p>A programoz\u00f3i szakm\u00e1t sikeresen gyakorl\u00f3 szem\u00e9lyek:<\/p>\n\n\n\n<ul class=\"wp-block-list\"><li>Lelkiismeretesek<\/li><li>M\u00e9lt\u00e1nyoss\u00e1got, komolys\u00e1got \u00e9s szigor\u00fas\u00e1got mutatnak<\/li><li>Viselked\u00e9s\u00fck egy\u00e9rtelm\u0171en az elhat\u00e1rozott c\u00e9lok teljes\u00edt\u00e9s\u00e9re ir\u00e1nyul<\/li><li>K\u00e9pesek gyorsan \u00e9s pontosan dolgozni odafigyelve a r\u00e9szletekre, \u00e1lland\u00f3an szem el\u0151tt tartva a kit\u0171z\u00f6tt c\u00e9lt<\/li><li>K\u00e9pesek meg\u0151rizni \u00e9rzelmi egyens\u00falyukat a stresszes helyzetekben is, sz\u00e9ls\u0151s\u00e9ges megnyilv\u00e1nul\u00e1sokat n\u00e9lk\u00fcl<\/li><li>K\u00e9pesek \u00f6n\u00e1ll\u00f3an, helyesen \u00edt\u00e9lkezni \u00e9s \u00f6n\u00e1ll\u00f3an cselekedni<\/li><\/ul>\n\n\n\n<p>A szakma felt\u00e9telezi a Holland-faktor szerinti <strong>I R C<\/strong> karakterisztik\u00e1k megl\u00e9t\u00e9t<\/p>\n\n\n\n<ul class=\"wp-block-list\"><li><strong>I: Vizsg\u00e1l\u00f3 (szellemi) &#8211;<\/strong> A szem\u00e9ly azokat a tev\u00e9kenys\u00e9geket r\u00e9szes\u00edti el\u0151nyben, amelyek magukban foglalj\u00e1k a fizikai, biol\u00f3giai \u00e9s kultur\u00e1lis jelens\u00e9gek kreat\u00edv vizsg\u00e1lat\u00e1t. Jellemz\u0151 r\u00e1 a tudom\u00e1nyos \u00e9s matematikai k\u00e9szs\u00e9gek hat\u00e9kony elsaj\u00e1t\u00edt\u00e1sa.<\/li><\/ul>\n\n\n\n<ul class=\"wp-block-list\"><li><strong>R: Realista (motorikus) &#8211;<\/strong> A szem\u00e9ly szereti a gyakorlati tev\u00e9kenys\u00e9geket, amelyek \u00e1ltal\u00e1ban fizikai er\u0151t ig\u00e9nyelnek. J\u00f3 motorikus szervezetts\u00e9ggel rendelkezik \u00e9s el\u0151nyben r\u00e9szes\u00edti a konkr\u00e9t probl\u00e9m\u00e1k megold\u00e1s\u00e1t az absztraktokkal szemben. Jellemz\u0151 r\u00e1 a mechanikai \u00e9s technikai k\u00e9szs\u00e9gek hat\u00e9kony elsaj\u00e1t\u00edt\u00e1sa.<\/li><\/ul>\n\n\n\n<ul class=\"wp-block-list\"><li><strong>C: Konvencion\u00e1lis (konformista) &#8211;<\/strong> A szem\u00e9ly ink\u00e1bb a j\u00f3l bev\u00e1lt szab\u00e1lyok szerint v\u00e9gzett tev\u00e9kenys\u00e9geket r\u00e9szes\u00edti el\u0151nyben, amelyek megk\u00f6vetelik az adatok \u00e9s berendez\u00e9sek szab\u00e1lyozott \u00e9s szisztematikus kezel\u00e9s\u00e9t. Nem szeretik a struktur\u00e1latlan, rendezetlen \u00e9s m\u0171v\u00e9szi tev\u00e9kenys\u00e9geket.<\/li><\/ul>\n","protected":false},"excerpt":{"rendered":"<p>\u00c1LTAL\u00c1NOS JELLEMZ\u0150K A szakter\u00fcleten val\u00f3 \u00e9rv\u00e9nyes\u00fcl\u00e9st el\u0151seg\u00edt\u0151 szem\u00e9lyes tulajdons\u00e1gok: J\u00f3 \u00e1ltal\u00e1nos tanul\u00e1si k\u00e9szs\u00e9g, gyors reag\u00e1l\u00e1si \u00e9s d\u00f6nt\u00e9si k\u00e9pess\u00e9g Kiemelked\u0151 numerikus k\u00e9szs\u00e9g \u00c1tlagosn\u00e1l jobb verb\u00e1lis k\u00e9pess\u00e9g \u00e9s funkcion\u00e1lis k\u00e9szs\u00e9g Legal\u00e1bb \u00e1tlagos t\u00e9rbeli t\u00e1j\u00e9koz\u00f3d\u00e1si \u00e9s formafelismer\u00e9si k\u00e9pess\u00e9g Szem\u00e9lyis\u00e9g-jellemz\u0151k A programoz\u00f3i szakm\u00e1t sikeresen gyakorl\u00f3 szem\u00e9lyek: Lelkiismeretesek M\u00e9lt\u00e1nyoss\u00e1got, komolys\u00e1got \u00e9s szigor\u00fas\u00e1got mutatnak Viselked\u00e9s\u00fck egy\u00e9rtelm\u0171en az elhat\u00e1rozott c\u00e9lok teljes\u00edt\u00e9s\u00e9re ir\u00e1nyul&hellip; <br \/> <a class=\"read-more\" href=\"https:\/\/adminfo.umfst.ro\/hu\/keszsegek\/\">Read more<\/a><\/p>\n","protected":false},"author":1,"featured_media":0,"parent":0,"menu_order":0,"comment_status":"closed","ping_status":"closed","template":"","meta":{"_exactmetrics_skip_tracking":false,"_exactmetrics_sitenote_active":false,"_exactmetrics_sitenote_note":"","_exactmetrics_sitenote_category":0,"_monsterinsights_skip_tracking":false,"_monsterinsights_sitenote_active":false,"_monsterinsights_sitenote_note":"","_monsterinsights_sitenote_category":0,"footnotes":""},"class_list":["post-2358","page","type-page","status-publish","hentry"],"_links":{"self":[{"href":"https:\/\/adminfo.umfst.ro\/hu\/wp-json\/wp\/v2\/pages\/2358","targetHints":{"allow":["GET"]}}],"collection":[{"href":"https:\/\/adminfo.umfst.ro\/hu\/wp-json\/wp\/v2\/pages"}],"about":[{"href":"https:\/\/adminfo.umfst.ro\/hu\/wp-json\/wp\/v2\/types\/page"}],"author":[{"embeddable":true,"href":"https:\/\/adminfo.umfst.ro\/hu\/wp-json\/wp\/v2\/users\/1"}],"replies":[{"embeddable":true,"href":"https:\/\/adminfo.umfst.ro\/hu\/wp-json\/wp\/v2\/comments?post=2358"}],"version-history":[{"count":1,"href":"https:\/\/adminfo.umfst.ro\/hu\/wp-json\/wp\/v2\/pages\/2358\/revisions"}],"predecessor-version":[{"id":2359,"href":"https:\/\/adminfo.umfst.ro\/hu\/wp-json\/wp\/v2\/pages\/2358\/revisions\/2359"}],"wp:attachment":[{"href":"https:\/\/adminfo.umfst.ro\/hu\/wp-json\/wp\/v2\/media?parent=2358"}],"curies":[{"name":"wp","href":"https:\/\/api.w.org\/{rel}","templated":true}]}}