{"id":2256,"date":"2020-06-29T10:54:55","date_gmt":"2020-06-29T10:54:55","guid":{"rendered":"https:\/\/adminfo.umfst.ro\/?page_id=2256"},"modified":"2020-06-30T07:02:33","modified_gmt":"2020-06-30T07:02:33","slug":"farmacie","status":"publish","type":"page","link":"https:\/\/adminfo.umfst.ro\/hu\/farmacie\/","title":{"rendered":"GY\u00d3GYSZER\u00c9SZET"},"content":{"rendered":"\n<p><strong>Kedves p\u00e1lyav\u00e1laszt\u00e1s el\u0151tt \u00e1ll\u00f3 di\u00e1kok!<\/strong><\/p>\n\n\n\n<p><strong>Kedves \u00faj ismeretekre v\u00e1gy\u00f3 l\u00e1togat\u00f3!<\/strong><\/p>\n\n\n\n<p>\u00d6r\u00fcl\u00f6k, hogy felkerested honlapunkat \u00e9s \u00e9rdekl\u0151dsz a karunk \u00e1ltal ny\u00fajtott k\u00e9pz\u00e9si lehet\u0151s\u00e9gek ir\u00e1nt! Az egyes lapokon tal\u00e1lod a fontos \u00e9s hivatalos inform\u00e1ci\u00f3kat, itt pedig szeretn\u00e9k megosztani n\u00e9h\u00e1ny szem\u00e9lyesebbet: kik \u00e9s milyenek is vagyunk mi!<\/p>\n\n\n\n<p>B\u00fcszk\u00e9n tekint\u00fcnk vissza a t\u00f6bb mint 70 \u00e9ves m\u00faltunkra, de nagy lelkesed\u00e9ssel el\u0151re a j\u00f6v\u0151be, melyben az \u00e1lmaikon dolgoz\u00f3 \u00e9s c\u00e9ljaikat megval\u00f3s\u00edt\u00f3 hallgat\u00f3inkat l\u00e1tjuk. \u00cdgy szeretn\u00e9nk a tudom\u00e1nyos \u00e9s oktat\u00f3i potenci\u00e1lunkat kamatoztatni \u00e9s mindig tud\u00e1sunk legjav\u00e1t adva szeretn\u00e9nk hozz\u00e1j\u00e1rulni a szakmai sikereidhez.<\/p>\n\n\n\n<p>J\u00f3magam \u00e9s az egyre fiatalod\u00f3 oktat\u00f3i k\u00f6z\u00f6ss\u00e9g\u00fcnk egyik legfontosabb c\u00e9lkit\u0171z\u00e9se a tehets\u00e9ggondoz\u00e1s, mert ha figyel\u00fcnk egym\u00e1sra \u00e9s er\u0151ss\u00e9geinkre koncentr\u00e1lunk, akkor egy\u00fctt k\u00e9pesek lesz\u00fcnk helyt\u00e1llni. Ehhez adottak az infrastruktur\u00e1lis k\u00f6r\u00fclm\u00e9nyek, a lehet\u0151s\u00e9geket pedig meg kell teremteni \u00e9s \u00e9lni kell vel\u00fck.<\/p>\n\n\n\n<p>Tov\u00e1bb\u00e1 azt is valljuk, hogy az egyetemi k\u00e9pz\u00e9snek k\u00f6z\u00f6ss\u00e9g\u00e9p\u00edt\u0151 ereje is kell legyen, mert sz\u00fcks\u00e9g\u00fcnk van egym\u00e1s seg\u00edts\u00e9g\u00e9re \u00e9s az egy\u00fcttm\u0171k\u00f6d\u00e9sre nem csup\u00e1n a tanulm\u00e1nyok idej\u00e9n, hanem k\u00e9s\u0151bb is a p\u00e1lyafut\u00e1sotok sor\u00e1n. Erre az \u00f6sszefog\u00e1sra j\u00f3 p\u00e9ld\u00e1t szolg\u00e1ltatnak a magyar t\u00f6bbs\u00e9g\u0171 megy\u00e9k gy\u00f3gyszer\u00e9sz szakkoll\u00e9giumai, ahol a szakm\u00e1t gyakorl\u00f3 gy\u00f3gyszer\u00e9szek olyan k\u00f6z\u00f6ss\u00e9gg\u00e9 v\u00e1ltak, ahol \u00e9rt\u00e9k a folyamatos tanul\u00e1s, fontos a megbecs\u00fcl\u00e9s \u00e9s a tisztess\u00e9g.<\/p>\n\n\n\n<p>Ha megtetszett a gy\u00f3gyszer\u00e9szi szakma \u00e9s szereted az \u00e9letre sz\u00f3l\u00f3 kih\u00edv\u00e1sokat vagy a csapatunk \u00e1ltal k\u00e9pviselt \u00e9rt\u00e9kekkel azonosulni tudsz, akkor v\u00e1rjuk jelentkez\u00e9sedet.<\/p>\n\n\n\n<p>Sok szerencs\u00e9t k\u00edv\u00e1nok!<\/p>\n\n\n\n<p>G\u00e1ll Zsolt<\/p>\n\n\n\n<p>d\u00e9k\u00e1nhelyettes<\/p>\n","protected":false},"excerpt":{"rendered":"<p>Kedves p\u00e1lyav\u00e1laszt\u00e1s el\u0151tt \u00e1ll\u00f3 di\u00e1kok! Kedves \u00faj ismeretekre v\u00e1gy\u00f3 l\u00e1togat\u00f3! \u00d6r\u00fcl\u00f6k, hogy felkerested honlapunkat \u00e9s \u00e9rdekl\u0151dsz a karunk \u00e1ltal ny\u00fajtott k\u00e9pz\u00e9si lehet\u0151s\u00e9gek ir\u00e1nt! Az egyes lapokon tal\u00e1lod a fontos \u00e9s hivatalos inform\u00e1ci\u00f3kat, itt pedig szeretn\u00e9k megosztani n\u00e9h\u00e1ny szem\u00e9lyesebbet: kik \u00e9s milyenek is vagyunk mi! B\u00fcszk\u00e9n tekint\u00fcnk vissza a t\u00f6bb mint 70 \u00e9ves m\u00faltunkra, de nagy&hellip; <br \/> <a class=\"read-more\" href=\"https:\/\/adminfo.umfst.ro\/hu\/farmacie\/\">Read more<\/a><\/p>\n","protected":false},"author":1,"featured_media":0,"parent":0,"menu_order":0,"comment_status":"closed","ping_status":"closed","template":"","meta":{"_exactmetrics_skip_tracking":false,"_exactmetrics_sitenote_active":false,"_exactmetrics_sitenote_note":"","_exactmetrics_sitenote_category":0,"_monsterinsights_skip_tracking":false,"_monsterinsights_sitenote_active":false,"_monsterinsights_sitenote_note":"","_monsterinsights_sitenote_category":0,"footnotes":""},"class_list":["post-2256","page","type-page","status-publish","hentry"],"_links":{"self":[{"href":"https:\/\/adminfo.umfst.ro\/hu\/wp-json\/wp\/v2\/pages\/2256","targetHints":{"allow":["GET"]}}],"collection":[{"href":"https:\/\/adminfo.umfst.ro\/hu\/wp-json\/wp\/v2\/pages"}],"about":[{"href":"https:\/\/adminfo.umfst.ro\/hu\/wp-json\/wp\/v2\/types\/page"}],"author":[{"embeddable":true,"href":"https:\/\/adminfo.umfst.ro\/hu\/wp-json\/wp\/v2\/users\/1"}],"replies":[{"embeddable":true,"href":"https:\/\/adminfo.umfst.ro\/hu\/wp-json\/wp\/v2\/comments?post=2256"}],"version-history":[{"count":2,"href":"https:\/\/adminfo.umfst.ro\/hu\/wp-json\/wp\/v2\/pages\/2256\/revisions"}],"predecessor-version":[{"id":2371,"href":"https:\/\/adminfo.umfst.ro\/hu\/wp-json\/wp\/v2\/pages\/2256\/revisions\/2371"}],"wp:attachment":[{"href":"https:\/\/adminfo.umfst.ro\/hu\/wp-json\/wp\/v2\/media?parent=2256"}],"curies":[{"name":"wp","href":"https:\/\/api.w.org\/{rel}","templated":true}]}}