{"id":2254,"date":"2020-06-29T10:52:46","date_gmt":"2020-06-29T10:52:46","guid":{"rendered":"https:\/\/adminfo.umfst.ro\/?page_id=2254"},"modified":"2020-06-30T07:02:14","modified_gmt":"2020-06-30T07:02:14","slug":"medicina-dentara","status":"publish","type":"page","link":"https:\/\/adminfo.umfst.ro\/hu\/medicina-dentara\/","title":{"rendered":"FOGORVOSTUDOM\u00c1NY"},"content":{"rendered":"\n<p>Kedves Felv\u00e9teliz\u0151 Di\u00e1kok,<\/p>\n\n\n\n<p>A Marosv\u00e1s\u00e1rhelyi \u201cGeorge Emil Palade\u201d Orvosi, Gy\u00f3gyszer\u00e9szeti. Tudom\u00e1ny \u00e9s Technol\u00f3gia Egyetem (MOGYTTE) Fogorvostudom\u00e1nyi Kara (FOK) a k\u00f6vetkez\u0151 akkredit\u00e1lt alapk\u00e9pz\u00e9si lehet\u0151s\u00e9geket k\u00edn\u00e1lja:<\/p>\n\n\n\n<ul class=\"wp-block-list\"><li><em>6 \u00e9ves fogorvos<\/em> k\u00e9pz\u00e9s rom\u00e1n, magyar \u00e9s angol nyelven.&nbsp;<\/li><li><em>3 \u00e9ves fogtechnikus<\/em> k\u00e9pz\u00e9s rom\u00e1n nyelven.<\/li><\/ul>\n\n\n\n<p>Az alapk\u00e9pz\u00e9st k\u00f6vet\u0151en az adott k\u00e9pz\u00e9snek megfelel\u0151, elismert oklevet kap a v\u00e9gzett, amely a foglalkoz\u00e1sok adatt\u00e1r\u00e1ban megadott tev\u00e9kenys\u00e9gek elv\u00e9gz\u00e9s\u00e9re hatalmazza fel.<\/p>\n\n\n\n<p>Fogorvosi oklev\u00e9l megszerz\u00e9se ut\u00e1n a k\u00f6vetkez\u0151 lehet\u0151s\u00e9gek k\u00f6z\u00fcl v\u00e1laszthat:<\/p>\n\n\n\n<ul class=\"wp-block-list\"><li>\u00d6n\u00e1ll\u00f3 fogorvosi tev\u00e9kenys\u00e9g v\u00e9gz\u00e9se mag\u00e1npraxisban<\/li><li>Szakorvos (rezidens) k\u00e9pz\u00e9s<\/li><li>Mesteri k\u00e9pz\u00e9s<\/li><li>Doktori k\u00e9pz\u00e9s<\/li><\/ul>\n\n\n\n<p>A Fogorvostudom\u00e1nyi Kar egy\u00e9ves mesteri k\u00e9pz\u00e9st biztos\u00edt az Eszt\u00e9tikai or\u00e1lis rehabilit\u00e1ci\u00f3 szakon. &nbsp;<\/p>\n\n\n\n<p>\u00d6t fontos ok arra, hogy a fogorvosi p\u00e1ly\u00e1t v\u00e1lassz\u00e1tok:<\/p>\n\n\n\n<p><strong>1. Anyanyelven hallgathatj\u00e1tok az el\u0151ad\u00e1sokat.<\/strong><\/p>\n\n\n\n<p>Egyetem\u00fcnk \u00e9s karunk az egyed\u00fcli olyan int\u00e9zm\u00e9ny Rom\u00e1ni\u00e1ban, ahol fogorvosnak tanul\u00f3 fiataljaink magyar nyelv\u0171 k\u00e9pz\u00e9sben r\u00e9szes\u00fclnek.<\/p>\n\n\n\n<p><strong>2.Egyetemistak\u00e9nt m\u00e1r klinikai gyakorlatra tesztek szert.<\/strong><\/p>\n\n\n\n<p>A korszer\u0171en felszerelt Integr\u00e1lt Fogorvosi Centrumban (IFC), fogorvos-hallgat\u00f3k\u00e9nt m\u00e1r negyed\u00e9vt\u0151l kezd\u0151d\u0151en gyakorlatban is elsaj\u00e1t\u00edtj\u00e1tok a fog\u00e1szati megel\u0151z\u00e9shez, k\u00f3rism\u00e9z\u00e9shez, kezel\u00e9shez \u00e9s a rehabilit\u00e1ci\u00f3hoz&nbsp;sz\u00fcks\u00e9ges szaktud\u00e1st.<\/p>\n\n\n\n<p><strong>3.Lehet\u0151s\u00e9getek van tudom\u00e1nyos tev\u00e9kenys\u00e9get folytatni.<\/strong><\/p>\n\n\n\n<p>Fiatalos \u00f6tleteiteket karunk oktat\u00f3i mindig felkarolj\u00e1k \u00e9s \u00e9vente alkalmatok ad\u00f3dik a di\u00e1kokkal k\u00f6z\u00f6sen szervezett Tudom\u00e1nyos Di\u00e1kk\u00f6ri Konferenci\u00e1n bemutatni, ismertetni tudom\u00e1nyos munk\u00e1tokat.<\/p>\n\n\n\n<p><strong>4.Hat pezsg\u0151 \u00e9s tartalmas di\u00e1k\u00e9v k\u00f6vetkezik.<\/strong><\/p>\n\n\n\n<p>A Marosv\u00e1s\u00e1rhelyi Magyar Di\u00e1ksz\u00f6vets\u00e9g k\u00f6tel\u00e9k\u00e9ben m\u0171k\u00f6d\u0151 FOK Platform mindent megtesz a fogorvostanhallgat\u00f3k di\u00e1k\u00e9let\u00e9nek megszervez\u00e9se \u00e9rdek\u00e9ben. Sz\u00e1mos tudom\u00e1nyos, kultur\u00e1lis \u00e9s t\u00e1rsadalmi jelleg\u0171 rendezv\u00e9ny, bulik \u00e9s tal\u00e1lkoz\u00f3k sorozata v\u00e1r r\u00e1tok Marosv\u00e1s\u00e1rhelyen!<\/p>\n\n\n\n<p><strong>5.Oklev\u00e9l megszerz\u00e9se ut\u00e1n is k\u00e9pezhetitek magatokat.<\/strong><\/p>\n\n\n\n<p>Diplom\u00e1s fogorvosk\u00e9nt azonnal elkezdhetitek a munk\u00e1t ak\u00e1r saj\u00e1t mag\u00e1nrendel\u0151ben is. Lehet\u0151s\u00e9g ny\u00edlik a rezidensk\u00e9pz\u00e9sre is Marosv\u00e1s\u00e1rhelyen. &nbsp;Fogorvosi oklev\u00e9llel kezetekben, a doktori vagy mesteri k\u00e9pz\u00e9s adta tov\u00e1bbtanul\u00e1si lehet\u0151s\u00e9gek b\u00e1rmelyik\u00e9t v\u00e1laszthatj\u00e1tok. Ugyanakkor azt is tudnotok kell, hogy az itt szerzett fogorvosi diplom\u00e1t az Eur\u00f3pai Uni\u00f3 tag\u00e1llamai elismerik.<\/p>\n\n\n\n<p class=\"has-text-align-right\">Prof. dr. M\u00e1rtha Krisztina<\/p>\n\n\n\n<p class=\"has-text-align-right\">FOK D\u00e9k\u00e1nhelyettes<\/p>\n","protected":false},"excerpt":{"rendered":"<p>Kedves Felv\u00e9teliz\u0151 Di\u00e1kok, A Marosv\u00e1s\u00e1rhelyi \u201cGeorge Emil Palade\u201d Orvosi, Gy\u00f3gyszer\u00e9szeti. Tudom\u00e1ny \u00e9s Technol\u00f3gia Egyetem (MOGYTTE) Fogorvostudom\u00e1nyi Kara (FOK) a k\u00f6vetkez\u0151 akkredit\u00e1lt alapk\u00e9pz\u00e9si lehet\u0151s\u00e9geket k\u00edn\u00e1lja: 6 \u00e9ves fogorvos k\u00e9pz\u00e9s rom\u00e1n, magyar \u00e9s angol nyelven.&nbsp; 3 \u00e9ves fogtechnikus k\u00e9pz\u00e9s rom\u00e1n nyelven. Az alapk\u00e9pz\u00e9st k\u00f6vet\u0151en az adott k\u00e9pz\u00e9snek megfelel\u0151, elismert oklevet kap a v\u00e9gzett, amely a foglalkoz\u00e1sok adatt\u00e1r\u00e1ban&hellip; <br \/> <a class=\"read-more\" href=\"https:\/\/adminfo.umfst.ro\/hu\/medicina-dentara\/\">Read more<\/a><\/p>\n","protected":false},"author":1,"featured_media":0,"parent":0,"menu_order":0,"comment_status":"closed","ping_status":"closed","template":"","meta":{"_exactmetrics_skip_tracking":false,"_exactmetrics_sitenote_active":false,"_exactmetrics_sitenote_note":"","_exactmetrics_sitenote_category":0,"_monsterinsights_skip_tracking":false,"_monsterinsights_sitenote_active":false,"_monsterinsights_sitenote_note":"","_monsterinsights_sitenote_category":0,"footnotes":""},"class_list":["post-2254","page","type-page","status-publish","hentry"],"_links":{"self":[{"href":"https:\/\/adminfo.umfst.ro\/hu\/wp-json\/wp\/v2\/pages\/2254","targetHints":{"allow":["GET"]}}],"collection":[{"href":"https:\/\/adminfo.umfst.ro\/hu\/wp-json\/wp\/v2\/pages"}],"about":[{"href":"https:\/\/adminfo.umfst.ro\/hu\/wp-json\/wp\/v2\/types\/page"}],"author":[{"embeddable":true,"href":"https:\/\/adminfo.umfst.ro\/hu\/wp-json\/wp\/v2\/users\/1"}],"replies":[{"embeddable":true,"href":"https:\/\/adminfo.umfst.ro\/hu\/wp-json\/wp\/v2\/comments?post=2254"}],"version-history":[{"count":2,"href":"https:\/\/adminfo.umfst.ro\/hu\/wp-json\/wp\/v2\/pages\/2254\/revisions"}],"predecessor-version":[{"id":2370,"href":"https:\/\/adminfo.umfst.ro\/hu\/wp-json\/wp\/v2\/pages\/2254\/revisions\/2370"}],"wp:attachment":[{"href":"https:\/\/adminfo.umfst.ro\/hu\/wp-json\/wp\/v2\/media?parent=2254"}],"curies":[{"name":"wp","href":"https:\/\/api.w.org\/{rel}","templated":true}]}}