{"id":2252,"date":"2020-06-29T10:50:54","date_gmt":"2020-06-29T10:50:54","guid":{"rendered":"https:\/\/adminfo.umfst.ro\/?page_id=2252"},"modified":"2020-06-30T05:44:06","modified_gmt":"2020-06-30T05:44:06","slug":"medicina","status":"publish","type":"page","link":"https:\/\/adminfo.umfst.ro\/hu\/medicina\/","title":{"rendered":"Orvostudom\u00e1ny"},"content":{"rendered":"\n<p>Kedves \u00e9rdekl\u0151d\u0151k, felv\u00e9telire k\u00e9sz\u00fcl\u0151k!<\/p>\n\n\n\n<p>Marosv\u00e1s\u00e1rhelyen a m\u00falt hagyom\u00e1nyai \u00e9s a jelen szakmai kih\u00edv\u00e1sai anyanyelven t\u00f6rt\u00e9n\u0151 min\u0151s\u00e9gi orvos- \u00e9s asszisztensk\u00e9pz\u00e9sre adnak lehet\u0151s\u00e9get. Korszer\u0171 oktat\u00e1si \u00e9s fejlett kutat\u00e1si lehet\u0151s\u00e9gek, k\u00e9pzett oktat\u00f3i k\u00f6z\u00f6ss\u00e9g biztos\u00edtja a gyakorlati ismeretek elsaj\u00e1t\u00edt\u00e1s\u00e1t, a k\u00fclf\u00f6ld\u00f6n is elismert szaktud\u00e1st \u00e9s diplom\u00e1t, a bels\u0151 \u00e9s k\u00fcls\u0151 nemzetk\u00f6zi jelleget. A n\u00e9gy magyarorsz\u00e1gi orvosk\u00e9pz\u00e9si helysz\u00edn mellett Marosv\u00e1s\u00e1rhely az \u00f6t\u00f6dik, ahol magyar nyelv\u0171 elm\u00e9leti oktat\u00e1s zajlik. Sok szeretettel v\u00e1rjuk a magyar nyelven tanulni v\u00e1gy\u00f3 leend\u0151 orvosokat \u00e9s eg\u00e9szs\u00e9g\u00fcgyi asszisztenseket, de a szakmai \u00e9rdekl\u0151d\u00e9s\u00fck \u00e9s elhivatotts\u00e1guk miatt a kiz\u00e1r\u00f3lag rom\u00e1n nyelv\u0171 karokon tanulni v\u00e1gy\u00f3, \u00f6nmagukat tov\u00e1bbk\u00e9pz\u0151 magyar fiatalokat is. Az akkredit\u00e1lt k\u00e9pz\u00e9sek elv\u00e9gz\u00e9se ut\u00e1n az egyetem lehet\u0151s\u00e9get&nbsp; ny\u00fajt a v\u00e9gzett orvosoknak a szakk\u00e9pz\u00e9s\u00e9hez, a t\u00f6bbi szak eset\u00e9n mesterk\u00e9pz\u00e9st biztos\u00edt, tov\u00e1bb\u00e1 Doktori Iskol\u00e1t m\u0171k\u00f6dtet.<\/p>\n\n\n\n<p>A magyar tagozat tan\u00e1rai sok sikert k\u00edv\u00e1nnak, \u00e9s abban b\u00edznak, hogy az eredm\u00e9nyes felv\u00e9telit k\u00f6vet\u0151en k\u00f6z\u00f6s teremt\u0151 l\u00e9gk\u00f6rben v\u00e9gezhetj\u00fck oktat\u00f3, kutat\u00f3, nevel\u0151, gy\u00f3gy\u00edt\u00f3 tev\u00e9kenys\u00e9geinket.<\/p>\n","protected":false},"excerpt":{"rendered":"<p>Kedves \u00e9rdekl\u0151d\u0151k, felv\u00e9telire k\u00e9sz\u00fcl\u0151k! Marosv\u00e1s\u00e1rhelyen a m\u00falt hagyom\u00e1nyai \u00e9s a jelen szakmai kih\u00edv\u00e1sai anyanyelven t\u00f6rt\u00e9n\u0151 min\u0151s\u00e9gi orvos- \u00e9s asszisztensk\u00e9pz\u00e9sre adnak lehet\u0151s\u00e9get. Korszer\u0171 oktat\u00e1si \u00e9s fejlett kutat\u00e1si lehet\u0151s\u00e9gek, k\u00e9pzett oktat\u00f3i k\u00f6z\u00f6ss\u00e9g biztos\u00edtja a gyakorlati ismeretek elsaj\u00e1t\u00edt\u00e1s\u00e1t, a k\u00fclf\u00f6ld\u00f6n is elismert szaktud\u00e1st \u00e9s diplom\u00e1t, a bels\u0151 \u00e9s k\u00fcls\u0151 nemzetk\u00f6zi jelleget. A n\u00e9gy magyarorsz\u00e1gi orvosk\u00e9pz\u00e9si helysz\u00edn mellett Marosv\u00e1s\u00e1rhely&hellip; <br \/> <a class=\"read-more\" href=\"https:\/\/adminfo.umfst.ro\/hu\/medicina\/\">Read more<\/a><\/p>\n","protected":false},"author":1,"featured_media":0,"parent":0,"menu_order":0,"comment_status":"closed","ping_status":"closed","template":"","meta":{"_exactmetrics_skip_tracking":false,"_exactmetrics_sitenote_active":false,"_exactmetrics_sitenote_note":"","_exactmetrics_sitenote_category":0,"_monsterinsights_skip_tracking":false,"_monsterinsights_sitenote_active":false,"_monsterinsights_sitenote_note":"","_monsterinsights_sitenote_category":0,"footnotes":""},"class_list":["post-2252","page","type-page","status-publish","hentry"],"_links":{"self":[{"href":"https:\/\/adminfo.umfst.ro\/hu\/wp-json\/wp\/v2\/pages\/2252","targetHints":{"allow":["GET"]}}],"collection":[{"href":"https:\/\/adminfo.umfst.ro\/hu\/wp-json\/wp\/v2\/pages"}],"about":[{"href":"https:\/\/adminfo.umfst.ro\/hu\/wp-json\/wp\/v2\/types\/page"}],"author":[{"embeddable":true,"href":"https:\/\/adminfo.umfst.ro\/hu\/wp-json\/wp\/v2\/users\/1"}],"replies":[{"embeddable":true,"href":"https:\/\/adminfo.umfst.ro\/hu\/wp-json\/wp\/v2\/comments?post=2252"}],"version-history":[{"count":2,"href":"https:\/\/adminfo.umfst.ro\/hu\/wp-json\/wp\/v2\/pages\/2252\/revisions"}],"predecessor-version":[{"id":2260,"href":"https:\/\/adminfo.umfst.ro\/hu\/wp-json\/wp\/v2\/pages\/2252\/revisions\/2260"}],"wp:attachment":[{"href":"https:\/\/adminfo.umfst.ro\/hu\/wp-json\/wp\/v2\/media?parent=2252"}],"curies":[{"name":"wp","href":"https:\/\/api.w.org\/{rel}","templated":true}]}}